{"id":2665,"date":"2022-08-18T17:06:40","date_gmt":"2022-08-18T14:06:40","guid":{"rendered":"https:\/\/rocketplay-game.com\/slots\/"},"modified":"2025-11-25T23:00:19","modified_gmt":"2025-11-25T20:00:19","slug":"slots","status":"publish","type":"page","link":"https:\/\/rocketplay-game.com\/fr\/slots\/","title":{"rendered":"Donnez votre avis sur les machines \u00e0 sous RocketPlay"},"content":{"rendered":"<p>Chaque fois qu&rsquo;un nouveau jeu de machines \u00e0 sous est lanc\u00e9 sur le march\u00e9, et en fait avant sa sortie, les casinos en ligne et les soci\u00e9t\u00e9s ind\u00e9pendantes publient leurs critiques en fonction des commentaires, des commentaires et des opinions des joueurs.\u00a0Des critiques peuvent \u00eatre trouv\u00e9es en ligne pour chaque jeu de machine \u00e0 sous qui a d\u00e9j\u00e0 \u00e9t\u00e9 publi\u00e9 ou qui est sur le point de sortir.\u00a0Nous examinons les machines \u00e0 sous en fonction de nombreux crit\u00e8res tels que le nombre de rouleaux et de lignes de paiement, la taille du jackpot, les symboles sur les rouleaux et les caract\u00e9ristiques sp\u00e9ciales, et nous pr\u00eatons attention \u00e0 qui a fabriqu\u00e9 la machine \u00e0 sous.<\/p>\n<p>Si vous n&rsquo;\u00eates pas compl\u00e8tement nouveau sur la sc\u00e8ne des jeux de casino en ligne, vous savez peut-\u00eatre que vous pouvez jouer aux machines \u00e0 sous en ligne non seulement pour de l&rsquo;argent r\u00e9el, mais aussi gratuitement et pour le plaisir.\u00a0C&rsquo;est id\u00e9al pour les joueurs car ils peuvent essayer les machines \u00e0 sous avant d&rsquo;utiliser leur propre argent fictif.\u00a0Les critiques vous aideront \u00e0 tout comprendre sur les machines \u00e0 sous et ce que les autres en pensent, et le jeu gratuit vous aidera \u00e0 vous entra\u00eener jusqu&rsquo;\u00e0 ce que vous soyez suffisamment \u00e0 l&rsquo;aise pour l&rsquo;essayer avec de l&rsquo;argent r\u00e9el.<\/p>\n<p>Le nombre de jeux de machines \u00e0 sous en ligne augmente de jour en jour, et maintenant il y a des centaines, voire des milliers de jeux parmi lesquels choisir, ce qui peut \u00eatre d\u00e9routant !\u00a0Les revues de machines \u00e0 sous offrent aux joueurs la sensation du jeu, le th\u00e8me, les graphismes, les h\u00e9ros et la facilit\u00e9 de gagner.\u00a0Vous serez \u00e9tonn\u00e9 de ce que vous pouvez d\u00e9couvrir sur un jeu de machine \u00e0 sous en lisant sa critique.<\/p>\n<p>Comment fonctionnent les casinos en ligne, comment ils gagnent de l&rsquo;argent et combien les joueurs perdent, explique RocketPlay<\/p>\n<p><img loading=\"lazy\" decoding=\"async\" class=\"aligncenter wp-image-346 size-large lazy-loaded\" src=\"https:\/\/rocketplay-game.com\/wp-content\/uploads\/2022\/08\/slots-online-1024x576.jpg\" sizes=\"auto, (max-width: 1024px) 100vw, 1024px\" srcset=\"https:\/\/rocketplay-game.com\/wp-content\/uploads\/2022\/08\/slots-online-1024x576.jpg 1024w, https:\/\/rocketplay-game.com\/wp-content\/uploads\/2022\/08\/slots-online-300x169.jpg 300w, https:\/\/rocketplay-game.com\/wp-content\/uploads\/2022\/08\/slots-online-768x432.jpg 768w, https:\/\/rocketplay-game.com\/wp-content\/uploads\/2022\/08\/slots-online-1536x864.jpg 1536w, https:\/\/rocketplay-game.com\/wp-content\/uploads\/2022\/08\/slots-online.jpg 1920w\" alt=\"machines \u00e0 sous en ligne\" width=\"1024\" height=\"576\" data-lazy-type=\"image\" data-src=\"https:\/\/rocketplay-game.com\/wp-content\/uploads\/2022\/08\/slots-online-1024x576.jpg\" data-srcset=\"\" \/><\/p>\n<h2>Les meilleures revues de machines \u00e0 sous en ligne<\/h2>\n<p>Apr\u00e8s avoir lu une bonne critique des machines \u00e0 sous en ligne, vous serez pr\u00eat \u00e0 vous lancer directement dans le jeu de machines \u00e0 sous \u00e9prouv\u00e9 qui non seulement vous procurera beaucoup de plaisir, mais vous donnera \u00e9galement la chance d&rsquo;accumuler des gains indispensables\u00a0!<\/p>\n<h2>Fonctionnalit\u00e9s bonus et d\u00e9veloppeurs de logiciels<\/h2>\n<p>Si vous \u00eates un passionn\u00e9 de machines \u00e0 sous chevronn\u00e9, vous pouvez probablement savoir quels jeux sont cr\u00e9\u00e9s par quels concepteurs simplement en regardant l&rsquo;apparence et la structure du jeu.\u00a0Pour ceux qui ne sont pas encore experts, les avis sur les machines \u00e0 sous offrent tous les d\u00e9tails sur la configuration des machines \u00e0 sous, la valeur des pi\u00e8ces, le nombre de lignes de paiement et le montant pouvant \u00eatre gagn\u00e9 avec chaque symbole lorsqu&rsquo;il atteint les rouleaux.\u00a0Les revues de machines \u00e0 sous parlent \u00e9galement du jackpot progressif que vous pouvez gagner, de sa taille et d&rsquo;autres informations int\u00e9ressantes, telles que si la machine \u00e0 sous a une lecture automatique ou une fonction de jeu qui peut ajouter un tout nouveau niveau \u00e0 votre exp\u00e9rience de jeu.<\/p>\n<h2>Les meilleurs fournisseurs de logiciels de machines \u00e0 sous<\/h2>\n<p>Microgaming est l&rsquo;un des plus anciens fournisseurs de jeux de machines \u00e0 sous en ligne, op\u00e9rant depuis 1994. Ils sont responsables de jeux embl\u00e9matiques tels que Thunderstruck, Avalon, Game of Thrones et Jurassic World.\u00a0En savoir plus sur ce fournisseur sur la page de notre casino Microgaming.<\/p>\n<p><strong>Avis sur les machines \u00e0 sous\u00a0:<\/strong><\/p>\n<ul>\n<li style=\"list-style-type: none;\">\n<ul>\n<li><a href=\"https:\/\/rocketplay-game.com\/fr\/slots\/mega-moolah\/\">M\u00e9ga Moolah<\/a><\/li>\n<li><a href=\"https:\/\/rocketplay-game.com\/fr\/slots\/money-train-2\/\">Train d&rsquo;argent 2<\/a><\/li>\n<li><a href=\"https:\/\/rocketplay-game.com\/fr\/slots\/book-of-ra-deluxe\/\">Livre de Ra Deluxe<\/a><\/li>\n<li><a href=\"https:\/\/rocketplay-game.com\/fr\/slots\/cash-pig\/\">Cochon d&rsquo;argent<\/a><\/li>\n<\/ul>\n<\/li>\n<\/ul>\n","protected":false},"excerpt":{"rendered":"<p>Chaque fois qu&rsquo;un nouveau jeu de machines \u00e0 sous est lanc\u00e9 sur le march\u00e9, et en fait avant sa sortie, les casinos en ligne et les soci\u00e9t\u00e9s ind\u00e9pendantes publient leurs critiques en fonction des commentaires, des commentaires et des opinions des joueurs.\u00a0Des critiques peuvent \u00eatre trouv\u00e9es en ligne pour chaque jeu de machine \u00e0 sous&#8230;<\/p>\n","protected":false},"author":1,"featured_media":0,"parent":0,"menu_order":0,"comment_status":"closed","ping_status":"closed","template":"page-with-slot.php","meta":{"_acf_changed":false,"_kad_post_transparent":"default","_kad_post_title":"default","_kad_post_layout":"default","_kad_post_sidebar_id":"","_kad_post_content_style":"default","_kad_post_vertical_padding":"default","_kad_post_feature":"","_kad_post_feature_position":"","_kad_post_header":false,"_kad_post_footer":false,"footnotes":""},"class_list":["post-2665","page","type-page","status-publish","hentry"],"acf":[],"rttpg_featured_image_url":null,"rttpg_author":{"display_name":"Tom","author_link":"https:\/\/rocketplay-game.com\/fr\/author\/pemvas95n89x\/"},"rttpg_comment":0,"rttpg_category":null,"rttpg_excerpt":"Chaque fois qu&rsquo;un nouveau jeu de machines \u00e0 sous est lanc\u00e9 sur le march\u00e9, et en fait avant sa sortie, les casinos en ligne et les soci\u00e9t\u00e9s ind\u00e9pendantes publient leurs critiques en fonction des commentaires, des commentaires et des opinions des joueurs.\u00a0Des critiques peuvent \u00eatre trouv\u00e9es en ligne pour chaque jeu de machine \u00e0 sous...","_links":{"self":[{"href":"https:\/\/rocketplay-game.com\/fr\/wp-json\/wp\/v2\/pages\/2665","targetHints":{"allow":["GET"]}}],"collection":[{"href":"https:\/\/rocketplay-game.com\/fr\/wp-json\/wp\/v2\/pages"}],"about":[{"href":"https:\/\/rocketplay-game.com\/fr\/wp-json\/wp\/v2\/types\/page"}],"author":[{"embeddable":true,"href":"https:\/\/rocketplay-game.com\/fr\/wp-json\/wp\/v2\/users\/1"}],"replies":[{"embeddable":true,"href":"https:\/\/rocketplay-game.com\/fr\/wp-json\/wp\/v2\/comments?post=2665"}],"version-history":[{"count":3,"href":"https:\/\/rocketplay-game.com\/fr\/wp-json\/wp\/v2\/pages\/2665\/revisions"}],"predecessor-version":[{"id":9084,"href":"https:\/\/rocketplay-game.com\/fr\/wp-json\/wp\/v2\/pages\/2665\/revisions\/9084"}],"wp:attachment":[{"href":"https:\/\/rocketplay-game.com\/fr\/wp-json\/wp\/v2\/media?parent=2665"}],"curies":[{"name":"wp","href":"https:\/\/api.w.org\/{rel}","templated":true}]}}