{"id":2670,"date":"2022-10-03T13:29:24","date_gmt":"2022-10-03T10:29:24","guid":{"rendered":"https:\/\/rocketplay-game.com\/slots\/cash-pig\/"},"modified":"2025-11-25T20:46:28","modified_gmt":"2025-11-25T17:46:28","slug":"cash-pig","status":"publish","type":"page","link":"https:\/\/rocketplay-game.com\/fr\/slots\/cash-pig\/","title":{"rendered":"Cochon d&rsquo;argent chez RocketPlay"},"content":{"rendered":"<p>La machine \u00e0 sous Rocket Play Cash Pig est un nouveau terrain de jeu cr\u00e9\u00e9 par l&rsquo;\u00e9quipe de d\u00e9veloppement de Booming Games.\u00a0Elle a commenc\u00e9 en 2021. Cette plateforme inclut la possibilit\u00e9 d&rsquo;un jeu d&rsquo;entra\u00eenement sans aucune obligation.\u00a0Ce terrain de jeu se caract\u00e9rise par une extr\u00eame volatilit\u00e9 des prix.\u00a0Comprend 5 disques et 4 directions.\u00a0Il a jusqu&rsquo;\u00e0 trente programmes rentables et un multiplicateur exorbitant &#8211; 8 mille.<\/p>\n<p>L&rsquo;apparition r\u00e9cente de la machine \u00e0 sous en ligne Rocket Play Cash Pig n&#8217;emp\u00eache pas le d\u00e9veloppement de sa popularit\u00e9.\u00a0Ceux qui aiment tout ranger dans une carafe aimeront ce divertissement.\u00a0Contribuer de mani\u00e8re rentable aux finances de toutes sortes d&rsquo;objets.\u00a0Bien s\u00fbr, il y a une possibilit\u00e9 de subir une perte, mais vous pouvez \u00e9galement obtenir un gros jackpot, donc cinquante-cinquante.<\/p>\n<p>Une fois votre d\u00e9cision prise, vous trouverez en vous la force d&rsquo;augmenter la taille de vos apports, gr\u00e2ce \u00e0 la volatilit\u00e9 accrue de la politique tarifaire des objets que vous avez accumul\u00e9s dans la box.\u00a0Ainsi, plus vous avez accumul\u00e9, plus votre profit est rentable.\u00a0Votre dividende maximum, dans ce cas, est le montant de la contribution avec un multiplicateur de 8 mille.\u00a0Apr\u00e8s tout, la mise la plus \u00e9lev\u00e9e est de 54 pi\u00e8ces.\u00a0Mais pour la mise minimale (0,3 pi\u00e8ces) &#8211; c&rsquo;est aussi un bon revenu.<\/p>\n<p><img loading=\"lazy\" decoding=\"async\" class=\"aligncenter wp-image-500 size-full lazy-loaded\" src=\"https:\/\/rocketplay-game.com\/wp-content\/uploads\/2022\/10\/cash-pig.jpeg\" sizes=\"auto, (max-width: 730px) 100vw, 730px\" srcset=\"https:\/\/rocketplay-game.com\/wp-content\/uploads\/2022\/10\/cash-pig.jpeg 730w, https:\/\/rocketplay-game.com\/wp-content\/uploads\/2022\/10\/cash-pig-300x205.jpeg 300w\" alt=\"cochon d'argent\" width=\"730\" height=\"500\" data-lazy-type=\"image\" data-src=\"https:\/\/rocketplay-game.com\/wp-content\/uploads\/2022\/10\/cash-pig.jpeg\" data-srcset=\"\" \/><\/p>\n<h2>Comment jouer au cochon d&rsquo;argent<\/h2>\n<p>Si l&rsquo;examen de la machine \u00e0 sous Rocket Play Cash Pig est effectu\u00e9, le terrain de jeu a \u00e9t\u00e9 con\u00e7u dans une palette de couleurs discr\u00e8te.\u00a0Le dessin expressif ne laissera aucun \u00e9l\u00e9ment inaper\u00e7u.\u00a0Des \u00e9l\u00e9ments de rotation vous attendent dans les lieux les plus insolites : sur le toit du sommet des nuages, au sommet de la Tour Eiffel, dans la nacelle d&rsquo;un ballon qui s&rsquo;envole, et dans le paysage d&rsquo;une m\u00e9tropole solide.\u00a0Voici une plateforme pour vous permettre de gagner de l&rsquo;argent.\u00a0Pariez, tournez et prenez des risques.\u00a0Une console de coordination confortable vous aidera \u00e0 :<\/p>\n<ul>\n<li>L&rsquo;image d&rsquo;une fl\u00e8che circulaire sur le bouton vert signifie le d\u00e9but des\u00a0<a href=\"https:\/\/rocketplay-game.com\/fr\/free-spins\/\">tours gratuits<\/a>\u00a0de Rocket Play Cash Pig .<\/li>\n<li>Vous trouverez ci-dessous un \u00e9cran pour les d\u00e9tails de votre compte.<\/li>\n<li>\u00c0 proximit\u00e9 se trouve un signe plus, responsable du son, de la cessation de l&rsquo;accompagnement musical, du d\u00e9p\u00f4t maximal de fonds en un clic et de l&rsquo;introduction de cinquante r\u00e9volutions automatiques dans le jeu.<\/li>\n<li>Un peu plus loin se trouve le bouclier permettant de r\u00e9gler la quantit\u00e9 d&rsquo;entr\u00e9e.<\/li>\n<li>Il y a une ic\u00f4ne de nouvelles en haut de la plate-forme de jeu pour se familiariser avec les conditions de jeu, les tailles d&rsquo;entr\u00e9e, etc.<\/li>\n<li>En installant une application mobile pour la plate-forme de jeu, il est possible de participer au jeu \u00e0 partir de n&rsquo;importe quel gadget que vous poss\u00e9dez dans un endroit qui vous convient.<\/li>\n<\/ul>\n<h2>Caract\u00e9ristiques bonus Cash Pig<\/h2>\n<p>La base de jeu a trente options rentables.\u00a0Ils peuvent \u00eatre situ\u00e9s non seulement dans une certaine direction, mais aussi sous n&rsquo;importe quelle forme.\u00a0Pour une option rentable, vous devez collecter de 3 \u00e0 5 signes \u00e9quivalents.\u00a0Symboles \u00e0 surveiller\u00a0:<\/p>\n<ul>\n<li>Le signe du cochon est une tirelire, ce qui signifie que les \u00e9conomies de pi\u00e8ces pr\u00e9c\u00e9dentes sont transf\u00e9r\u00e9es sur votre d\u00e9p\u00f4t.<\/li>\n<li>Une bouteille de champagne sur un ou cinq disques vous donne des tours suppl\u00e9mentaires.<\/li>\n<li>Le signe Wild est un diamant solide qui peut remplacer chaque image pour former un sch\u00e9ma rentable.<\/li>\n<\/ul>\n<p><a href=\"https:\/\/rocketplay-game.com\/fr\/bonus\/\">Il y a un bonus<\/a>\u00a0Rocket Play Cash Pig\u00a0pour vous.\u00a0Ce terrain de jeu comporte trois tours incitatifs\u00a0:<\/p>\n<ul>\n<li>Mise \u00e0 niveau majeure.\u00a0Entre en jeu de mani\u00e8re inattendue, transformant des signes simples en signes pr\u00e9cieux.<\/li>\n<li>\u00c9liminateur mineur.\u00a0Il appara\u00eet \u00e9galement de mani\u00e8re inattendue et \u00e9limine les panneaux de budget de la cour de r\u00e9cr\u00e9ation.<\/li>\n<li>Tirelire.\u00a0Entre dans le jeu lorsque six pi\u00e8ces ou plus tombent.\u00a0Ensuite, 3 p\u00e9riodes commencent \u00e0 prendre racine, \u00e0 tour de r\u00f4le lorsque la pi\u00e8ce suivante appara\u00eet.\u00a0Je suis heureux qu&rsquo;une pi\u00e8ce distincte fasse des b\u00e9n\u00e9fices.<\/li>\n<\/ul>\n<h2>FAQ<\/h2>\n<h3>Comment gagner de l&rsquo;argent ?<\/h3>\n<p>Pour rejoindre la machine \u00e0 sous Rocket Play Cash Pig, vous devez activer votre compte et effectuer un d\u00e9p\u00f4t.<\/p>\n<h3>Comment jouer \u00e0 Cash Pig sans investissement ?<\/h3>\n<p>Il y a des sessions d&rsquo;entra\u00eenement sur cette plateforme de jeu sans aucune obligation.<\/p>\n<h3>Cette plateforme dispose-t-elle d&rsquo;une grande banque, et est-il possible de la retirer ?<\/h3>\n<p>Sur ce site, il y a un bon jackpot avec un multiplicateur de 8 mille.<\/p>\n<h3>Quel est le taux de retour de ce divertissement\u00a0?<\/h3>\n<p>Les perspectives de gain sont assez importantes.\u00a0Le taux de r\u00e9version de ce terrain de jeu est tr\u00e8s \u00e9lev\u00e9 \u2013 96,03 %.<\/p>\n","protected":false},"excerpt":{"rendered":"<p>La machine \u00e0 sous Rocket Play Cash Pig est un nouveau terrain de jeu cr\u00e9\u00e9 par l&rsquo;\u00e9quipe de d\u00e9veloppement de Booming Games.\u00a0Elle a commenc\u00e9 en 2021. Cette plateforme inclut la possibilit\u00e9 d&rsquo;un jeu d&rsquo;entra\u00eenement sans aucune obligation.\u00a0Ce terrain de jeu se caract\u00e9rise par une extr\u00eame volatilit\u00e9 des prix.\u00a0Comprend 5 disques et 4 directions.\u00a0Il a jusqu&rsquo;\u00e0&#8230;<\/p>\n","protected":false},"author":1,"featured_media":0,"parent":2665,"menu_order":0,"comment_status":"closed","ping_status":"closed","template":"page-with-slot.php","meta":{"_acf_changed":false,"_kad_post_transparent":"default","_kad_post_title":"default","_kad_post_layout":"default","_kad_post_sidebar_id":"","_kad_post_content_style":"default","_kad_post_vertical_padding":"default","_kad_post_feature":"","_kad_post_feature_position":"","_kad_post_header":false,"_kad_post_footer":false,"footnotes":""},"class_list":["post-2670","page","type-page","status-publish","hentry"],"acf":[],"rttpg_featured_image_url":null,"rttpg_author":{"display_name":"Tom","author_link":"https:\/\/rocketplay-game.com\/fr\/author\/pemvas95n89x\/"},"rttpg_comment":0,"rttpg_category":null,"rttpg_excerpt":"La machine \u00e0 sous Rocket Play Cash Pig est un nouveau terrain de jeu cr\u00e9\u00e9 par l&rsquo;\u00e9quipe de d\u00e9veloppement de Booming Games.\u00a0Elle a commenc\u00e9 en 2021. Cette plateforme inclut la possibilit\u00e9 d&rsquo;un jeu d&rsquo;entra\u00eenement sans aucune obligation.\u00a0Ce terrain de jeu se caract\u00e9rise par une extr\u00eame volatilit\u00e9 des prix.\u00a0Comprend 5 disques et 4 directions.\u00a0Il a jusqu&rsquo;\u00e0...","_links":{"self":[{"href":"https:\/\/rocketplay-game.com\/fr\/wp-json\/wp\/v2\/pages\/2670","targetHints":{"allow":["GET"]}}],"collection":[{"href":"https:\/\/rocketplay-game.com\/fr\/wp-json\/wp\/v2\/pages"}],"about":[{"href":"https:\/\/rocketplay-game.com\/fr\/wp-json\/wp\/v2\/types\/page"}],"author":[{"embeddable":true,"href":"https:\/\/rocketplay-game.com\/fr\/wp-json\/wp\/v2\/users\/1"}],"replies":[{"embeddable":true,"href":"https:\/\/rocketplay-game.com\/fr\/wp-json\/wp\/v2\/comments?post=2670"}],"version-history":[{"count":4,"href":"https:\/\/rocketplay-game.com\/fr\/wp-json\/wp\/v2\/pages\/2670\/revisions"}],"predecessor-version":[{"id":9301,"href":"https:\/\/rocketplay-game.com\/fr\/wp-json\/wp\/v2\/pages\/2670\/revisions\/9301"}],"up":[{"embeddable":true,"href":"https:\/\/rocketplay-game.com\/fr\/wp-json\/wp\/v2\/pages\/2665"}],"wp:attachment":[{"href":"https:\/\/rocketplay-game.com\/fr\/wp-json\/wp\/v2\/media?parent=2670"}],"curies":[{"name":"wp","href":"https:\/\/api.w.org\/{rel}","templated":true}]}}