{"id":2683,"date":"2022-10-03T13:39:15","date_gmt":"2022-10-03T10:39:15","guid":{"rendered":"https:\/\/rocketplay-game.com\/slots\/elvis-frog-vegas\/"},"modified":"2025-11-25T22:45:36","modified_gmt":"2025-11-25T19:45:36","slug":"elvis-frog-vegas","status":"publish","type":"page","link":"https:\/\/rocketplay-game.com\/fr\/slots\/elvis-frog-vegas\/","title":{"rendered":"Grenouille Elvis \u00e0 Vegas"},"content":{"rendered":"<p><img loading=\"lazy\" decoding=\"async\" class=\"alignleft wp-image-503 size-medium lazy-loaded\" src=\"https:\/\/rocketplay-game.com\/wp-content\/uploads\/2022\/10\/elvis-frog-rocketplay-202x300.png\" sizes=\"auto, (max-width: 202px) 100vw, 202px\" srcset=\"https:\/\/rocketplay-game.com\/wp-content\/uploads\/2022\/10\/elvis-frog-rocketplay-202x300.png 202w, https:\/\/rocketplay-game.com\/wp-content\/uploads\/2022\/10\/elvis-frog-rocketplay.png 389w\" alt=\"Elvis Grenouille Rocketplay\" width=\"202\" height=\"300\" data-lazy-type=\"image\" data-src=\"https:\/\/rocketplay-game.com\/wp-content\/uploads\/2022\/10\/elvis-frog-rocketplay-202x300.png\" data-srcset=\"\" \/>Vous pouvez faire une tentative de test \u00e0 la machine \u00e0 sous Rocket Play Elvis Frog \u00e0 Vegas sans investissement.\u00a0La machine \u00e0 sous Rocket Play Elvis Frog in Vegas est connue pour son taux de retour de 96 %.\u00a0Il dispose \u00e9galement de cinq disques de circulation et de vingt-cinq directions de compensation.\u00a0Il y a un jeu premium, des chiffres d&rsquo;affaires pr\u00e9f\u00e9rentiels et des symboles Wild et Scatter, mais pas de multiplicateur.<\/p>\n<p>Le terrain de jeu a un mode automatique et un m\u00e9canisme de promotion actif.\u00a0Dans le simulateur, la grenouille est le personnage principal.\u00a0En plongeant dans ce jeu, vous visiterez Las Vegas, \u00e0 la repr\u00e9sentation d&rsquo;Elvis la grenouille, interpr\u00e9tant du rock and roll.\u00a0En vous amusant du fond du c\u0153ur, vous pouvez collecter une somme coquette qui multiplie votre contribution par deux mille cinq cents.<\/p>\n<h2>RTP et volatilit\u00e9<\/h2>\n<p>Apr\u00e8s l&rsquo;examen de la machine \u00e0 sous Rocket Play Elvis Frog \u00e0 Vegas, le champ compte 5 disques rotatifs et 25 lignes de profit.\u00a0Pour gagner, vous devez vous aligner dans l&rsquo;ordre du score \u00e0 partir de 3 signes \u00e9quivalents ou plus.\u00a0Apr\u00e8s avoir fait une entr\u00e9e de deux ans et demi \u00e0 vingt-cinq euros pour la promotion, vous pouvez rejoindre le jeu sur n&rsquo;importe quel gadget.\u00a0Le simulateur pr\u00e9sente un faible degr\u00e9 de risque financier\u00a0;\u00a0le pourcentage de retour est de 96 et le retrait maximum pour une promotion peut \u00eatre deux mille et demi fois sup\u00e9rieur \u00e0 votre d\u00e9p\u00f4t.<\/p>\n<h2>Comment jouer<\/h2>\n<p>Le signe principal du simulateur de machine \u00e0 sous en ligne Rocket Play Elvis Frog in Vegas est Elvis Frog, qui remplace tous les autres signes pour collecter le sch\u00e9ma gagnant.\u00a0Si cela fonctionne dans une promotion, vous obtenez des visites suppl\u00e9mentaires.\u00a0Le signe de la pi\u00e8ce (pi\u00e8ce d&rsquo;or) dispara\u00eet dans le jeu principal et pendant les cycles de gr\u00e2ce.\u00a0Lorsque le nombre requis de ces signes est form\u00e9, un prix garanti vous est offert.<\/p>\n<p>Cinq cycles suppl\u00e9mentaires sans paris deviennent disponibles, qui peuvent \u00e0 nouveau \u00eatre entr\u00e9s dans le jeu lorsque 3 autres signes astrologiques apparaissent.\u00a0Dans des cycles suppl\u00e9mentaires, l&rsquo;option Blazing Reels appara\u00eet, ce qui signifie l&rsquo;apparition d&rsquo;un grand symbole lors de la combinaison de 2, 3 et 4 rouleaux.\u00a0Cela peut vous rapporter de bons b\u00e9n\u00e9fices.\u00a0Coin Respin &#8211; cette fonction est lanc\u00e9e lorsqu&rsquo;au moins 6 pi\u00e8ces de monnaie apparaissent sur le terrain de jeu, qui prend leur place.\u00a0Et les autres fen\u00eatres sont vides.\u00a0Au fil du temps, trois red\u00e9marrages s&rsquo;offriront \u00e0 vous pour remplir les fen\u00eatres vides de pi\u00e8ces.<\/p>\n<p>Au moment o\u00f9 la pi\u00e8ce tombe dans la fen\u00eatre, les tentatives reviennent \u00e0 leur position de d\u00e9part.\u00a0Ce processus se poursuit jusqu&rsquo;\u00e0 ce que toutes les cases vides soient remplies.\u00a0Au final, le montant de toutes les pi\u00e8ces est transf\u00e9r\u00e9 sur votre d\u00e9p\u00f4t.\u00a0Lors de cette position de jeu, vous aurez peut-\u00eatre la chance de remporter l&rsquo;un des lots, le principal \u00e9tant M\u00e9ga.\u00a0Vous pouvez le r\u00e9cup\u00e9rer si toutes les fen\u00eatres vides sont remplies de pi\u00e8ces d&rsquo;or.\u00a0C&rsquo;est une plate-forme divertissante pour jouer avec une conception Web d\u00e9cente, d&rsquo;excellentes fonctionnalit\u00e9s et des gains satisfaisants.<\/p>\n<p><img loading=\"lazy\" decoding=\"async\" class=\"aligncenter wp-image-504 size-full lazy-loaded\" src=\"https:\/\/rocketplay-game.com\/wp-content\/uploads\/2022\/10\/elvis-frog-in-vegas.jpeg\" sizes=\"auto, (max-width: 736px) 100vw, 736px\" srcset=\"https:\/\/rocketplay-game.com\/wp-content\/uploads\/2022\/10\/elvis-frog-in-vegas.jpeg 736w, https:\/\/rocketplay-game.com\/wp-content\/uploads\/2022\/10\/elvis-frog-in-vegas-300x101.jpeg 300w\" alt=\"Grenouille Elvis \u00e0 Vegas\" width=\"736\" height=\"248\" data-lazy-type=\"image\" data-src=\"https:\/\/rocketplay-game.com\/wp-content\/uploads\/2022\/10\/elvis-frog-in-vegas.jpeg\" data-srcset=\"\" \/><\/p>\n<h2>FAQ<\/h2>\n<h3>Quels bonus la machine \u00e0 sous offre-t-elle ?<\/h3>\n<p>Les tours gratuits de Rocket Play Elvis Frog \u00e0 Vegas sont une offre sp\u00e9ciale.\u00a0Il consiste \u00e0 donner une chance \u00e0 un joueur de jouer des tours suppl\u00e9mentaires gratuitement.\u00a0Sur la base de toutes les combinaisons gagnantes, les gains finaux sont additionn\u00e9s.\u00a0L&rsquo;argent re\u00e7u peut \u00eatre utilis\u00e9 \u00e0 votre discr\u00e9tion &#8211; mettez-le en retrait ou continuez \u00e0 placer des paris.<\/p>\n<h3>Quels sont les avantages des bonus ?<\/h3>\n<p>Les machines \u00e0 sous avec surprises sont populaires parmi les joueurs d\u00e9butants et professionnels.\u00a0Leur demande est due \u00e0 un certain nombre d&rsquo;avantages.\u00a0Le premier d&rsquo;entre eux est l&rsquo;introduction de zeste dans le gameplay.\u00a0Cela devient plus excitant.\u00a0Le deuxi\u00e8me avantage est une augmentation des chances de recevoir une somme importante.\u00a0Par exemple, dans le bonus Rocket Play Elvis Frog in Vegas, parmi les tours gratuits, quelques combinaisons gagnantes avec un gros gain peuvent tomber.<\/p>\n<p><strong>A lire \u00e9galement sur :<\/strong><\/p>\n<ul>\n<li style=\"list-style-type: none;\">\n<ul>\n<li><a href=\"https:\/\/rocketplay-game.com\/fr\/slots\/hit-gold-hold-and-win\/\">Frappez l&rsquo;or\u00a0!\u00a0Tenez et ganez<\/a><\/li>\n<li><a href=\"https:\/\/rocketplay-game.com\/fr\/slots\/queen-and-dragons\">Reine et les dragons<\/a><\/li>\n<\/ul>\n<\/li>\n<\/ul>\n","protected":false},"excerpt":{"rendered":"<p>Vous pouvez faire une tentative de test \u00e0 la machine \u00e0 sous Rocket Play Elvis Frog \u00e0 Vegas sans investissement.\u00a0La machine \u00e0 sous Rocket Play Elvis Frog in Vegas est connue pour son taux de retour de 96 %.\u00a0Il dispose \u00e9galement de cinq disques de circulation et de vingt-cinq directions de compensation.\u00a0Il y a un&#8230;<\/p>\n","protected":false},"author":1,"featured_media":0,"parent":2665,"menu_order":0,"comment_status":"closed","ping_status":"closed","template":"page-with-slot.php","meta":{"_acf_changed":false,"_kad_post_transparent":"default","_kad_post_title":"default","_kad_post_layout":"default","_kad_post_sidebar_id":"","_kad_post_content_style":"default","_kad_post_vertical_padding":"default","_kad_post_feature":"","_kad_post_feature_position":"","_kad_post_header":false,"_kad_post_footer":false,"footnotes":""},"class_list":["post-2683","page","type-page","status-publish","hentry"],"acf":[],"rttpg_featured_image_url":null,"rttpg_author":{"display_name":"Tom","author_link":"https:\/\/rocketplay-game.com\/fr\/author\/pemvas95n89x\/"},"rttpg_comment":0,"rttpg_category":null,"rttpg_excerpt":"Vous pouvez faire une tentative de test \u00e0 la machine \u00e0 sous Rocket Play Elvis Frog \u00e0 Vegas sans investissement.\u00a0La machine \u00e0 sous Rocket Play Elvis Frog in Vegas est connue pour son taux de retour de 96 %.\u00a0Il dispose \u00e9galement de cinq disques de circulation et de vingt-cinq directions de compensation.\u00a0Il y a un...","_links":{"self":[{"href":"https:\/\/rocketplay-game.com\/fr\/wp-json\/wp\/v2\/pages\/2683","targetHints":{"allow":["GET"]}}],"collection":[{"href":"https:\/\/rocketplay-game.com\/fr\/wp-json\/wp\/v2\/pages"}],"about":[{"href":"https:\/\/rocketplay-game.com\/fr\/wp-json\/wp\/v2\/types\/page"}],"author":[{"embeddable":true,"href":"https:\/\/rocketplay-game.com\/fr\/wp-json\/wp\/v2\/users\/1"}],"replies":[{"embeddable":true,"href":"https:\/\/rocketplay-game.com\/fr\/wp-json\/wp\/v2\/comments?post=2683"}],"version-history":[{"count":3,"href":"https:\/\/rocketplay-game.com\/fr\/wp-json\/wp\/v2\/pages\/2683\/revisions"}],"predecessor-version":[{"id":3914,"href":"https:\/\/rocketplay-game.com\/fr\/wp-json\/wp\/v2\/pages\/2683\/revisions\/3914"}],"up":[{"embeddable":true,"href":"https:\/\/rocketplay-game.com\/fr\/wp-json\/wp\/v2\/pages\/2665"}],"wp:attachment":[{"href":"https:\/\/rocketplay-game.com\/fr\/wp-json\/wp\/v2\/media?parent=2683"}],"curies":[{"name":"wp","href":"https:\/\/api.w.org\/{rel}","templated":true}]}}