{"id":2697,"date":"2022-10-03T13:50:30","date_gmt":"2022-10-03T10:50:30","guid":{"rendered":"https:\/\/rocketplay-game.com\/slots\/hit-gold-hold-and-win\/"},"modified":"2025-11-25T22:45:48","modified_gmt":"2025-11-25T19:45:48","slug":"hit-gold-hold-and-win","status":"publish","type":"page","link":"https:\/\/rocketplay-game.com\/fr\/slots\/hit-gold-hold-and-win\/","title":{"rendered":"Frappez l&rsquo;or! Tenez et gagnez"},"content":{"rendered":"<p><img loading=\"lazy\" decoding=\"async\" class=\"size-medium wp-image-507 alignleft lazy-loaded\" src=\"https:\/\/rocketplay-game.com\/wp-content\/uploads\/2022\/10\/hit-the-gold-hold-and-win-300x232.png\" sizes=\"auto, (max-width: 300px) 100vw, 300px\" srcset=\"https:\/\/rocketplay-game.com\/wp-content\/uploads\/2022\/10\/hit-the-gold-hold-and-win-300x232.png 300w, https:\/\/rocketplay-game.com\/wp-content\/uploads\/2022\/10\/hit-the-gold-hold-and-win.png 320w\" alt=\"Frappez l'or! Tenez et gagnez\" width=\"300\" height=\"232\" data-lazy-type=\"image\" data-src=\"https:\/\/rocketplay-game.com\/wp-content\/uploads\/2022\/10\/hit-the-gold-hold-and-win-300x232.png\" data-srcset=\"\" \/>Simulator Rocket Play Frappez l&rsquo;or\u00a0!\u00a0<span class=\"\">La machine \u00e0 sous Hold and Win est un concept passionnant donn\u00e9 vie par le c\u00e9l\u00e8bre cr\u00e9ateur de technologie de jeu Booongo en juin 2021. Les d\u00e9veloppeurs ont explor\u00e9 le processus d&rsquo;extraction de l&rsquo;or dans le jeu.\u00a0<\/span>Les personnages principaux du sc\u00e9nario sont un mineur et son chien, \u00e0 la recherche d&rsquo;une mine d&rsquo;or.\u00a0Les participants au jeu essaient d&rsquo;aider le personnage principal en utilisant les signes centraux du jeu.\u00a0Consultez les r\u00e8gles du jeu de pari et essayez de jouer \u00e0 un jeu d&rsquo;entra\u00eenement sans risquer votre argent.<\/p>\n<h2>Pourcentage de retour et variance<\/h2>\n<p>Rocket Play Frappez l&rsquo;or\u00a0!\u00a0La machine \u00e0 sous en ligne Hold and Win attire avec un certain nombre de param\u00e8tres.\u00a0Le jeu a un rendement de 95,66 %.\u00a0Le simulateur de Booongo comprend cinq cercles circulants et vingt-cinq directions de compensation.\u00a0La limite de profit maximale est le montant du d\u00e9p\u00f4t x2000.\u00a0Une variante de HTML5 a \u00e9t\u00e9 d\u00e9velopp\u00e9e pour\u00a0<a href=\"https:\/\/rocketplay-game.com\/fr\/mobile-version\/\">les applications mobiles<\/a>\u00a0, qui permet de participer au jeu depuis n&rsquo;importe quel appareil portable.<\/p>\n<p>Rocket Play Frappez l&rsquo;or\u00a0!\u00a0Le jeu de machine \u00e0 sous Hold and Win devrait int\u00e9resser les joueurs potentiels sur Internet.\u00a0La plate-forme comporte un certain nombre de signes qui aideront l&rsquo;utilisateur \u00e0 gagner.\u00a0Apprenez \u00e0 les conna\u00eetre :<\/p>\n<ul>\n<li>Chien, ami et protecteur du personnage principal.<\/li>\n<li>Sac de sable.<\/li>\n<li>Fragments d&rsquo;or.<\/li>\n<li>Kylo pour l&rsquo;extraction de l&rsquo;or ;<\/li>\n<li>Lettres latines A, K, Q et J !<\/li>\n<\/ul>\n<p>Le participant \u00e0 l&rsquo;action de jeu \u00e9tablit un sch\u00e9ma \u00e0 partir de ces d\u00e9signations pour obtenir des multiplicateurs.\u00a0Afin de tirer un bon profit de ce terrain de jeu, utilisez les principales enseignes des machines \u00e0 sous.\u00a0Il y a beaucoup de signes comme celui-ci :<\/p>\n<ul>\n<li>Image de dispersion \u2013 rails de chemin de fer\u00a0;<\/li>\n<li>Signe sauvage &#8211; mineur d&rsquo;or;<\/li>\n<li>Le signe Bonus est un jeton dor\u00e9.<\/li>\n<\/ul>\n<p>Le symbole scatter appara\u00eet sur les trois rouleaux du milieu, ce qui inclut un \u00e9v\u00e9nement permettant d&rsquo;extraire des cycles de rotation sans paris (Rocket Play Hit the Gold! Hold and Win bonus) dans le gameplay.<\/p>\n<h2>Caract\u00e9ristiques du gameplay<\/h2>\n<p>Pour jouer au jeu sur des simulateurs, l&rsquo;activation n&rsquo;est pas requise.\u00a0Pour cela, il existe un parcours d&rsquo;entra\u00eenement utilis\u00e9 par les d\u00e9butants au d\u00e9part.\u00a0Dans ce tour, les joueurs nouvellement arriv\u00e9s d\u00e9cident enfin eux-m\u00eames de jouer ou non.\u00a0Les joueurs potentiels qui souhaitent profiter de la proc\u00e9dure de jeu doivent l&rsquo;activer et saisir le montant sur leur compte.\u00a0Ensuite, nous entrons dans un jeu de pari s\u00e9rieux.<\/p>\n<p>Le red\u00e9marrage est ouvert lorsque trois lingots d&rsquo;or sont sur la plateforme de jeu.\u00a0Maintenant, vous obtenez huit tours suppl\u00e9mentaires.\u00a0Lorsque six autres pi\u00e8ces d&rsquo;or arrivent au m\u00eame endroit, le jeu\u00a0<a href=\"https:\/\/rocketplay--game-com.translate.goog\/bonus\/?_x_tr_sl=auto&amp;_x_tr_tl=fr&amp;_x_tr_hl=ru&amp;_x_tr_pto=wapp\" target=\"_blank\" rel=\"noopener\">bonus<\/a>\u00a0entre en jeu, avec la sortie de trois red\u00e9marrages.\u00a0C&rsquo;est Rocket Play Hit the Gold!\u00a0Maintenez et gagnez un bonus de machine \u00e0 sous.\u00a0Un lingot d&rsquo;or individuel \u00e9quivaut \u00e0 red\u00e9marrer le tambour.\u00a0Dans le tour premium, sur le terrain de jeu, un chiffre de r\u00e9compense appara\u00eet, ce qui met en jeu un gros prix.\u00a0Apr\u00e8s avoir collect\u00e9 quinze hi\u00e9roglyphes bonus, il est vraiment possible de d\u00e9crocher un jackpot scandaleux.<\/p>\n<p><img loading=\"lazy\" decoding=\"async\" class=\"aligncenter wp-image-508 size-full lazy-loaded\" src=\"https:\/\/rocketplay-game.com\/wp-content\/uploads\/2022\/10\/hit-the-gold-hold-and-win.jpeg\" sizes=\"auto, (max-width: 730px) 100vw, 730px\" srcset=\"https:\/\/rocketplay-game.com\/wp-content\/uploads\/2022\/10\/hit-the-gold-hold-and-win.jpeg 730w, https:\/\/rocketplay-game.com\/wp-content\/uploads\/2022\/10\/hit-the-gold-hold-and-win-300x200.jpeg 300w\" alt=\"Frappez l'or! Tenez et gagnez\" width=\"730\" height=\"487\" data-lazy-type=\"image\" data-src=\"https:\/\/rocketplay-game.com\/wp-content\/uploads\/2022\/10\/hit-the-gold-hold-and-win.jpeg\" data-srcset=\"\" \/><\/p>\n<h2>Opinion d&rsquo;expert<\/h2>\n<p>Le bandit manchot a \u00e9t\u00e9 invent\u00e9 et anim\u00e9 par la c\u00e9l\u00e8bre soci\u00e9t\u00e9 Booongo.\u00a0Il poursuit le th\u00e8me des chercheurs d&rsquo;or et des fans de la plate-forme de jeu Aztec Gold.\u00a0En faisant tourner le tambour sur le terrain de jeu Strike Gold, il est possible d&rsquo;obtenir un bon profit.\u00a0Ce simulateur est connu pour ses bons taux de retour, ses r\u00e9compenses int\u00e9ressantes et ses puissants multiplicateurs.<\/p>\n<p>Si vous d\u00e9pensez Rocket Play Hit the Gold!\u00a0Examen de la machine \u00e0 sous Hold and Win, la conception Web du simulateur fait une impression vive et des images nettes attirent les joueurs.\u00a0Un sc\u00e9nario intrigant, un gameplay accessible et des syst\u00e8mes de notation attrayants attirent tous l&rsquo;int\u00e9r\u00eat des joueurs potentiels.<\/p>\n<p>Si vous ne voulez pas risquer vos finances, vous pouvez essayer la version d\u00e9mo.\u00a0Ainsi, vous \u00e9tudierez le fonctionnement de l&rsquo;appareil et comprendrez les sp\u00e9cificit\u00e9s du jeu.\u00a0Ce n&rsquo;est qu&rsquo;une fois que vous vous sentez en confiance que vous pouvez placer des paris et vous battre pour des gains en argent r\u00e9el.<\/p>\n","protected":false},"excerpt":{"rendered":"<p>Simulator Rocket Play Frappez l&rsquo;or\u00a0!\u00a0La machine \u00e0 sous Hold and Win est un concept passionnant donn\u00e9 vie par le c\u00e9l\u00e8bre cr\u00e9ateur de technologie de jeu Booongo en juin 2021. Les d\u00e9veloppeurs ont explor\u00e9 le processus d&rsquo;extraction de l&rsquo;or dans le jeu.\u00a0Les personnages principaux du sc\u00e9nario sont un mineur et son chien, \u00e0 la recherche d&rsquo;une&#8230;<\/p>\n","protected":false},"author":1,"featured_media":0,"parent":2665,"menu_order":0,"comment_status":"closed","ping_status":"closed","template":"page-with-slot.php","meta":{"_acf_changed":false,"_kad_post_transparent":"default","_kad_post_title":"default","_kad_post_layout":"default","_kad_post_sidebar_id":"","_kad_post_content_style":"default","_kad_post_vertical_padding":"default","_kad_post_feature":"","_kad_post_feature_position":"","_kad_post_header":false,"_kad_post_footer":false,"footnotes":""},"class_list":["post-2697","page","type-page","status-publish","hentry"],"acf":[],"rttpg_featured_image_url":null,"rttpg_author":{"display_name":"Tom","author_link":"https:\/\/rocketplay-game.com\/fr\/author\/pemvas95n89x\/"},"rttpg_comment":0,"rttpg_category":null,"rttpg_excerpt":"Simulator Rocket Play Frappez l&rsquo;or\u00a0!\u00a0La machine \u00e0 sous Hold and Win est un concept passionnant donn\u00e9 vie par le c\u00e9l\u00e8bre cr\u00e9ateur de technologie de jeu Booongo en juin 2021. Les d\u00e9veloppeurs ont explor\u00e9 le processus d&rsquo;extraction de l&rsquo;or dans le jeu.\u00a0Les personnages principaux du sc\u00e9nario sont un mineur et son chien, \u00e0 la recherche d&rsquo;une...","_links":{"self":[{"href":"https:\/\/rocketplay-game.com\/fr\/wp-json\/wp\/v2\/pages\/2697","targetHints":{"allow":["GET"]}}],"collection":[{"href":"https:\/\/rocketplay-game.com\/fr\/wp-json\/wp\/v2\/pages"}],"about":[{"href":"https:\/\/rocketplay-game.com\/fr\/wp-json\/wp\/v2\/types\/page"}],"author":[{"embeddable":true,"href":"https:\/\/rocketplay-game.com\/fr\/wp-json\/wp\/v2\/users\/1"}],"replies":[{"embeddable":true,"href":"https:\/\/rocketplay-game.com\/fr\/wp-json\/wp\/v2\/comments?post=2697"}],"version-history":[{"count":3,"href":"https:\/\/rocketplay-game.com\/fr\/wp-json\/wp\/v2\/pages\/2697\/revisions"}],"predecessor-version":[{"id":2700,"href":"https:\/\/rocketplay-game.com\/fr\/wp-json\/wp\/v2\/pages\/2697\/revisions\/2700"}],"up":[{"embeddable":true,"href":"https:\/\/rocketplay-game.com\/fr\/wp-json\/wp\/v2\/pages\/2665"}],"wp:attachment":[{"href":"https:\/\/rocketplay-game.com\/fr\/wp-json\/wp\/v2\/media?parent=2697"}],"curies":[{"name":"wp","href":"https:\/\/api.w.org\/{rel}","templated":true}]}}