{"id":2706,"date":"2022-10-03T13:58:41","date_gmt":"2022-10-03T10:58:41","guid":{"rendered":"https:\/\/rocketplay-game.com\/slots\/queen-and-dragons\/"},"modified":"2025-11-25T23:08:24","modified_gmt":"2025-11-25T20:08:24","slug":"queen-and-dragons","status":"publish","type":"page","link":"https:\/\/rocketplay-game.com\/fr\/slots\/queen-and-dragons\/","title":{"rendered":"Examen de la machine \u00e0 sous en ligne Queen and the Dragons"},"content":{"rendered":"<p><img loading=\"lazy\" decoding=\"async\" class=\"size-medium wp-image-511 alignleft lazy-loaded\" src=\"https:\/\/rocketplay-game.com\/wp-content\/uploads\/2022\/10\/queenandthedragons-223x300.jpeg\" sizes=\"auto, (max-width: 223px) 100vw, 223px\" srcset=\"https:\/\/rocketplay-game.com\/wp-content\/uploads\/2022\/10\/queenandthedragons-223x300.jpeg 223w, https:\/\/rocketplay-game.com\/wp-content\/uploads\/2022\/10\/queenandthedragons.jpeg 432w\" alt=\"Reine et les dragons\" width=\"223\" height=\"300\" data-lazy-type=\"image\" data-src=\"https:\/\/rocketplay-game.com\/wp-content\/uploads\/2022\/10\/queenandthedragons-223x300.jpeg\" data-srcset=\"\" \/>La machine \u00e0 sous m\u00e9canique Gangster Rocket Play Queen and the Dragons du d\u00e9veloppeur IGT offre la possibilit\u00e9 de jouer \u00e0 un jeu d&rsquo;entra\u00eenement sans paris.<\/p>\n<p><span class=\"\">Le simulateur en ligne de machines \u00e0 sous Rocket Play Queen and the Dragons a les param\u00e8tres suivants : 96,47 % de retour, cinq disques en circulation, 25 directions de paiement, la volatilit\u00e9 des prix du jeu est inconnue.\u00a0<\/span>Il n&rsquo;y a pas de tours suppl\u00e9mentaires dans la machine \u00e0 sous, et il n&rsquo;y a pas de multiplicateurs ni de r\u00e9compenses.\u00a0Les images Wild et Scatter sont utilis\u00e9es dans le gameplay.\u00a0Le bandit manchot Queen et les Dragons ont des m\u00e9canismes de rotations automatiques et instantan\u00e9es.\u00a0Le nombre de d\u00e9p\u00f4ts varie de 0,25 $ \u00e0 125 $.<\/p>\n<p>Le fournisseur de services de jeux IG Tech invite les participants \u00e0 entrer dans le monde magique de l&rsquo;imagination avec la simulation de la reine et des dragons, accompagn\u00e9e de vid\u00e9os d\u00e9licieuses.\u00a0Cette machine \u00e0 sous particuli\u00e8re vous ravira par la pr\u00e9sence de dragons fantastiques, une p\u00e9riode de rotation pr\u00e9f\u00e9rentielle et des revenus substantiels.<\/p>\n<h2>Caract\u00e9ristiques et symboles des machines \u00e0 sous<\/h2>\n<p>La machine \u00e0 sous Rocket Play Queen and the Dragons a une configuration triviale \u2013 un terrain de jeu 5 \u00d7 3 et 25 directions de paiement garanties.\u00a0Le bandit m\u00e9canique prend en charge les entr\u00e9es de 0,25 \u00e0 125 pi\u00e8ces ou dans une devise \u00e9quivalente pratique pour le joueur.\u00a0Lors de la cr\u00e9ation d&rsquo;un sch\u00e9ma de cinq images Wild, il est possible d&rsquo;obtenir le profit maximum pour cet emplacement &#8211; x16 \u00e0 partir du montant d&rsquo;entr\u00e9e.\u00a096,47% est le pourcentage de retour.<\/p>\n<p>La machine \u00e0 sous a une p\u00e9riode d&rsquo;entra\u00eenement, pas de paris en direct, et sa propre\u00a0<a href=\"https:\/\/rocketplay-game.com\/fr\/mobile-version\/\">application mobile<\/a>\u00a0.\u00a0Les protagonistes de ce monde de jeu fantastique sont une imp\u00e9ratrice aux cheveux roux et aux pupilles de dragon.\u00a0Pour activer l&rsquo;action de jeu, d\u00e9cidez du montant du d\u00e9p\u00f4t et cliquez sur \u00ab\u00a0D\u00e9marrer\u00a0\u00bb.<\/p>\n<p>Si vous maintenez votre doigt sur cette touche pendant quelques secondes, le m\u00e9canisme de jeu automatique se d\u00e9clenche.\u00a0Les paiements sont d\u00e9j\u00e0 re\u00e7us d\u00e8s les premiers chiffres d&rsquo;affaires si vous allez avoir un sch\u00e9ma de 2 signes chers (reine et dragons) ou 3 signes de budget (costumes de cartes) c\u00f4te \u00e0 c\u00f4te sur une ligne dynamique.<\/p>\n<p>Apr\u00e8s avoir effectu\u00e9 l&rsquo;examen de la machine \u00e0 sous Rocket Play Queen and the Dragons, nous constatons que la conception de la plate-forme pour le jeu est sans pr\u00e9tention;\u00a0il n&rsquo;y a que des bobines dessus.\u00a0Mais les images et les \u00e9l\u00e9ments qui les accompagnent sont pr\u00e9sent\u00e9s de mani\u00e8re artistique, ce qui laisse une impression durable.<\/p>\n<p>L&rsquo;arrangement musical soutient la direction magique du jeu.\u00a0Lors de la cr\u00e9ation d&rsquo;un sch\u00e9ma gagnant, toutes ses parties sont r\u00e9incarn\u00e9es en une seule copie de dessin anim\u00e9, ce qui permet de mieux conna\u00eetre les personnages.\u00a0Nous avons appris qu&rsquo;un dragon bleu vit dans l&rsquo;eau et qu&rsquo;un dragon vert vit dans les montagnes.<\/p>\n<h2>Tours bonus de la reine et des dragons<\/h2>\n<p>Dans Queen and the Dragons, ainsi que dans d&rsquo;autres machines \u00e0 sous, il y a des symboles Wild et Scatter.\u00a0Le signe sauvage tend \u00e0 remplacer tous les autres chiffres dans les sch\u00e9mas rentables.\u00a0<a href=\"https:\/\/rocketplay-game.com\/fr\/free-spins\/\">Et si 3 scatter frappent, cela d\u00e9clenche cinq tours gratuits<\/a>\u00a0de Rocket Play Queen and the Dragons\u00a0, qui sont l&rsquo;unique r\u00e9compense de ce bandit manchot.<\/p>\n<p>Mais cela peut \u00eatre compens\u00e9 par le fait qu&rsquo;avant les cycles gratuits, le participant peut rechercher une promotion pour lui-m\u00eame &#8211; des multiplicateurs de revenus de x1 \u00e0 x5.\u00a0Plus le ratio est \u00e9lev\u00e9, moins il est probable qu&rsquo;il se produise.\u00a0Chaque dispersion ind\u00e9pendante sur le terrain introduit trois rotations plus limit\u00e9es dans le jeu ;\u00a0leur nombre n&rsquo;est pas limit\u00e9.<\/p>\n<p>Queen and the Dragons est un gangster m\u00e9canique st\u00e9r\u00e9otyp\u00e9 avec cinq cercles tournants, un sc\u00e9nario magique et des d\u00e9cors sans pr\u00e9tention.\u00a0Il n&rsquo;y a pas assez d&rsquo;opportunit\u00e9s d&rsquo;incitation, mais les multiplicateurs aideront avec un chiffre d&rsquo;affaires pr\u00e9f\u00e9rentiel.\u00a0Les machines de jeu modernes sont con\u00e7ues avec des extras sympas et fastidieux, et Queen and Dragons est un jeu de divertissement sans fioritures qui vous donne la possibilit\u00e9 de vous d\u00e9tendre.<\/p>\n<p><img loading=\"lazy\" decoding=\"async\" class=\"aligncenter wp-image-512 size-full lazy-loaded\" src=\"https:\/\/rocketplay-game.com\/wp-content\/uploads\/2022\/10\/queen_and_dragons.jpeg\" sizes=\"auto, (max-width: 680px) 100vw, 680px\" srcset=\"https:\/\/rocketplay-game.com\/wp-content\/uploads\/2022\/10\/queen_and_dragons.jpeg 680w, https:\/\/rocketplay-game.com\/wp-content\/uploads\/2022\/10\/queen_and_dragons-300x225.jpeg 300w, https:\/\/rocketplay-game.com\/wp-content\/uploads\/2022\/10\/queen_and_dragons-600x450.jpeg 600w\" alt=\"reine et dragons\" width=\"680\" height=\"511\" data-lazy-type=\"image\" data-src=\"https:\/\/rocketplay-game.com\/wp-content\/uploads\/2022\/10\/queen_and_dragons.jpeg\" data-srcset=\"\" \/><\/p>\n<h2>FAQ<\/h2>\n<h3>Le jeu est-il gratuit\u00a0?<\/h3>\n<p>Bien entendu, ce simulateur propose une tourn\u00e9e d&rsquo;entra\u00eenement \u00e0 laquelle vous pouvez jouer sans aucune obligation.\u00a0Pour votre information, le studio web IGT donne acc\u00e8s \u00e0 des jeux d&rsquo;entra\u00eenement sur tous les sites.<\/p>\n<p>Peut-on jouer sur mobile ?<\/p>\n<p>En t\u00e9l\u00e9chargeant l&rsquo;application mobile \u00ab\u00a0Queen and Dragons\u00a0\u00bb, le jeu devient disponible sur tous les gadgets.<\/p>\n<h3>Qu&rsquo;est-ce que RTP\u00a0?<\/h3>\n<p>Le pourcentage de r\u00e9mun\u00e9ration du jeu est appel\u00e9 RTP.\u00a0La plate-forme de jeu Queen and the Dragons a un rendement de 96,47\u00a0%\u00a0;\u00a0dans un avenir proche, ce gangster manchot prendra plus de 3,53% des d\u00e9p\u00f4ts en esp\u00e8ces de tous les joueurs.<\/p>\n<h3>Qu&rsquo;est-ce que la volatilit\u00e9 ?<\/h3>\n<p>La volatilit\u00e9 des machines \u00e0 sous est un param\u00e8tre qui indique \u00e0 quelle fr\u00e9quence et combien vous pouvez gagner sur un simulateur particulier.\u00a0Les gangsters m\u00e9caniques avec un faible niveau de volatilit\u00e9 permettent aux joueurs d&rsquo;avoir des dividendes modestes mais constants.<\/p>\n","protected":false},"excerpt":{"rendered":"<p>La machine \u00e0 sous m\u00e9canique Gangster Rocket Play Queen and the Dragons du d\u00e9veloppeur IGT offre la possibilit\u00e9 de jouer \u00e0 un jeu d&rsquo;entra\u00eenement sans paris. Le simulateur en ligne de machines \u00e0 sous Rocket Play Queen and the Dragons a les param\u00e8tres suivants : 96,47 % de retour, cinq disques en circulation, 25 directions&#8230;<\/p>\n","protected":false},"author":1,"featured_media":0,"parent":2665,"menu_order":0,"comment_status":"closed","ping_status":"closed","template":"page-with-slot.php","meta":{"_acf_changed":false,"_kad_post_transparent":"default","_kad_post_title":"default","_kad_post_layout":"default","_kad_post_sidebar_id":"","_kad_post_content_style":"default","_kad_post_vertical_padding":"default","_kad_post_feature":"","_kad_post_feature_position":"","_kad_post_header":false,"_kad_post_footer":false,"footnotes":""},"class_list":["post-2706","page","type-page","status-publish","hentry"],"acf":[],"rttpg_featured_image_url":null,"rttpg_author":{"display_name":"Tom","author_link":"https:\/\/rocketplay-game.com\/fr\/author\/pemvas95n89x\/"},"rttpg_comment":0,"rttpg_category":null,"rttpg_excerpt":"La machine \u00e0 sous m\u00e9canique Gangster Rocket Play Queen and the Dragons du d\u00e9veloppeur IGT offre la possibilit\u00e9 de jouer \u00e0 un jeu d&rsquo;entra\u00eenement sans paris. Le simulateur en ligne de machines \u00e0 sous Rocket Play Queen and the Dragons a les param\u00e8tres suivants : 96,47 % de retour, cinq disques en circulation, 25 directions...","_links":{"self":[{"href":"https:\/\/rocketplay-game.com\/fr\/wp-json\/wp\/v2\/pages\/2706","targetHints":{"allow":["GET"]}}],"collection":[{"href":"https:\/\/rocketplay-game.com\/fr\/wp-json\/wp\/v2\/pages"}],"about":[{"href":"https:\/\/rocketplay-game.com\/fr\/wp-json\/wp\/v2\/types\/page"}],"author":[{"embeddable":true,"href":"https:\/\/rocketplay-game.com\/fr\/wp-json\/wp\/v2\/users\/1"}],"replies":[{"embeddable":true,"href":"https:\/\/rocketplay-game.com\/fr\/wp-json\/wp\/v2\/comments?post=2706"}],"version-history":[{"count":3,"href":"https:\/\/rocketplay-game.com\/fr\/wp-json\/wp\/v2\/pages\/2706\/revisions"}],"predecessor-version":[{"id":9302,"href":"https:\/\/rocketplay-game.com\/fr\/wp-json\/wp\/v2\/pages\/2706\/revisions\/9302"}],"up":[{"embeddable":true,"href":"https:\/\/rocketplay-game.com\/fr\/wp-json\/wp\/v2\/pages\/2665"}],"wp:attachment":[{"href":"https:\/\/rocketplay-game.com\/fr\/wp-json\/wp\/v2\/media?parent=2706"}],"curies":[{"name":"wp","href":"https:\/\/api.w.org\/{rel}","templated":true}]}}