{"id":2715,"date":"2022-08-18T17:57:39","date_gmt":"2022-08-18T14:57:39","guid":{"rendered":"https:\/\/rocketplay-game.com\/slots\/book-of-ra-deluxe\/"},"modified":"2025-11-25T22:59:58","modified_gmt":"2025-11-25T19:59:58","slug":"book-of-ra-deluxe","status":"publish","type":"page","link":"https:\/\/rocketplay-game.com\/fr\/slots\/book-of-ra-deluxe\/","title":{"rendered":"Donnez votre avis sur la machine \u00e0 sous Book of Ra Deluxe"},"content":{"rendered":"<p>La machine \u00e0 sous Book of Ra Deluxe est devenue un exemple classique de la fa\u00e7on dont un jeu peut \u00eatre aim\u00e9 par les utilisateurs.\u00a0Le th\u00e8me et l&rsquo;intrigue emm\u00e8nent les utilisateurs dans l&rsquo;\u00c9gypte ancienne.\u00a0Les couleurs, l&rsquo;accompagnement musical et le design sont faits en tenant compte de toutes les petites choses qui transmettent pleinement le style et l&rsquo;ambiance de cette \u00e9poque et de ce lieu d&rsquo;action.\u00a0Nous portons \u00e0 votre attention une courte critique de Book of Ra Deluxe, qui vous aidera \u00e0 comprendre l&rsquo;essence du processus.<\/p>\n<p><img loading=\"lazy\" decoding=\"async\" class=\"aligncenter wp-image-368 size-full lazy-loaded\" src=\"https:\/\/rocketplay-game.com\/wp-content\/uploads\/2022\/08\/book-of-ra-deluxe-logo.jpeg\" sizes=\"auto, (max-width: 770px) 100vw, 770px\" srcset=\"https:\/\/rocketplay-game.com\/wp-content\/uploads\/2022\/08\/book-of-ra-deluxe-logo.jpeg 770w, https:\/\/rocketplay-game.com\/wp-content\/uploads\/2022\/08\/book-of-ra-deluxe-logo-300x180.jpeg 300w, https:\/\/rocketplay-game.com\/wp-content\/uploads\/2022\/08\/book-of-ra-deluxe-logo-768x461.jpeg 768w\" alt=\"Logo du Livre de Ra Deluxe\" width=\"770\" height=\"462\" data-lazy-type=\"image\" data-src=\"https:\/\/rocketplay-game.com\/wp-content\/uploads\/2022\/08\/book-of-ra-deluxe-logo.jpeg\" data-srcset=\"\" \/><\/p>\n<h2>Book of Ra Deluxe Slot RTP, d\u00e9tails et limites de mise<\/h2>\n<p>La mise maximale par combinaison gagnante est de 18 \u00a3.\u00a0Il y a aussi un \u00ab\u00a0jeu de hasard\u00a0\u00bb disponible dans la machine \u00e0 sous, qui vous permet de prendre un risque total.\u00a0Tout montant de pari est disponible pour cela &#8211; du minimum au maximum.<\/p>\n<p>Un autre avantage de la machine est la fourniture de tours gratuits.\u00a0Avant cela, un personnage sera s\u00e9lectionn\u00e9 au hasard.\u00a0Peu importe dans quelle position il tombe, les gains seront cr\u00e9dit\u00e9s.<\/p>\n<table border=\"0\" cellspacing=\"0\" cellpadding=\"0\">\n<colgroup>\n<col \/>\n<col \/><\/colgroup>\n<tbody>\n<tr>\n<td>Les caract\u00e9ristiques<\/td>\n<td>D\u00e9tails<\/td>\n<\/tr>\n<tr>\n<td>Quantit\u00e9 de roues<\/td>\n<td>5<\/td>\n<\/tr>\n<tr>\n<td>Quantit\u00e9 de rang\u00e9es<\/td>\n<td>3<\/td>\n<\/tr>\n<tr>\n<td>Lignes de paiement<\/td>\n<td>9<\/td>\n<\/tr>\n<tr>\n<td>Mise minimale<\/td>\n<td>0,20 pi\u00e8ces<\/td>\n<\/tr>\n<tr>\n<td>Mise maximale<\/td>\n<td>18 billets<\/td>\n<\/tr>\n<tr>\n<td><i>R\u00e9compenses maximales<\/i><\/td>\n<td>facteur 10014,1<\/td>\n<\/tr>\n<tr>\n<td>Version mobile<\/td>\n<td>+<\/td>\n<\/tr>\n<tr>\n<td>Volatilit\u00e9<\/td>\n<td>haute<\/td>\n<\/tr>\n<tr>\n<td>D\u00e9veloppeur<\/td>\n<td>Novomatic<\/td>\n<\/tr>\n<tr>\n<td>RTP<\/td>\n<td>92,13%<\/td>\n<\/tr>\n<\/tbody>\n<\/table>\n<p><i>Le casino en ligne<\/i>\u00a0pr\u00e9sente deux m\u00e9thodes de lancement : la d\u00e9mo Book of Ra Deluxe et pour de\u00a0<i>l&rsquo;argent r\u00e9el<\/i>\u00a0.<\/p>\n<p>La version de d\u00e9monstration est une excellente option pour se familiariser avec le processus du jeu, plonger dans son essence, apprendre les r\u00e8gles et les subtilit\u00e9s et d\u00e9velopper votre propre strat\u00e9gie.\u00a0Pas un seul centime ne sera d\u00e9pens\u00e9, m\u00eame si vous perdez.\u00a0Le jeu gratuit en ligne Book of Ra Deluxe convient aux d\u00e9butants et \u00e0 ceux qui viennent d&rsquo;entrer dans le processus de jeu.\u00a0Id\u00e9al pour l&rsquo;introduction, mais pas assez pour le d\u00e9veloppement et la perspective \u00e0 long terme.<\/p>\n<h2>Th\u00e8me &#8211; d\u00e9couvrez les vrais tr\u00e9sors des pharaons<\/h2>\n<p>Book of Ra\u00a0<i>jouer en ligne<\/i>\u00a0est possible \u00e0 partir de n&rsquo;importe quel gadget disponible avec acc\u00e8s Internet.\u00a0Book of Ra Deluxe Android, Windows ou iOS convient \u00e9galement pour un jeu sans faille.\u00a0Sur l&rsquo;\u00e9cran de travail de la machine, le joueur voit un champ avec 5 rouleaux sur 3 rang\u00e9es.\u00a0Il est possible de lancer 9 lignes gagnantes.\u00a0La combinaison se compose de diff\u00e9rents caract\u00e8res.\u00a0Fondamentalement, le jeu pr\u00e9sente des images \u00e9gyptiennes typiques.\u00a0Mais un signe sp\u00e9cial est l&rsquo;explorateur avec un chapeau.\u00a0Une ligne avec 2 \u00e0 5 images de ce type donnera un co\u00fbt \u00e9lev\u00e9.\u00a0Chaque utilisateur peut calculer les chances de gagner avec Book of Ra en ligne en consultant le tableau des r\u00e9sultats\u00a0:<\/p>\n<ul>\n<li>Si 5 explorateurs apparaissent sur la m\u00eame ligne \u00e0 la fois, le montant du paiement sera multipli\u00e9 par 5000 fois la mise initiale\u00a0;<\/li>\n<li>Pour 5 pharaons, le joueur augmentera le montant de la mise de 2 000 fois ;<\/li>\n<li>5 Horus apportera une victoire de 750 fois plus que ce qui est mis en jeu ;<\/li>\n<li>Dans le cas de la collecte de 5 combinaisons de cartes, la mise sera multipli\u00e9e par 100 \u00e0 150\u00a0fois\u00a0;<\/li>\n<li>La pr\u00e9sence d&rsquo;un scatter (symbole joker) sur la ligne d&rsquo;un montant de 5 pi\u00e8ces augmentera le d\u00e9p\u00f4t d\u00e9pens\u00e9 de 1800 fois !<\/li>\n<\/ul>\n<p>Le symbole joker peut atterrir sur n&rsquo;importe laquelle des lignes.\u00a0Dans ce cas, il assume le r\u00f4le du joker et peut remplacer n&rsquo;importe quel autre signe.\u00a0Il est donc beaucoup plus facile de collecter une combinaison gagnante et vous pouvez prendre plus de chances pour cela.\u00a0L&rsquo;ic\u00f4ne du livre dans le Livre des B\u00e9liers joue le r\u00f4le d&rsquo;un sauvage et d&rsquo;un scatter en m\u00eame temps.\u00a0Le joueur gagnera tant qu&rsquo;au moins 3 symboles apparaissent sur la bobine dans n&rsquo;importe quelle position en un seul tour.<\/p>\n<p>La fonctionnalit\u00e9 de combiner le scatter et le wild dans un seul signe vous permet d&rsquo;\u00e9viter de bloquer la combinaison gagnante.\u00a0De plus, gr\u00e2ce \u00e0 la fonction \u00ab double chance \u00bb de la machine \u00e0 sous, vous pouvez doubler le montant du jackpot.\u00a0Mais en m\u00eame temps, il y a de fortes chances de perdre.<\/p>\n<p><img loading=\"lazy\" decoding=\"async\" class=\"aligncenter wp-image-369 size-full lazy-loaded\" src=\"https:\/\/rocketplay-game.com\/wp-content\/uploads\/2022\/08\/book-of-ra-deluxe-slot.jpeg\" sizes=\"auto, (max-width: 770px) 100vw, 770px\" srcset=\"https:\/\/rocketplay-game.com\/wp-content\/uploads\/2022\/08\/book-of-ra-deluxe-slot.jpeg 770w, https:\/\/rocketplay-game.com\/wp-content\/uploads\/2022\/08\/book-of-ra-deluxe-slot-300x180.jpeg 300w, https:\/\/rocketplay-game.com\/wp-content\/uploads\/2022\/08\/book-of-ra-deluxe-slot-768x461.jpeg 768w\" alt=\"Machine \u00e0 sous Book of Ra Deluxe\" width=\"770\" height=\"462\" data-lazy-type=\"image\" data-src=\"https:\/\/rocketplay-game.com\/wp-content\/uploads\/2022\/08\/book-of-ra-deluxe-slot.jpeg\" data-srcset=\"\" \/><\/p>\n<h2>Caract\u00e9ristiques bonus de Book of Ra Deluxe<\/h2>\n<p>La machine propose des bonus et des promotions rentables qui aideront \u00e0 rapprocher les gains.\u00a0Tout d&rsquo;abord, il s&rsquo;agit des tours gratuits de Book of Ra Deluxe sans d\u00e9p\u00f4t.\u00a0Avant de commencer les tours gratuits, les joueurs sont invit\u00e9s \u00e0 s\u00e9lectionner un symbole bonus, qui est d\u00e9termin\u00e9 automatiquement.\u00a0Il continue \u00e9galement \u00e0 agir comme un symbole de base standard lorsqu&rsquo;une ligne est activ\u00e9e.<\/p>\n<p>Deuxi\u00e8mement, apr\u00e8s avoir re\u00e7u une combinaison gagnante, les utilisateurs peuvent profiter de tours risqu\u00e9s, qui doubleront leurs gains en cas de succ\u00e8s.\u00a0Pour ce faire, les joueurs doivent choisir la bonne couleur pour la combinaison de cartes.<\/p>\n<h2>FAQ sur le livre de Ra Deluxe<\/h2>\n<h3>Existe-t-il des jeux bonus ?<\/h3>\n<p>Il pr\u00e9voit la mise \u00e0 disposition d&rsquo;un jeu bonus.\u00a0Ceci est fait si le joueur a au moins 3 \u00e9parpillements en un tour.<\/p>\n<h3>Existe-t-il une version mobile ?<\/h3>\n<p>Oui, la version mobile est disponible pour tous les joueurs.\u00a0Pour l&rsquo;utiliser, vous devez disposer d&rsquo;un smartphone avec acc\u00e8s Internet.\u00a0Depuis un t\u00e9l\u00e9phone mobile, vous pouvez visiter la machine \u00e0 sous via un navigateur ou une application.<\/p>\n<h3>Comment remporter une victoire dans le jeu ?<\/h3>\n<p>Comme pour tout autre jeu de hasard similaire, vous devez avoir de la chance pour gagner.\u00a0Mais \u00e0 c\u00f4t\u00e9 de cela, l&rsquo;attention et la prudence deviendront des facteurs importants.\u00a0Apprenez bien les r\u00e8gles, essayez la version gratuite et soyez actif.<\/p>\n<p><strong>Avis sur les machines \u00e0 sous\u00a0:<\/strong><\/p>\n<ul>\n<li style=\"list-style-type: none;\">\n<ul>\n<li><a href=\"https:\/\/rocketplay-game.com\/fr\/slots\/king-of-the-nile\/\">Roi du Nil<\/a><\/li>\n<li><a href=\"https:\/\/rocketplay-game.com\/fr\/slots\/wolf-treasure\/\">Tr\u00e9sor de loup<\/a><\/li>\n<\/ul>\n<\/li>\n<\/ul>\n","protected":false},"excerpt":{"rendered":"<p>La machine \u00e0 sous Book of Ra Deluxe est devenue un exemple classique de la fa\u00e7on dont un jeu peut \u00eatre aim\u00e9 par les utilisateurs.\u00a0Le th\u00e8me et l&rsquo;intrigue emm\u00e8nent les utilisateurs dans l&rsquo;\u00c9gypte ancienne.\u00a0Les couleurs, l&rsquo;accompagnement musical et le design sont faits en tenant compte de toutes les petites choses qui transmettent pleinement le style&#8230;<\/p>\n","protected":false},"author":1,"featured_media":0,"parent":2665,"menu_order":0,"comment_status":"closed","ping_status":"closed","template":"page-with-slot.php","meta":{"_acf_changed":false,"_kad_post_transparent":"default","_kad_post_title":"default","_kad_post_layout":"default","_kad_post_sidebar_id":"","_kad_post_content_style":"default","_kad_post_vertical_padding":"default","_kad_post_feature":"","_kad_post_feature_position":"","_kad_post_header":false,"_kad_post_footer":false,"footnotes":""},"class_list":["post-2715","page","type-page","status-publish","hentry"],"acf":[],"rttpg_featured_image_url":null,"rttpg_author":{"display_name":"Tom","author_link":"https:\/\/rocketplay-game.com\/fr\/author\/pemvas95n89x\/"},"rttpg_comment":0,"rttpg_category":null,"rttpg_excerpt":"La machine \u00e0 sous Book of Ra Deluxe est devenue un exemple classique de la fa\u00e7on dont un jeu peut \u00eatre aim\u00e9 par les utilisateurs.\u00a0Le th\u00e8me et l&rsquo;intrigue emm\u00e8nent les utilisateurs dans l&rsquo;\u00c9gypte ancienne.\u00a0Les couleurs, l&rsquo;accompagnement musical et le design sont faits en tenant compte de toutes les petites choses qui transmettent pleinement le style...","_links":{"self":[{"href":"https:\/\/rocketplay-game.com\/fr\/wp-json\/wp\/v2\/pages\/2715","targetHints":{"allow":["GET"]}}],"collection":[{"href":"https:\/\/rocketplay-game.com\/fr\/wp-json\/wp\/v2\/pages"}],"about":[{"href":"https:\/\/rocketplay-game.com\/fr\/wp-json\/wp\/v2\/types\/page"}],"author":[{"embeddable":true,"href":"https:\/\/rocketplay-game.com\/fr\/wp-json\/wp\/v2\/users\/1"}],"replies":[{"embeddable":true,"href":"https:\/\/rocketplay-game.com\/fr\/wp-json\/wp\/v2\/comments?post=2715"}],"version-history":[{"count":3,"href":"https:\/\/rocketplay-game.com\/fr\/wp-json\/wp\/v2\/pages\/2715\/revisions"}],"predecessor-version":[{"id":2718,"href":"https:\/\/rocketplay-game.com\/fr\/wp-json\/wp\/v2\/pages\/2715\/revisions\/2718"}],"up":[{"embeddable":true,"href":"https:\/\/rocketplay-game.com\/fr\/wp-json\/wp\/v2\/pages\/2665"}],"wp:attachment":[{"href":"https:\/\/rocketplay-game.com\/fr\/wp-json\/wp\/v2\/media?parent=2715"}],"curies":[{"name":"wp","href":"https:\/\/api.w.org\/{rel}","templated":true}]}}