{"id":2720,"date":"2022-08-18T16:13:45","date_gmt":"2022-08-18T13:13:45","guid":{"rendered":"https:\/\/rocketplay-game.com\/slots\/indian-dreaming\/"},"modified":"2022-10-30T10:37:03","modified_gmt":"2022-10-30T07:37:03","slug":"indian-dreaming","status":"publish","type":"page","link":"https:\/\/rocketplay-game.com\/fr\/slots\/indian-dreaming\/","title":{"rendered":"Donnez votre avis sur la machine \u00e0 sous Indian Dreaming"},"content":{"rendered":"<p><span>La machine \u00e0 sous Indian Dreaming a \u00e9t\u00e9 inspir\u00e9e par la culture et les traditions des Am\u00e9rindiens.\u00a0Il s&rsquo;agit d&rsquo;une machine \u00e0 sous vid\u00e9o lanc\u00e9e par Aristocrat Studio, un d\u00e9veloppeur de jeux et de logiciels Canada.<\/span><\/p>\n<p><span>Le jeu a 9 lignes qui vous aideront \u00e0 gagner.\u00a0La machine \u00e0 sous elle-m\u00eame a \u00e9t\u00e9 lanc\u00e9e en 1999, et elle jouit toujours d&rsquo;une grande popularit\u00e9 et d&rsquo;un grand amour parmi les joueurs.\u00a0Tout cela gr\u00e2ce \u00e0 des paiements fr\u00e9quents et \u00e9lev\u00e9s et \u00e0 la fonction de tours gratuits, qui peut donner jusqu&rsquo;\u00e0 45 bonus.<\/span><\/p>\n<p><span>Vous pouvez rejoindre la tribu et rejoindre le chef dans cette aventure.\u00a0Visez \u00e0 gagner des gains doubles lorsqu&rsquo;un certain symbole est int\u00e9gr\u00e9 \u00e0 votre combinaison sur les rouleaux.<\/span><\/p>\n<p><span>Les graphismes peuvent vous sembler un peu d\u00e9pass\u00e9s, mais pour les fans de r\u00e9tro, cette machine \u00e0 sous est exactement ce dont vous avez besoin.\u00a0De plus, la machine \u00e0 sous peut vous offrir un jackpot fixe de 9 000 pi\u00e8ces.\u00a0Par cons\u00e9quent, nous recommandons le t\u00e9l\u00e9chargement Indian Dreaming.<\/span><\/p>\n<p><img loading=\"lazy\" decoding=\"async\" class=\"aligncenter wp-image-335 size-full lazy-loaded\" src=\"https:\/\/rocketplay-game.com\/wp-content\/uploads\/2022\/08\/indian-dreaming-logo.png\" sizes=\"auto, (max-width: 730px) 100vw, 730px\" srcset=\"https:\/\/rocketplay-game.com\/wp-content\/uploads\/2022\/08\/indian-dreaming-logo.png 730w, https:\/\/rocketplay-game.com\/wp-content\/uploads\/2022\/08\/indian-dreaming-logo-300x232.png 300w\" alt=\"logo de r\u00eave indien\" width=\"730\" height=\"564\" data-lazy-type=\"image\" data-src=\"https:\/\/rocketplay-game.com\/wp-content\/uploads\/2022\/08\/indian-dreaming-logo.png\" data-srcset=\"\" \/><\/p>\n<h2><span>Symboles et valeurs du r\u00eave indien<\/span><\/h2>\n<p><span>Lorsque vous jouez aux machines \u00e0 sous gratuites Indian Dreaming, vous rencontrerez deux cat\u00e9gories de symboles.\u00a0La premi\u00e8re cat\u00e9gorie comprend des symboles tels qu&rsquo;une hache, un totem, un buffle et un chef.\u00a0Le leader est le symbole le plus pr\u00e9cieux de cette cat\u00e9gorie.\u00a0Le jackpot de 9 000 pi\u00e8ces vous attendra si vous collectez 5 leaders sur la bobine \u00e0 la fois.<\/span><\/p>\n<p><span>La cat\u00e9gorie suivante est celle des personnages de bas niveau.\u00a0Ils sont repr\u00e9sent\u00e9s par les valeurs poker A, Q, K, et les nombres 10 et 9. Le symbole le plus cher de cette cat\u00e9gorie, l&rsquo;as, rapporte jusqu&rsquo;\u00e0 200 pi\u00e8ces s&rsquo;il est possible d&rsquo;en r\u00e9colter un cinq.\u00a0Naturellement, cela d\u00e9pend si la ligne de paiement \u00e9tait active \u00e0 ce moment-l\u00e0.<\/span><\/p>\n<p><span>Si nous parlons du symbole Scatter, son image est un capteur de r\u00eaves.<\/span><\/p>\n<p><span>La perte de trois symboles scatter donnera au joueur 10 tours gratuits.\u00a0Quatre symboles vous donneront d\u00e9j\u00e0 15 tours gratuits, et si vous avez de la chance et que cinq symboles tombent, 20 tours vous attendent.<\/span><\/p>\n<p><span>De plus, vous recevrez un autre multiplicateur 3x pour toutes les fa\u00e7ons de gagner que vous faites dans une s\u00e9rie de tours bonus si vous trouvez trois \u00e9parpillements.\u00a0Cette fonctionnalit\u00e9 peut \u00eatre augment\u00e9e \u00e0 un multiplicateur de 15x si vous obtenez cinq \u00e9parpillements.<\/span><\/p>\n<h2><span>Machine \u00e0 sous Indian Dreaming RTP \/ Volatilit\u00e9<\/span><\/h2>\n<p><span>La machine \u00e0 sous a un pourcentage de paiement assez bon.\u00a0Vous pouvez trouver des options de pari avec un pourcentage inf\u00e9rieur et \u00e9galement sup\u00e9rieur.\u00a0La machine \u00e0 sous Indian Dreaming pour Android vous plaira avec un RTP de 94%, ce qui vous donnera de bonnes chances de gagner vos paris.\u00a0De plus, il existe de nombreux symboles et tours gratuits qui vous aideront \u00e9galement \u00e0 vous rapprocher du prix tant attendu.<\/span><\/p>\n<p><span>Avec tout cela, il convient de noter que la volatilit\u00e9 de cette machine \u00e0 sous est consid\u00e9r\u00e9e comme moyenne, afin que chaque joueur puisse tenter sa chance.\u00a0Coupl\u00e9 \u00e0 une telle volatilit\u00e9 et \u00e0 des indicateurs RTP, vous aurez toutes les chances et m\u00eame plus d&rsquo;obtenir un bon et agr\u00e9able paiement, qui vous procurera certainement non seulement des \u00e9motions positives mais bloquera \u00e9galement vos paris.<\/span><\/p>\n<p><img loading=\"lazy\" decoding=\"async\" class=\"aligncenter wp-image-338 size-large lazy-loaded\" src=\"https:\/\/rocketplay-game.com\/wp-content\/uploads\/2022\/08\/indian-dreaming-1024x576.png\" sizes=\"auto, (max-width: 1024px) 100vw, 1024px\" srcset=\"https:\/\/rocketplay-game.com\/wp-content\/uploads\/2022\/08\/indian-dreaming-1024x576.png 1024w, https:\/\/rocketplay-game.com\/wp-content\/uploads\/2022\/08\/indian-dreaming-300x169.png 300w, https:\/\/rocketplay-game.com\/wp-content\/uploads\/2022\/08\/indian-dreaming-768x432.png 768w, https:\/\/rocketplay-game.com\/wp-content\/uploads\/2022\/08\/indian-dreaming-1536x864.png 1536w, https:\/\/rocketplay-game.com\/wp-content\/uploads\/2022\/08\/indian-dreaming.png 1920w\" alt=\"r\u00eave indien\" width=\"1024\" height=\"576\" data-lazy-type=\"image\" data-src=\"https:\/\/rocketplay-game.com\/wp-content\/uploads\/2022\/08\/indian-dreaming-1024x576.png\" data-srcset=\"\" \/><\/p>\n<h2><span>Jouer \u00e0 Indian Dreaming sur mobile<\/span><\/h2>\n<p><span>Avec la popularit\u00e9 croissante des jeux mobiles dans les casinos en ligne, les entreprises publient de plus en plus leurs jeux non seulement pour les ordinateurs de bureau, mais \u00e9galement pour les clients qui utilisent un t\u00e9l\u00e9phone ou une tablette.\u00a0Si le jeu est sorti imm\u00e9diatement uniquement sur ordinateur, dans ce cas, les studios travaillent \u00e0 l&rsquo;adaptation du jeu car un grand pourcentage de tous les joueurs sont des joueurs mobiles.<\/span><\/p>\n<p><span>Le studio Aristocrat a fait de m\u00eame, vous pouvez donc facilement jouer \u00e0 Indian Dreaming en ligne sur cette machine \u00e0 sous \u00e0 partir de la version mobile en argent r\u00e9el du site.\u00a0Il s&rsquo;adaptera facilement \u00e0 l&rsquo;\u00e9cran de votre t\u00e9l\u00e9phone de n&rsquo;importe quelle taille.\u00a0Gr\u00e2ce \u00e0 cela, vous pourrez passer du temps dans votre cr\u00e9neau pr\u00e9f\u00e9r\u00e9 \u00e0 tout moment quand cela vous convient.<\/span><\/p>\n<h2><span>FAQ sur les r\u00eaves indiens<\/span><\/h2>\n<h3><span>Est-il possible de jouer gratuitement \u00e0 la machine \u00e0 sous ?<\/span><\/h3>\n<p><span>La soci\u00e9t\u00e9 Aristocrat ajoute le mode d\u00e9mo dans plusieurs de ses machines \u00e0 sous car, gr\u00e2ce \u00e0 lui, de nombreux joueurs peuvent se familiariser avec toutes les fonctions et le gameplay sans risquer leur propre argent et vivre des \u00e9motions non moins agr\u00e9ables.\u00a0Apr\u00e8s le mode d\u00e9mo, vous pouvez toujours passer au mode complet avec de vrais paris et gains.<\/span><\/p>\n<h3><span>Cette machine \u00e0 sous est-elle progressive\u00a0?<\/span><\/h3>\n<p><span>La machine \u00e0 sous en argent r\u00e9el Indian Dreaming a son propre jackpot, qui est calcul\u00e9 sur un montant de 9 000 pi\u00e8ces et est activ\u00e9 gr\u00e2ce \u00e0 5 symboles du leader sur les rouleaux.\u00a0Cependant, il convient de noter qu&rsquo;il ne s&rsquo;agit pas d&rsquo;un jackpot progressif.\u00a0Par cons\u00e9quent, la machine \u00e0 sous ne peut pas \u00eatre consid\u00e9r\u00e9e comme progressive.\u00a0Le jackpot est fix\u00e9 ici, et vous avez beaucoup de chances de l&rsquo;obtenir.<\/span><\/p>\n<h3><span>Quelle est la variation des paris dans la machine \u00e0 sous\u00a0?<\/span><\/h3>\n<p><span>La machine \u00e0 sous a une gamme de montant que vous pouvez parier, \u00e0 partir de 0,09 pi\u00e8ces et se terminant par un pari maximum de 90 pi\u00e8ces.\u00a0Et aussi, il y a des multiplicateurs dans le jeu.\u00a0Par cons\u00e9quent, malgr\u00e9 les petites mises, vous pouvez obtenir de bons paiements lorsque les rouleaux terminent leur rotation.<\/span><\/p>\n<p><strong><span>Avis sur les machines \u00e0 sous\u00a0:<\/span><\/strong><\/p>\n<ul>\n<li style=\"list-style-type: none;\">\n<ul>\n<li><a href=\"https:\/\/rocketplay-game.com\/fr\/slots\/book-of-ra-deluxe\/\"><span>Livre de Ra Deluxe<\/span><\/a><\/li>\n<li><a href=\"https:\/\/rocketplay-game.com\/fr\/slots\/king-of-the-nile\/\"><span>Roi du Nil<\/span><\/a><\/li>\n<li><a href=\"https:\/\/rocketplay-game.com\/fr\/slots\/hit-gold-hold-and-win\/\"><span>Frappez l&rsquo;or\u00a0!\u00a0Tenez et gagnez<\/span><\/a><\/li>\n<\/ul>\n<\/li>\n<\/ul>\n","protected":false},"excerpt":{"rendered":"<p>La machine \u00e0 sous Indian Dreaming a \u00e9t\u00e9 inspir\u00e9e par la culture et les traditions des Am\u00e9rindiens.\u00a0Il s&rsquo;agit d&rsquo;une machine \u00e0 sous vid\u00e9o lanc\u00e9e par Aristocrat Studio, un d\u00e9veloppeur de jeux et de logiciels Canada. Le jeu a 9 lignes qui vous aideront \u00e0 gagner.\u00a0La machine \u00e0 sous elle-m\u00eame a \u00e9t\u00e9 lanc\u00e9e en 1999, et&#8230;<\/p>\n","protected":false},"author":1,"featured_media":0,"parent":2665,"menu_order":0,"comment_status":"closed","ping_status":"closed","template":"page-with-slot.php","meta":{"_acf_changed":false,"_kad_post_transparent":"default","_kad_post_title":"default","_kad_post_layout":"default","_kad_post_sidebar_id":"","_kad_post_content_style":"default","_kad_post_vertical_padding":"default","_kad_post_feature":"","_kad_post_feature_position":"","_kad_post_header":false,"_kad_post_footer":false,"footnotes":""},"class_list":["post-2720","page","type-page","status-publish","hentry"],"acf":[],"rttpg_featured_image_url":null,"rttpg_author":{"display_name":"Tom","author_link":"https:\/\/rocketplay-game.com\/fr\/author\/pemvas95n89x\/"},"rttpg_comment":0,"rttpg_category":null,"rttpg_excerpt":"La machine \u00e0 sous Indian Dreaming a \u00e9t\u00e9 inspir\u00e9e par la culture et les traditions des Am\u00e9rindiens.\u00a0Il s&rsquo;agit d&rsquo;une machine \u00e0 sous vid\u00e9o lanc\u00e9e par Aristocrat Studio, un d\u00e9veloppeur de jeux et de logiciels Canada. Le jeu a 9 lignes qui vous aideront \u00e0 gagner.\u00a0La machine \u00e0 sous elle-m\u00eame a \u00e9t\u00e9 lanc\u00e9e en 1999, et...","_links":{"self":[{"href":"https:\/\/rocketplay-game.com\/fr\/wp-json\/wp\/v2\/pages\/2720","targetHints":{"allow":["GET"]}}],"collection":[{"href":"https:\/\/rocketplay-game.com\/fr\/wp-json\/wp\/v2\/pages"}],"about":[{"href":"https:\/\/rocketplay-game.com\/fr\/wp-json\/wp\/v2\/types\/page"}],"author":[{"embeddable":true,"href":"https:\/\/rocketplay-game.com\/fr\/wp-json\/wp\/v2\/users\/1"}],"replies":[{"embeddable":true,"href":"https:\/\/rocketplay-game.com\/fr\/wp-json\/wp\/v2\/comments?post=2720"}],"version-history":[{"count":2,"href":"https:\/\/rocketplay-game.com\/fr\/wp-json\/wp\/v2\/pages\/2720\/revisions"}],"predecessor-version":[{"id":2725,"href":"https:\/\/rocketplay-game.com\/fr\/wp-json\/wp\/v2\/pages\/2720\/revisions\/2725"}],"up":[{"embeddable":true,"href":"https:\/\/rocketplay-game.com\/fr\/wp-json\/wp\/v2\/pages\/2665"}],"wp:attachment":[{"href":"https:\/\/rocketplay-game.com\/fr\/wp-json\/wp\/v2\/media?parent=2720"}],"curies":[{"name":"wp","href":"https:\/\/api.w.org\/{rel}","templated":true}]}}