{"id":2728,"date":"2022-08-18T17:46:19","date_gmt":"2022-08-18T14:46:19","guid":{"rendered":"https:\/\/rocketplay-game.com\/slots\/king-of-the-nile\/"},"modified":"2025-11-25T23:07:29","modified_gmt":"2025-11-25T20:07:29","slug":"king-of-the-nile","status":"publish","type":"page","link":"https:\/\/rocketplay-game.com\/fr\/slots\/king-of-the-nile\/","title":{"rendered":"Donnez votre avis sur la machine \u00e0 sous King of The Nile"},"content":{"rendered":"<p>Les machines \u00e0 sous King of the Nile existent depuis 1997, et c&rsquo;est l&rsquo;une des pr\u00e9f\u00e9r\u00e9es de nombreux joueurs \u00e0 ce jour.\u00a0Pour la premi\u00e8re fois, la machine \u00e0 sous est devenue disponible pour les joueurs des casinos ordinaires en Canada. Bient\u00f4t, la machine \u00e0 sous est apparue dans la version en ligne et a \u00e9t\u00e9 distribu\u00e9e dans les casinos du monde entier.<\/p>\n<p>Si vous regardez l&rsquo;application King of the Nile aujourd&rsquo;hui, les graphismes et les animations seront franchement d\u00e9pass\u00e9s.\u00a0N\u00e9anmoins, la machine \u00e0 sous reste un excellent classique pour les joueurs de casino qui ne pr\u00e9f\u00e8rent pas vraiment jouer \u00e0 des jeux modernes d\u00e9bordant de graphismes et d&rsquo;effets 3D.\u00a0Le gameplay de cette machine \u00e0 sous sera simple et d\u00e9tendu.<\/p>\n<p>Comme pour de nombreuses machines \u00e0 sous de cette \u00e9poque, le terrain de jeu se compose de 5 par 3 rouleaux.\u00a0Le fond de nuances brunes compl\u00e8te l&rsquo;atmosph\u00e8re d\u00e9sertique car c&rsquo;est le th\u00e8me principal de la machine \u00e0 sous.<\/p>\n<p><img loading=\"lazy\" decoding=\"async\" class=\"aligncenter wp-image-365 size-full lazy-loaded\" src=\"https:\/\/rocketplay-game.com\/wp-content\/uploads\/2022\/08\/king-of-the-nile-logo.jpeg\" sizes=\"auto, (max-width: 625px) 100vw, 625px\" srcset=\"https:\/\/rocketplay-game.com\/wp-content\/uploads\/2022\/08\/king-of-the-nile-logo.jpeg 625w, https:\/\/rocketplay-game.com\/wp-content\/uploads\/2022\/08\/king-of-the-nile-logo-300x200.jpeg 300w\" alt=\"logo du roi du nil\" width=\"625\" height=\"416\" data-lazy-type=\"image\" data-src=\"https:\/\/rocketplay-game.com\/wp-content\/uploads\/2022\/08\/king-of-the-nile-logo.jpeg\" data-srcset=\"\" \/><\/p>\n<h2>Symboles et valeurs du roi du Nil<\/h2>\n<p>La machine \u00e0 sous King of the Nile propose 8 bonus suppl\u00e9mentaires, ainsi que des jokers et des tours gratuits.\u00a0Cette machine \u00e0 sous a une ic\u00f4ne Scatter qui d\u00e9clenchera le tour de bonus.\u00a0Et bien que le jeu ne comporte que la s\u00e9rie habituelle de tours gratuits, le jeu attirera et pourra int\u00e9resser de nombreux joueurs qui aiment vraiment le jeu.<\/p>\n<p>Les huit fonctions de la machine \u00e0 sous de d\u00e9monstration King of the Nile sont \u00e9troitement li\u00e9es les unes aux autres pendant le jeu.\u00a0Bien s\u00fbr, il y a un symbole joker, et il agit comme l&rsquo;ic\u00f4ne d&rsquo;un pharaon ;\u00a0par son action, il remplace toutes les ic\u00f4nes restantes, mais seulement \u00e0 l&rsquo;exception de la pyramide, car elle agit comme un symbole scatter.<\/p>\n<p>Dans le cas o\u00f9 l&rsquo;utilisateur trouve au moins 3 scatters, une s\u00e9rie de tours gratuits est automatiquement d\u00e9clench\u00e9e.\u00a0Selon le nombre de dispersions que vous avez r\u00e9ussi \u00e0 collecter dans une combinaison, le nombre de tours re\u00e7us sera \u00e9galement diff\u00e9rent.\u00a0Avec 3 scatters, vous aurez une s\u00e9rie de 15 tours, 4 symboles pourront d\u00e9j\u00e0 lancer 20 tours, et par cons\u00e9quent, 25 tours pour une combinaison compl\u00e8te de 5 scatters collect\u00e9s simultan\u00e9ment sur les rouleaux.<\/p>\n<h2>Machine \u00e0 sous King of The Nile RTP\/Volatilit\u00e9<\/h2>\n<p>Si vous soulevez une question qui concerne l&rsquo;indicateur RTP, vous attendez des indicateurs flous pour des informations sur Internet.\u00a0En fait, cela est d\u00fb au fait que le pourcentage de retour au joueur varie constamment, varie d&rsquo;un nombre \u00e0 l&rsquo;autre et d\u00e9pend des paiements que les joueurs re\u00e7oivent dans King of the Nile en ligne gratuit.<\/p>\n<p>Ce facteur peut effrayer de nombreux joueurs modernes habitu\u00e9s aux d\u00e9tails, et ils savent avec certitude s&rsquo;ils peuvent compter sur des paiements agr\u00e9ables ou, par exemple, sur des jackpots simplement en regardant le pourcentage de RTP.<\/p>\n<p>Malgr\u00e9 cela, les joueurs qui connaissent la machine \u00e0 sous et ont de l&rsquo;exp\u00e9rience en la jouant, ou ceux qui n&rsquo;ont pas peur de prendre des risques et se familiarisent r\u00e9guli\u00e8rement avec les nouvelles machines \u00e0 sous, ainsi que les classiques, restent satisfaits apr\u00e8s le jeu et reconstituent leur bankroll.<\/p>\n<h2>Jouez \u00e0 King of The Nile sur mobile<\/h2>\n<p>Auparavant, comme la machine \u00e0 sous \u00e9tait assez ancienne, il n&rsquo;\u00e9tait pas possible de jouer sur des appareils mobiles, et il n&rsquo;y en avait pas vraiment besoin.\u00a0D\u00e9sormais, de nombreux joueurs souhaitent jouer gratuitement depuis un t\u00e9l\u00e9phone ou une tablette, vous pouvez donc facilement trouver un casino en ligne o\u00f9 cette machine \u00e0 sous sera disponible dans une version adapt\u00e9e pour les appareils mobiles.\u00a0Il convient de noter que pour pouvoir jouer, vous n&rsquo;avez pas besoin de t\u00e9l\u00e9charger et d&rsquo;installer un logiciel suppl\u00e9mentaire sur la machine \u00e0 sous King of the Nile.\u00a0Ouvrez simplement le navigateur et cliquez sur le bouton \u00ab\u00a0Jouer\u00a0\u00bb.<\/p>\n<h2>FAQ sur le roi du Nil<\/h2>\n<h3>Comment jouer gratuitement \u00e0 la machine \u00e0 sous King of The Nile ?<\/h3>\n<p>Il existe une version de d\u00e9monstration de la machine \u00e0 sous, que vous pouvez utiliser pour vous familiariser avec les fonctions et le processus du jeu.\u00a0Vous n&rsquo;aurez pas besoin de perdre et de risquer votre propre argent r\u00e9el.\u00a0En m\u00eame temps, vous obtiendrez une exp\u00e9rience \u00e0 part enti\u00e8re, Golden Ring, et tout ce que la machine \u00e0 sous a \u00e0 offrir.\u00a0Cependant, les paiements ne seront que virtuels et vous devrez toujours faire de vrais paris pour un r\u00e9el profit.<\/p>\n<h3>Quels sont les enjeux du jeu King of The Nile ?<\/h3>\n<p>Cette machine \u00e0 sous ne n\u00e9cessite pas de grosses mises dans King of the Nile Canada, et vous pouvez commencer \u00e0 faire tourner les rouleaux avec seulement 0,02 cents par ligne, et la valeur maximale autoris\u00e9e sera une mise de 120 cr\u00e9dits. Il s&rsquo;agit d&rsquo;une bonne gamme de paris car les petits joueurs et les joueurs exp\u00e9riment\u00e9s avec une grosse bankroll pourront jouer.<\/p>\n<h3>Comment jouer \u00e0 la machine \u00e0 sous Mega Moolah Canada ?<\/h3>\n<p>La machine \u00e0 sous n&rsquo;a pas de m\u00e9canismes compliqu\u00e9s, donc pour commencer le jeu, il vous suffit de d\u00e9cider pour quels montants vous voulez jouer.\u00a0Choisissez d&rsquo;abord combien de lignes de paiement seront impliqu\u00e9es\u00a0;\u00a0il peut y avoir un maximum de 20 lignes dans une partie.\u00a0Ensuite, vous devez d\u00e9cider et placer un pari qui sera effectu\u00e9 dans votre rotation.\u00a0\u00c0 la fin, pour d\u00e9marrer les rouleaux, appuyez sur le bouton Spin.<\/p>\n<p><strong>Avis sur les machines \u00e0 sous\u00a0:<\/strong><\/p>\n<ul>\n<li style=\"list-style-type: none;\">\n<ul>\n<li><a href=\"https:\/\/rocketplay-game.com\/fr\/slots\/mega-moolah\/\">M\u00e9ga Moolah<\/a><\/li>\n<li><a href=\"https:\/\/rocketplay-game.com\/fr\/slots\/money-train-2\">Train d&rsquo;argent 2<\/a><\/li>\n<\/ul>\n<\/li>\n<\/ul>\n","protected":false},"excerpt":{"rendered":"<p>Les machines \u00e0 sous King of the Nile existent depuis 1997, et c&rsquo;est l&rsquo;une des pr\u00e9f\u00e9r\u00e9es de nombreux joueurs \u00e0 ce jour.\u00a0Pour la premi\u00e8re fois, la machine \u00e0 sous est devenue disponible pour les joueurs des casinos ordinaires en Canada. Bient\u00f4t, la machine \u00e0 sous est apparue dans la version en ligne et a \u00e9t\u00e9&#8230;<\/p>\n","protected":false},"author":1,"featured_media":0,"parent":2665,"menu_order":0,"comment_status":"closed","ping_status":"closed","template":"page-with-slot.php","meta":{"_acf_changed":false,"_kad_post_transparent":"default","_kad_post_title":"default","_kad_post_layout":"default","_kad_post_sidebar_id":"","_kad_post_content_style":"default","_kad_post_vertical_padding":"default","_kad_post_feature":"","_kad_post_feature_position":"","_kad_post_header":false,"_kad_post_footer":false,"footnotes":""},"class_list":["post-2728","page","type-page","status-publish","hentry"],"acf":[],"rttpg_featured_image_url":null,"rttpg_author":{"display_name":"Tom","author_link":"https:\/\/rocketplay-game.com\/fr\/author\/pemvas95n89x\/"},"rttpg_comment":0,"rttpg_category":null,"rttpg_excerpt":"Les machines \u00e0 sous King of the Nile existent depuis 1997, et c&rsquo;est l&rsquo;une des pr\u00e9f\u00e9r\u00e9es de nombreux joueurs \u00e0 ce jour.\u00a0Pour la premi\u00e8re fois, la machine \u00e0 sous est devenue disponible pour les joueurs des casinos ordinaires en Canada. Bient\u00f4t, la machine \u00e0 sous est apparue dans la version en ligne et a \u00e9t\u00e9...","_links":{"self":[{"href":"https:\/\/rocketplay-game.com\/fr\/wp-json\/wp\/v2\/pages\/2728","targetHints":{"allow":["GET"]}}],"collection":[{"href":"https:\/\/rocketplay-game.com\/fr\/wp-json\/wp\/v2\/pages"}],"about":[{"href":"https:\/\/rocketplay-game.com\/fr\/wp-json\/wp\/v2\/types\/page"}],"author":[{"embeddable":true,"href":"https:\/\/rocketplay-game.com\/fr\/wp-json\/wp\/v2\/users\/1"}],"replies":[{"embeddable":true,"href":"https:\/\/rocketplay-game.com\/fr\/wp-json\/wp\/v2\/comments?post=2728"}],"version-history":[{"count":3,"href":"https:\/\/rocketplay-game.com\/fr\/wp-json\/wp\/v2\/pages\/2728\/revisions"}],"predecessor-version":[{"id":2733,"href":"https:\/\/rocketplay-game.com\/fr\/wp-json\/wp\/v2\/pages\/2728\/revisions\/2733"}],"up":[{"embeddable":true,"href":"https:\/\/rocketplay-game.com\/fr\/wp-json\/wp\/v2\/pages\/2665"}],"wp:attachment":[{"href":"https:\/\/rocketplay-game.com\/fr\/wp-json\/wp\/v2\/media?parent=2728"}],"curies":[{"name":"wp","href":"https:\/\/api.w.org\/{rel}","templated":true}]}}