{"id":2732,"date":"2022-08-18T17:30:43","date_gmt":"2022-08-18T14:30:43","guid":{"rendered":"https:\/\/rocketplay-game.com\/slots\/mega-moolah\/"},"modified":"2025-11-25T23:09:15","modified_gmt":"2025-11-25T20:09:15","slug":"mega-moolah","status":"publish","type":"page","link":"https:\/\/rocketplay-game.com\/fr\/slots\/mega-moolah\/","title":{"rendered":"Donnez votre avis sur la machine \u00e0 sous Mega Moolah"},"content":{"rendered":"<p>Chaque joueur qui est au moins un peu familier avec les casinos en ligne ou qui joue activement a certainement entendu parler de la machine \u00e0 sous incroyablement populaire Mega Moolah Canada au moins une fois. Cette machine \u00e0 sous a \u00e9t\u00e9 d\u00e9velopp\u00e9e par Microgaming et a certainement apport\u00e9 un grand succ\u00e8s aux d\u00e9veloppeurs. La machine \u00e0 sous comprend quatre m\u00e9ga jackpots diff\u00e9rents, qui sont \u00e9galement progressifs. Et cette machine \u00e0 sous occupe une position de leader dans la liste des machines \u00e0 sous les plus payantes. Les montants que les joueurs pourraient gagner ici sont tout simplement au-del\u00e0 du domaine du possible.<\/p>\n<p>La machine \u00e0 sous ne diff\u00e8re pas par ses graphismes modernes et lumineux, n&rsquo;oubliez pas qu&rsquo;elle a \u00e9t\u00e9 cr\u00e9\u00e9e il y a longtemps, en 2006.<\/p>\n<p>Le th\u00e8me et le design du mobile Mega Moolah vous emm\u00e8nent dans les plaines africaines, un safari animalier.\u00a0La machine \u00e0 sous est \u00e9galement la plus ancienne de Microgaming, mais jusqu&rsquo;\u00e0 pr\u00e9sent, elle n&rsquo;a pas perdu sa popularit\u00e9 et a rapport\u00e9 d&rsquo;\u00e9normes gains.<\/p>\n<p>L&rsquo;espace de jeu que vous offre la machine \u00e0 sous Mega Moolah est assez standard pour une machine \u00e0 sous r\u00e9alis\u00e9e sous la forme d&rsquo;une vid\u00e9o.\u00a0Vous serez accueilli par une grille avec 5 rouleaux rotatifs et 3 rang\u00e9es c\u00f4te \u00e0 c\u00f4te.\u00a0De plus, 25 lignes de paiement r\u00e9glables sont attach\u00e9es aux rouleaux, ce qui vous permet de personnaliser et d&rsquo;ajuster facilement le nombre de lignes que vous souhaitez activer pour un tour parfait.<\/p>\n<h2>Symboles et valeurs Mega Moolah<\/h2>\n<p>Des symboles color\u00e9s, des valeurs de A \u00e0 10, et des animaux sauvages plus chers vous rencontreront r\u00e9guli\u00e8rement sur les rouleaux.\u00a0Parmi eux se trouvent des buffles, des girafes, des z\u00e8bres et autres.\u00a0Le symbole le plus rentable est l&rsquo;\u00e9l\u00e9phant.\u00a0Plus votre combinaison fait d&rsquo;\u00e9l\u00e9phants sur les rouleaux, plus le gain vous attend.\u00a0Pour 5 symboles en m\u00eame temps, vous pouvez obtenir 30 fois plus que votre mise.<\/p>\n<p>Le lion est un symbole sauvage.\u00a0Avec tout \u00e7a, c&rsquo;est pay\u00e9 0,6, 5, ou 60 ou tout 600 fois plus que votre mise.\u00a0Et, bien s\u00fbr, le multiplicateur d\u00e9pend de la combinaison.\u00a0De plus, le symbole joker remplace tous les symboles standard.\u00a0Un lion sauvage associ\u00e9 \u00e0 une combinaison gagnante et \u00e0 un symbole standard multipliera par 2 et doublera vos gains.\u00a0De plus, le casino en ligne Mega Moolah offre aux joueurs 2 bonus.<\/p>\n<p>Vous aurez un bonus, la fonctionnalit\u00e9 de tours gratuits Mega Moolah 80, o\u00f9 un multiplicateur 3x sera appliqu\u00e9 \u00e0 tous vos gains.\u00a0Une attention particuli\u00e8re est accord\u00e9e au jeu bonus jackpot, qui est lanc\u00e9 de mani\u00e8re absolument al\u00e9atoire.\u00a0Dans celui-ci, vous pouvez faire tourner la roue de la fortune, ce qui vous aidera \u00e0 gagner 1 des 4 jackpots progressifs.<\/p>\n<h2>RTP\/Volatilit\u00e9 de la machine \u00e0 sous Mega Moolah<\/h2>\n<p>Cette machine \u00e0 sous a plus qu&rsquo;assez de chances de gagner.\u00a0Et ce n&rsquo;est pas seulement \u00e0 cause des nombreux bonus, du code de tours suppl\u00e9mentaires, des multiplicateurs et de la roue de la fortune.\u00a0Un indicateur de faible volatilit\u00e9 vous aide \u00e0 gagner.\u00a0La variance de la machine \u00e0 sous Mega Moolah est de 46,36 %, ce qui permet \u00e0 pr\u00e8s de la moiti\u00e9 des joueurs de recevoir des paiements fr\u00e9quents sans aucun probl\u00e8me.<\/p>\n<p>Si nous parlons du pourcentage de retour au joueur, l&rsquo;indicateur atteint 93%, et c&rsquo;est un excellent indicateur pour une machine \u00e0 sous progressive, surtout lorsque la d\u00e9mo de jeu rencontre jusqu&rsquo;\u00e0 4 jackpots !\u00a0Le paiement peut d\u00e9passer votre pari de 1955 fois.<\/p>\n<p><img loading=\"lazy\" decoding=\"async\" class=\"aligncenter wp-image-357 size-full lazy-loaded\" src=\"https:\/\/rocketplay-game.com\/wp-content\/uploads\/2022\/08\/mega-moolah-slot.jpeg\" sizes=\"auto, (max-width: 900px) 100vw, 900px\" srcset=\"https:\/\/rocketplay-game.com\/wp-content\/uploads\/2022\/08\/mega-moolah-slot.jpeg 900w, https:\/\/rocketplay-game.com\/wp-content\/uploads\/2022\/08\/mega-moolah-slot-300x167.jpeg 300w, https:\/\/rocketplay-game.com\/wp-content\/uploads\/2022\/08\/mega-moolah-slot-768x427.jpeg 768w\" alt=\"Machine \u00e0 sous Mega Moolah\" width=\"900\" height=\"500\" data-lazy-type=\"image\" data-src=\"https:\/\/rocketplay-game.com\/wp-content\/uploads\/2022\/08\/mega-moolah-slot.jpeg\" data-srcset=\"\" \/><\/p>\n<h2>Jouez \u00e0 Mega Moolah sur mobile<\/h2>\n<p>Il serait surprenant qu&rsquo;une machine \u00e0 sous aussi populaire ne soit pas disponible sur les appareils mobiles.\u00a0Microgaming suit les derni\u00e8res technologies et suit l&rsquo;\u00e9volution du temps.\u00a0Gr\u00e2ce \u00e0 cela, vous pouvez facilement jouer \u00e0 Mega Moolah pour de l&rsquo;argent r\u00e9el et utiliser l&rsquo;interface de mani\u00e8re pratique.\u00a0de plus, l&rsquo;espace de jeu n&rsquo;est pas si grand et il est pratique de le parcourir.\u00a0Et les graphismes ne sont pas charg\u00e9s, ne d\u00e9bordant pas d&rsquo;\u00e9l\u00e9ments inutiles, de sorte que la machine \u00e0 sous fonctionne rapidement et que les joueurs ne remarquent aucun probl\u00e8me.<\/p>\n<h2>FAQ sur Mega Moolah<\/h2>\n<h3>Existe-t-il une machine \u00e0 sous Mega Moolah sans jackpot progressif ?<\/h3>\n<p>Il existe une telle variante de la machine \u00e0 sous, mais elle n&rsquo;est pas si populaire car vous ne pourrez pas obtenir des gains aussi importants.\u00a0Et l&rsquo;indicateur Mega Moolah RTP a \u00e9t\u00e9 abaiss\u00e9 \u00e0 88%.\u00a0Ce qui n&rsquo;attire pas non plus vraiment les joueurs habitu\u00e9s aux machines \u00e0 sous modernes avec des indicateurs sup\u00e9rieurs \u00e0 90%.<\/p>\n<h3>Quel est le jackpot maximum remport\u00e9 sur la machine \u00e0 sous Mega Moolah ?<\/h3>\n<p>Dans la machine \u00e0 sous Mega Moolah Canada, le jackpot maximum total a \u00e9t\u00e9 enregistr\u00e9, qui a \u00e9t\u00e9 partag\u00e9 par 4 joueurs en 2013. Le montant de ce jackpot \u00e9tait de plus de 13 millions de dollars. Si nous prenons les statistiques de bonus dans le monde entier, les montants seront plusieurs fois sup\u00e9rieurs.<\/p>\n<h3>Existe-t-il un mode de lecture automatique dans la machine \u00e0 sous Mega Moolah ?<\/h3>\n<p>Pr\u00e9cis\u00e9ment!\u00a0La machine \u00e0 sous a une fonction qui d\u00e9marre un jeu automatique.\u00a0Vous pouvez configurer ind\u00e9pendamment le nombre de d\u00e9marrages du jeu et \u00e9galement \u00e0 quelle vitesse.\u00a0Dans les param\u00e8tres du nombre de jeux, le minimum disponible est de 10 jeux et le maximum sera de 100.<\/p>\n<p><strong>Avis sur les machines \u00e0 sous\u00a0:<\/strong><\/p>\n<ul>\n<li style=\"list-style-type: none;\">\n<ul>\n<li><a href=\"https:\/\/rocketplay-game.com\/fr\/slots\/5-dragons\/\">5 dragons<\/a><\/li>\n<li><a href=\"https:\/\/rocketplay-game.com\/fr\/slots\/indian-dreaming\/\">R\u00eave indien<\/a><\/li>\n<li><a href=\"https:\/\/rocketplay-game.com\/fr\/slots\/sun-of-fortune\/\">Soleil de la Fortune<\/a><\/li>\n<\/ul>\n<\/li>\n<\/ul>\n","protected":false},"excerpt":{"rendered":"<p>Chaque joueur qui est au moins un peu familier avec les casinos en ligne ou qui joue activement a certainement entendu parler de la machine \u00e0 sous incroyablement populaire Mega Moolah Canada au moins une fois. Cette machine \u00e0 sous a \u00e9t\u00e9 d\u00e9velopp\u00e9e par Microgaming et a certainement apport\u00e9 un grand succ\u00e8s aux d\u00e9veloppeurs. La&#8230;<\/p>\n","protected":false},"author":1,"featured_media":0,"parent":2665,"menu_order":0,"comment_status":"closed","ping_status":"closed","template":"page-with-slot.php","meta":{"_acf_changed":false,"_kad_post_transparent":"default","_kad_post_title":"default","_kad_post_layout":"default","_kad_post_sidebar_id":"","_kad_post_content_style":"default","_kad_post_vertical_padding":"default","_kad_post_feature":"","_kad_post_feature_position":"","_kad_post_header":false,"_kad_post_footer":false,"footnotes":""},"class_list":["post-2732","page","type-page","status-publish","hentry"],"acf":[],"rttpg_featured_image_url":null,"rttpg_author":{"display_name":"Tom","author_link":"https:\/\/rocketplay-game.com\/fr\/author\/pemvas95n89x\/"},"rttpg_comment":0,"rttpg_category":null,"rttpg_excerpt":"Chaque joueur qui est au moins un peu familier avec les casinos en ligne ou qui joue activement a certainement entendu parler de la machine \u00e0 sous incroyablement populaire Mega Moolah Canada au moins une fois. Cette machine \u00e0 sous a \u00e9t\u00e9 d\u00e9velopp\u00e9e par Microgaming et a certainement apport\u00e9 un grand succ\u00e8s aux d\u00e9veloppeurs. La...","_links":{"self":[{"href":"https:\/\/rocketplay-game.com\/fr\/wp-json\/wp\/v2\/pages\/2732","targetHints":{"allow":["GET"]}}],"collection":[{"href":"https:\/\/rocketplay-game.com\/fr\/wp-json\/wp\/v2\/pages"}],"about":[{"href":"https:\/\/rocketplay-game.com\/fr\/wp-json\/wp\/v2\/types\/page"}],"author":[{"embeddable":true,"href":"https:\/\/rocketplay-game.com\/fr\/wp-json\/wp\/v2\/users\/1"}],"replies":[{"embeddable":true,"href":"https:\/\/rocketplay-game.com\/fr\/wp-json\/wp\/v2\/comments?post=2732"}],"version-history":[{"count":3,"href":"https:\/\/rocketplay-game.com\/fr\/wp-json\/wp\/v2\/pages\/2732\/revisions"}],"predecessor-version":[{"id":2736,"href":"https:\/\/rocketplay-game.com\/fr\/wp-json\/wp\/v2\/pages\/2732\/revisions\/2736"}],"up":[{"embeddable":true,"href":"https:\/\/rocketplay-game.com\/fr\/wp-json\/wp\/v2\/pages\/2665"}],"wp:attachment":[{"href":"https:\/\/rocketplay-game.com\/fr\/wp-json\/wp\/v2\/media?parent=2732"}],"curies":[{"name":"wp","href":"https:\/\/api.w.org\/{rel}","templated":true}]}}