{"id":2738,"date":"2022-08-18T17:35:57","date_gmt":"2022-08-18T14:35:57","guid":{"rendered":"https:\/\/rocketplay-game.com\/slots\/money-train-2\/"},"modified":"2025-11-25T23:07:44","modified_gmt":"2025-11-25T20:07:44","slug":"money-train-2","status":"publish","type":"page","link":"https:\/\/rocketplay-game.com\/fr\/slots\/money-train-2\/","title":{"rendered":"Donnez votre avis sur la machine \u00e0 sous Money Train 2"},"content":{"rendered":"<p>La machine \u00e0 sous unique Money Train 2 Canada a \u00e9t\u00e9 pr\u00e9sent\u00e9e au public en 2020. La machine \u00e0 sous s&rsquo;est av\u00e9r\u00e9e tr\u00e8s populaire aupr\u00e8s des joueurs, ce qui a conduit le studio Relax Gaming \u00e0 un grand succ\u00e8s.<\/p>\n<p>Dans la deuxi\u00e8me version de la machine \u00e0 sous populaire, la soci\u00e9t\u00e9 de d\u00e9veloppement a effectu\u00e9 quelques moments correctifs qui ont donn\u00e9 \u00e0 la machine encore plus d&rsquo;approbation de la part des joueurs.\u00a0Et surtout, les fonctionnalit\u00e9s les plus r\u00e9ussies sont toujours pr\u00e9sentes dans la deuxi\u00e8me s\u00e9rie de la machine \u00e0 sous.<\/p>\n<p>D\u00e8s que vous ouvrez la machine \u00e0 sous, vous \u00eates absorb\u00e9 par l&rsquo;atmosph\u00e8re de l&rsquo;Ouest, futuriste, satur\u00e9e d&rsquo;\u00e9l\u00e9ments steampunk.\u00a0Le train est rempli de nombreux \u00e9l\u00e9ments pertinents, tels que des engrenages et des tuyaux.\u00a0Et la musique et les sons qui vous entourent ajoutent encore plus de sensation de pr\u00e9sence.<\/p>\n<p>La zone de jeu se compose de 5 rouleaux et, en m\u00eame temps, vous offre jusqu&rsquo;\u00e0 40 lignes de paiement que vous pouvez utiliser pour augmenter vos chances de gagner.<\/p>\n<p>Plongez dans un long voyage \u00e0 travers une ville chaude et d\u00e9serte \u00e0 bord de votre train steampunk color\u00e9 !\u00a0En savoir plus sur le jeu gratuit Money Train 2 pour de l&rsquo;argent r\u00e9el ci-dessous.<\/p>\n<p><img loading=\"lazy\" decoding=\"async\" class=\"wp-image-361 size-full aligncenter lazy-loaded\" src=\"https:\/\/rocketplay-game.com\/wp-content\/uploads\/2022\/08\/money-train-2-logo.jpeg\" sizes=\"auto, (max-width: 800px) 100vw, 800px\" srcset=\"https:\/\/rocketplay-game.com\/wp-content\/uploads\/2022\/08\/money-train-2-logo.jpeg 800w, https:\/\/rocketplay-game.com\/wp-content\/uploads\/2022\/08\/money-train-2-logo-300x225.jpeg 300w, https:\/\/rocketplay-game.com\/wp-content\/uploads\/2022\/08\/money-train-2-logo-768x576.jpeg 768w, https:\/\/rocketplay-game.com\/wp-content\/uploads\/2022\/08\/money-train-2-logo-600x450.jpeg 600w\" alt=\"Logo du train d'argent 2\" width=\"800\" height=\"600\" data-lazy-type=\"image\" data-src=\"https:\/\/rocketplay-game.com\/wp-content\/uploads\/2022\/08\/money-train-2-logo.jpeg\" data-srcset=\"\" \/><\/p>\n<h2>Symboles de l&rsquo;appareil et leur valeur pour le joueur<\/h2>\n<p>Il existe plusieurs symboles dans la d\u00e9mo Money Train 2 qui peuvent augmenter vos paris gagnants, vous aider \u00e0 faire des combinaisons et vous donner plus de chances de gagner.\u00a0Le symbole sauvage est le plus rentable et le plus d\u00e9sirable, il a le plus de multiplicateurs et gr\u00e2ce \u00e0 lui, vous pouvez compter sur le plus gros prix.<\/p>\n<p>Apr\u00e8s le symbole sauvage, il y a des symboles tels que n\u00e9cromancien, collectionneur, tireur d&rsquo;\u00e9lite et payeur.\u00a0Viennent ensuite les symboles de la pelle, du c\u0153ur et du diamant.<\/p>\n<p>En collectant les bonnes combinaisons de symboles, vous pouvez obtenir une s\u00e9rie de tours gratuits, des tours gratuits ou une augmentation du terrain de jeu de 5 \u00e0 7 rouleaux.<\/p>\n<p>Plus vous parvenez \u00e0 collecter de symboles, plus des offres de bonus rentables vous attendent \u00e0 la fin.<\/p>\n<p>La machine \u00e0 sous a \u00e9galement un tour de bonus Money Cart qui a ses propres caract\u00e9ristiques exclusives;\u00a0en commen\u00e7ant par Payer, il ajoute une signification et une valeur \u00e0 chaque symbole collant qui se trouve sur la bobine.\u00a0Le collectionneur a le droit de fixer le co\u00fbt des personnages visibles par lui-m\u00eame.\u00a0Dans le m\u00eame temps, le collectionneur collectera les multiplicateurs et transmettra leur valeur totale \u00e0 d&rsquo;autres symboles.<\/p>\n<p>Le symbole du tireur d&rsquo;\u00e9lite doublera les valeurs, allant de trois \u00e0 huit symboles al\u00e9atoires dans Money Train 2 gratuit.<\/p>\n<p>N&rsquo;oubliez pas le n\u00e9cromancien, qui renverra 2 \u00e0 7 symboles d\u00e9j\u00e0 utilis\u00e9s afin d&rsquo;ajouter des multiplicateurs suppl\u00e9mentaires \u00e0 vos deux tours qui suivront.<\/p>\n<h2>Money Train 2 Slot RTP \/ Volatilit\u00e9<\/h2>\n<p>Une am\u00e9lioration notable dans la deuxi\u00e8me version du slot a affect\u00e9 l&rsquo;indicateur RTP.\u00a0Maintenant, le pourcentage de retour au joueur est de 96,4\u00a0%, et si vous activez la fonction d&rsquo;achat de bonus, RTP passera \u00e0 un record de 98\u00a0%.<\/p>\n<p>La volatilit\u00e9, cependant, est extr\u00eamement \u00e9lev\u00e9e.\u00a0Par cons\u00e9quent, soyez prudent car, dans le jeu bonus, vous pouvez vous attendre \u00e0 absolument tout.\u00a0Le jeu sera intense et \u00e9nergique, et chaque joueur pourra vivre exactement les \u00e9motions qu&rsquo;il recherche pendant la partie.<\/p>\n<p><img loading=\"lazy\" decoding=\"async\" class=\"aligncenter wp-image-362 size-full lazy-loaded\" src=\"https:\/\/rocketplay-game.com\/wp-content\/uploads\/2022\/08\/money-train-2-slot.jpeg\" sizes=\"auto, (max-width: 838px) 100vw, 838px\" srcset=\"https:\/\/rocketplay-game.com\/wp-content\/uploads\/2022\/08\/money-train-2-slot.jpeg 838w, https:\/\/rocketplay-game.com\/wp-content\/uploads\/2022\/08\/money-train-2-slot-300x169.jpeg 300w, https:\/\/rocketplay-game.com\/wp-content\/uploads\/2022\/08\/money-train-2-slot-768x432.jpeg 768w\" alt=\"Machine \u00e0 sous Money Train 2\" width=\"838\" height=\"471\" data-lazy-type=\"image\" data-src=\"https:\/\/rocketplay-game.com\/wp-content\/uploads\/2022\/08\/money-train-2-slot.jpeg\" data-srcset=\"\" \/><\/p>\n<h2>Play Money Train 2 sur mobile<\/h2>\n<p>Dans le monde moderne, de nombreuses entreprises et casinos en ligne ajoutent une adaptation pour les appareils mobiles \u00e0 leurs machines \u00e0 sous.\u00a0Le studio de d\u00e9veloppement Relax Gaming, ainsi que sa populaire machine \u00e0 sous Money Train 2, offrent \u00e9galement cette opportunit\u00e9 \u00e0 de nombreux joueurs.\u00a0Apr\u00e8s tout, plus il y aura de plates-formes prenant en charge la machine \u00e0 sous pour le jeu, et plus les joueurs pourront profiter du gameplay et des nombreux bonus qui se produisent pendant le jeu.<\/p>\n<p>Pour un jeu confortable, vous n&rsquo;avez rien \u00e0 t\u00e9l\u00e9charger, d\u00e9marrez simplement la machine dans le navigateur et profitez-en.<\/p>\n<h2>FAQ sur le train d&rsquo;argent 2<\/h2>\n<h3>Comment fonctionne la fonction respin dans Money Train 2 ?<\/h3>\n<p>Si vous parvenez \u00e0 attraper des symboles r\u00e9guliers sur l&rsquo;un des rouleaux de la machine \u00e0 sous, vous pouvez activer cette fonctionnalit\u00e9.\u00a0Dans ce cas, le multiplicateur sera affich\u00e9 \u00e0 l&rsquo;\u00e9cran.\u00a0De tels indicateurs sont ajout\u00e9s et aident \u00e0 accumuler des re-spins pour le joueur.\u00a0Le pourcentage entier est en col\u00e8re jusqu&rsquo;\u00e0 ce que vous preniez vos gains.\u00a0Si le respin n&rsquo;apporte pas de gain, cela aidera \u00e0 augmenter le multiplicateur d&rsquo;une unit\u00e9.<\/p>\n<h3>Puis-je jouer gratuitement \u00e0 Money Train 2 ?<\/h3>\n<p>Vous pouvez jouer au mode Money Train 2 sans risquer votre propre argent.\u00a0C&rsquo;est une excellente solution pour les joueurs qui veulent d&rsquo;abord v\u00e9rifier s&rsquo;ils aiment la machine \u00e0 sous.\u00a0Apprenez \u00e0 mieux conna\u00eetre les rouleaux et d\u00e9couvrez tout le gameplay par vous-m\u00eame.<\/p>\n<h3>Quel est le symbole le plus rentable de la machine \u00e0 sous\u00a0?<\/h3>\n<p>Le symbole le plus r\u00e9mun\u00e9rateur que vous rencontrerez dans le jeu est le symbole sauvage.\u00a0Si vous faites la mise maximale et collectez les 5 symboles sur les rouleaux, dans ce cas, le multiplicateur sera un record de 20 000x.\u00a0Les m\u00eames multiplicateurs peuvent \u00eatre trouv\u00e9s avec le symbole du n\u00e9cromancien.<\/p>\n<p><strong>Avis sur les machines \u00e0 sous\u00a0:<\/strong><\/p>\n<ul>\n<li style=\"list-style-type: none;\">\n<ul>\n<li><a href=\"https:\/\/rocketplay--game-com.translate.goog\/slots\/more-chilli\/?_x_tr_sl=auto&amp;_x_tr_tl=fr&amp;_x_tr_hl=ru&amp;_x_tr_pto=wapp\" target=\"_blank\" rel=\"noopener\">Plus de piment<\/a><\/li>\n<li><a href=\"https:\/\/rocketplay--game-com.translate.goog\/slots\/queen-of-the-nile\/?_x_tr_sl=auto&amp;_x_tr_tl=fr&amp;_x_tr_hl=ru&amp;_x_tr_pto=wapp\" target=\"_blank\" rel=\"noopener\">Reine du Nil<\/a><\/li>\n<\/ul>\n<\/li>\n<\/ul>\n","protected":false},"excerpt":{"rendered":"<p>La machine \u00e0 sous unique Money Train 2 Canada a \u00e9t\u00e9 pr\u00e9sent\u00e9e au public en 2020. La machine \u00e0 sous s&rsquo;est av\u00e9r\u00e9e tr\u00e8s populaire aupr\u00e8s des joueurs, ce qui a conduit le studio Relax Gaming \u00e0 un grand succ\u00e8s. Dans la deuxi\u00e8me version de la machine \u00e0 sous populaire, la soci\u00e9t\u00e9 de d\u00e9veloppement a effectu\u00e9&#8230;<\/p>\n","protected":false},"author":1,"featured_media":0,"parent":2665,"menu_order":0,"comment_status":"closed","ping_status":"closed","template":"page-with-slot.php","meta":{"_acf_changed":false,"_kad_post_transparent":"default","_kad_post_title":"default","_kad_post_layout":"default","_kad_post_sidebar_id":"","_kad_post_content_style":"default","_kad_post_vertical_padding":"default","_kad_post_feature":"","_kad_post_feature_position":"","_kad_post_header":false,"_kad_post_footer":false,"footnotes":""},"class_list":["post-2738","page","type-page","status-publish","hentry"],"acf":[],"rttpg_featured_image_url":null,"rttpg_author":{"display_name":"Tom","author_link":"https:\/\/rocketplay-game.com\/fr\/author\/pemvas95n89x\/"},"rttpg_comment":0,"rttpg_category":null,"rttpg_excerpt":"La machine \u00e0 sous unique Money Train 2 Canada a \u00e9t\u00e9 pr\u00e9sent\u00e9e au public en 2020. La machine \u00e0 sous s&rsquo;est av\u00e9r\u00e9e tr\u00e8s populaire aupr\u00e8s des joueurs, ce qui a conduit le studio Relax Gaming \u00e0 un grand succ\u00e8s. Dans la deuxi\u00e8me version de la machine \u00e0 sous populaire, la soci\u00e9t\u00e9 de d\u00e9veloppement a effectu\u00e9...","_links":{"self":[{"href":"https:\/\/rocketplay-game.com\/fr\/wp-json\/wp\/v2\/pages\/2738","targetHints":{"allow":["GET"]}}],"collection":[{"href":"https:\/\/rocketplay-game.com\/fr\/wp-json\/wp\/v2\/pages"}],"about":[{"href":"https:\/\/rocketplay-game.com\/fr\/wp-json\/wp\/v2\/types\/page"}],"author":[{"embeddable":true,"href":"https:\/\/rocketplay-game.com\/fr\/wp-json\/wp\/v2\/users\/1"}],"replies":[{"embeddable":true,"href":"https:\/\/rocketplay-game.com\/fr\/wp-json\/wp\/v2\/comments?post=2738"}],"version-history":[{"count":3,"href":"https:\/\/rocketplay-game.com\/fr\/wp-json\/wp\/v2\/pages\/2738\/revisions"}],"predecessor-version":[{"id":9083,"href":"https:\/\/rocketplay-game.com\/fr\/wp-json\/wp\/v2\/pages\/2738\/revisions\/9083"}],"up":[{"embeddable":true,"href":"https:\/\/rocketplay-game.com\/fr\/wp-json\/wp\/v2\/pages\/2665"}],"wp:attachment":[{"href":"https:\/\/rocketplay-game.com\/fr\/wp-json\/wp\/v2\/media?parent=2738"}],"curies":[{"name":"wp","href":"https:\/\/api.w.org\/{rel}","templated":true}]}}