{"id":2757,"date":"2022-08-18T16:23:00","date_gmt":"2022-08-18T13:23:00","guid":{"rendered":"https:\/\/rocketplay-game.com\/slots\/more-chilli\/"},"modified":"2025-11-21T13:11:40","modified_gmt":"2025-11-21T10:11:40","slug":"more-chilli","status":"publish","type":"page","link":"https:\/\/rocketplay-game.com\/fr\/slots\/more-chilli\/","title":{"rendered":"\u00c9valuer plus de machines \u00e0 sous au piment"},"content":{"rendered":"<p>Plus Chilli pokie est l&rsquo;une de ces machines \u00e0 sous que l&rsquo;on trouve aujourd&rsquo;hui \u00e0 la fois dans les casinos terrestres et en ligne.\u00a0Et ils sont tr\u00e8s populaires parmi le public des joueurs.<\/p>\n<p>La machine \u00e0 sous More Chilli plaira \u00e0 la fois aux joueurs d\u00e9butants et aux grands clients exp\u00e9riment\u00e9s.\u00a0Tout cela pour la raison que ce m casino propose des jokers, des s\u00e9ries de jeux bonus suppl\u00e9mentaires ou des symboles scatter qui multiplieront vos chances d&rsquo;obtenir le prix maximum.<\/p>\n<p>En apparence, la machine \u00e0 sous est de conception attrayante et permet aux joueurs de passer du temps confortablement pendant le jeu.\u00a0La machine \u00e0 sous More Chilli a \u00e9t\u00e9 cr\u00e9\u00e9e \u00e0 l&rsquo;origine par Aristocrat sp\u00e9cifiquement pour les casinos et machines \u00e0 sous locaux, mais sa grande popularit\u00e9 pla\u00eet d\u00e9sormais aux joueurs du monde entier.<\/p>\n<p><img loading=\"lazy\" decoding=\"async\" class=\"aligncenter wp-image-342 size-full lazy-loaded\" src=\"https:\/\/rocketplay-game.com\/wp-content\/uploads\/2022\/08\/more-chilli-logo.jpeg\" sizes=\"auto, (max-width: 948px) 100vw, 948px\" srcset=\"https:\/\/rocketplay-game.com\/wp-content\/uploads\/2022\/08\/more-chilli-logo.jpeg 948w, https:\/\/rocketplay-game.com\/wp-content\/uploads\/2022\/08\/more-chilli-logo-300x225.jpeg 300w, https:\/\/rocketplay-game.com\/wp-content\/uploads\/2022\/08\/more-chilli-logo-768x577.jpeg 768w, https:\/\/rocketplay-game.com\/wp-content\/uploads\/2022\/08\/more-chilli-logo-600x450.jpeg 600w\" alt=\"Plus de logo de piment\" width=\"948\" height=\"712\" data-lazy-type=\"image\" data-src=\"https:\/\/rocketplay-game.com\/wp-content\/uploads\/2022\/08\/more-chilli-logo.jpeg\" data-srcset=\"\" \/><\/p>\n<h2>Plus de symboles et de valeurs de piment<\/h2>\n<p>Il y a des symboles dans l&rsquo;application More Chilli, et ils incluent le soleil, des poulets, un sac d&rsquo;argent, un chien chihuahua, un stand de chili, de la tequila, des coqs, ainsi qu&rsquo;un mexicain souriant.\u00a0De plus, sur les rouleaux, vous croiserez les symboles 9, 10, as, reine, valet et roi.\u00a0Quant au symbole scatter, il s&rsquo;agit d&rsquo;un sac d&rsquo;argent ou d&rsquo;un piment.\u00a0Un trait distinctif est une culture mexicaine dans un sombrero qui crie \u00ab\u00a0Un autre piment!\u00a0\u00bb\u00a0en permanence.\u00a0La machine \u00e0 sous vous motive r\u00e9guli\u00e8rement pour que vous puissiez tout faire et \u00e9ventuellement remporter le jackpot.<\/p>\n<p>Le symbole sauvage sera un Mexicain souriant.\u00a0Le symbole joker remplacera toutes les autres ic\u00f4nes \u00e0 l&rsquo;exception du symbole scatter.\u00a0Si une combinaison de trois ou, par exemple, un plus grand nombre de symboles scatter, l&rsquo;utilisateur attend 10 tours gratuits.\u00a0La s\u00e9rie de tours peut \u00eatre augment\u00e9e \u00e0 15 lorsque cinq paris suppl\u00e9mentaires ont \u00e9t\u00e9 plac\u00e9s pendant la fonction de tours actifs.<\/p>\n<p>La particularit\u00e9 de la fonction de tours gratuits est les symboles scatter pr\u00e9cis que vous collectez simultan\u00e9ment sur la bobine, plus vous recevrez de tours.\u00a0Si vous obtenez 9 tirages, vous obtenez \u00e9galement trois jeux de rouleaux.\u00a0Plus il y a de symboles, plus il y a de rouleaux.\u00a0Et ainsi, 30 symboles m\u00e8neront au fait que vous verrez une image des troisi\u00e8me, quatri\u00e8me et cinqui\u00e8me rouleaux, qui sont enti\u00e8rement remplis de symboles joker et vous donneront beaucoup de tours gratuits.<\/p>\n<h2>Plus de RTP\/volatilit\u00e9 de la fente au piment<\/h2>\n<p>Le taux de paiement dans la machine \u00e0 sous en ligne More Chilli varie entre 96 et 97 %.\u00a0Ces pourcentages sont consid\u00e9r\u00e9s comme assez \u00e9lev\u00e9s.\u00a0Si l&rsquo;on prend \u00e9galement en compte le fait que la volatilit\u00e9 de la machine \u00e0 sous est moyenne, alors les joueurs auront une chance assez \u00e9lev\u00e9e de gagner cette machine \u00e0 sous.\u00a0Et tous ceux qui auront de la chance pourront gagner un jackpot qui d\u00e9passera mille fois votre mise.<\/p>\n<p>Non seulement le RTP et la volatilit\u00e9 vous aideront \u00e0 gagner, mais \u00e9galement le nombre de bonus que vous pouvez rencontrer dans le gameplay.<\/p>\n<p><img loading=\"lazy\" decoding=\"async\" class=\"aligncenter wp-image-343 size-full lazy-loaded\" src=\"https:\/\/rocketplay-game.com\/wp-content\/uploads\/2022\/08\/more-chilli-slot.jpeg\" sizes=\"auto, (max-width: 815px) 100vw, 815px\" srcset=\"https:\/\/rocketplay-game.com\/wp-content\/uploads\/2022\/08\/more-chilli-slot.jpeg 815w, https:\/\/rocketplay-game.com\/wp-content\/uploads\/2022\/08\/more-chilli-slot-300x224.jpeg 300w, https:\/\/rocketplay-game.com\/wp-content\/uploads\/2022\/08\/more-chilli-slot-768x573.jpeg 768w\" alt=\"plus de piment\" width=\"815\" height=\"608\" data-lazy-type=\"image\" data-src=\"https:\/\/rocketplay-game.com\/wp-content\/uploads\/2022\/08\/more-chilli-slot.jpeg\" data-srcset=\"\" \/><\/p>\n<h2>Jouez \u00e0 plus de piment sur mobile<\/h2>\n<p>Plus le jeu en ligne se d\u00e9veloppe, plus les fans du jeu More Chilli en ligne gratuit \u00e0 partir d&rsquo;un t\u00e9l\u00e9phone mobile deviennent de plus en plus nombreux.\u00a0Apr\u00e8s tout, c&rsquo;est tr\u00e8s pratique et vous pouvez acc\u00e9der \u00e0 tout moment \u00e0 votre compte de casino et \u00e0 vos machines \u00e0 sous.\u00a0L&rsquo;acc\u00e8s \u00e0 Internet vous d\u00e9voilera toutes les possibilit\u00e9s d&rsquo;un casino mobile en ligne.<\/p>\n<p>C&rsquo;est pratique non seulement parce qu&rsquo;il est disponible n&rsquo;importe o\u00f9, mais aussi parce que rien n&rsquo;a besoin d&rsquo;\u00eatre t\u00e9l\u00e9charg\u00e9 au pr\u00e9alable.<\/p>\n<p>Afin de r\u00e9pondre aux souhaits des joueurs et d&rsquo;offrir un confort total dans l&rsquo;argent r\u00e9el en ligne de More Chilli, le studio de d\u00e9veloppement Aristocrat travaille imm\u00e9diatement pour s&rsquo;assurer que les jeux sont disponibles \u00e0 la fois sur les ordinateurs et sur le t\u00e9l\u00e9phone.\u00a0En plus du t\u00e9l\u00e9phone, il peut s&rsquo;agir d&rsquo;autres appareils que vous utilisez au quotidien, comme une tablette.<\/p>\n<h2>Plus de FAQ sur le piment<\/h2>\n<h3>Dois-je t\u00e9l\u00e9charger l&rsquo;application More Chilli ?<\/h3>\n<p>Vous n&rsquo;avez pas du tout besoin de t\u00e9l\u00e9charger l&rsquo;application car vous pouvez utiliser la version Web du site.\u00a0Cependant, il existe des casinos dans lesquels cette machine \u00e0 sous est pr\u00e9sente dans l&rsquo;application.\u00a0Si vous le souhaitez, vous pouvez l&rsquo;installer et l&rsquo;utiliser.\u00a0Cependant, la version Web n&rsquo;est pas diff\u00e9rente et \u00e9conomisera de la m\u00e9moire sur votre appareil.<\/p>\n<h3>Puis-je jouer gratuitement \u00e0 la machine \u00e0 sous More Chilli ?<\/h3>\n<p>Il existe des versions de d\u00e9monstration de cette machine \u00e0 sous que vous pouvez essayer sur divers sites Web.\u00a0Malgr\u00e9 le fait que la version n&rsquo;est qu&rsquo;une version d&rsquo;introduction et que vous n&rsquo;aurez pas \u00e0 risquer votre argent, dans tous les cas, vous aurez acc\u00e8s \u00e0 un gameplay et \u00e0 des rouleaux \u00e0 part enti\u00e8re.\u00a0Et des bonus, qui sont \u00e9galement disponibles dans une machine \u00e0 sous r\u00e9guli\u00e8re pour de l&rsquo;argent r\u00e9el.<\/p>\n<h3>Est-il pr\u00e9f\u00e9rable de jouer \u00e0 More Chilli en ligne ou dans un casino terrestre ?<\/h3>\n<p>Dans ce cas, si vous avez choisi de jouer \u00e0 la version en ligne de cette machine \u00e0 sous, vous aurez un joli bonus qui vous attend, qui vous donnera l&rsquo;opportunit\u00e9 d&rsquo;augmenter les lignes de paiement.\u00a0Cela signifie que votre RTP sera \u00e9galement mis \u00e0 jour.\u00a0Il s&rsquo;agit d&rsquo;une petite augmentation en pourcentage du tout;\u00a0cependant, il n&rsquo;y a pas une telle possibilit\u00e9 dans les cr\u00e9neaux terrestres.<\/p>\n<p><strong>Avis sur les machines \u00e0 sous\u00a0:<\/strong><\/p>\n<ul>\n<li style=\"list-style-type: none;\">\n<ul>\n<li><a href=\"https:\/\/rocketplay-game.com\/fr\/slots\/book-of-ra-deluxe\/\">Livre de Ra Deluxe<\/a><\/li>\n<li><a href=\"https:\/\/rocketplay--game-com.translate.goog\/slots\/mega-moolah\/?_x_tr_sl=auto&amp;_x_tr_tl=fr&amp;_x_tr_hl=ru&amp;_x_tr_pto=wapp\" target=\"_blank\" rel=\"noopener\">M\u00e9ga Moolah<\/a><\/li>\n<\/ul>\n<\/li>\n<\/ul>\n","protected":false},"excerpt":{"rendered":"<p>Plus Chilli pokie est l&rsquo;une de ces machines \u00e0 sous que l&rsquo;on trouve aujourd&rsquo;hui \u00e0 la fois dans les casinos terrestres et en ligne.\u00a0Et ils sont tr\u00e8s populaires parmi le public des joueurs. La machine \u00e0 sous More Chilli plaira \u00e0 la fois aux joueurs d\u00e9butants et aux grands clients exp\u00e9riment\u00e9s.\u00a0Tout cela pour la raison&#8230;<\/p>\n","protected":false},"author":1,"featured_media":0,"parent":2665,"menu_order":0,"comment_status":"closed","ping_status":"closed","template":"page-with-slot.php","meta":{"_acf_changed":false,"_kad_post_transparent":"default","_kad_post_title":"default","_kad_post_layout":"default","_kad_post_sidebar_id":"","_kad_post_content_style":"default","_kad_post_vertical_padding":"default","_kad_post_feature":"","_kad_post_feature_position":"","_kad_post_header":false,"_kad_post_footer":false,"footnotes":""},"class_list":["post-2757","page","type-page","status-publish","hentry"],"acf":[],"rttpg_featured_image_url":null,"rttpg_author":{"display_name":"Tom","author_link":"https:\/\/rocketplay-game.com\/fr\/author\/pemvas95n89x\/"},"rttpg_comment":0,"rttpg_category":null,"rttpg_excerpt":"Plus Chilli pokie est l&rsquo;une de ces machines \u00e0 sous que l&rsquo;on trouve aujourd&rsquo;hui \u00e0 la fois dans les casinos terrestres et en ligne.\u00a0Et ils sont tr\u00e8s populaires parmi le public des joueurs. La machine \u00e0 sous More Chilli plaira \u00e0 la fois aux joueurs d\u00e9butants et aux grands clients exp\u00e9riment\u00e9s.\u00a0Tout cela pour la raison...","_links":{"self":[{"href":"https:\/\/rocketplay-game.com\/fr\/wp-json\/wp\/v2\/pages\/2757","targetHints":{"allow":["GET"]}}],"collection":[{"href":"https:\/\/rocketplay-game.com\/fr\/wp-json\/wp\/v2\/pages"}],"about":[{"href":"https:\/\/rocketplay-game.com\/fr\/wp-json\/wp\/v2\/types\/page"}],"author":[{"embeddable":true,"href":"https:\/\/rocketplay-game.com\/fr\/wp-json\/wp\/v2\/users\/1"}],"replies":[{"embeddable":true,"href":"https:\/\/rocketplay-game.com\/fr\/wp-json\/wp\/v2\/comments?post=2757"}],"version-history":[{"count":3,"href":"https:\/\/rocketplay-game.com\/fr\/wp-json\/wp\/v2\/pages\/2757\/revisions"}],"predecessor-version":[{"id":9080,"href":"https:\/\/rocketplay-game.com\/fr\/wp-json\/wp\/v2\/pages\/2757\/revisions\/9080"}],"up":[{"embeddable":true,"href":"https:\/\/rocketplay-game.com\/fr\/wp-json\/wp\/v2\/pages\/2665"}],"wp:attachment":[{"href":"https:\/\/rocketplay-game.com\/fr\/wp-json\/wp\/v2\/media?parent=2757"}],"curies":[{"name":"wp","href":"https:\/\/api.w.org\/{rel}","templated":true}]}}