{"id":2778,"date":"2022-08-18T17:24:15","date_gmt":"2022-08-18T14:24:15","guid":{"rendered":"https:\/\/rocketplay-game.com\/slots\/queen-of-the-nile\/"},"modified":"2025-11-25T20:50:15","modified_gmt":"2025-11-25T17:50:15","slug":"queen-of-the-nile","status":"publish","type":"page","link":"https:\/\/rocketplay-game.com\/fr\/slots\/queen-of-the-nile\/","title":{"rendered":"Donnez votre avis sur la machine \u00e0 sous Queen of The Nile"},"content":{"rendered":"<p>La soci\u00e9t\u00e9 Aristocrat a cr\u00e9\u00e9 les machines \u00e0 sous gratuites Queen of The Nile, une machine \u00e0 sous vid\u00e9o dot\u00e9e de 24 lignes de paiement et de 5 rouleaux.<\/p>\n<p>La machine est bas\u00e9e sur le c\u00e9l\u00e8bre pharaon de l&rsquo;\u00c9gypte ancienne &#8211; la reine Cl\u00e9op\u00e2tre.\u00a0Il y a de nombreuses ann\u00e9es, Cl\u00e9op\u00e2tre s&rsquo;est av\u00e9r\u00e9e \u00eatre le dernier pharaon de l&rsquo;\u00c9gypte ancienne.\u00a0Malgr\u00e9 cela, elle \u00e9tait Ptol\u00e9m\u00e9e.<\/p>\n<p>La machine \u00e0 sous vous donne la possibilit\u00e9 de placer des mises minimales sur le spin, qui commencent avec une valeur de 0,25 pi\u00e8ces, tandis que la mise maximale sera de 50 pi\u00e8ces.\u00a0La machine \u00e0 sous a un jackpot de 1 500 pi\u00e8ces, ainsi que divers multiplicateurs et une s\u00e9rie de tours gratuits qui vous aideront \u00e0 d\u00e9crocher le jackpot.\u00a0Par cons\u00e9quent, nous recommandons le t\u00e9l\u00e9chargement gratuit de Queen of The Nile.<\/p>\n<p><img loading=\"lazy\" decoding=\"async\" class=\"wp-image-350 size-full aligncenter lazy-loaded\" src=\"https:\/\/rocketplay-game.com\/wp-content\/uploads\/2022\/08\/queen-of-the-nile-logo.jpeg\" sizes=\"auto, (max-width: 800px) 100vw, 800px\" srcset=\"https:\/\/rocketplay-game.com\/wp-content\/uploads\/2022\/08\/queen-of-the-nile-logo.jpeg 800w, https:\/\/rocketplay-game.com\/wp-content\/uploads\/2022\/08\/queen-of-the-nile-logo-300x225.jpeg 300w, https:\/\/rocketplay-game.com\/wp-content\/uploads\/2022\/08\/queen-of-the-nile-logo-768x576.jpeg 768w, https:\/\/rocketplay-game.com\/wp-content\/uploads\/2022\/08\/queen-of-the-nile-logo-600x450.jpeg 600w\" alt=\"Logo de la reine du Nil\" width=\"800\" height=\"600\" data-lazy-type=\"image\" data-src=\"https:\/\/rocketplay-game.com\/wp-content\/uploads\/2022\/08\/queen-of-the-nile-logo.jpeg\" data-srcset=\"\" \/><\/p>\n<h2>Symboles et valeurs de la reine du Nil<\/h2>\n<p>Cette machine \u00e0 sous Queen of The Nile est tr\u00e8s populaire dans les casinos ordinaires, et il n&rsquo;est pas surprenant que le studio Aristocrat ait \u00e9galement d\u00e9cid\u00e9 de publier la machine \u00e0 sous en ligne.<\/p>\n<p>Toute l&rsquo;apparence de la machine dans un casino en ligne et, bien s\u00fbr, les symboles transmettront exactement cette p\u00e9riode de temps dans l&rsquo;\u00c9gypte ancienne.<\/p>\n<p>Tu verras:<\/p>\n<ul>\n<li>pyramide dispers\u00e9e;<\/li>\n<li>fleur de lotus;<\/li>\n<li>reine Cl\u00e9op\u00e2tre;<\/li>\n<li>cartes de 9 \u00e0 as;<\/li>\n<li>oeil d&rsquo;Horus;<\/li>\n<li>scarab\u00e9es.<\/li>\n<\/ul>\n<p>Le symbole sauvage est la reine Cl\u00e9op\u00e2tre, elle remplace les symboles voisins, et si une combinaison gagnante a \u00e9t\u00e9 faite, vos paiements de pari seront doubl\u00e9s.\u00a0Cl\u00e9op\u00e2tre ne remplace pas seulement les symboles scatter dans l&rsquo;application pokie Queen of The Nile.<\/p>\n<p>Le but complet de votre jeu n&rsquo;est pas seulement de gagner des paris, mais aussi de d\u00e9bloquer la fonction de tours gratuits.\u00a0Apr\u00e8s tout, ils vous aideront \u00e0 gagner et \u00e0 rapprocher vos chances de jackpot.<\/p>\n<p>Les tours seront activ\u00e9s gr\u00e2ce aux symboles scatter et \u00e0 l&rsquo;option de paiement, c&rsquo;est-\u00e0-dire la pyramide.\u00a0D\u00e8s que 3 symboles ou plus apparaissent sur les rouleaux pendant le jeu principal, un nouvel \u00e9cran s&rsquo;ouvrira, o\u00f9 Cl\u00e9op\u00e2tre elle-m\u00eame proposera au joueur de choisir l&rsquo;une des 4 fonctionnalit\u00e9s de tours gratuits.<\/p>\n<p>La fonction initiale de tours gratuits vous donnera 5 tours avec un multiplicateur de 10x, puis \u00e0 chaque niveau, les tours augmenteront de 5. Multiplicateurs, au contraire.\u00a0Dans la deuxi\u00e8me fonction, vous trouverez un multiplicateur de 5 fois, dans la troisi\u00e8me \u2013 un multiplicateur de 3 fois, et dans la derni\u00e8re, seulement un multiplicateur de 2 fois.<\/p>\n<p>Le joueur peut \u00e9galement recevoir des paiements pour les \u00e9parpillements.\u00a05 \u00e9parpillements donnent 100 pi\u00e8ces.\u00a0Les gains du symbole scatter seront multipli\u00e9s par votre mise totale dans la machine \u00e0 sous.<\/p>\n<p>En plus des symboles principaux et des fonctionnalit\u00e9s bonus que l&rsquo;on trouve dans le jeu, il existe \u00e9galement un jeu de hasard suppl\u00e9mentaire.\u00a0Vous pouvez y jouer apr\u00e8s votre victoire, et c&rsquo;est un type de jeu suppl\u00e9mentaire assez courant.\u00a0Votre t\u00e2che est de deviner la couleur de la carte ou sa couleur.\u00a0Tout est simple, et si vous gagnez, vos gains seront doubl\u00e9s ou multipli\u00e9s par 4.<\/p>\n<h2>Machine \u00e0 sous Queen of The Nile RTP\/Volatilit\u00e9<\/h2>\n<p>Cette machine \u00e0 sous a une volatilit\u00e9 moyenne et convient mieux aux joueurs qui aiment jouer gros.\u00a0Cependant, les joueurs avec une petite banque peuvent \u00e9galement passer un bon moment avec le jeu gratuit Queen of The Nile.<\/p>\n<p>Si vous avez r\u00e9ussi \u00e0 gagner un bon paiement, il est conseill\u00e9 de l&rsquo;encaisser afin qu&rsquo;il vous reste au moins 50% de votre bankroll, et les 50% restants sont votre prix, que vous avez honn\u00eatement gagn\u00e9.<\/p>\n<p>Vous pouvez \u00eatre s\u00fbr que vous aurez de bonnes chances de recevoir un paiement car notez que le pourcentage de retour au joueur est de 95,5%.\u00a0C&rsquo;est un indicateur assez agr\u00e9able car, dans de nombreuses machines \u00e0 sous, en particulier celles que l&rsquo;on trouve dans les casinos terrestres, le pourcentage de RTP est plusieurs fois inf\u00e9rieur.<\/p>\n<p><img loading=\"lazy\" decoding=\"async\" class=\"aligncenter wp-image-352 size-full lazy-loaded\" src=\"https:\/\/rocketplay-game.com\/wp-content\/uploads\/2022\/08\/queen-of-the-nile-slot-1.jpeg\" sizes=\"auto, (max-width: 827px) 100vw, 827px\" srcset=\"https:\/\/rocketplay-game.com\/wp-content\/uploads\/2022\/08\/queen-of-the-nile-slot-1.jpeg 827w, https:\/\/rocketplay-game.com\/wp-content\/uploads\/2022\/08\/queen-of-the-nile-slot-1-300x225.jpeg 300w, https:\/\/rocketplay-game.com\/wp-content\/uploads\/2022\/08\/queen-of-the-nile-slot-1-768x576.jpeg 768w, https:\/\/rocketplay-game.com\/wp-content\/uploads\/2022\/08\/queen-of-the-nile-slot-1-600x450.jpeg 600w\" alt=\"fente de la reine du nil\" width=\"827\" height=\"620\" data-lazy-type=\"image\" data-src=\"https:\/\/rocketplay-game.com\/wp-content\/uploads\/2022\/08\/queen-of-the-nile-slot-1.jpeg\" data-srcset=\"\" \/><\/p>\n<h2>Jouez \u00e0 Queen of The Nile sur mobile<\/h2>\n<p>La bonne nouvelle pour les joueurs mobiles sera que la machine \u00e0 sous est parfaitement jou\u00e9e et ressentie sur les t\u00e9l\u00e9phones et autres appareils.\u00a0Vous pouvez ouvrir le jeu dans votre navigateur et profiter du gameplay depuis n&rsquo;importe quel \u00e9cran.\u00a0Les d\u00e9veloppeurs ont veill\u00e9 \u00e0 ce que l&rsquo;interface soit confortablement situ\u00e9e sur toute la surface de votre appareil et que vous ne ressentiez aucune g\u00eane lorsque vous jouez.<\/p>\n<p>Dans la version, Queen of The Nile pokies en argent r\u00e9el, toutes les fonctions, tous les symboles et combinaisons seront disponibles, ce qui, comme sur l&rsquo;ordinateur, vous m\u00e8nera \u00e0 la victoire et au jackpot souhait\u00e9s.<\/p>\n<h2>FAQ sur la reine du Nil<\/h2>\n<h3>La machine \u00e0 sous est-elle progressive ?<\/h3>\n<p>La machine \u00e0 sous Queen of The Nile a son propre jackpot en jeu mais n&rsquo;est pas progressive.\u00a0Malgr\u00e9 cela, en faisant de petites ou de grosses mises, vous pourrez toujours obtenir de beaux paiements.<\/p>\n<h3>Puis-je jouer gratuitement \u00e0 la machine \u00e0 sous Queen of The Nile ?<\/h3>\n<p>Vous pouvez utiliser le mode d\u00e9mo int\u00e9gr\u00e9 pour un jeu gratuit, qui vous pr\u00e9sentera le gameplay et vous plongera dans l&rsquo;atmosph\u00e8re de l&rsquo;\u00c9gypte ancienne.\u00a0Apr\u00e8s avoir essay\u00e9 la machine \u00e0 sous gratuitement, vous devriez commencer \u00e0 parier pour de l&rsquo;argent r\u00e9el et recevoir des gains substantiels.<\/p>\n<h3>Combien de pi\u00e8ces le symbole Wild donne-t-il ?<\/h3>\n<p>Si vous faites la mise maximale et collectez une combinaison de 5 symboles joker de Cl\u00e9op\u00e2tre, vous pouvez alors compter sur un gain de 3 000 pi\u00e8ces dans cette machine \u00e0 sous Queen of The Nile.<\/p>\n<p><strong>Avis sur les machines \u00e0 sous\u00a0:<\/strong><\/p>\n<ul>\n<li style=\"list-style-type: none;\">\n<ul>\n<li><a href=\"https:\/\/rocketplay-game.com\/fr\/slots\/king-of-the-nile\/\">Roi du Nil<\/a><\/li>\n<li><a href=\"https:\/\/rocketplay-game.com\/fr\/slots\/5-dragons\/\">5 dragons<\/a><\/li>\n<li><a href=\"https:\/\/rocketplay-game.com\/fr\/slots\/queen-and-dragons\/\">Reine et Dragons<\/a><\/li>\n<\/ul>\n<\/li>\n<\/ul>\n","protected":false},"excerpt":{"rendered":"<p>La soci\u00e9t\u00e9 Aristocrat a cr\u00e9\u00e9 les machines \u00e0 sous gratuites Queen of The Nile, une machine \u00e0 sous vid\u00e9o dot\u00e9e de 24 lignes de paiement et de 5 rouleaux. La machine est bas\u00e9e sur le c\u00e9l\u00e8bre pharaon de l&rsquo;\u00c9gypte ancienne &#8211; la reine Cl\u00e9op\u00e2tre.\u00a0Il y a de nombreuses ann\u00e9es, Cl\u00e9op\u00e2tre s&rsquo;est av\u00e9r\u00e9e \u00eatre le dernier&#8230;<\/p>\n","protected":false},"author":1,"featured_media":0,"parent":2665,"menu_order":0,"comment_status":"closed","ping_status":"closed","template":"page-with-slot.php","meta":{"_acf_changed":false,"_kad_post_transparent":"default","_kad_post_title":"default","_kad_post_layout":"default","_kad_post_sidebar_id":"","_kad_post_content_style":"default","_kad_post_vertical_padding":"default","_kad_post_feature":"","_kad_post_feature_position":"","_kad_post_header":false,"_kad_post_footer":false,"footnotes":""},"class_list":["post-2778","page","type-page","status-publish","hentry"],"acf":[],"rttpg_featured_image_url":null,"rttpg_author":{"display_name":"Tom","author_link":"https:\/\/rocketplay-game.com\/fr\/author\/pemvas95n89x\/"},"rttpg_comment":0,"rttpg_category":null,"rttpg_excerpt":"La soci\u00e9t\u00e9 Aristocrat a cr\u00e9\u00e9 les machines \u00e0 sous gratuites Queen of The Nile, une machine \u00e0 sous vid\u00e9o dot\u00e9e de 24 lignes de paiement et de 5 rouleaux. La machine est bas\u00e9e sur le c\u00e9l\u00e8bre pharaon de l&rsquo;\u00c9gypte ancienne &#8211; la reine Cl\u00e9op\u00e2tre.\u00a0Il y a de nombreuses ann\u00e9es, Cl\u00e9op\u00e2tre s&rsquo;est av\u00e9r\u00e9e \u00eatre le dernier...","_links":{"self":[{"href":"https:\/\/rocketplay-game.com\/fr\/wp-json\/wp\/v2\/pages\/2778","targetHints":{"allow":["GET"]}}],"collection":[{"href":"https:\/\/rocketplay-game.com\/fr\/wp-json\/wp\/v2\/pages"}],"about":[{"href":"https:\/\/rocketplay-game.com\/fr\/wp-json\/wp\/v2\/types\/page"}],"author":[{"embeddable":true,"href":"https:\/\/rocketplay-game.com\/fr\/wp-json\/wp\/v2\/users\/1"}],"replies":[{"embeddable":true,"href":"https:\/\/rocketplay-game.com\/fr\/wp-json\/wp\/v2\/comments?post=2778"}],"version-history":[{"count":3,"href":"https:\/\/rocketplay-game.com\/fr\/wp-json\/wp\/v2\/pages\/2778\/revisions"}],"predecessor-version":[{"id":2784,"href":"https:\/\/rocketplay-game.com\/fr\/wp-json\/wp\/v2\/pages\/2778\/revisions\/2784"}],"up":[{"embeddable":true,"href":"https:\/\/rocketplay-game.com\/fr\/wp-json\/wp\/v2\/pages\/2665"}],"wp:attachment":[{"href":"https:\/\/rocketplay-game.com\/fr\/wp-json\/wp\/v2\/media?parent=2778"}],"curies":[{"name":"wp","href":"https:\/\/api.w.org\/{rel}","templated":true}]}}