{"id":2803,"date":"2022-08-18T18:26:02","date_gmt":"2022-08-18T15:26:02","guid":{"rendered":"https:\/\/rocketplay-game.com\/slots\/wheres-the-gold\/"},"modified":"2025-11-25T23:04:00","modified_gmt":"2025-11-25T20:04:00","slug":"wheres-the-gold","status":"publish","type":"page","link":"https:\/\/rocketplay-game.com\/fr\/slots\/wheres-the-gold\/","title":{"rendered":"Avis O\u00f9 est la machine \u00e0 sous Gold"},"content":{"rendered":"<p><span class=\"\">Le d\u00e9veloppeur de la machine \u00e0 sous est Aristocrat Technology, une soci\u00e9t\u00e9 bien connue sur le march\u00e9 des jeux de hasard.\u00a0<\/span>O\u00f9 la machine \u00e0 sous en ligne Gold est consid\u00e9r\u00e9e comme l&rsquo;une des meilleures cr\u00e9ations de l&rsquo;entreprise.\u00a0Il est id\u00e9al pour tous les utilisateurs, qu&rsquo;ils soient d\u00e9butants ou exp\u00e9riment\u00e9s\u00a0:<\/p>\n<ul>\n<li>Des graphismes incroyables\u00a0;<\/li>\n<li>effets sp\u00e9ciaux;<\/li>\n<li>bandes sonores accompagnant le processus\u00a0;<\/li>\n<li>paiements \u00e9lev\u00e9s\u00a0;<\/li>\n<li>volatilit\u00e9 moyenne;<\/li>\n<li>beau pourcentage de rpt;<\/li>\n<li>disponibilit\u00e9 du mode d\u00e9mo\u00a0!<\/li>\n<\/ul>\n<p>Tout cela peut satisfaire les souhaits des \u00ab\u00a0gourmets\u00a0\u00bb de jeu, m\u00eame les plus exigeants.\u00a0Pour plus de commodit\u00e9, nous pr\u00e9sentons \u00e0 votre attention un tableau qui contient des informations de base sur la machine \u00e0 sous Where&rsquo;s the Gold.<\/p>\n<table border=\"0\" cellspacing=\"0\" cellpadding=\"0\">\n<colgroup>\n<col \/>\n<col \/><\/colgroup>\n<tbody>\n<tr>\n<td>Les caract\u00e9ristiques<\/td>\n<td>D\u00e9tails<\/td>\n<\/tr>\n<tr>\n<td>Quantit\u00e9 de roues<\/td>\n<td>5<\/td>\n<\/tr>\n<tr>\n<td>Quantit\u00e9 de rang\u00e9es<\/td>\n<td>3<\/td>\n<\/tr>\n<tr>\n<td>Lignes de paiement<\/td>\n<td>25<\/td>\n<\/tr>\n<tr>\n<td>Lecture automatique<\/td>\n<td>oui<\/td>\n<\/tr>\n<tr>\n<td>Facteur<\/td>\n<td>oui<\/td>\n<\/tr>\n<tr>\n<td>Cagnotte<\/td>\n<td>oui<\/td>\n<\/tr>\n<tr>\n<td>Tour bonus<\/td>\n<td>non<\/td>\n<\/tr>\n<tr>\n<td>Embl\u00e8mes sp\u00e9ciaux<\/td>\n<td>sauvage, dispers\u00e9<\/td>\n<\/tr>\n<tr>\n<td>D\u00e9veloppeur<\/td>\n<td>Aristocrate<\/td>\n<\/tr>\n<tr>\n<td>RTP<\/td>\n<td>95%<\/td>\n<\/tr>\n<\/tbody>\n<\/table>\n<p>&nbsp;<\/p>\n<h2>Qui vous aidera \u00e0 trouver cet or\u00a0?<\/h2>\n<p>Le personnage principal est un chercheur d&rsquo;or \u00e0 la recherche d&rsquo;une ru\u00e9e vers l&rsquo;or.\u00a0Par cons\u00e9quent, lors du d\u00e9marrage de la machine \u00e0 sous, soyez pr\u00eat \u00e0 partir \u00e0 l&rsquo;aventure avec lui et n&rsquo;oubliez pas de prendre la pioche du chariot avec vous.\u00a0Les graphismes et les effets sp\u00e9ciaux sont d&rsquo;une telle qualit\u00e9 que vous vous sentirez vraiment comme un chercheur de tr\u00e9sors inconnus.\u00a0Avant de commencer le jeu, le joueur choisit son personnage, qui cherchera de l&rsquo;or \u00e0 sa place.\u00a0Parmi les 5 options, vous en trouverez certainement une qui vous plaira.<\/p>\n<p>Afin de jouer \u00e0 Wheres the Gold non seulement pour le plaisir mais aussi pour le profit, familiarisez-vous avec les r\u00e8gles et les principes du jeu.\u00a0Tout d&rsquo;abord, vous devez d\u00e9cider de la taille du pari et du nombre de lignes, et seulement apr\u00e8s cela, commencez la rotation des rouleaux.\u00a0En plus de vous faciliter la t\u00e2che, vous pouvez utiliser la lecture automatique en d\u00e9finissant au pr\u00e9alable tous les param\u00e8tres n\u00e9cessaires.<\/p>\n<p>Si vous sentez que vous n&rsquo;\u00eates pas encore pr\u00eat \u00e0 jouer pour de l&rsquo;argent r\u00e9el, mais que l&rsquo;envie de tenter votre chance est irr\u00e9sistible, la version gratuite de Wheres the Gold vous aidera.\u00a0Ici, sans aucun risque de perdre vos propres \u00e9conomies, vous vous plongerez dans le gameplay ;\u00a0vous pourrez vous familiariser avec les nuances du jeu et m\u00eame construire vos propres tactiques de chasse au tr\u00e9sor.\u00a0Et vous utiliserez avec succ\u00e8s toutes les connaissances acquises dans le jeu pour de l&rsquo;argent car les r\u00e8gles des deux versions sont absolument identiques.<\/p>\n<p><img loading=\"lazy\" decoding=\"async\" class=\"aligncenter wp-image-378 size-full lazy-loaded\" src=\"https:\/\/rocketplay-game.com\/wp-content\/uploads\/2022\/08\/wheres-the-gold-logo.png\" sizes=\"auto, (max-width: 826px) 100vw, 826px\" srcset=\"https:\/\/rocketplay-game.com\/wp-content\/uploads\/2022\/08\/wheres-the-gold-logo.png 826w, https:\/\/rocketplay-game.com\/wp-content\/uploads\/2022\/08\/wheres-the-gold-logo-300x226.png 300w, https:\/\/rocketplay-game.com\/wp-content\/uploads\/2022\/08\/wheres-the-gold-logo-768x577.png 768w, https:\/\/rocketplay-game.com\/wp-content\/uploads\/2022\/08\/wheres-the-gold-logo-600x450.png 600w\" alt=\"o\u00f9 est le logo dor\u00e9\" width=\"826\" height=\"621\" data-lazy-type=\"image\" data-src=\"https:\/\/rocketplay-game.com\/wp-content\/uploads\/2022\/08\/wheres-the-gold-logo.png\" data-srcset=\"\" \/><\/p>\n<h2>Trouver une nouvelle veine d&rsquo;or<\/h2>\n<p>Gr\u00e2ce \u00e0 des technologies innovantes, vous pouvez d\u00e9sormais \u00e9couter vos divertissements pr\u00e9f\u00e9r\u00e9s sans \u00eatre li\u00e9 \u00e0 un lieu sp\u00e9cifique.\u00a0Gr\u00e2ce \u00e0 l&rsquo;application Wheres the Gold, vous pouvez faire tourner les tambours aussi bien dans les embouteillages que dans les points noirs du magasin et \u00e0 toute heure du jour ou de la nuit lorsque vous avez un moment de libre.<\/p>\n<p>Malheureusement, le tour de bonus dans le jeu n&rsquo;est pas fourni par les d\u00e9veloppeurs.\u00a0Mais \u00e0 la place, ils ont programm\u00e9 de nombreuses autres incitations, bonus et beaux cadeaux.\u00a0Le jeu a des jackpots progressifs et un jackpot fixe de 4 000 $.\u00a0Il existe \u00e9galement une fonction Gamble, ou comme il est mieux connu parmi les joueurs, un jeu risqu\u00e9.\u00a0Il vous permet d&rsquo;augmenter le montant du gain de 2 et 4 fois.\u00a0Pour ce faire, il suffit de deviner la couleur de la carte face visible ou sa couleur.<\/p>\n<h2>R\u00e9cup\u00e9rez votre p\u00e9pite d&rsquo;or aujourd&rsquo;hui<\/h2>\n<p>Une autre bonne surprise a \u00e9t\u00e9 que le t\u00e9l\u00e9chargement de la machine \u00e0 sous Where the Gold est extr\u00eamement rapide et sans qu&rsquo;il soit n\u00e9cessaire d&rsquo;installer des programmes suppl\u00e9mentaires.\u00a0Le jeu est disponible pour tous les appareils, y compris les tablettes et les smartphones, fonctionnant sur diff\u00e9rents syst\u00e8mes d&rsquo;exploitation (Android, iOS, Windows).\u00a0Par cons\u00e9quent, vous avez maintenant toutes les opportunit\u00e9s de r\u00e9cup\u00e9rer votre p\u00e9pite d&rsquo;or aujourd&rsquo;hui.<\/p>\n<p>Les utilisateurs seront \u00e9galement ravis par les bonus avantageux pr\u00e9sent\u00e9s dans la machine \u00e0 sous.\u00a0Le jeu a un embl\u00e8me scatter sous la forme d&rsquo;un explosif.\u00a0Si vous collectez une combinaison d&rsquo;au moins trois explosifs, vous pouvez obtenir dix tours gratuits.<\/p>\n<p>Les symboles Wild sont \u00e9galement tr\u00e8s souhaitables et utiles.\u00a0Ils remplacent toute autre image (sauf le scatter), gr\u00e2ce \u00e0 quoi les chances de construire une combinaison gagnante augmentent consid\u00e9rablement.\u00a0Le jeu a \u00e9t\u00e9 cr\u00e9\u00e9 pour qu&rsquo;absolument chaque utilisateur soit satisfait non seulement \u00e9motionnellement, mais aussi puisse s&rsquo;amuser avec un suppl\u00e9ment mon\u00e9taire agr\u00e9able.<\/p>\n<h2>O\u00f9 sont les FAQ Gold Slot<\/h2>\n<h3>Comment jouer \u00e0 la machine \u00e0 sous ?<\/h3>\n<p>Le jeu ne n\u00e9cessite aucune comp\u00e9tence ni capacit\u00e9 suppl\u00e9mentaire.\u00a0Sur l&rsquo;\u00e9cran, le joueur voit 5 rouleaux avec 25 lignes.\u00a0Ces lignes sont utilis\u00e9es pour calculer les paris.\u00a0Apr\u00e8s avoir choisi la taille du d\u00e9p\u00f4t, vous devez appuyer sur le bouton et d\u00e9marrer le jeu.\u00a0Si vous avez de la chance, vous pouvez \u00e9galement gagner un double multiplicateur de gain apr\u00e8s le jackpot.\u00a0Il y a aussi la possibilit\u00e9 de jeux automatiques et de hasard.<\/p>\n<h3>Le jeu est-il gratuit\u00a0?<\/h3>\n<p>La machine \u00e0 sous peut \u00eatre jou\u00e9e \u00e0 la fois pour de l&rsquo;argent et gratuitement.\u00a0Le jeu gratuit est possible lors de l&rsquo;utilisation de la version de d\u00e9monstration.<\/p>\n<h3>Comment gagner de l&rsquo;argent dans la machine \u00e0 sous?<\/h3>\n<p>Chaque joueur doit comprendre que les r\u00e9sultats de la machine \u00e0 sous ne peuvent pas \u00eatre calcul\u00e9s.\u00a0Il s&rsquo;agit d&rsquo;un jeu de hasard dont le r\u00e9sultat d\u00e9pend enti\u00e8rement de la chance.\u00a0Cependant, placez autant de paris que possible.\u00a0Il est pr\u00e9f\u00e9rable de les laisser \u00eatre une d\u00e9nomination plus petite, mais leur nombre sera plus grand.\u00a0Et aussi, soyez actif et pers\u00e9v\u00e9rant.\u00a0Celui qui n&rsquo;essaie pas ne gagne pas.<\/p>\n<p><strong>Avis sur les machines \u00e0 sous\u00a0:<\/strong><\/p>\n<ul>\n<li style=\"list-style-type: none;\">\n<ul>\n<li><a href=\"https:\/\/rocketplay-game.com\/fr\/slots\/more-chilli\">Plus de piment<\/a><\/li>\n<li><a href=\"https:\/\/rocketplay-game.com\/fr\/slots\/indian-dreaming\">R\u00eave indien<\/a><\/li>\n<\/ul>\n<\/li>\n<\/ul>\n","protected":false},"excerpt":{"rendered":"<p>Le d\u00e9veloppeur de la machine \u00e0 sous est Aristocrat Technology, une soci\u00e9t\u00e9 bien connue sur le march\u00e9 des jeux de hasard.\u00a0O\u00f9 la machine \u00e0 sous en ligne Gold est consid\u00e9r\u00e9e comme l&rsquo;une des meilleures cr\u00e9ations de l&rsquo;entreprise.\u00a0Il est id\u00e9al pour tous les utilisateurs, qu&rsquo;ils soient d\u00e9butants ou exp\u00e9riment\u00e9s\u00a0: Des graphismes incroyables\u00a0; effets sp\u00e9ciaux; bandes sonores&#8230;<\/p>\n","protected":false},"author":1,"featured_media":0,"parent":2665,"menu_order":0,"comment_status":"closed","ping_status":"closed","template":"page-with-slot.php","meta":{"_acf_changed":false,"_kad_post_transparent":"default","_kad_post_title":"default","_kad_post_layout":"default","_kad_post_sidebar_id":"","_kad_post_content_style":"default","_kad_post_vertical_padding":"default","_kad_post_feature":"","_kad_post_feature_position":"","_kad_post_header":false,"_kad_post_footer":false,"footnotes":""},"class_list":["post-2803","page","type-page","status-publish","hentry"],"acf":[],"rttpg_featured_image_url":null,"rttpg_author":{"display_name":"Tom","author_link":"https:\/\/rocketplay-game.com\/fr\/author\/pemvas95n89x\/"},"rttpg_comment":0,"rttpg_category":null,"rttpg_excerpt":"Le d\u00e9veloppeur de la machine \u00e0 sous est Aristocrat Technology, une soci\u00e9t\u00e9 bien connue sur le march\u00e9 des jeux de hasard.\u00a0O\u00f9 la machine \u00e0 sous en ligne Gold est consid\u00e9r\u00e9e comme l&rsquo;une des meilleures cr\u00e9ations de l&rsquo;entreprise.\u00a0Il est id\u00e9al pour tous les utilisateurs, qu&rsquo;ils soient d\u00e9butants ou exp\u00e9riment\u00e9s\u00a0: Des graphismes incroyables\u00a0; effets sp\u00e9ciaux; bandes sonores...","_links":{"self":[{"href":"https:\/\/rocketplay-game.com\/fr\/wp-json\/wp\/v2\/pages\/2803","targetHints":{"allow":["GET"]}}],"collection":[{"href":"https:\/\/rocketplay-game.com\/fr\/wp-json\/wp\/v2\/pages"}],"about":[{"href":"https:\/\/rocketplay-game.com\/fr\/wp-json\/wp\/v2\/types\/page"}],"author":[{"embeddable":true,"href":"https:\/\/rocketplay-game.com\/fr\/wp-json\/wp\/v2\/users\/1"}],"replies":[{"embeddable":true,"href":"https:\/\/rocketplay-game.com\/fr\/wp-json\/wp\/v2\/comments?post=2803"}],"version-history":[{"count":3,"href":"https:\/\/rocketplay-game.com\/fr\/wp-json\/wp\/v2\/pages\/2803\/revisions"}],"predecessor-version":[{"id":9081,"href":"https:\/\/rocketplay-game.com\/fr\/wp-json\/wp\/v2\/pages\/2803\/revisions\/9081"}],"up":[{"embeddable":true,"href":"https:\/\/rocketplay-game.com\/fr\/wp-json\/wp\/v2\/pages\/2665"}],"wp:attachment":[{"href":"https:\/\/rocketplay-game.com\/fr\/wp-json\/wp\/v2\/media?parent=2803"}],"curies":[{"name":"wp","href":"https:\/\/api.w.org\/{rel}","templated":true}]}}