{"id":2807,"date":"2022-08-18T18:14:08","date_gmt":"2022-08-18T15:14:08","guid":{"rendered":"https:\/\/rocketplay-game.com\/slots\/wolf-treasure\/"},"modified":"2025-11-21T13:43:53","modified_gmt":"2025-11-21T10:43:53","slug":"wolf-treasure","status":"publish","type":"page","link":"https:\/\/rocketplay-game.com\/fr\/slots\/wolf-treasure\/","title":{"rendered":"\u00c9valuer la machine \u00e0 sous Wolf Treasure"},"content":{"rendered":"<p>Les machines \u00e0 sous Wolf Treasure sont des machines \u00e0 sous qui transportent les joueurs dans le Far West et leur permettent d&rsquo;observer la vie de divers animaux.\u00a0Sur l&rsquo;\u00e9cran de jeu, il est possible de rencontrer divers repr\u00e9sentants du monde animal qui, \u00e9tant de bonne humeur et en bonne compagnie, peuvent m\u00eame donner un m\u00e9ga jackpot.\u00a0Cette machine \u00e0 sous vid\u00e9o passionnante est la cr\u00e9ation d&rsquo;un nouveau d\u00e9veloppeur de contenu de jeu, une jeune entreprise appel\u00e9e IGTech.\u00a0Le plateau de jeu contient 3 rang\u00e9es, 5 rouleaux et 25 lignes de paiement.<\/p>\n<p>Ces excellentes caract\u00e9ristiques donnent aux joueurs, en plus d&rsquo;\u00e9motions excitantes et d&rsquo;aventures extraordinaires avec les loups, un solide potentiel de paiement.\u00a0Plongez-vous dans le monde du Far West et partez \u00e0 l&rsquo;aventure, et avec des graphismes de haute qualit\u00e9, des effets sp\u00e9ciaux et des bandes sonores appropri\u00e9es, il sera tr\u00e8s facile de le faire.<\/p>\n<p><img loading=\"lazy\" decoding=\"async\" class=\"wp-image-375 size-large aligncenter lazy-loaded\" src=\"https:\/\/rocketplay-game.com\/wp-content\/uploads\/2022\/08\/wolf-treasure-logo-1-1024x576.jpeg\" sizes=\"auto, (max-width: 1024px) 100vw, 1024px\" srcset=\"https:\/\/rocketplay-game.com\/wp-content\/uploads\/2022\/08\/wolf-treasure-logo-1-1024x576.jpeg 1024w, https:\/\/rocketplay-game.com\/wp-content\/uploads\/2022\/08\/wolf-treasure-logo-1-300x169.jpeg 300w, https:\/\/rocketplay-game.com\/wp-content\/uploads\/2022\/08\/wolf-treasure-logo-1-768x432.jpeg 768w, https:\/\/rocketplay-game.com\/wp-content\/uploads\/2022\/08\/wolf-treasure-logo-1.jpeg 1200w\" alt=\"Logo du tr\u00e9sor du loup\" width=\"1024\" height=\"576\" data-lazy-type=\"image\" data-src=\"https:\/\/rocketplay-game.com\/wp-content\/uploads\/2022\/08\/wolf-treasure-logo-1-1024x576.jpeg\" data-srcset=\"\" \/><\/p>\n<h2>Comment jouer en ligne en UA\u00a0?<\/h2>\n<p>Wolf Treasure Canada transporte imm\u00e9diatement le joueur dans la nature sauvage. Des effets sp\u00e9ciaux et des sons appropri\u00e9s y contribuent parfaitement. Les tambours sur le plateau de jeu sont situ\u00e9s en face du canyon, de sorte que des remblais de pierre et des paysages th\u00e9matiques appara\u00eetront sous les yeux des joueurs. Tout cela se d\u00e9roulera sur fond de cr\u00e9puscule, qui commence progressivement \u00e0 envelopper tout autour. Et la lune, qui est r\u00e9cemment apparue dans le ciel, a d\u00e9j\u00e0 command\u00e9 aux loups le d\u00e9but de leur saison.<\/p>\n<p>Lors du lancement de la machine \u00e0 sous Wolf Treasure, le joueur voit un \u00e9cran avec 5 rouleaux et 25 lignes de paiement devant lui.\u00a0La machine \u00e0 sous doit \u00eatre lanc\u00e9e de mani\u00e8re \u00e0 ce qu&rsquo;une combinaison gagnante tombe, qui est pay\u00e9e conform\u00e9ment au tableau des valeurs de chaque symbole.\u00a0Le th\u00e8me de la machine \u00e0 sous pr\u00e9sente au joueur des combinaisons d&rsquo;images d&rsquo;animaux et de symboles de cartes.<\/p>\n<p>Le d\u00e9veloppeur du casino Wolf Treasure a \u00e9galement fait preuve d&rsquo;une grande ing\u00e9niosit\u00e9 dans la cr\u00e9ation de symboles mon\u00e9taires.\u00a0Parmi eux se trouvent des enseignes bien r\u00e9mun\u00e9r\u00e9es et moins ch\u00e8res.\u00a0Les images les plus r\u00e9mun\u00e9ratrices incluent\u00a0:<\/p>\n<ul>\n<li>Lions des montagnes\u00a0;<\/li>\n<li>bisons;<\/li>\n<li>Aigles\u00a0;<\/li>\n<li>Mustangs !<\/li>\n<\/ul>\n<p>Les symboles les moins chers ont des images de diff\u00e9rentes cartes &#8211; valet, reine, roi et as.\u00a0De plus, il existe des symboles sauvages et dispers\u00e9s.<\/p>\n<h2>Wolf Treasure Slot RTP, d\u00e9tails et limites de mise<\/h2>\n<p>Pour plus de commodit\u00e9, nous pr\u00e9sentons \u00e0 votre attention un tableau qui contient des informations de base sur la machine \u00e0 sous vid\u00e9o.<\/p>\n<table border=\"0\" cellspacing=\"0\" cellpadding=\"0\">\n<colgroup>\n<col \/>\n<col \/><\/colgroup>\n<tbody>\n<tr>\n<td>Les caract\u00e9ristiques<\/td>\n<td>D\u00e9tails<\/td>\n<\/tr>\n<tr>\n<td>Quantit\u00e9 de roues<\/td>\n<td>5<\/td>\n<\/tr>\n<tr>\n<td>Quantit\u00e9 de rang\u00e9es<\/td>\n<td>3<\/td>\n<\/tr>\n<tr>\n<td>Lignes de paiement<\/td>\n<td>25<\/td>\n<\/tr>\n<tr>\n<td>Mise minimale<\/td>\n<td>0,25 dollars<\/td>\n<\/tr>\n<tr>\n<td>Mise maximale<\/td>\n<td>25 dollars<\/td>\n<\/tr>\n<tr>\n<td>Cagnotte<\/td>\n<td>mini, majeur, m\u00e9ga<\/td>\n<\/tr>\n<tr>\n<td>Version mobile<\/td>\n<td>+<\/td>\n<\/tr>\n<tr>\n<td>Embl\u00e8mes sp\u00e9ciaux<\/td>\n<td>sauvage, dispers\u00e9<\/td>\n<\/tr>\n<tr>\n<td>D\u00e9veloppeur<\/td>\n<td>IGTech<\/td>\n<\/tr>\n<tr>\n<td>RTP<\/td>\n<td>quatre-vingt-seize%<\/td>\n<\/tr>\n<\/tbody>\n<\/table>\n<p>&nbsp;<\/p>\n<h2>Fonctionnalit\u00e9s bonus et jeux dans la machine \u00e0 sous Wolf Treasure<\/h2>\n<p>Des symboles sp\u00e9ciaux vous aideront non seulement \u00e0 rendre le jeu int\u00e9ressant et passionnant, mais aussi \u00e0 obtenir des opportunit\u00e9s suppl\u00e9mentaires de gagner.\u00a0De cette mani\u00e8re, trois scatters tombant en m\u00eame temps apporteront un facteur multipliant votre mise initiale par 1 et cinq tours bonus.<\/p>\n<p>Des tours gratuits Wolf Treasure seront attribu\u00e9s aux joueurs chaque fois que trois symboles scatter appara\u00eetront sur le terrain de jeu en m\u00eame temps.\u00a0Il s&rsquo;agit d&rsquo;une fonctionnalit\u00e9 extr\u00eamement b\u00e9n\u00e9fique qui vous aidera \u00e0 gagner plus souvent un prix en argent.<\/p>\n<p>De plus, Wolf Treasure bonus sans d\u00e9p\u00f4t Canada offrira aux utilisateurs des opportunit\u00e9s suppl\u00e9mentaires de gagner. Ils sont attribu\u00e9s sous forme de tours gratuits et peuvent \u00eatre utilis\u00e9s pendant le jeu. Habituellement, ces incitations sont accord\u00e9es aux nouveaux joueurs. Cependant, ils offrent \u00e9galement des conditions favorables et des cadeaux pour les joueurs exp\u00e9riment\u00e9s. Et le prix le plus important sera l&rsquo;opportunit\u00e9 de gagner le m\u00e9ga jackpot.<\/p>\n<p>Si vous n&rsquo;\u00eates pas pr\u00eat \u00e0 miser de l&rsquo;argent tout de suite, vous pouvez essayer le mode d\u00e9mo.\u00a0Il s&rsquo;agit d&rsquo;une version absolument identique du jeu, dans laquelle les paris sont plac\u00e9s sur des pi\u00e8ces virtuelles.\u00a0C&rsquo;est \u00e9galement une excellente occasion de d\u00e9couvrir la machine \u00e0 sous, de comprendre son fonctionnement, d&rsquo;apprendre les r\u00e8gles et le prix des symboles, ainsi que de d\u00e9velopper vos propres tactiques et strat\u00e9gies.<\/p>\n<h2>FAQ<\/h2>\n<h3>Comment jouer \u00e0 la machine \u00e0 sous Wolf Treasure ?<\/h3>\n<p>Lors du lancement de la machine \u00e0 sous Wolf Treasure, le joueur voit un \u00e9cran avec 5 rouleaux et 25 lignes de paiement devant lui.\u00a0La machine \u00e0 sous doit \u00eatre lanc\u00e9e de mani\u00e8re \u00e0 ce qu&rsquo;une combinaison gagnante tombe, qui est pay\u00e9e conform\u00e9ment au tableau des valeurs de chaque ic\u00f4ne.<\/p>\n<h3>La machine \u00e0 sous Wolf Treasure peut-elle \u00eatre jou\u00e9e gratuitement ?<\/h3>\n<p>Les d\u00e9veloppeurs de la machine \u00e0 sous ont fourni une option de jeu gratuite dans la version de d\u00e9monstration.\u00a0La version analogique n&rsquo;est pas diff\u00e9rente de la version originale.\u00a0Les graphiques, les r\u00e8gles et les symboles sont les m\u00eames.\u00a0La seule diff\u00e9rence est dans la victoire.\u00a0Dans la version d\u00e9mo, vous pouvez gagner, mais il est impossible de gagner de l&rsquo;argent.<\/p>\n<h3>Comment gagner de l&rsquo;argent dans la machine \u00e0 sous Wolf Treasure ?<\/h3>\n<p>Comme pour toute autre machine \u00e0 sous, pour celle-ci, le moment de chance du joueur est le principal facteur de gain.\u00a0Il est impossible de garantir le succ\u00e8s du spin, mais vous pouvez maximiser les chances de gagner.\u00a0Le secret est de r\u00e9partir vos finances sur un maximum de mises.<\/p>\n<p><strong>Avis sur les machines \u00e0 sous\u00a0:<\/strong><\/p>\n<ul>\n<li style=\"list-style-type: none;\">\n<ul>\n<li><a href=\"https:\/\/rocketplay-game.com\/fr\/slots\/money-train-2\/\">Train d&rsquo;argent 2<\/a><\/li>\n<li><a href=\"https:\/\/rocketplay-game.com\/fr\/slots\/queen-of-the-nile\/\">Reine du Nil<\/a><\/li>\n<\/ul>\n<\/li>\n<\/ul>\n","protected":false},"excerpt":{"rendered":"<p>Les machines \u00e0 sous Wolf Treasure sont des machines \u00e0 sous qui transportent les joueurs dans le Far West et leur permettent d&rsquo;observer la vie de divers animaux.\u00a0Sur l&rsquo;\u00e9cran de jeu, il est possible de rencontrer divers repr\u00e9sentants du monde animal qui, \u00e9tant de bonne humeur et en bonne compagnie, peuvent m\u00eame donner un m\u00e9ga&#8230;<\/p>\n","protected":false},"author":1,"featured_media":0,"parent":2665,"menu_order":0,"comment_status":"closed","ping_status":"closed","template":"page-with-slot.php","meta":{"_acf_changed":false,"_kad_post_transparent":"default","_kad_post_title":"default","_kad_post_layout":"default","_kad_post_sidebar_id":"","_kad_post_content_style":"default","_kad_post_vertical_padding":"default","_kad_post_feature":"","_kad_post_feature_position":"","_kad_post_header":false,"_kad_post_footer":false,"footnotes":""},"class_list":["post-2807","page","type-page","status-publish","hentry"],"acf":[],"rttpg_featured_image_url":null,"rttpg_author":{"display_name":"Tom","author_link":"https:\/\/rocketplay-game.com\/fr\/author\/pemvas95n89x\/"},"rttpg_comment":0,"rttpg_category":null,"rttpg_excerpt":"Les machines \u00e0 sous Wolf Treasure sont des machines \u00e0 sous qui transportent les joueurs dans le Far West et leur permettent d&rsquo;observer la vie de divers animaux.\u00a0Sur l&rsquo;\u00e9cran de jeu, il est possible de rencontrer divers repr\u00e9sentants du monde animal qui, \u00e9tant de bonne humeur et en bonne compagnie, peuvent m\u00eame donner un m\u00e9ga...","_links":{"self":[{"href":"https:\/\/rocketplay-game.com\/fr\/wp-json\/wp\/v2\/pages\/2807","targetHints":{"allow":["GET"]}}],"collection":[{"href":"https:\/\/rocketplay-game.com\/fr\/wp-json\/wp\/v2\/pages"}],"about":[{"href":"https:\/\/rocketplay-game.com\/fr\/wp-json\/wp\/v2\/types\/page"}],"author":[{"embeddable":true,"href":"https:\/\/rocketplay-game.com\/fr\/wp-json\/wp\/v2\/users\/1"}],"replies":[{"embeddable":true,"href":"https:\/\/rocketplay-game.com\/fr\/wp-json\/wp\/v2\/comments?post=2807"}],"version-history":[{"count":3,"href":"https:\/\/rocketplay-game.com\/fr\/wp-json\/wp\/v2\/pages\/2807\/revisions"}],"predecessor-version":[{"id":2810,"href":"https:\/\/rocketplay-game.com\/fr\/wp-json\/wp\/v2\/pages\/2807\/revisions\/2810"}],"up":[{"embeddable":true,"href":"https:\/\/rocketplay-game.com\/fr\/wp-json\/wp\/v2\/pages\/2665"}],"wp:attachment":[{"href":"https:\/\/rocketplay-game.com\/fr\/wp-json\/wp\/v2\/media?parent=2807"}],"curies":[{"name":"wp","href":"https:\/\/api.w.org\/{rel}","templated":true}]}}