{"id":2812,"date":"2022-10-03T14:13:39","date_gmt":"2022-10-03T11:13:39","guid":{"rendered":"https:\/\/rocketplay-game.com\/slots\/sun-of-fortune\/"},"modified":"2025-11-25T23:00:54","modified_gmt":"2025-11-25T20:00:54","slug":"sun-of-fortune","status":"publish","type":"page","link":"https:\/\/rocketplay-game.com\/fr\/slots\/sun-of-fortune\/","title":{"rendered":"Soleil de fortune sur RocketPlay"},"content":{"rendered":"<p>Le cr\u00e9ateur de jeux en ligne \u2013 la soci\u00e9t\u00e9 Wazdan a publi\u00e9 sa cr\u00e9ation, permettant aux utilisateurs de concourir pour le jackpot.\u00a0La machine \u00e0 sous sp\u00e9ciale Rocket Play Sun of Fortune est d\u00e9clench\u00e9e lorsque plusieurs images sp\u00e9ciales apparaissent en combinaison.\u00a0Il devrait y en avoir au moins 6.\u00a0Dans le cas o\u00f9 moins d&rsquo;images apparaissent, rien ne change.<\/p>\n<p>Ensuite, un autre tour est activ\u00e9, ce qui offre la possibilit\u00e9 d&rsquo;inclure une offre sp\u00e9ciale &#8211; Hold the Jackpot.\u00a0Lorsqu&rsquo;il s&rsquo;allume, le joueur doit passer par 3 \u00e9tapes.\u00a0Apr\u00e8s chacun d&rsquo;eux, une r\u00e9initialisation se produit lorsque des images sp\u00e9ciales apparaissent.<\/p>\n<p>La machine \u00e0 sous en ligne Rocket Play Sun of Fortune plaira \u00e0 de nombreux joueurs.\u00a0Apr\u00e8s tout, beaucoup de gens connaissent et aiment la fonction de maintien du jackpot.\u00a0Une p\u00e9riode sp\u00e9ciale est activ\u00e9e lorsque 6 images sp\u00e9ciales ou plus apparaissent en 1 tour.<\/p>\n<p>Mais le fabricant a facilit\u00e9 le processus d&rsquo;activation d&rsquo;une p\u00e9riode sp\u00e9ciale.\u00a0Lorsque trois, quatre ou cinq images sp\u00e9ciales apparaissent, elles sont enregistr\u00e9es lors du tour sp\u00e9cial suivant.\u00a0Lorsque la p\u00e9riode suppl\u00e9mentaire est activ\u00e9e, l&rsquo;utilisateur re\u00e7oit trois tours sp\u00e9ciaux.\u00a0Ensuite, les rotations sont mises \u00e0 jour avec l&rsquo;av\u00e8nement d&rsquo;une image sp\u00e9ciale.<\/p>\n<p><img loading=\"lazy\" decoding=\"async\" class=\"aligncenter wp-image-515 size-full lazy-loaded\" src=\"https:\/\/rocketplay-game.com\/wp-content\/uploads\/2022\/10\/sun-of-fortune.jpeg\" sizes=\"auto, (max-width: 1140px) 100vw, 1140px\" srcset=\"https:\/\/rocketplay-game.com\/wp-content\/uploads\/2022\/10\/sun-of-fortune.jpeg 1140w, https:\/\/rocketplay-game.com\/wp-content\/uploads\/2022\/10\/sun-of-fortune-300x92.jpeg 300w, https:\/\/rocketplay-game.com\/wp-content\/uploads\/2022\/10\/sun-of-fortune-1024x314.jpeg 1024w, https:\/\/rocketplay-game.com\/wp-content\/uploads\/2022\/10\/sun-of-fortune-768x236.jpeg 768w\" alt=\"Soleil de Fortune\" width=\"1140\" height=\"350\" data-lazy-type=\"image\" data-src=\"https:\/\/rocketplay-game.com\/wp-content\/uploads\/2022\/10\/sun-of-fortune.jpeg\" data-srcset=\"\" \/><\/p>\n<h2>Options et fonctionnalit\u00e9s de pari<\/h2>\n<p>Apr\u00e8s l&rsquo;examen de la machine \u00e0 sous Rocket Play Sun of Fortune, nous voyons un terrain de jeu 4 \u00d7 4 et seize rouleaux individuels.\u00a0La machine d\u00e9marre le processus de jeu, dans lequel une combinaison de 8 images identiques doit appara\u00eetre.\u00a0Lorsque cela se produit, le joueur gagne de l&rsquo;argent.\u00a0Joker peut remplacer n&rsquo;importe quelle image, mais pas des images sp\u00e9ciales.<\/p>\n<p>Une nouveaut\u00e9 du fabricant Wazdan \u2013 le jeu de machine \u00e0 sous Rocket Play Sun of Fortune offre aux utilisateurs une fonctionnalit\u00e9 moderne tr\u00e8s pratique.\u00a0Par exemple, un mode acc\u00e9l\u00e9r\u00e9, un \u00e9largissement du terrain de jeu et une bonne volatilit\u00e9.\u00a0Vous trouverez de nombreuses surprises agr\u00e9ables dans la machine qui vous aideront \u00e0 gagner un prix en argent.<\/p>\n<h2>Th\u00e8me et symboles<\/h2>\n<p>Il y a des frais pour chaque image sp\u00e9ciale.\u00a0Il est donn\u00e9 \u00e0 la fin du tour suppl\u00e9mentaire sp\u00e9cial.\u00a0Ce tour sera inclus sous la forme de tours gratuits Rocket Play Sun of Fortune.\u00a0L&rsquo;utilisateur peut gagner un petit jackpot, un jackpot l\u00e9g\u00e8rement plus grand ou le gain maximum.\u00a0Ces jackpots sont offerts sous forme de surprises sp\u00e9ciales dans le jeu.<\/p>\n<p>L&rsquo;essence du jeu est d&rsquo;obtenir la plus grande somme d&rsquo;argent &#8211; le Grand Jackpot.\u00a0C&rsquo;est mille fois plus que le montant initial.\u00a0Mais pour cela, tout le champ doit \u00eatre rempli d&rsquo;images sp\u00e9ciales.\u00a0En fin de compte, le joueur peut gagner beaucoup d&rsquo;argent.\u00a0Le jackpot peut s&rsquo;ajouter \u00e0 divers prix.<\/p>\n<p>Nous voyons que la machine \u00e0 sous transmet la v\u00e9ritable atmosph\u00e8re chinoise.\u00a0Il est transmis par des images sp\u00e9ciales que l&rsquo;on retrouve sur le terrain de jeu.\u00a0Vous verrez des images de :<\/p>\n<ul>\n<li>dragons,<\/li>\n<li>tortues-dragons,<\/li>\n<li>poisson ko\u00ef,<\/li>\n<li>ph\u00e9nix chinois,<\/li>\n<li>symboles de bonus dor\u00e9s puissants avec des images de soleil ardentes.<\/li>\n<\/ul>\n<p>Comme d\u00e9j\u00e0 mentionn\u00e9, la machine \u00e0 sous est \u00e9quip\u00e9e de fonctionnalit\u00e9s modernes et pratiques.\u00a0Vous pouvez acc\u00e9l\u00e9rer le gameplay, augmenter le terrain de jeu sur le moniteur et surveiller la volatilit\u00e9.\u00a0Vous pouvez \u00e9galement utiliser la fonction \u00ab\u00a0acheter\u00a0\u00bb.\u00a0Avec son aide, une p\u00e9riode suppl\u00e9mentaire sp\u00e9ciale, \u00ab maintenez le jackpot \u00bb, est activ\u00e9e.\u00a0Vous pouvez l&rsquo;activer quand vous le souhaitez.<\/p>\n<h2>FAQ<\/h2>\n<h3>Comment gagner de l&rsquo;argent ?<\/h3>\n<p>Pour gagner sur les 16 rouleaux 4\u00d74 ind\u00e9pendants du jeu standard, vous devez frapper huit symboles identiques.\u00a0Wild peut remplacer n&rsquo;importe quelle image, mais pas une image sp\u00e9ciale.<\/p>\n<h3>Y a-t-il un jackpot ?<\/h3>\n<p>Le plus gros gain unique est le Grand Jackpot, qui augmente la mise jusqu&rsquo;\u00e0 1000x.\u00a0Pour obtenir une telle victoire, tout le terrain de jeu doit \u00eatre dans des images sp\u00e9ciales.\u00a0Mais ce n&rsquo;est pas tout &#8211; il convient de noter que les jackpots touch\u00e9s s&rsquo;ajoutent aux autres gains !<\/p>\n<h3>Quels sont les caract\u00e8res sp\u00e9ciaux ?<\/h3>\n<p>Les symboles bonus garantissent des gains de diff\u00e9rents montants, et vous pouvez \u00e9galement gagner des jackpots de diff\u00e9rentes tailles.<\/p>\n<p><strong>A lire \u00e9galement sur :<\/strong><\/p>\n<ul>\n<li style=\"list-style-type: none;\">\n<ul>\n<li><a href=\"https:\/\/rocketplay-game.com\/fr\/slots\/cash-pig\">Cochon d&rsquo;argent<\/a><\/li>\n<li><a href=\"https:\/\/rocketplay-game.com\/fr\/slots\/elvis-frog-vegas\/\">Grenouille Elvis \u00e0h<\/a><\/li>\n<\/ul>\n<\/li>\n<\/ul>\n","protected":false},"excerpt":{"rendered":"<p>Le cr\u00e9ateur de jeux en ligne \u2013 la soci\u00e9t\u00e9 Wazdan a publi\u00e9 sa cr\u00e9ation, permettant aux utilisateurs de concourir pour le jackpot.\u00a0La machine \u00e0 sous sp\u00e9ciale Rocket Play Sun of Fortune est d\u00e9clench\u00e9e lorsque plusieurs images sp\u00e9ciales apparaissent en combinaison.\u00a0Il devrait y en avoir au moins 6.\u00a0Dans le cas o\u00f9 moins d&rsquo;images apparaissent, rien ne&#8230;<\/p>\n","protected":false},"author":1,"featured_media":0,"parent":2665,"menu_order":0,"comment_status":"closed","ping_status":"closed","template":"page-with-slot.php","meta":{"_acf_changed":false,"_kad_post_transparent":"default","_kad_post_title":"default","_kad_post_layout":"default","_kad_post_sidebar_id":"","_kad_post_content_style":"default","_kad_post_vertical_padding":"default","_kad_post_feature":"","_kad_post_feature_position":"","_kad_post_header":false,"_kad_post_footer":false,"footnotes":""},"class_list":["post-2812","page","type-page","status-publish","hentry"],"acf":[],"rttpg_featured_image_url":null,"rttpg_author":{"display_name":"Tom","author_link":"https:\/\/rocketplay-game.com\/fr\/author\/pemvas95n89x\/"},"rttpg_comment":0,"rttpg_category":null,"rttpg_excerpt":"Le cr\u00e9ateur de jeux en ligne \u2013 la soci\u00e9t\u00e9 Wazdan a publi\u00e9 sa cr\u00e9ation, permettant aux utilisateurs de concourir pour le jackpot.\u00a0La machine \u00e0 sous sp\u00e9ciale Rocket Play Sun of Fortune est d\u00e9clench\u00e9e lorsque plusieurs images sp\u00e9ciales apparaissent en combinaison.\u00a0Il devrait y en avoir au moins 6.\u00a0Dans le cas o\u00f9 moins d&rsquo;images apparaissent, rien ne...","_links":{"self":[{"href":"https:\/\/rocketplay-game.com\/fr\/wp-json\/wp\/v2\/pages\/2812","targetHints":{"allow":["GET"]}}],"collection":[{"href":"https:\/\/rocketplay-game.com\/fr\/wp-json\/wp\/v2\/pages"}],"about":[{"href":"https:\/\/rocketplay-game.com\/fr\/wp-json\/wp\/v2\/types\/page"}],"author":[{"embeddable":true,"href":"https:\/\/rocketplay-game.com\/fr\/wp-json\/wp\/v2\/users\/1"}],"replies":[{"embeddable":true,"href":"https:\/\/rocketplay-game.com\/fr\/wp-json\/wp\/v2\/comments?post=2812"}],"version-history":[{"count":3,"href":"https:\/\/rocketplay-game.com\/fr\/wp-json\/wp\/v2\/pages\/2812\/revisions"}],"predecessor-version":[{"id":2815,"href":"https:\/\/rocketplay-game.com\/fr\/wp-json\/wp\/v2\/pages\/2812\/revisions\/2815"}],"up":[{"embeddable":true,"href":"https:\/\/rocketplay-game.com\/fr\/wp-json\/wp\/v2\/pages\/2665"}],"wp:attachment":[{"href":"https:\/\/rocketplay-game.com\/fr\/wp-json\/wp\/v2\/media?parent=2812"}],"curies":[{"name":"wp","href":"https:\/\/api.w.org\/{rel}","templated":true}]}}