{"id":2818,"date":"2022-08-11T21:12:04","date_gmt":"2022-08-11T18:12:04","guid":{"rendered":"https:\/\/rocketplay-game.com\/cashback\/"},"modified":"2022-10-30T13:35:58","modified_gmt":"2022-10-30T10:35:58","slug":"cashback","status":"publish","type":"page","link":"https:\/\/rocketplay-game.com\/fr\/cashback\/","title":{"rendered":"Remise en argent du casino RocketPlay"},"content":{"rendered":"<p><img loading=\"lazy\" decoding=\"async\" class=\" wp-image-316 aligncenter\" src=\"https:\/\/rocketplay-game.com\/wp-content\/uploads\/2022\/08\/what-is-a-casino-cashback-300x100.jpg\" alt=\"cashback\" width=\"612\" height=\"204\" srcset=\"https:\/\/rocketplay-game.com\/wp-content\/uploads\/2022\/08\/what-is-a-casino-cashback-300x100.jpg 300w, https:\/\/rocketplay-game.com\/wp-content\/uploads\/2022\/08\/what-is-a-casino-cashback-768x256.jpg 768w, https:\/\/rocketplay-game.com\/wp-content\/uploads\/2022\/08\/what-is-a-casino-cashback.jpg 827w\" sizes=\"auto, (max-width: 612px) 100vw, 612px\" \/><\/p>\n<p>Le bonus cashback de Casino\u00a0<a href=\"https:\/\/rocketplay-game.com\/fr\">RocketPlay<\/a>\u00a0est l&rsquo;un des bonus de casino agr\u00e9ables qui peuvent \u00eatre re\u00e7us non pas tant par les nouveaux utilisateurs que par les joueurs exp\u00e9riment\u00e9s.\u00a0Apr\u00e8s tout, le cashback n&rsquo;est cr\u00e9dit\u00e9 qu&rsquo;aux joueurs qui pr\u00e9f\u00e8rent un jeu r\u00e9gulier pour de l&rsquo;argent r\u00e9el, et peu importe si les utilisateurs sont des petits joueurs ou des gros joueurs.\u00a0Cependant, le montant du cashback d\u00e9pend du montant que l&rsquo;utilisateur joue dans le jeu de machine \u00e0 sous pour de l&rsquo;argent r\u00e9el.<\/p>\n<p>Par cons\u00e9quent, le cashback est un bonus n\u00e9cessaire pour les utilisateurs qui ont perdu une partie de leur argent ou la totalit\u00e9 de leur argent de d\u00e9p\u00f4t et qui sont pr\u00eats \u00e0 quitter le jeu pour de l&rsquo;argent r\u00e9el.\u00a0Les utilisateurs de cashback du casino RocketPlay doivent revenir encore et encore sur le site officiel du casino pour de nouveaux d\u00e9fis et des introductions \u00e0 la collection de jeux de hasard en ligne de RocketPlay.<\/p>\n<h2>Comment utiliser le cashback ?<\/h2>\n<p>Bien que les nouveaux utilisateurs se jettent imm\u00e9diatement sur le package de bonus priv\u00e9, ce n&rsquo;est pas la seule bonne surprise pour les joueurs en ligne exp\u00e9riment\u00e9s.\u00a0En plus du package priv\u00e9 avec un bonus de 100% et 100\u00a0<a href=\"https:\/\/rocketplay-game.com\/fr\/free-spins\/\">tours gratuits<\/a>\u00a0, l&rsquo;utilisateur a acc\u00e8s \u00e0 un cashback hebdomadaire.\u00a0Cashback casino en ligne RocketPlay \u00e0 tous les utilisateurs, mais tous les utilisateurs ne peuvent pas profiter pleinement d&rsquo;une offre aussi unique.\u00a0C&rsquo;est de \u00e7a qu&rsquo;il s&rsquo;agit ?<\/p>\n<p>Tout d&rsquo;abord, vous devez vous rappeler que le site officiel du casino en ligne n&rsquo;est disponible que dans une seule langue &#8211; l&rsquo;anglais, ce qui est pratique.\u00a0Une langue n&rsquo;a pas besoin d&rsquo;\u00eatre chang\u00e9e et le site est accessible aux plus grands utilisateurs du monde.\u00a0Ensuite, apr\u00e8s inscription, l&rsquo;utilisateur dispose d&rsquo;un compte personnel avec un compte de jeu.<\/p>\n<p>L&rsquo;inscription est instantan\u00e9e, il vous suffit de confirmer l&rsquo;ach\u00e8vement de la proc\u00e9dure d&rsquo;inscription en suivant le lien qui se trouve dans la lettre du casino dans votre courrier personnel.\u00a0Jusqu&rsquo;\u00e0 14 jours sont allou\u00e9s pour la v\u00e9rification, ce qui oblige l&rsquo;utilisateur \u00e0 envoyer une copie d&rsquo;un document confirmant l&rsquo;identit\u00e9 de l&rsquo;utilisateur en tant que personne r\u00e9elle.\u00a0Ensuite, le jeu en argent r\u00e9el commence, ce qui est une garantie de recevoir votre premier cashback sur le site du casino RocketPlay.<\/p>\n<p>Le cashback du casino en ligne RocketPlay est calcul\u00e9 en fonction du programme de fid\u00e9lit\u00e9 du casino.\u00a0Il existe 10 statuts de joueur, chacun donnant acc\u00e8s \u00e0 un certain ensemble de privil\u00e8ges.\u00a0S&rsquo;il s&rsquo;agit de Bronze, l&rsquo;utilisateur dispose r\u00e9guli\u00e8rement de 10 tours gratuits, qui sont compt\u00e9s comme un cadeau.\u00a0Alors que Silver augmente le montant du cashback jusqu&rsquo;\u00e0 3% du montant des fonds d\u00e9pos\u00e9s, qui ont d\u00fb \u00eatre perdus en une semaine et un jeu intense de divers jeux en ligne en argent en temps r\u00e9el.<\/p>\n<p>Le montant le plus \u00e9lev\u00e9 de cashback peut \u00eatre obtenu si l&rsquo;utilisateur atteint le niveau Diamond Legend, bien qu&rsquo;il soit de 15 %.\u00a0Qu&rsquo;est-ce qui reste le m\u00eame ?\u00a0Le cashback est pay\u00e9 tous les lundis, mise &#8211; x5.<\/p>\n<h2>Retirer le bonus de cashback<\/h2>\n<p>En ce qui concerne le cashback du casino bitcoin RocketPlay, le cashback est l&rsquo;ensemble de l&rsquo;offre de bonus, donc les utilisateurs font tout particuli\u00e8rement un peu d&rsquo;effort pour obtenir cette bonne prime du bonus du casino.\u00a0Ce bonus est calcul\u00e9 avec la mise x5, il doit donc \u00eatre rempli.\u00a0Ce montant de cashback est requis conform\u00e9ment aux conditions de sa r\u00e9ception et autrement.\u00a0Les paris disciplinent assez souvent non seulement les utilisateurs de RocketPlay, mais aussi leur tentative ind\u00e9niable.<\/p>\n<p>L&rsquo;utilisateur choisit le mode de paiement pour r\u00e9approvisionner le compte de jeu et en retirer des fonds au stade de l&rsquo;inscription, plus pr\u00e9cis\u00e9ment lorsqu&rsquo;il effectue son premier d\u00e9p\u00f4t pour la premi\u00e8re fois.\u00a0Il y a une limite au montant d&rsquo;argent qu&rsquo;un joueur peut retirer de son compte pendant un mois.<\/p>\n<p>Seuls les utilisateurs qui ont atteint le statut VIP ne seront pas affect\u00e9s par les restrictions, ils peuvent donc retirer autant qu&rsquo;ils ont r\u00e9ussi \u00e0 jouer aux machines \u00e0 sous ou \u00e0 d&rsquo;autres jeux de hasard en ligne en argent r\u00e9el.\u00a0Vous pouvez choisir la devise que l&rsquo;utilisateur utilisera pour jouer en argent r\u00e9el lors de l&rsquo;inscription et de la cr\u00e9ation d&rsquo;un nouveau compte RocketPlay.<\/p>\n<p><img loading=\"lazy\" decoding=\"async\" class=\"wp-image-317 aligncenter lazy-loaded\" src=\"https:\/\/rocketplay-game.com\/wp-content\/uploads\/2022\/08\/cashback-300x99.jpg\" sizes=\"auto, (max-width: 673px) 100vw, 673px\" srcset=\"https:\/\/rocketplay-game.com\/wp-content\/uploads\/2022\/08\/cashback-300x99.jpg 300w, https:\/\/rocketplay-game.com\/wp-content\/uploads\/2022\/08\/cashback-1024x336.jpg 1024w, https:\/\/rocketplay-game.com\/wp-content\/uploads\/2022\/08\/cashback-768x252.jpg 768w, https:\/\/rocketplay-game.com\/wp-content\/uploads\/2022\/08\/cashback.jpg 1200w\" alt=\"jeu de fus\u00e9e cashback\" width=\"673\" height=\"222\" data-lazy-type=\"image\" data-src=\"https:\/\/rocketplay-game.com\/wp-content\/uploads\/2022\/08\/cashback-300x99.jpg\" data-srcset=\"\" \/><\/p>\n<h2>FAQ<\/h2>\n<h3>Quels sont les 10 niveaux de joueurs pass\u00e9s dans le programme de fid\u00e9lit\u00e9 du casino, dans quelles conditions pouvez-vous obtenir du cashback et divers bonus ?<\/h3>\n<p>Concernant le programme de fid\u00e9lit\u00e9 du casino, il existe 10 statuts de joueur qui peuvent rendre son s\u00e9jour sur le site du casino encore plus merveilleux.\u00a0Apr\u00e8s tout, \u00e0 chaque nouveau niveau, l&rsquo;utilisateur re\u00e7oit de plus en plus de tours gratuits en cadeau.\u00a0En commen\u00e7ant par Bronze, Silver, Golden, Platinum, Diamond, Silver Legend, l&rsquo;utilisateur re\u00e7oit de 15 \u00e0 300 tours gratuits sur les machines \u00e0 sous pr\u00e9sent\u00e9es dans la collection standard de jeux de hasard en ligne.\u00a0Quant au cashback, il passe de 3% \u00e0 10%.\u00a0Au niveau Golden Legend, le cashback passe \u00e0 12%, mais pas de bonus sans d\u00e9p\u00f4t en cadeau.\u00a0Platinum Legend, Diamond Legend augmentent le montant du cashback \u00e0 13% et 15%, respectivement, et encore une fois tous les tours gratuits.<\/p>\n<h3>Le casino a-t-il une version mobile ?<\/h3>\n<p>Afin de simplifier le jeu pour de l&rsquo;argent r\u00e9el aux utilisateurs qui n&rsquo;ont pas jou\u00e9 aux jeux de hasard en ligne pour la premi\u00e8re fois, le casino leur propose de t\u00e9l\u00e9charger une application mobile.\u00a0Cependant, l&rsquo;application mobile peut \u00eatre t\u00e9l\u00e9charg\u00e9e par tous les utilisateurs qui pr\u00e9voient de jouer aux machines \u00e0 sous ou \u00e0 d&rsquo;autres jeux de hasard en ligne pour de l&rsquo;argent r\u00e9el.\u00a0De plus, pour le t\u00e9l\u00e9chargement de l&rsquo;application mobile, l&rsquo;utilisateur re\u00e7oit des tours gratuits suppl\u00e9mentaires des rouleaux dans certaines machines \u00e0 sous, ce qui est un bonus et un excellent d\u00e9but pour jouer avec de l&rsquo;argent r\u00e9el.\u00a0Les utilisateurs d&rsquo;appareils bas\u00e9s sur Android et iOS peuvent t\u00e9l\u00e9charger l&rsquo;application mobile sur le site officiel du casino en ligne.\u00a0Mais il faut tenir compte du fait que la version mobile est d\u00e9pourvue de certaines fonctionnalit\u00e9s, de sorte que le gebler ne doit pas compl\u00e8tement refuser d&rsquo;utiliser la version compl\u00e8te du site RocketPlay.<\/p>\n","protected":false},"excerpt":{"rendered":"<p>Le bonus cashback de Casino\u00a0RocketPlay\u00a0est l&rsquo;un des bonus de casino agr\u00e9ables qui peuvent \u00eatre re\u00e7us non pas tant par les nouveaux utilisateurs que par les joueurs exp\u00e9riment\u00e9s.\u00a0Apr\u00e8s tout, le cashback n&rsquo;est cr\u00e9dit\u00e9 qu&rsquo;aux joueurs qui pr\u00e9f\u00e8rent un jeu r\u00e9gulier pour de l&rsquo;argent r\u00e9el, et peu importe si les utilisateurs sont des petits joueurs ou des&#8230;<\/p>\n","protected":false},"author":1,"featured_media":0,"parent":0,"menu_order":0,"comment_status":"closed","ping_status":"closed","template":"","meta":{"_acf_changed":false,"_kad_post_transparent":"default","_kad_post_title":"default","_kad_post_layout":"default","_kad_post_sidebar_id":"","_kad_post_content_style":"default","_kad_post_vertical_padding":"default","_kad_post_feature":"","_kad_post_feature_position":"","_kad_post_header":false,"_kad_post_footer":false,"footnotes":""},"class_list":["post-2818","page","type-page","status-publish","hentry"],"acf":[],"rttpg_featured_image_url":null,"rttpg_author":{"display_name":"Tom","author_link":"https:\/\/rocketplay-game.com\/fr\/author\/pemvas95n89x\/"},"rttpg_comment":0,"rttpg_category":null,"rttpg_excerpt":"Le bonus cashback de Casino\u00a0RocketPlay\u00a0est l&rsquo;un des bonus de casino agr\u00e9ables qui peuvent \u00eatre re\u00e7us non pas tant par les nouveaux utilisateurs que par les joueurs exp\u00e9riment\u00e9s.\u00a0Apr\u00e8s tout, le cashback n&rsquo;est cr\u00e9dit\u00e9 qu&rsquo;aux joueurs qui pr\u00e9f\u00e8rent un jeu r\u00e9gulier pour de l&rsquo;argent r\u00e9el, et peu importe si les utilisateurs sont des petits joueurs ou des...","_links":{"self":[{"href":"https:\/\/rocketplay-game.com\/fr\/wp-json\/wp\/v2\/pages\/2818","targetHints":{"allow":["GET"]}}],"collection":[{"href":"https:\/\/rocketplay-game.com\/fr\/wp-json\/wp\/v2\/pages"}],"about":[{"href":"https:\/\/rocketplay-game.com\/fr\/wp-json\/wp\/v2\/types\/page"}],"author":[{"embeddable":true,"href":"https:\/\/rocketplay-game.com\/fr\/wp-json\/wp\/v2\/users\/1"}],"replies":[{"embeddable":true,"href":"https:\/\/rocketplay-game.com\/fr\/wp-json\/wp\/v2\/comments?post=2818"}],"version-history":[{"count":3,"href":"https:\/\/rocketplay-game.com\/fr\/wp-json\/wp\/v2\/pages\/2818\/revisions"}],"predecessor-version":[{"id":2821,"href":"https:\/\/rocketplay-game.com\/fr\/wp-json\/wp\/v2\/pages\/2818\/revisions\/2821"}],"wp:attachment":[{"href":"https:\/\/rocketplay-game.com\/fr\/wp-json\/wp\/v2\/media?parent=2818"}],"curies":[{"name":"wp","href":"https:\/\/api.w.org\/{rel}","templated":true}]}}