{"id":2823,"date":"2022-08-11T21:03:08","date_gmt":"2022-08-11T18:03:08","guid":{"rendered":"https:\/\/rocketplay-game.com\/welcome-offer\/"},"modified":"2025-11-25T20:45:53","modified_gmt":"2025-11-25T17:45:53","slug":"welcome-offer","status":"publish","type":"page","link":"https:\/\/rocketplay-game.com\/fr\/welcome-offer\/","title":{"rendered":"Qu&rsquo;est-ce qu&rsquo;une offre de bienvenue ?"},"content":{"rendered":"<p>Meilleure offre de bienvenue de casino\u00a0<a href=\"https:\/\/rocketplay-game.com\/fr\">Rocket Play<\/a>\u00a0est une excellente perspective pour les joueurs potentiels de reconstituer leur d\u00e9p\u00f4t, mais aussi d&rsquo;obtenir un approvisionnement solide en p\u00e9riodes suppl\u00e9mentaires !\u00a0Pas un seul participant au gameplay ne manquerait l&rsquo;occasion de saisir quelques tours auxiliaires afin de prolonger le cours du duel dans l&rsquo;espoir de recevoir un tour de r\u00e9compense et le profit souhait\u00e9.<\/p>\n<p>Les praticiens des \u00e9tablissements de jeu en ligne sont des supporters capricieux et z\u00e9l\u00e9s des comp\u00e9titions qui passent leur temps libre avec passion et veulent amasser un bon score.\u00a0L&rsquo;offre de bienvenue de Casino Rocket Play offre un tel cadeau : 100% + une centaine de chiffres d&rsquo;affaires pr\u00e9f\u00e9rentiels est un bon d\u00e9but.\u00a0Faites un d\u00e9p\u00f4t d&rsquo;un montant de trente $ et r\u00e9cup\u00e9rez votre promotion.\u00a0Exigences d&rsquo;incitation\u00a0:<\/p>\n<ul>\n<li>Les frais d&rsquo;inscription doivent \u00eatre d&rsquo;au moins trente $, alors que vous m\u00e9ritez \u00e0 juste titre une r\u00e9compense de 100 %.<\/li>\n<li>Une centaine de rotations pr\u00e9f\u00e9rentielles au d\u00e9part sont incluses dans la configuration de vingt rotations journali\u00e8res en cinq jours.<\/li>\n<li>La r\u00e9compense marginale est de 300 $.<\/li>\n<li>Le montant maximal d&rsquo;un pari actuel est de 7,50 $.<\/li>\n<li>Multiplicateur x40.<\/li>\n<\/ul>\n<p>Un b\u00e9n\u00e9fice d&rsquo;un montant de trois mille m\u00e8ne \u00e0 la fin du jeu.\u00a0Les chiffres d&rsquo;affaires pr\u00e9f\u00e9rentiels au d\u00e9part s&rsquo;additionnent dans un lot de cinq jours, vingt pour un \u2013 au total, il y en a une centaine.<\/p>\n<p>Les vingt premi\u00e8res promotions sans investissement sont pr\u00e9sent\u00e9es avec un d\u00e9p\u00f4t de fonds r\u00e9ussi.\u00a0Le chiffre d&rsquo;affaires du lendemain devient disponible exactement en un jour, \u00e0 condition que l&rsquo;exigence de vengeance x1 soit remplie.\u00a0Ce processus s&rsquo;\u00e9tale sur quatre jours.\u00a0<a href=\"https:\/\/rocketplay-game.com\/fr\/bonus\/\">Il est possible d&rsquo;utiliser les bonus<\/a>\u00a0de bienvenue du casino en ligne Rocket Play\u00a0dans les cinq jours.\u00a0Vous pouvez utiliser votre chiffre d&rsquo;affaires pr\u00e9f\u00e9rentiel uniquement pendant les premi\u00e8res 24 heures.\u00a0La dur\u00e9e du r\u00e9sultat de FS atteint cinq jours.<\/p>\n<p><img loading=\"lazy\" decoding=\"async\" class=\"size-medium wp-image-311 aligncenter lazy-loaded\" src=\"https:\/\/rocketplay-game.com\/wp-content\/uploads\/2022\/08\/vip_header_icon1-300x300.png\" sizes=\"auto, (max-width: 300px) 100vw, 300px\" srcset=\"https:\/\/rocketplay-game.com\/wp-content\/uploads\/2022\/08\/vip_header_icon1-300x300.png 300w, https:\/\/rocketplay-game.com\/wp-content\/uploads\/2022\/08\/vip_header_icon1-150x150.png 150w, https:\/\/rocketplay-game.com\/wp-content\/uploads\/2022\/08\/vip_header_icon1.png 552w\" alt=\"casino de jeu de fus\u00e9e\" width=\"300\" height=\"300\" data-lazy-type=\"image\" data-src=\"https:\/\/rocketplay-game.com\/wp-content\/uploads\/2022\/08\/vip_header_icon1-300x300.png\" data-srcset=\"\" \/><\/p>\n<h2>Comment r\u00e9clamer un bonus de bienvenue<\/h2>\n<p>Les maisons de jeux en ligne existantes attachent des cadeaux du programme de fid\u00e9lit\u00e9 au d\u00e9marreur ou \u00e0 d&rsquo;autres entr\u00e9es \u00e0 leurs \u00e9v\u00e9nements n\u00e9cessaires.\u00a0La fonction principale des bonus de bienvenue du meilleur casino Rocket Play est de mobiliser autant de participants que possible et d&rsquo;augmenter le paiement en esp\u00e8ces pour une participation \u00e0 long terme au jeu et une r\u00e9elle opportunit\u00e9 de r\u00e9aliser un profit.<\/p>\n<p>Ces offres pr\u00e9f\u00e9rentielles ne s&rsquo;appliquent qu&rsquo;aux recrues, c&rsquo;est pourquoi les joueurs individuels existent en exploration constante des maisons de jeu nouvellement ouvertes.\u00a0L\u00e0, ils font leur contribution initiale, re\u00e7oivent un bloc de r\u00e9compenses fid\u00e8le, l&rsquo;extase du gameplay et gagnent souvent.\u00a0Les r\u00e9compenses du programme de fid\u00e9lit\u00e9 du casino apparaissent sur la machine apr\u00e8s la comptabilisation et le d\u00e9p\u00f4t du montant sur le compte.\u00a0Parfois, ils se tournent vers le soutien pour les r\u00e9compenses.\u00a0Avant de cr\u00e9er un compte personnel, familiarisez-vous avec le programme de fid\u00e9lit\u00e9.<\/p>\n<h2>Offrez des exclusivit\u00e9s aux nouveaux joueurs<\/h2>\n<p>Rocket Play offre de bienvenue Canada sur le prochain versement &#8211; 200% de r\u00e9compense sur le deuxi\u00e8me versement. Faites un deuxi\u00e8me investissement d&rsquo;au moins soixante-quinze dollars, et la r\u00e9compense est v\u00f4tre.\u00a0Conditions pour recevoir le prix:<\/p>\n<ul>\n<li>Apr\u00e8s avoir fait la deuxi\u00e8me entr\u00e9e de soixante-quinze dollars et le joueur est assur\u00e9 de gagner une promotion de 200%.<\/li>\n<li>Cette r\u00e9compense peut \u00eatre utilis\u00e9e apr\u00e8s le d\u00e9p\u00f4t initial.<\/li>\n<li>L&rsquo;incitation marginale est de trois cents CAD.<\/li>\n<li>Le tarif promotionnel est de sept dollars canadien et cinquante cents.<\/li>\n<li>Coefficient x40<\/li>\n<\/ul>\n<p>Le jeu est termin\u00e9 \u00e0 trois mille CAD.<\/p>\n<h2>FAQ<\/h2>\n<h3>Pourquoi les casinos proposent-ils des bonus ?<\/h3>\n<p>Le syst\u00e8me de r\u00e9compense des \u00e9tablissements de jeux n&rsquo;a plus une fonction spectaculaire mais publicitaire.\u00a0Dans lequel les participants au processus de jeu re\u00e7oivent des tours suppl\u00e9mentaires en cadeau pendant le jeu.\u00a0Ces \u00e9v\u00e9nements ont une fin en soi pour convaincre le plus de fans possible de s&rsquo;inscrire dans ce casino en ligne.<\/p>\n<h3>Est-il possible d&rsquo;utiliser la prime de fid\u00e9lit\u00e9 deux fois ?<\/h3>\n<p>La r\u00e9ponse est non.\u00a0Le Minist\u00e8re surveille ces situations.\u00a0La quantit\u00e9 maximale d&rsquo;entr\u00e9es pour l&rsquo;encouragement \u00e0 la vengeance est \u00e9galement contr\u00f4l\u00e9e, ce qui peut vous emp\u00eacher de gagner votre int\u00e9r\u00eat.\u00a0Dans le m\u00eame temps, des plateformes de jeu prestigieuses conservent des informations sur le bon fonctionnement des cadeaux et des chiffres d&rsquo;affaires sans investissements dans le domaine public.\u00a0En r\u00e8gle g\u00e9n\u00e9rale, ils en prennent connaissance avant de s&rsquo;inscrire sur le portail du casino.<\/p>\n<h3>Quelles sont les instructions pour acheter des r\u00e9compenses\u00a0?<\/h3>\n<p>Ainsi, pour obtenir une r\u00e9compense, vous devez :<\/p>\n<ul>\n<li>assurez-vous de passer par une petite op\u00e9ration d&rsquo;enregistrement;<\/li>\n<li>indiquer vos donn\u00e9es personnelles;<\/li>\n<li>utiliser les bonnes cl\u00e9s.<\/li>\n<\/ul>\n<p>Dans tous les \u00e9tablissements de jeu, les r\u00e9compenses peuvent \u00eatre utilis\u00e9es imm\u00e9diatement apr\u00e8s avoir \u00e9t\u00e9 accumul\u00e9es.<\/p>\n<p><strong>A lire \u00e9galement sur :<\/strong><\/p>\n<ul>\n<li style=\"list-style-type: none;\">\n<ul>\n<li><a href=\"https:\/\/rocketplay-game.com\/fr\/bonus\/regular-bonuses\/\">Bonus r\u00e9guliers<\/a><\/li>\n<li><a href=\"https:\/\/rocketplay-game.com\/fr\/bonus\/loyalty-program\/\">Programme de fid\u00e9lit\u00e9<\/a><\/li>\n<\/ul>\n<\/li>\n<\/ul>\n","protected":false},"excerpt":{"rendered":"<p>Meilleure offre de bienvenue de casino\u00a0Rocket Play\u00a0est une excellente perspective pour les joueurs potentiels de reconstituer leur d\u00e9p\u00f4t, mais aussi d&rsquo;obtenir un approvisionnement solide en p\u00e9riodes suppl\u00e9mentaires !\u00a0Pas un seul participant au gameplay ne manquerait l&rsquo;occasion de saisir quelques tours auxiliaires afin de prolonger le cours du duel dans l&rsquo;espoir de recevoir un tour de&#8230;<\/p>\n","protected":false},"author":1,"featured_media":0,"parent":0,"menu_order":0,"comment_status":"closed","ping_status":"closed","template":"page-with-bonus.php","meta":{"_acf_changed":false,"_kad_post_transparent":"default","_kad_post_title":"default","_kad_post_layout":"default","_kad_post_sidebar_id":"","_kad_post_content_style":"default","_kad_post_vertical_padding":"default","_kad_post_feature":"","_kad_post_feature_position":"","_kad_post_header":false,"_kad_post_footer":false,"footnotes":""},"class_list":["post-2823","page","type-page","status-publish","hentry"],"acf":[],"rttpg_featured_image_url":null,"rttpg_author":{"display_name":"Tom","author_link":"https:\/\/rocketplay-game.com\/fr\/author\/pemvas95n89x\/"},"rttpg_comment":0,"rttpg_category":null,"rttpg_excerpt":"Meilleure offre de bienvenue de casino\u00a0Rocket Play\u00a0est une excellente perspective pour les joueurs potentiels de reconstituer leur d\u00e9p\u00f4t, mais aussi d&rsquo;obtenir un approvisionnement solide en p\u00e9riodes suppl\u00e9mentaires !\u00a0Pas un seul participant au gameplay ne manquerait l&rsquo;occasion de saisir quelques tours auxiliaires afin de prolonger le cours du duel dans l&rsquo;espoir de recevoir un tour de...","_links":{"self":[{"href":"https:\/\/rocketplay-game.com\/fr\/wp-json\/wp\/v2\/pages\/2823","targetHints":{"allow":["GET"]}}],"collection":[{"href":"https:\/\/rocketplay-game.com\/fr\/wp-json\/wp\/v2\/pages"}],"about":[{"href":"https:\/\/rocketplay-game.com\/fr\/wp-json\/wp\/v2\/types\/page"}],"author":[{"embeddable":true,"href":"https:\/\/rocketplay-game.com\/fr\/wp-json\/wp\/v2\/users\/1"}],"replies":[{"embeddable":true,"href":"https:\/\/rocketplay-game.com\/fr\/wp-json\/wp\/v2\/comments?post=2823"}],"version-history":[{"count":3,"href":"https:\/\/rocketplay-game.com\/fr\/wp-json\/wp\/v2\/pages\/2823\/revisions"}],"predecessor-version":[{"id":9300,"href":"https:\/\/rocketplay-game.com\/fr\/wp-json\/wp\/v2\/pages\/2823\/revisions\/9300"}],"wp:attachment":[{"href":"https:\/\/rocketplay-game.com\/fr\/wp-json\/wp\/v2\/media?parent=2823"}],"curies":[{"name":"wp","href":"https:\/\/api.w.org\/{rel}","templated":true}]}}