{"id":2827,"date":"2022-08-11T20:58:28","date_gmt":"2022-08-11T17:58:28","guid":{"rendered":"https:\/\/rocketplay-game.com\/no-deposit-bonus\/"},"modified":"2022-10-30T14:00:56","modified_gmt":"2022-10-30T11:00:56","slug":"no-deposit-bonus","status":"publish","type":"page","link":"https:\/\/rocketplay-game.com\/fr\/no-deposit-bonus\/","title":{"rendered":"Codes bonus sans d\u00e9p\u00f4t RocketPlay 2023"},"content":{"rendered":"<p><img loading=\"lazy\" decoding=\"async\" class=\" wp-image-305 aligncenter\" src=\"https:\/\/rocketplay-game.com\/wp-content\/uploads\/2022\/08\/different-types-of-bitcoin-casino-no-deposit-bonuses-300x156.jpg\" alt=\"no deposit bonus\" width=\"563\" height=\"293\" srcset=\"https:\/\/rocketplay-game.com\/wp-content\/uploads\/2022\/08\/different-types-of-bitcoin-casino-no-deposit-bonuses-300x156.jpg 300w, https:\/\/rocketplay-game.com\/wp-content\/uploads\/2022\/08\/different-types-of-bitcoin-casino-no-deposit-bonuses-1024x531.jpg 1024w, https:\/\/rocketplay-game.com\/wp-content\/uploads\/2022\/08\/different-types-of-bitcoin-casino-no-deposit-bonuses-768x398.jpg 768w, https:\/\/rocketplay-game.com\/wp-content\/uploads\/2022\/08\/different-types-of-bitcoin-casino-no-deposit-bonuses.jpg 1170w\" sizes=\"auto, (max-width: 563px) 100vw, 563px\" \/><\/p>\n<p>Les nouveaux utilisateurs et les joueurs exp\u00e9riment\u00e9s du casino\u00a0<a href=\"https:\/\/rocketplay-game.com\/fr\">RocketPlay<\/a>\u00a0peuvent obtenir un bonus sans d\u00e9p\u00f4t 2023 uniquement pour certaines actions.\u00a0Si nous parlons d&rsquo;un bonus sans d\u00e9p\u00f4t, alors les fonds de d\u00e9p\u00f4t ne seront vraiment pas n\u00e9cessaires pour recevoir l&rsquo;offre de bonus.\u00a0Une autre situation consiste en l&rsquo;activation d&rsquo;une offre de bonus, par cons\u00e9quent, vous devrez toujours effectuer un d\u00e9p\u00f4t sur le compte de jeu, mais dans un but diff\u00e9rent.<\/p>\n<p>Tr\u00e8s souvent, les casinos en ligne coop\u00e8rent avec d&rsquo;autres sites li\u00e9s au domaine des jeux d&rsquo;argent, en fournissant des codes promotionnels ou des codes bonus suppl\u00e9mentaires.\u00a0Ces codes bonus sont n\u00e9cessaires pour obtenir de l&rsquo;argent suppl\u00e9mentaire ou des tours gratuits sur les machines \u00e0 sous.<\/p>\n<h2>Comment obtenir un bonus sans d\u00e9p\u00f4t ?<\/h2>\n<p>RocketPlay bonus sans d\u00e9p\u00f4t est envoy\u00e9 lorsque l&rsquo;utilisateur remplit toutes les conditions pour sa r\u00e9ception.\u00a0De quoi s&rsquo;agit-il?\u00a0Le tout premier bonus, pour lequel vous n&rsquo;avez pas besoin de recharger votre compte de jeu, est un bonus d&rsquo;inscription.<\/p>\n<p>La chose la plus int\u00e9ressante est qu&rsquo;il existe plusieurs bonus de ce type si vous rencontrez des codes bonus sans d\u00e9p\u00f4t au casino RocketPlay.\u00a0Apr\u00e8s tout, juste pour cr\u00e9er un compte sur le site Web du\u00a0<a href=\"https:\/\/rocketplay--game-com.translate.goog\/casino\/?_x_tr_sl=auto&amp;_x_tr_tl=fr&amp;_x_tr_hl=ru&amp;_x_tr_pto=wapp\" target=\"_blank\" rel=\"noopener\">casino<\/a>\u00a0, vous pouvez obtenir 25 tours gratuits suppl\u00e9mentaires avec une mise de 50xV, mais vous devez entrer le code promo ROCKET dans la colonne.<\/p>\n<p>S&rsquo;il n&rsquo;y a pas de code promotionnel de ce type ou s&rsquo;il n&rsquo;a pas \u00e9t\u00e9 possible de le saisir, ne vous inqui\u00e9tez pas.\u00a0Apr\u00e8s tout, le bonus de bienvenue est un bonus de bienvenue plut\u00f4t g\u00e9n\u00e9reux pour les nouveaux utilisateurs.\u00a0Uniquement pour la cr\u00e9ation d&rsquo;un nouveau compte, l&rsquo;utilisateur devient imm\u00e9diatement propri\u00e9taire d&rsquo;un bonus d&rsquo;un montant de 300% et de 100 tours gratuits.\u00a0Non moins int\u00e9ressant est le bonus de 100% et 100 tours gratuits.<\/p>\n<p>Malgr\u00e9 le fait que ces bonus sont vraiment sans d\u00e9p\u00f4t, il convient de tenir compte du fait que les utilisateurs enregistr\u00e9s ont toujours certaines obligations envers le casino en ligne.\u00a0Par cons\u00e9quent, le bonus sans d\u00e9p\u00f4t doit \u00eatre jou\u00e9 dans un certain d\u00e9lai.\u00a0La proc\u00e9dure d&rsquo;activation de ces bonus consiste \u00e0 d\u00e9poser des fonds sur un compte de jeu et \u00e0 les utiliser pour jouer avec de l&rsquo;argent r\u00e9el.<\/p>\n<p>Bien s\u00fbr, l&rsquo;utilisateur peut faire ses premiers pas dans le domaine des jeux d&rsquo;argent sans utiliser de fonds de d\u00e9p\u00f4t ni d&rsquo;\u00e9pargne personnelle, car les fonds RocketPlay de bonus de casino gratuits sans d\u00e9p\u00f4t peuvent \u00eatre utilis\u00e9s pour ces besoins.\u00a0Les fonds de d\u00e9p\u00f4t seront n\u00e9cessaires au joueur, car il est suppos\u00e9 qu&rsquo;il continuera son jeu pour de l&rsquo;argent r\u00e9el.<\/p>\n<h2>Autres bonus RocketPlay<\/h2>\n<p>Le bonus gratuit sans d\u00e9p\u00f4t du casino RocketPlay n&rsquo;est pas la seule raison d&rsquo;une inscription urgente sur le site du casino en ligne.\u00a0Apr\u00e8s tout, de nombreux utilisateurs de casinos en ligne n&rsquo;osent peut-\u00eatre pas jouer pour de l&rsquo;argent r\u00e9el.\u00a0Alors qu&rsquo;un bonus sans d\u00e9p\u00f4t peut \u00eatre une raison suffisante pour passer par la proc\u00e9dure d&rsquo;inscription et v\u00e9rifier le compte qui vient d&rsquo;\u00eatre cr\u00e9\u00e9 sur le site du casino en ligne.\u00a0Quoi de mieux qu&rsquo;un bonus sans d\u00e9p\u00f4t ?\u00a0Encore quelques bonus sans d\u00e9p\u00f4t.<\/p>\n<p>Quels sont les bonus RocketPlay ?\u00a0Sur le site du casino en ligne, vous pouvez obtenir de nombreux bonus sous forme de tours gratuits.\u00a0Des tours gratuits des rouleaux dans la machine \u00e0 sous peuvent \u00eatre obtenus si l&rsquo;utilisateur t\u00e9l\u00e9charge avec succ\u00e8s l&rsquo;application mobile sur son t\u00e9l\u00e9phone et l&rsquo;utilise pour jouer avec des fonds bonus ou de l&rsquo;argent r\u00e9el.<\/p>\n<p>La raison pour laquelle vous recevez le m\u00eame bonus sans d\u00e9p\u00f4t du casino RocketPlay 2023, mais avec plus de tours gratuits, est la proc\u00e9dure d&rsquo;inscription habituelle.\u00a0Apr\u00e8s tout, avec une forte probabilit\u00e9, un utilisateur enregistr\u00e9 jouera au moins une fois aux machines \u00e0 sous pour de l&rsquo;argent r\u00e9el avant de renoncer \u00e0 un tel plaisir.<\/p>\n<p><img loading=\"lazy\" decoding=\"async\" class=\"wp-image-306 aligncenter lazy-loaded\" src=\"https:\/\/rocketplay-game.com\/wp-content\/uploads\/2022\/08\/cashback_1300x640_2-300x148.png\" sizes=\"auto, (max-width: 557px) 100vw, 557px\" srcset=\"https:\/\/rocketplay-game.com\/wp-content\/uploads\/2022\/08\/cashback_1300x640_2-300x148.png 300w, https:\/\/rocketplay-game.com\/wp-content\/uploads\/2022\/08\/cashback_1300x640_2-1024x504.png 1024w, https:\/\/rocketplay-game.com\/wp-content\/uploads\/2022\/08\/cashback_1300x640_2-768x378.png 768w, https:\/\/rocketplay-game.com\/wp-content\/uploads\/2022\/08\/cashback_1300x640_2.png 1300w\" alt=\"bonus sans d\u00e9p\u00f4t rocketplay\" width=\"557\" height=\"275\" data-lazy-type=\"image\" data-src=\"https:\/\/rocketplay-game.com\/wp-content\/uploads\/2022\/08\/cashback_1300x640_2-300x148.png\" data-srcset=\"\" \/><\/p>\n<h2>FAQ<\/h2>\n<h3>Si le bonus sans d\u00e9p\u00f4t en Canada est une pratique courante chez RocketPlay, y a-t-il des bonus de d\u00e9p\u00f4t ?<\/h3>\n<p>Les nouveaux utilisateurs peuvent \u00e9galement obtenir un bonus pour avoir effectu\u00e9 leur premier d\u00e9p\u00f4t, mais pour cela, vous devez entrer un code promotionnel. Au moins, il existe vraiment un tel bonus sans d\u00e9p\u00f4t RocketPlay en Canada. Apr\u00e8s tout, c&rsquo;est une \u00e9tape assez s\u00e9rieuse &#8211; effectuer votre premier d\u00e9p\u00f4t de fonds. De plus, les bonus sans d\u00e9p\u00f4t sont pratiquement impossibles \u00e0 activer sans effectuer de d\u00e9p\u00f4t. Par cons\u00e9quent, d\u00e9poser des fonds n&rsquo;est qu&rsquo;une question de temps pour les utilisateurs qui ont encore os\u00e9 s&rsquo;inscrire sur le site du casino en ligne et envisagent de lancer un jeu s\u00e9rieux pour de l&rsquo;argent r\u00e9el, aussi frivole que puisse \u00eatre le divertissement en ligne.<\/p>\n<h3>Est-il possible de t\u00e9l\u00e9charger l&rsquo;application mobile ?<\/h3>\n<p>Tous les utilisateurs qui viennent de s&rsquo;inscrire ou envisagent de s&rsquo;inscrire sur le site du casino en ligne ont acc\u00e8s \u00e0 la version mobile du casino, plus pratique.\u00a0Cependant, vous devrez utiliser la version compl\u00e8te du casino en ligne, car la version mobile du casino a des fonctionnalit\u00e9s limit\u00e9es.\u00a0L&rsquo;application mobile de casino en ligne est con\u00e7ue pour jouer en argent r\u00e9el 24h\/24 et 7j\/7.<\/p>\n<h3>Le site Web du casino offre-t-il un bonus de bienvenue complet ?<\/h3>\n<p>Le bonus de bienvenue, ou bonus d&rsquo;inscription, peut \u00eatre re\u00e7u par tous les utilisateurs du casino, sans exception, qui viennent de terminer la proc\u00e9dure d&rsquo;inscription.\u00a0L&rsquo;inscription signifie la cr\u00e9ation d&rsquo;un compte sur le site Web du casino, mais sans v\u00e9rification de compte pour le moment.\u00a0L&rsquo;utilisateur saisit des donn\u00e9es personnelles dans un formulaire d&rsquo;inscription sp\u00e9cial.\u00a0L&rsquo;utilisateur doit entrer un num\u00e9ro de t\u00e9l\u00e9phone et un e-mail.\u00a0Un e-mail avec un lien pour aller confirmer la cr\u00e9ation d&rsquo;un nouveau compte vous sera envoy\u00e9 sur votre e-mail personnel.<\/p>\n<h3>Existe-t-il une machine \u00e0 sous gratuite ?<\/h3>\n<p>Vous pouvez jouer sur le site du casino en ligne de mani\u00e8re enti\u00e8rement gratuite mais, pour cela, vous n&rsquo;avez pas besoin de passer par une simple proc\u00e9dure d&rsquo;inscription.\u00a0Il n&rsquo;est pas n\u00e9cessaire de recharger le compte de jeu.\u00a0Autrement dit, l&rsquo;utilisateur ne doit assumer aucune obligation envers le casino.\u00a0Pour ce faire, il suffit d&rsquo;entrer dans la version d\u00e9mo des machines \u00e0 sous avec des rouleaux et des lignes gagnantes, si l&rsquo;utilisateur n&rsquo;a aucune exp\u00e9rience du jeu pour de l&rsquo;argent r\u00e9el auparavant, et de jouer \u00e0 des jeux de hasard en ligne.<\/p>\n","protected":false},"excerpt":{"rendered":"<p>Les nouveaux utilisateurs et les joueurs exp\u00e9riment\u00e9s du casino\u00a0RocketPlay\u00a0peuvent obtenir un bonus sans d\u00e9p\u00f4t 2023 uniquement pour certaines actions.\u00a0Si nous parlons d&rsquo;un bonus sans d\u00e9p\u00f4t, alors les fonds de d\u00e9p\u00f4t ne seront vraiment pas n\u00e9cessaires pour recevoir l&rsquo;offre de bonus.\u00a0Une autre situation consiste en l&rsquo;activation d&rsquo;une offre de bonus, par cons\u00e9quent, vous devrez toujours effectuer&#8230;<\/p>\n","protected":false},"author":1,"featured_media":0,"parent":0,"menu_order":0,"comment_status":"closed","ping_status":"closed","template":"","meta":{"_acf_changed":false,"_kad_post_transparent":"default","_kad_post_title":"default","_kad_post_layout":"default","_kad_post_sidebar_id":"","_kad_post_content_style":"default","_kad_post_vertical_padding":"default","_kad_post_feature":"","_kad_post_feature_position":"","_kad_post_header":false,"_kad_post_footer":false,"footnotes":""},"class_list":["post-2827","page","type-page","status-publish","hentry"],"acf":[],"rttpg_featured_image_url":null,"rttpg_author":{"display_name":"Tom","author_link":"https:\/\/rocketplay-game.com\/fr\/author\/pemvas95n89x\/"},"rttpg_comment":0,"rttpg_category":null,"rttpg_excerpt":"Les nouveaux utilisateurs et les joueurs exp\u00e9riment\u00e9s du casino\u00a0RocketPlay\u00a0peuvent obtenir un bonus sans d\u00e9p\u00f4t 2023 uniquement pour certaines actions.\u00a0Si nous parlons d&rsquo;un bonus sans d\u00e9p\u00f4t, alors les fonds de d\u00e9p\u00f4t ne seront vraiment pas n\u00e9cessaires pour recevoir l&rsquo;offre de bonus.\u00a0Une autre situation consiste en l&rsquo;activation d&rsquo;une offre de bonus, par cons\u00e9quent, vous devrez toujours effectuer...","_links":{"self":[{"href":"https:\/\/rocketplay-game.com\/fr\/wp-json\/wp\/v2\/pages\/2827","targetHints":{"allow":["GET"]}}],"collection":[{"href":"https:\/\/rocketplay-game.com\/fr\/wp-json\/wp\/v2\/pages"}],"about":[{"href":"https:\/\/rocketplay-game.com\/fr\/wp-json\/wp\/v2\/types\/page"}],"author":[{"embeddable":true,"href":"https:\/\/rocketplay-game.com\/fr\/wp-json\/wp\/v2\/users\/1"}],"replies":[{"embeddable":true,"href":"https:\/\/rocketplay-game.com\/fr\/wp-json\/wp\/v2\/comments?post=2827"}],"version-history":[{"count":3,"href":"https:\/\/rocketplay-game.com\/fr\/wp-json\/wp\/v2\/pages\/2827\/revisions"}],"predecessor-version":[{"id":2830,"href":"https:\/\/rocketplay-game.com\/fr\/wp-json\/wp\/v2\/pages\/2827\/revisions\/2830"}],"wp:attachment":[{"href":"https:\/\/rocketplay-game.com\/fr\/wp-json\/wp\/v2\/media?parent=2827"}],"curies":[{"name":"wp","href":"https:\/\/api.w.org\/{rel}","templated":true}]}}