{"id":2832,"date":"2022-08-11T20:40:03","date_gmt":"2022-08-11T17:40:03","guid":{"rendered":"https:\/\/rocketplay-game.com\/free-spins\/"},"modified":"2022-10-30T14:06:11","modified_gmt":"2022-10-30T11:06:11","slug":"free-spins","status":"publish","type":"page","link":"https:\/\/rocketplay-game.com\/fr\/free-spins\/","title":{"rendered":"Profitez de nos tours gratuits"},"content":{"rendered":"<p><img loading=\"lazy\" decoding=\"async\" class=\" wp-image-295 aligncenter\" src=\"https:\/\/rocketplay-game.com\/wp-content\/uploads\/2022\/08\/playamo-australia-review-why-should-you-play-on-playamo-casino-1-1-300x192.jpeg\" alt=\"free spins\" width=\"578\" height=\"370\" srcset=\"https:\/\/rocketplay-game.com\/wp-content\/uploads\/2022\/08\/playamo-australia-review-why-should-you-play-on-playamo-casino-1-1-300x192.jpeg 300w, https:\/\/rocketplay-game.com\/wp-content\/uploads\/2022\/08\/playamo-australia-review-why-should-you-play-on-playamo-casino-1-1-1024x656.jpeg 1024w, https:\/\/rocketplay-game.com\/wp-content\/uploads\/2022\/08\/playamo-australia-review-why-should-you-play-on-playamo-casino-1-1-768x492.jpeg 768w, https:\/\/rocketplay-game.com\/wp-content\/uploads\/2022\/08\/playamo-australia-review-why-should-you-play-on-playamo-casino-1-1-1536x983.jpeg 1536w, https:\/\/rocketplay-game.com\/wp-content\/uploads\/2022\/08\/playamo-australia-review-why-should-you-play-on-playamo-casino-1-1.jpeg 2048w\" sizes=\"auto, (max-width: 578px) 100vw, 578px\" \/><\/p>\n<p>Les nouveaux utilisateurs des tours\u00a0gratuits bonus du casino\u00a0<a href=\"https:\/\/rocketplay-game.com\/fr\">RocketPlay<\/a>\u00a0ne sont pas pris en charge pour effectuer un d\u00e9p\u00f4t, mais uniquement pour suivre la proc\u00e9dure\u00a0<a href=\"https:\/\/rocketplay-game.com\/fr\/registration\/\">d&rsquo;inscription<\/a>\u00a0ou t\u00e9l\u00e9charger l&rsquo;application mobile &#8211; et commencer \u00e0 jouer pour de l&rsquo;argent r\u00e9el.\u00a0Tr\u00e8s souvent, vous pouvez trouver une longue liste de bonus sans d\u00e9p\u00f4t et de d\u00e9p\u00f4t sur le site Web du casino en ligne.\u00a0Sur le site RocketPlay, il n&rsquo;y a aucun bonus de d\u00e9p\u00f4t, mais il y a des bonus sans d\u00e9p\u00f4t.\u00a0Et le bonus pour le t\u00e9l\u00e9chargement de l&rsquo;application mobile et l&rsquo;inscription est le m\u00eame.<\/p>\n<p>Cependant, non seulement pour l&rsquo;enregistrement peut \u00eatre obtenu.\u00a0Utilisateurs r\u00e9guliers du site de casino en ligne, jouant constamment \u00e0 des jeux de hasard en ligne, qui sont propri\u00e9taires de bonus hebdomadaires et mensuels.\u00a0Ces bonus motivent \u00e0 nouveau les utilisateurs et reviennent \u00e0 nouveau sur le site du casino en ligne pour de nouveaux gains.\u00a0Les utilisateurs qui jouent r\u00e9guli\u00e8rement au casino peuvent obtenir un nouveau statut de joueur, tel que le statut VIP.\u00a0Avec le statut VIP, non seulement de nouvelles obligations sont apparues, mais \u00e9galement de nouveaux bonus non moins agr\u00e9ables, en plus des utilisateurs ordinaires des casinos en ligne.<\/p>\n<h2>Comment obtenir un bonus de tours gratuits ?<\/h2>\n<p>Des tours gratuits RocketPlay\u00a0sont disponibles pour terminer le processus d&rsquo;inscription standard.\u00a0En ce qui concerne les bonus d&rsquo;inscription, ce sont vraiment des bonus d&rsquo;inscription.\u00a0Autrement dit, apr\u00e8s l&rsquo;inscription, les utilisateurs peuvent r\u00e9ellement jouer gratuitement aux machines \u00e0 sous ou \u00e0 d&rsquo;autres jeux de hasard en ligne.\u00a0Afin de d\u00e9cider de jouer pour de l&rsquo;argent r\u00e9el, vous devez d&rsquo;abord jouer avec les vrais bonus que le casino en ligne offre.<\/p>\n<p>What do I need to do to complete the registration process? Of course, it is necessary to enter personal data such as phone number and e-mail in the registration form. A letter with an individual link to confirm the registration procedure will be sent to your personal e-mail. In addition to registration, there is also a verification procedure, which is also simple like registration, but the online casino requires you to send a copy of a document that confirms that the user is a real person and not a bot, etc.<\/p>\n<p>Bien que le bonus puisse \u00eatre obtenu via une simple proc\u00e9dure d&rsquo;inscription, comme un bonus de 300%, \u00e9galement appel\u00e9 bonus de bienvenue, il est possible de d\u00e9poser un montant de 20 EUR sur le compte g\u00e9n\u00e9ral afin de l&rsquo;activer.\u00a0En plus du bonus de 300 %, l&rsquo;utilisateur re\u00e7oit 100 tours gratuits.\u00a0Assurez-vous de faire attention au fait que le bonus de bienvenue ne peut \u00eatre re\u00e7u qu&rsquo;une seule fois, et uniquement par lui.\u00a0Les bonus diff\u00e8rent non seulement par les caract\u00e9ristiques de leur activation, mais \u00e9galement par leur p\u00e9riode de validit\u00e9.<\/p>\n<h2>Types de tours gratuits<\/h2>\n<p>Les tours gratuits du casino RocketPlay\u00a0sont un bon bonus, bien qu&rsquo;avec de tels bonus, vous puissiez jouer gratuitement aux machines \u00e0 sous.\u00a0Bien que tous les tours gratuits soient des rouleaux gratuits dans les machines \u00e0 sous, il existe des moyens gratuits de les obtenir.\u00a0Ils diff\u00e8rent par la mani\u00e8re d&rsquo;obtenir des tours gratuits.\u00a0Tout est bon, simple et clair.<\/p>\n<p>Alors, qui re\u00e7oit r\u00e9ellement des bonus au\u00a0casino de tours gratuits RocketPlay Canada?<\/p>\n<ul>\n<li aria-level=\"1\">Vous pouvez obtenir des tours gratuits bonus pour t\u00e9l\u00e9charger l&rsquo;application mobile.\u00a0C&rsquo;est-\u00e0-dire que les utilisateurs de l&rsquo;application mobile de casino en ligne RocketPlay laissent automatiquement aux propri\u00e9taires un agr\u00e9able bonus pour cette simple action.<\/li>\n<li aria-level=\"1\">Les nouveaux utilisateurs qui ont termin\u00e9 la proc\u00e9dure d&rsquo;inscription restent automatiquement les propri\u00e9taires du bonus de bienvenue avec 100 tours gratuits suppl\u00e9mentaires.\u00a0Nous leur donnerons une centaine de tours gratuits pour s&rsquo;inscrire sur le site du casino en ligne !<\/li>\n<li aria-level=\"1\">Les nouveaux utilisateurs et les joueurs r\u00e9guliers de\u00a0RocketPlay Casino Free Spins No Deposit\u00a0peuvent gagner non seulement pour l&rsquo;action, mais aussi pour jouer r\u00e9guli\u00e8rement dans le casino en ligne.\u00a0Il n&rsquo;y a pas de bonus de d\u00e9p\u00f4t sur le site, et les tours gratuits sont l&rsquo;un de ces bonus.<\/li>\n<\/ul>\n<p>Ainsi, les tours gratuits peuvent \u00eatre uniques, r\u00e9guliers et individuels.\u00a0Il s&rsquo;agit d&rsquo;une bonne r\u00e9partition th\u00e9orique des tours gratuits, juste pour voir qu&rsquo;il existe plusieurs fa\u00e7ons de les obtenir sur le site du casino en ligne en tant qu&rsquo;utilisateur de RocketPlay.<\/p>\n<p><img loading=\"lazy\" decoding=\"async\" class=\"wp-image-296 aligncenter lazy-loaded\" src=\"https:\/\/rocketplay-game.com\/wp-content\/uploads\/2022\/08\/freespin2-300x145.png\" sizes=\"auto, (max-width: 569px) 100vw, 569px\" srcset=\"https:\/\/rocketplay-game.com\/wp-content\/uploads\/2022\/08\/freespin2-300x145.png 300w, https:\/\/rocketplay-game.com\/wp-content\/uploads\/2022\/08\/freespin2.png 516w\" alt=\"freespin rocketplay\" width=\"569\" height=\"275\" data-lazy-type=\"image\" data-src=\"https:\/\/rocketplay-game.com\/wp-content\/uploads\/2022\/08\/freespin2-300x145.png\" data-srcset=\"\" \/><\/p>\n<h2>FAQ<\/h2>\n<h3>Les tours gratuits du casino RocketPlay Canada sont-ils individuels ou standard pour tous les nouveaux utilisateurs et les joueurs r\u00e9guliers ?<\/h3>\n<p>Il existe de nombreux types de bonus sur le site Web du casino, qui incluent des tours gratuits.\u00a0Ces tours gratuits peuvent \u00eatre utilis\u00e9s pour jouer \u00e0 des jeux de hasard en ligne gratuits.\u00a0Bien que la plupart de ces bonus soient standard et puissent \u00eatre re\u00e7us par chaque utilisateur enregistr\u00e9, il y en a aussi un qui sera calcul\u00e9 individuellement pour une r\u00e9alisation individuelle dans le jeu.\u00a0Tous les utilisateurs enregistr\u00e9s peuvent devenir propri\u00e9taires de bonus individuels et standard sous forme de tours gratuits.<\/p>\n<h3>Quand pouvez-vous obtenir 100 tours gratuits pour vous inscrire ?<\/h3>\n<p>Un tel bonus est calcul\u00e9 sous la forme d&rsquo;un bonus de bienvenue.\u00a0Seuls les nouveaux utilisateurs du casino peuvent devenir propri\u00e9taires d&rsquo;un tel bonus.\u00a0De plus, ces bonus ne peuvent \u00eatre re\u00e7us qu&rsquo;une seule fois, il est donc pr\u00e9f\u00e9rable d&rsquo;en profiter pleinement.\u00a0En plus de tous les nouveaux tours gratuits pour un jeu de machine \u00e0 sous agr\u00e9able, le joueur devient automatiquement propri\u00e9taire d&rsquo;un bonus de 300 %.\u00a0Un d\u00e9p\u00f4t est requis pour l&rsquo;activer.\u00a0Le montant \u00e0 d\u00e9poser sur le compte g\u00e9n\u00e9ral est de 20 EUR.\u00a0Bien que le bonus ne soit pas un d\u00e9p\u00f4t, l&rsquo;utilisateur a besoin d&rsquo;argent r\u00e9el pour avancer davantage dans le jeu en argent r\u00e9el.<\/p>\n<h3>Bonus \u00e0 l&rsquo;inscription et au t\u00e9l\u00e9chargement d&rsquo;une application mobile \u2013 s&rsquo;agit-il de bonus diff\u00e9rents ?<\/h3>\n<p>Bien s\u00fbr, ce sont deux bonus diff\u00e9rents.\u00a0Apr\u00e8s tout, une application mobile peut \u00e9galement \u00eatre t\u00e9l\u00e9charg\u00e9e par les utilisateurs qui ont un compte personnel sur le site du casino en ligne \u2013 et obtenir leur bonus de t\u00e9l\u00e9chargement.\u00a0Les utilisateurs qui ne sont pas encore pass\u00e9s par le processus d&rsquo;inscription peuvent t\u00e9l\u00e9charger l&rsquo;application mobile.\u00a0Par cons\u00e9quent, apr\u00e8s avoir t\u00e9l\u00e9charg\u00e9 l&rsquo;application, ils peuvent \u00e9galement recevoir un bonus de bienvenue de 300\u00a0% pour l&rsquo;inscription.\u00a0Ne manquez pas l&rsquo;occasion de passer un bon moment en jouant aux jeux de hasard en ligne pour de l&rsquo;argent r\u00e9el\u00a0!<\/p>\n","protected":false},"excerpt":{"rendered":"<p>Les nouveaux utilisateurs des tours\u00a0gratuits bonus du casino\u00a0RocketPlay\u00a0ne sont pas pris en charge pour effectuer un d\u00e9p\u00f4t, mais uniquement pour suivre la proc\u00e9dure\u00a0d&rsquo;inscription\u00a0ou t\u00e9l\u00e9charger l&rsquo;application mobile &#8211; et commencer \u00e0 jouer pour de l&rsquo;argent r\u00e9el.\u00a0Tr\u00e8s souvent, vous pouvez trouver une longue liste de bonus sans d\u00e9p\u00f4t et de d\u00e9p\u00f4t sur le site Web du casino&#8230;<\/p>\n","protected":false},"author":1,"featured_media":0,"parent":0,"menu_order":0,"comment_status":"closed","ping_status":"closed","template":"","meta":{"_acf_changed":false,"_kad_post_transparent":"default","_kad_post_title":"default","_kad_post_layout":"default","_kad_post_sidebar_id":"","_kad_post_content_style":"default","_kad_post_vertical_padding":"default","_kad_post_feature":"","_kad_post_feature_position":"","_kad_post_header":false,"_kad_post_footer":false,"footnotes":""},"class_list":["post-2832","page","type-page","status-publish","hentry"],"acf":[],"rttpg_featured_image_url":null,"rttpg_author":{"display_name":"Tom","author_link":"https:\/\/rocketplay-game.com\/fr\/author\/pemvas95n89x\/"},"rttpg_comment":0,"rttpg_category":null,"rttpg_excerpt":"Les nouveaux utilisateurs des tours\u00a0gratuits bonus du casino\u00a0RocketPlay\u00a0ne sont pas pris en charge pour effectuer un d\u00e9p\u00f4t, mais uniquement pour suivre la proc\u00e9dure\u00a0d&rsquo;inscription\u00a0ou t\u00e9l\u00e9charger l&rsquo;application mobile &#8211; et commencer \u00e0 jouer pour de l&rsquo;argent r\u00e9el.\u00a0Tr\u00e8s souvent, vous pouvez trouver une longue liste de bonus sans d\u00e9p\u00f4t et de d\u00e9p\u00f4t sur le site Web du casino...","_links":{"self":[{"href":"https:\/\/rocketplay-game.com\/fr\/wp-json\/wp\/v2\/pages\/2832","targetHints":{"allow":["GET"]}}],"collection":[{"href":"https:\/\/rocketplay-game.com\/fr\/wp-json\/wp\/v2\/pages"}],"about":[{"href":"https:\/\/rocketplay-game.com\/fr\/wp-json\/wp\/v2\/types\/page"}],"author":[{"embeddable":true,"href":"https:\/\/rocketplay-game.com\/fr\/wp-json\/wp\/v2\/users\/1"}],"replies":[{"embeddable":true,"href":"https:\/\/rocketplay-game.com\/fr\/wp-json\/wp\/v2\/comments?post=2832"}],"version-history":[{"count":3,"href":"https:\/\/rocketplay-game.com\/fr\/wp-json\/wp\/v2\/pages\/2832\/revisions"}],"predecessor-version":[{"id":2835,"href":"https:\/\/rocketplay-game.com\/fr\/wp-json\/wp\/v2\/pages\/2832\/revisions\/2835"}],"wp:attachment":[{"href":"https:\/\/rocketplay-game.com\/fr\/wp-json\/wp\/v2\/media?parent=2832"}],"curies":[{"name":"wp","href":"https:\/\/api.w.org\/{rel}","templated":true}]}}