{"id":2837,"date":"2022-06-13T18:32:40","date_gmt":"2022-06-13T15:32:40","guid":{"rendered":"https:\/\/rocketplay-game.com\/poker\/"},"modified":"2024-02-09T15:29:11","modified_gmt":"2024-02-09T12:29:11","slug":"poker","status":"publish","type":"page","link":"https:\/\/rocketplay-game.com\/fr\/poker\/","title":{"rendered":"Qu&rsquo;est-ce que le poker sur RocketPlay Casino ?"},"content":{"rendered":"<p>Il existe de nombreuses vari\u00e9t\u00e9s de poker jou\u00e9 avec des jeux de cartes et des paris sur la meilleure combinaison.\u00a0Les r\u00e8gles exactes d\u00e9pendront du type de jeu auquel vous d\u00e9cidez de jouer.\u00a0RocketPlay poker en ligne\u00a0utilise g\u00e9n\u00e9ralement un jeu standard de 52 cartes, mais gardez \u00e0 l&rsquo;esprit que le nombre exact de cartes utilis\u00e9es, ouvertes ou ferm\u00e9es, est d\u00e9termin\u00e9 par le type de jeu auquel vous choisissez de jouer.<\/p>\n<p>Le poker est apparu vers le 19e si\u00e8cle aux \u00c9tats-Unis, o\u00f9 il est rapidement devenu un passe-temps populaire.\u00a0Le jeu a consid\u00e9rablement \u00e9volu\u00e9 au fil des ans, et maintenant, en partie gr\u00e2ce au poker en ligne, c&rsquo;est l&rsquo;un des plus grands jeux de hasard au monde.\u00a0Des tournois tels que les World Series of Poker ont lieu chaque ann\u00e9e depuis les ann\u00e9es 1970.\u00a0Des millions de dollars sont jou\u00e9s lors des \u00e9v\u00e9nements.<\/p>\n<p>Le type de poker le plus courant que vous rencontrerez en ligne est le Texas Hold&#8217;em.\u00a0Les mises obligatoires sont pr\u00e9sentes dans presque tous les types de jeux de\u00a0poker RocketPlay\u00a0&#8211; nous parlons de la grosse blind et de la petite blind.\u00a0Ces mises sont faites avant que les cartes ne soient distribu\u00e9es.\u00a0Apr\u00e8s que les paris obligatoires ont \u00e9t\u00e9 faits et que les cartes ont \u00e9t\u00e9 distribu\u00e9es, d&rsquo;autres joueurs peuvent \u00e9galement placer leurs paris.<\/p>\n<p><img loading=\"lazy\" decoding=\"async\" class=\"aligncenter wp-image-4733\" src=\"https:\/\/rocketplay-game.com\/wp-content\/uploads\/2024\/02\/poker-2.png\" alt=\" RocketPlay poker\" width=\"800\" height=\"324\" srcset=\"https:\/\/rocketplay-game.com\/wp-content\/uploads\/2024\/02\/poker-2.png 1015w, https:\/\/rocketplay-game.com\/wp-content\/uploads\/2024\/02\/poker-2-300x121.png 300w, https:\/\/rocketplay-game.com\/wp-content\/uploads\/2024\/02\/poker-2-768x311.png 768w\" sizes=\"auto, (max-width: 800px) 100vw, 800px\" \/><\/p>\n<p>Pendant le jeu, le joueur peut effectuer diverses actions, y compris ce qu&rsquo;on appelle le \u00ab\u00a0pliage\u00a0\u00bb.\u00a0Plier une carte signifie que vous ne jouerez pas cette main et ne reviendrez au jeu que lorsque ce tour aura \u00e9t\u00e9 jou\u00e9.\u00a0Vous pourrez effectuer une action appel\u00e9e \u00ab\u00a0call\u00a0\u00bb &#8211; une \u00e9quation de paris avec vos adversaires.\u00a0Enfin, vous pourrez relancer ou augmenter votre mise.\u00a0Les autres joueurs \u00e0 la table doivent correspondre \u00e0 votre mise, en l&rsquo;augmentant ou en la diminuant en cons\u00e9quence.<\/p>\n<p>Le croupier ajoute des cartes communes, que les joueurs utilisent pour essayer de constituer la combinaison de main de poker \u00e0 cinq cartes la plus favorable.\u00a0En r\u00e8gle g\u00e9n\u00e9rale, les jeux de poker utilisent cinq cartes communes, chaque joueur utilisant ses propres deux cartes pour assembler la meilleure combinaison possible.<\/p>\n<p>Le nombre de combinaisons de cartes et de poker d\u00e9pendra du type de poker auquel vous jouez.\u00a0Habituellement, les combinaisons les plus populaires sont deux cartes identiques, trois cartes identiques, quatre cartes identiques, une suite &#8211; cinq cartes cons\u00e9cutives ou une couleur &#8211; une combinaison de cinq cartes de la m\u00eame couleur.\u00a0Nous parlerons plus en d\u00e9tail de toutes les combinaisons dans notre guide plus tard.<\/p>\n<p>Il y a g\u00e9n\u00e9ralement quatre tours d&rsquo;ench\u00e8res, les joueurs ont donc plusieurs options pour parier et essayer de se battre.\u00a0Au poker, la meilleure main ne gagne pas toujours parce que les autres joueurs ne peuvent pas voir quelles cartes vous avez dans votre main, vous pouvez donc bluffer et faire passer vos adversaires, m\u00eame si vous avez une main plus faible qui ne peut pas battre votre combinaison de l&rsquo;adversaire.\u00a0La salle de poker RocketPlay\u00a0existe \u00e9galement.<\/p>\n<h2>Pourquoi jouer au poker ?<\/h2>\n<p>Sans aucun doute, le poker est l&rsquo;un des jeux de cartes les plus populaires au monde.\u00a0Jouer au poker en ligne RocketPlay\u00a0est tr\u00e8s amusant et, contrairement \u00e0 d&rsquo;autres jeux de casino, ce n&rsquo;est pas seulement la chance qui compte, mais aussi vos comp\u00e9tences en mati\u00e8re de jeu.\u00a0Voici quelques raisons pour lesquelles le poker est si populaire et pourquoi nous l&rsquo;aimons tant :<\/p>\n<p>Beaucoup d&rsquo;options &#8211; il existe des centaines de vari\u00e9t\u00e9s de poker.\u00a0Bien que cela puisse \u00eatre d\u00e9routant pour le nouveau venu, cette vari\u00e9t\u00e9 offre un excellent choix pour ceux qui recherchent quelque chose de nouveau.\u00a0M\u00eame en jouant au m\u00eame type de jeu, les jeux de poker ne seront jamais les m\u00eames en raison de la vari\u00e9t\u00e9 des joueurs, des combinaisons et des r\u00e8gles.<\/p>\n<p>Le jeu est bas\u00e9 sur les comp\u00e9tences.\u00a0Contrairement aux machines \u00e0 sous ou aux tables de roulette, le poker n\u00e9cessite des comp\u00e9tences de jeu.\u00a0Bien s\u00fbr, beaucoup plus d\u00e9pend de la chance, comme les cartes distribu\u00e9es, mais gardez \u00e0 l&rsquo;esprit que les meilleures cartes ne gagnent pas toujours.\u00a0Vous devez savoir utiliser les cartes \u00e0 votre avantage en utilisant des techniques psychologiques, comme le bluff, qui vous aideront \u00e0 battre vos adversaires.<\/p>\n<p>Accessibilit\u00e9.\u00a0Le poker est l&rsquo;un des jeux de cartes les plus populaires, il est donc disponible dans presque tous les casinos en ligne.\u00a0Il existe \u00e9galement des centaines d&rsquo;excellents sites de poker d\u00e9di\u00e9s aux meilleures tables de poker pour les joueurs du monde entier.<\/p>\n<p>Jouer contre d&rsquo;autres joueurs &#8211; Au lieu de jouer contre le croupier, vous affrontez d&rsquo;autres joueurs.\u00a0Cela excite les joueurs qui aiment \u00e9liminer leur adversaire du jeu.\u00a0Il vous permet \u00e9galement de jouer au poker contre des personnes de diff\u00e9rents niveaux de comp\u00e9tence.<\/p>\n<p>Excitation.\u00a0Le poker en ligne gratuit\u00a0<a href=\"https:\/\/rocketplay-game.com\/fr\">RocketPlay<\/a>\u00a0est l&rsquo;un des jeux de casino les plus excitants avec quatre tours d&rsquo;ench\u00e8res o\u00f9 vous pouvez voir comment jouent vos adversaires.\u00a0Le jeu de poker peut \u00eatre lent par rapport \u00e0 certains autres jeux, mais il ne manque jamais d&rsquo;\u00eatre un jeu d&rsquo;attentes croissantes.<\/p>\n<p>Gros lots \u2013 Beaucoup de gens jouent au poker, il n&rsquo;est donc pas surprenant qu&rsquo;avec une telle base de joueurs, ils gagnent d&rsquo;\u00e9normes sommes d&rsquo;argent.\u00a0Habituellement, les sites les plus faciles proposent des jeux avec des enjeux assez \u00e9lev\u00e9s.\u00a0De nombreux sites proposent \u00e9galement des tournois o\u00f9 d&rsquo;\u00e9normes prix en argent sont offerts aux gagnants.<\/p>\n<h2>Conseils pour jouer au poker<\/h2>\n<p>Avant de commencer \u00e0 jouer au poker en ligne, il est important de vous assurer que vous comprenez le jeu.\u00a0La derni\u00e8re chose que vous voulez faire est de jouer contre des joueurs qui en savent beaucoup plus sur le jeu que vous.\u00a0Les joueurs peuvent toujours \u00eatre plus exp\u00e9riment\u00e9s, mais vous ne devez jamais entrer dans le jeu en sachant moins que vos adversaires.<\/p>\n<p>Il y a aussi un \u00e9l\u00e9ment de chance au poker, surtout quand les cartes sont distribu\u00e9es, mais comment parier et comment jouer avec les cartes que vous recevez est une question de strat\u00e9gie.\u00a0Nous vous fournirons des informations sur les combinaisons les plus avantageuses, ainsi que des conseils g\u00e9n\u00e9raux.<\/p>\n<p>Pour la plupart, ces conseils s&rsquo;appliquent au jeu de poker Texas Hold&#8217;em, qui est consid\u00e9r\u00e9 comme la forme de poker la plus populaire.<\/p>\n<p><img loading=\"lazy\" decoding=\"async\" class=\"aligncenter wp-image-225\" src=\"https:\/\/rocketplay-game.com\/wp-content\/uploads\/2022\/06\/rocketplay-friday-reload-bonus-855x458-1.webp\" alt=\" RocketPlay poker 2\" width=\"800\" height=\"429\" srcset=\"https:\/\/rocketplay-game.com\/wp-content\/uploads\/2022\/06\/rocketplay-friday-reload-bonus-855x458-1.webp 855w, https:\/\/rocketplay-game.com\/wp-content\/uploads\/2022\/06\/rocketplay-friday-reload-bonus-855x458-1-300x161.webp 300w, https:\/\/rocketplay-game.com\/wp-content\/uploads\/2022\/06\/rocketplay-friday-reload-bonus-855x458-1-768x411.webp 768w\" sizes=\"auto, (max-width: 800px) 100vw, 800px\" \/><\/p>\n<h2>Combinaisons de poker<\/h2>\n<p>Au poker, le but du jeu est de r\u00e9unir la meilleure combinaison possible de cinq cartes en utilisant vos cartes en main et les cartes communes sur la table.\u00a0Vous pouvez combiner des cartes de diff\u00e9rentes mani\u00e8res, en utilisant une ou les deux cartes existantes dans votre main.\u00a0La plupart des types de poker ont des r\u00e8gles diff\u00e9rentes pour obtenir les meilleures combinaisons possibles, nous allons donc examiner certaines des combinaisons cl\u00e9s dans les r\u00e8gles du Texas Hold&#8217;em Poker.<\/p>\n<p>Les combinaisons sont d\u00e9crites ci-dessous, en commen\u00e7ant par la combinaison la plus favorable\u00a0:<\/p>\n<ul>\n<li aria-level=\"1\">La quinte flush royale est la combinaison de poker la plus forte et en m\u00eame temps la plus rare.\u00a0C&rsquo;est une combinaison d&rsquo;un as, d&rsquo;un roi, d&rsquo;une reine, d&rsquo;un valet et de dizaines sur la m\u00eame couleur.<\/li>\n<li aria-level=\"1\">Quinte flush \u2013 Cinq cartes de la m\u00eame couleur \u00e0 la suite.<\/li>\n<li aria-level=\"1\">Four of a Kind &#8211; Il s&rsquo;agit d&rsquo;une combinaison de quatre de la m\u00eame carte, comme quatre as ou quatre rois.<\/li>\n<li aria-level=\"1\">Full House &#8211; Une combinaison qui se compose d&rsquo;un ensemble (trois cartes) et d&rsquo;une paire.<\/li>\n<li aria-level=\"1\">Flush &#8211; Une combinaison de cinq cartes de la m\u00eame couleur.<\/li>\n<li aria-level=\"1\">Suite &#8211; une combinaison de 5 cartes cons\u00e9cutives, mais pas n\u00e9cessairement de la m\u00eame couleur.<\/li>\n<li aria-level=\"1\">Deux paires &#8211; Une combinaison de deux paires.<\/li>\n<li aria-level=\"1\">Carte haute &#8211; la carte la plus forte lorsque vous n&rsquo;avez fait aucune combinaison.\u00a0Dans ce cas, votre carte la plus haute sera jou\u00e9e.<\/li>\n<\/ul>\n<h2>Strat\u00e9gie de poker<\/h2>\n<p>Comme le poker n&rsquo;est pas qu&rsquo;une question de chance, vous avez la possibilit\u00e9 de renverser la situation en votre faveur :<\/p>\n<p>Un d\u00e9marrage lent &#8211; vous serez consid\u00e9r\u00e9 comme un d\u00e9butant lorsque vous commencerez le jeu.\u00a0Cela peut faciliter le choix des autres joueurs si vous ne faites pas attention.\u00a0Avant de commencer \u00e0 jouer\u00a0au poker en ligne RocketPlay en argent r\u00e9el\u00a0, il est recommand\u00e9 de pratiquer quelques comp\u00e9tences de base au poker.\u00a0Vous pouvez \u00e9galement commencer avec des jeux \u00e0 faibles enjeux, de sorte que la perte maximale sera \u00e9galement plus faible.\u00a0Ne vous laissez pas emporter par l&rsquo;augmentation des mises m\u00eame si vous pensez avoir une bonne main.\u00a0D\u00e9placez-vous lentement et en toute confiance pour en apprendre beaucoup plus sur vos adversaires.\u00a0Au fur et \u00e0 mesure que vous gagnerez en exp\u00e9rience, vous pourrez augmenter vos mises et \u00e9ventuellement passer \u00e0 des jeux \u00e0 enjeux plus \u00e9lev\u00e9s et \u00e0 des jeux multi-tables.<\/p>\n<p>Comprendre le type de jeu.\u00a0De nombreux joueurs sont excit\u00e9s et perdent le contr\u00f4le lorsqu&rsquo;ils commencent \u00e0 jouer, croyant que les r\u00e8gles qu&rsquo;ils connaissent s&rsquo;appliquent \u00e0 tous les types de jeux de poker.\u00a0Malheureusement, ce n&rsquo;est pas le cas, et vous serez surpris si vous vous pr\u00e9cipitez sans lire les r\u00e8gles.\u00a0Avant de commencer une partie, assurez-vous de conna\u00eetre les meilleures combinaisons, rappelez-vous que la plupart des joueurs seront plus exp\u00e9riment\u00e9s que vous, alors assurez-vous que votre adversaire a un plus petit avantage sur vous au d\u00e9but de la partie\u00a0!<\/p>\n<p>Profitez des\u00a0<a href=\"https:\/\/rocketplay-game.com\/fr\/bonus\/\">bonus<\/a>\u00a0&#8211;\u00a0RocketPlay poker en ligne Canada offre d&rsquo;excellentes promotions et bonus pour les nouveaux joueurs.\u00a0Profitez de toutes ces options, elles vous permettront de jouer quelques tours avec moins de risques.\u00a0Avant de vous inscrire, assurez-vous de vous familiariser avec les termes et conditions du jeu, car certains d&rsquo;entre eux auront des conditions de mise ou d&rsquo;autres restrictions.<\/p>\n<p>Cr\u00e9er une aire de jeu discr\u00e8te &#8211; il est important de ne pas \u00eatre distrait avant de reprendre le jeu.\u00a0T\u00e9l\u00e9charger le poker en ligne RocketPlay\u00a0demande beaucoup de concentration, et il faut faire attention pour gagner.\u00a0Allumez de la musique relaxante, mettez votre smartphone en mode silencieux et plongez dans votre zone de confort.\u00a0La diff\u00e9rence entre les bons joueurs et les grands joueurs est souvent le s\u00e9rieux avec lequel ils prennent le jeu.<\/p>\n<p>Contr\u00f4le de l&rsquo;\u00e9quilibre.\u00a0Votre solde correspond \u00e0 la somme d&rsquo;argent dont vous disposez pour parier dans le jeu.\u00a0Ce sera l&rsquo;argent d\u00e9pos\u00e9 sur le compte joueur de votre casino ou site de poker.\u00a0Assurez-vous de fixer une limite sur le nombre de parties que vous pouvez jouer chaque jour et ne la d\u00e9passez pas.\u00a0Si le montant d&rsquo;argent diminue, jouez \u00e0 l&rsquo;application de\u00a0poker en ligne RocketPlay\u00a0avec des enjeux inf\u00e9rieurs.\u00a0Si le montant d&rsquo;argent augmente, vous pouvez prendre plus de risques en jouant au poker avec des enjeux plus \u00e9lev\u00e9s.\u00a0Gardez un \u0153il sur votre solde et arr\u00eatez de jouer si vous pensez que vous d\u00e9pensez trop.<\/p>\n<p>Limites sur les pertes et les gains.\u00a0Avant de commencer \u00e0 jouer, il est important de fixer des limites sur le montant que vous \u00eates pr\u00eat \u00e0 perdre.\u00a0Vous devez \u00e9galement d\u00e9terminer le montant maximum que vous pouvez gagner avant de finir de jouer ce jour-l\u00e0.\u00a0Il est toujours conseill\u00e9 de fixer des limites au jeu, car le jeu peut cr\u00e9er une d\u00e9pendance.\u00a0Surtout en cas de d\u00e9faite, lorsque les joueurs ont tendance \u00e0 regagner, ce qui n&rsquo;entra\u00eene g\u00e9n\u00e9ralement que davantage de pertes.\u00a0Lorsque vous jouez au poker, il est important de rester calme, vous devez donc \u00e9viter de jouer lorsque vous \u00eates trop s\u00fbr de gagner ou en col\u00e8re \u00e0 l&rsquo;id\u00e9e de perdre.<\/p>\n<p><img loading=\"lazy\" decoding=\"async\" class=\"aligncenter wp-image-4742\" src=\"https:\/\/rocketplay-game.com\/wp-content\/uploads\/2024\/02\/poker-1.png\" alt=\" RocketPlay poker 3\" width=\"600\" height=\"317\" srcset=\"https:\/\/rocketplay-game.com\/wp-content\/uploads\/2024\/02\/poker-1.png 766w, https:\/\/rocketplay-game.com\/wp-content\/uploads\/2024\/02\/poker-1-300x159.png 300w\" sizes=\"auto, (max-width: 600px) 100vw, 600px\" \/><\/p>\n<h2>FAQ<\/h2>\n<h3>Est-il s\u00fbr de jouer au poker en ligne ?<\/h3>\n<p>Oui, Bien sur que c&rsquo;est \u00e7a.\u00a0Le site RocketPlay est s\u00fbr et digne de confiance.<\/p>\n<h3>Comment apprendre \u00e0 jouer au poker ?<\/h3>\n<p>Le poker pour les nouveaux joueurs peut parfois sembler compliqu\u00e9 car il existe de nombreuses vari\u00e9t\u00e9s de jeux et leurs r\u00e8gles.\u00a0Cependant, une fois que vous recommencerez \u00e0 jouer, vous constaterez que c&rsquo;est assez facile \u00e0 jouer, c&rsquo;est plus difficile \u00e0 apprendre.<\/p>\n<h3>Puis-je gagner de l&rsquo;argent en jouant au poker en ligne ?<\/h3>\n<p>Bien s\u00fbr.\u00a0De nombreux joueurs utilisent leurs comp\u00e9tences et leurs connaissances dans le jeu pour gagner de l&rsquo;argent.\u00a0Cependant, il est toujours important de se rappeler que le poker est un jeu de hasard et que vous risquez votre argent pour gagner.\u00a0Jouez toujours de mani\u00e8re responsable et ne vous laissez pas emporter par l&rsquo;argent.\u00a0Le poker en ligne doit \u00eatre un jeu amusant avant tout.<\/p>\n","protected":false},"excerpt":{"rendered":"<p>Il existe de nombreuses vari\u00e9t\u00e9s de poker jou\u00e9 avec des jeux de cartes et des paris sur la meilleure combinaison.\u00a0Les r\u00e8gles exactes d\u00e9pendront du type de jeu auquel vous d\u00e9cidez de jouer.\u00a0RocketPlay poker en ligne\u00a0utilise g\u00e9n\u00e9ralement un jeu standard de 52 cartes, mais gardez \u00e0 l&rsquo;esprit que le nombre exact de cartes utilis\u00e9es, ouvertes ou&#8230;<\/p>\n","protected":false},"author":1,"featured_media":0,"parent":0,"menu_order":0,"comment_status":"closed","ping_status":"closed","template":"page-with-bonus.php","meta":{"_acf_changed":false,"_kad_post_transparent":"default","_kad_post_title":"default","_kad_post_layout":"default","_kad_post_sidebar_id":"","_kad_post_content_style":"default","_kad_post_vertical_padding":"default","_kad_post_feature":"","_kad_post_feature_position":"","_kad_post_header":false,"_kad_post_footer":false,"footnotes":""},"class_list":["post-2837","page","type-page","status-publish","hentry"],"acf":[],"rttpg_featured_image_url":null,"rttpg_author":{"display_name":"Tom","author_link":"https:\/\/rocketplay-game.com\/fr\/author\/pemvas95n89x\/"},"rttpg_comment":0,"rttpg_category":null,"rttpg_excerpt":"Il existe de nombreuses vari\u00e9t\u00e9s de poker jou\u00e9 avec des jeux de cartes et des paris sur la meilleure combinaison.\u00a0Les r\u00e8gles exactes d\u00e9pendront du type de jeu auquel vous d\u00e9cidez de jouer.\u00a0RocketPlay poker en ligne\u00a0utilise g\u00e9n\u00e9ralement un jeu standard de 52 cartes, mais gardez \u00e0 l&rsquo;esprit que le nombre exact de cartes utilis\u00e9es, ouvertes ou...","_links":{"self":[{"href":"https:\/\/rocketplay-game.com\/fr\/wp-json\/wp\/v2\/pages\/2837","targetHints":{"allow":["GET"]}}],"collection":[{"href":"https:\/\/rocketplay-game.com\/fr\/wp-json\/wp\/v2\/pages"}],"about":[{"href":"https:\/\/rocketplay-game.com\/fr\/wp-json\/wp\/v2\/types\/page"}],"author":[{"embeddable":true,"href":"https:\/\/rocketplay-game.com\/fr\/wp-json\/wp\/v2\/users\/1"}],"replies":[{"embeddable":true,"href":"https:\/\/rocketplay-game.com\/fr\/wp-json\/wp\/v2\/comments?post=2837"}],"version-history":[{"count":3,"href":"https:\/\/rocketplay-game.com\/fr\/wp-json\/wp\/v2\/pages\/2837\/revisions"}],"predecessor-version":[{"id":5220,"href":"https:\/\/rocketplay-game.com\/fr\/wp-json\/wp\/v2\/pages\/2837\/revisions\/5220"}],"wp:attachment":[{"href":"https:\/\/rocketplay-game.com\/fr\/wp-json\/wp\/v2\/media?parent=2837"}],"curies":[{"name":"wp","href":"https:\/\/api.w.org\/{rel}","templated":true}]}}