{"id":2841,"date":"2022-05-15T16:51:32","date_gmt":"2022-05-15T13:51:32","guid":{"rendered":"https:\/\/rocketplay-game.com\/vip\/"},"modified":"2026-03-01T15:55:44","modified_gmt":"2026-03-01T12:55:44","slug":"vip","status":"publish","type":"page","link":"https:\/\/rocketplay-game.com\/fr\/vip\/","title":{"rendered":"Programme VIP du casino RocketPlay"},"content":{"rendered":"<p>En ces temps difficiles, il est plus important que jamais pour les entreprises de cr\u00e9er un environnement o\u00f9 leurs clients se sentent importants et valoris\u00e9s. Les casinos en ligne y parviennent g\u00e9n\u00e9ralement gr\u00e2ce \u00e0 des programmes de fid\u00e9lit\u00e9 proposant des \u00e9v\u00e9nements virtuels, des loteries en ligne et de nombreuses autres promotions et bonus. Le programme VIP du casino Rocket Play en est un exemple.<\/p>\n<p>Beaucoup ont entendu parler de ce programme sans jamais l&rsquo;avoir test\u00e9. Si vous \u00eates un v\u00e9ritable passionn\u00e9 de casinos en ligne, vous pouvez b\u00e9n\u00e9ficier de r\u00e9compenses personnalis\u00e9es. Le programme VIP du casino en ligne Rocket Play vous offre de nombreux avantages et cadeaux.<\/p>\n<p style=\"text-align: center;\"><img loading=\"lazy\" decoding=\"async\" class=\"alignnone wp-image-493 size-full\" src=\"https:\/\/rocketplay-game.com\/wp-content\/uploads\/2022\/10\/vip-programs-rocketplay.png\" alt=\"vip programs rocketplay\" width=\"960\" height=\"400\" srcset=\"https:\/\/rocketplay-game.com\/wp-content\/uploads\/2022\/10\/vip-programs-rocketplay.png 960w, https:\/\/rocketplay-game.com\/wp-content\/uploads\/2022\/10\/vip-programs-rocketplay-300x125.png 300w, https:\/\/rocketplay-game.com\/wp-content\/uploads\/2022\/10\/vip-programs-rocketplay-768x320.png 768w\" sizes=\"auto, (max-width: 960px) 100vw, 960px\" \/><\/p>\n<h2>Les avantages de devenir VIP<\/h2>\n<p>Le programme VIP du casino Rocket Play en Australie offre \u00e0 ses utilisateurs des bonus, des parties suppl\u00e9mentaires et bien plus encore. Les entreprises qui d\u00e9veloppent des programmes VIP pour leurs clients ont leurs propres crit\u00e8res d&rsquo;attribution du statut VIP. Le plus souvent, ces crit\u00e8res reposent sur un syst\u00e8me de points et des d\u00e9p\u00f4ts r\u00e9guliers \u00e0 quatre ou cinq chiffres. Commencez \u00e0 miser r\u00e9guli\u00e8rement, accumulez des points et le responsable du casino vous contactera pour vous inviter au programme VIP.<\/p>\n<p>Il est rare de trouver quelqu&rsquo;un qui vient au casino pour perdre. M\u00eame si la raison de se rendre dans un \u00e9tablissement de jeux est simplement de se divertir, l&rsquo;objectif de tous les joueurs est unique : gagner. Malheureusement, il est impossible de gagner \u00e0 tous les coups ; sinon, les casinos seraient ferm\u00e9s, sinon tous les jours, du moins tous les deux jours. Perdre fait partie int\u00e9grante du jeu et doit \u00eatre accept\u00e9, d&rsquo;autant plus que les casinos proposent un excellent bonus pour compenser ces pertes : le cashback.<\/p>\n<p>Contrairement aux bonus offerts \u00e0 l&rsquo;inscription ou via des codes promotionnels, ce bonus est cumulatif. Il s&rsquo;agit d&rsquo;un bonus tr\u00e8s int\u00e9ressant, qui montre que le casino cherche \u00e0 att\u00e9nuer l&rsquo;impact n\u00e9gatif potentiel d&rsquo;une perte. Pour \u00e9viter toute d\u00e9ception, il vous suffit de consulter les conditions d&rsquo;obtention de ce bonus sur le site web du casino.<\/p>\n<h2>Questions fr\u00e9quemment pos\u00e9es sur le programme VIP du casino RocketPlay<\/h2>\n<h3>Comment devenir membre de l&rsquo;offre sp\u00e9ciale\u00a0?<\/h3>\n<p>Selon son niveau, le client du casino re\u00e7oit des cadeaux, comme un bonus de d\u00e9p\u00f4t. Le casino Rocket Play propose un programme VIP exclusif. Chaque membre inscrit re\u00e7oit un bonus \u00ab\u00a0Iron\u00a0\u00bb, parmi les dix niveaux disponibles. Chaque niveau sup\u00e9rieur donne droit \u00e0 des cadeaux suppl\u00e9mentaires.<\/p>\n<h3>Quels sont les avantages de chaque niveau\u00a0?<\/h3>\n<p>Le deuxi\u00e8me niveau offre 10 tours gratuits suppl\u00e9mentaires. Le troisi\u00e8me, 15 tours gratuits, avec un bonus de 3\u00a0% (x5) le lundi. Le quatri\u00e8me niveau offre 50 tours gratuits, avec un bonus de 5\u00a0% (x5) le lundi. Le cinqui\u00e8me niveau offre 75 tours gratuits, avec un bonus de 7\u00a0% (x5). Le sixi\u00e8me niveau offre 150 tours gratuits, avec un bonus de 9\u00a0% (x5) le lundi. Le septi\u00e8me niveau offre 300 tours gratuits, avec un bonus de 10\u00a0% (x5). Le huiti\u00e8me niveau offre un bonus de 12\u00a0% et un bonus sans d\u00e9p\u00f4t de 2\u00a0300\u00a0$. 9e bonus invers\u00e9\u00a0: -13\u00a0% (x5), sans d\u00e9p\u00f4t\u00a0: 9\u00a0000\u00a0$. Bonus le plus \u00e9lev\u00e9\u00a0: -15\u00a0%, sans d\u00e9p\u00f4t\u00a0: 22\u00a0500\u00a0$.<\/p>\n<h3>Comment devenir membre de l&rsquo;offre sp\u00e9ciale\u00a0?<\/h3>\n<p>Selon son niveau, le client du casino re\u00e7oit des cadeaux, comme un bonus de d\u00e9p\u00f4t. Le casino Rocket Play propose un programme VIP exclusif. Chaque membre inscrit re\u00e7oit un bonus \u00ab\u00a0Iron\u00a0\u00bb, parmi les dix niveaux disponibles. Chaque niveau sup\u00e9rieur donne droit \u00e0 des cadeaux suppl\u00e9mentaires.<\/p>\n<h3>Quels sont les avantages de chaque niveau\u00a0?<\/h3>\n<p>Le deuxi\u00e8me niveau offre 10 tours gratuits suppl\u00e9mentaires. Le troisi\u00e8me, 15 tours gratuits, avec un bonus de 3\u00a0% (x5) le lundi. Le quatri\u00e8me niveau offre 50 tours gratuits, avec un bonus de 5\u00a0% (x5) le lundi. Le cinqui\u00e8me niveau offre 75 tours gratuits, avec un bonus de 7\u00a0% (x5). Le sixi\u00e8me niveau offre 150 tours gratuits, avec un bonus de 9\u00a0% (x5) le lundi. Le septi\u00e8me niveau offre 300 tours gratuits, avec un bonus de 10\u00a0% (x5). Le huiti\u00e8me niveau offre un bonus de 12\u00a0% et un bonus sans d\u00e9p\u00f4t de 2\u00a0300\u00a0$. 9e bonus invers\u00e9\u00a0: -13\u00a0% (x5), sans d\u00e9p\u00f4t\u00a0: 9\u00a0000\u00a0$. Bonus le plus \u00e9lev\u00e9\u00a0: -15\u00a0%, sans d\u00e9p\u00f4t\u00a0: 22\u00a0500\u00a0$.<\/p>\n<h3>Quelles sont les conditions pour recevoir ces bonus\u00a0?<\/h3>\n<p>Les bonus sont disponibles uniquement sur certaines machines. L\u2019activation prend cinq jours. Mise requise\u00a0: x20. Chaque mise effectu\u00e9e rapporte des points au client. Ces points permettent de progresser dans les niveaux.<\/p>\n<p>Les bonus sont disponibles uniquement sur certaines machines. L\u2019activation prend cinq jours. Mise requise\u00a0: x20. Chaque mise effectu\u00e9e rapporte des points au client. Ces points permettent de progresser dans les niveaux.<\/p>\n","protected":false},"excerpt":{"rendered":"<p>En ces temps difficiles, il est plus important que jamais pour les entreprises de cr\u00e9er un environnement o\u00f9 leurs clients se sentent importants et valoris\u00e9s. Les casinos en ligne y parviennent g\u00e9n\u00e9ralement gr\u00e2ce \u00e0 des programmes de fid\u00e9lit\u00e9 proposant des \u00e9v\u00e9nements virtuels, des loteries en ligne et de nombreuses autres promotions et bonus. Le programme&#8230;<\/p>\n","protected":false},"author":1,"featured_media":0,"parent":0,"menu_order":0,"comment_status":"closed","ping_status":"closed","template":"","meta":{"_acf_changed":false,"_kad_post_transparent":"default","_kad_post_title":"default","_kad_post_layout":"default","_kad_post_sidebar_id":"","_kad_post_content_style":"default","_kad_post_vertical_padding":"default","_kad_post_feature":"","_kad_post_feature_position":"","_kad_post_header":false,"_kad_post_footer":false,"footnotes":""},"class_list":["post-2841","page","type-page","status-publish","hentry"],"acf":[],"rttpg_featured_image_url":null,"rttpg_author":{"display_name":"Tom","author_link":"https:\/\/rocketplay-game.com\/fr\/author\/pemvas95n89x\/"},"rttpg_comment":0,"rttpg_category":null,"rttpg_excerpt":"En ces temps difficiles, il est plus important que jamais pour les entreprises de cr\u00e9er un environnement o\u00f9 leurs clients se sentent importants et valoris\u00e9s. Les casinos en ligne y parviennent g\u00e9n\u00e9ralement gr\u00e2ce \u00e0 des programmes de fid\u00e9lit\u00e9 proposant des \u00e9v\u00e9nements virtuels, des loteries en ligne et de nombreuses autres promotions et bonus. Le programme...","_links":{"self":[{"href":"https:\/\/rocketplay-game.com\/fr\/wp-json\/wp\/v2\/pages\/2841","targetHints":{"allow":["GET"]}}],"collection":[{"href":"https:\/\/rocketplay-game.com\/fr\/wp-json\/wp\/v2\/pages"}],"about":[{"href":"https:\/\/rocketplay-game.com\/fr\/wp-json\/wp\/v2\/types\/page"}],"author":[{"embeddable":true,"href":"https:\/\/rocketplay-game.com\/fr\/wp-json\/wp\/v2\/users\/1"}],"replies":[{"embeddable":true,"href":"https:\/\/rocketplay-game.com\/fr\/wp-json\/wp\/v2\/comments?post=2841"}],"version-history":[{"count":5,"href":"https:\/\/rocketplay-game.com\/fr\/wp-json\/wp\/v2\/pages\/2841\/revisions"}],"predecessor-version":[{"id":10304,"href":"https:\/\/rocketplay-game.com\/fr\/wp-json\/wp\/v2\/pages\/2841\/revisions\/10304"}],"wp:attachment":[{"href":"https:\/\/rocketplay-game.com\/fr\/wp-json\/wp\/v2\/media?parent=2841"}],"curies":[{"name":"wp","href":"https:\/\/api.w.org\/{rel}","templated":true}]}}