{"id":3537,"date":"2023-01-10T16:01:48","date_gmt":"2023-01-10T13:01:48","guid":{"rendered":"https:\/\/rocketplay-game.com\/live-betting\/"},"modified":"2024-02-09T16:14:37","modified_gmt":"2024-02-09T13:14:37","slug":"live-betting","status":"publish","type":"page","link":"https:\/\/rocketplay-game.com\/fr\/live-betting\/","title":{"rendered":"Guide d\u00e9taill\u00e9 des paris sportifs en direct"},"content":{"rendered":"<p>Les paris en direct en France sont choisis par ceux qui d\u00e9cident de parier sur le sport en temps r\u00e9el. Le parieur fait des paris non pas avant le d\u00e9but du match mais juste au cours de la partie.\u00a0Cela donne des chances de gagner et augmente la probabilit\u00e9 qu&rsquo;il soit possible de pr\u00e9dire le gagnant.<\/p>\n<p><img loading=\"lazy\" decoding=\"async\" class=\"aligncenter wp-image-4765\" src=\"https:\/\/rocketplay-game.com\/wp-content\/uploads\/2024\/02\/soccer-players-action-professional-stadium.jpg\" alt=\"Live Sports Betting\" width=\"800\" height=\"492\" srcset=\"https:\/\/rocketplay-game.com\/wp-content\/uploads\/2024\/02\/soccer-players-action-professional-stadium.jpg 1000w, https:\/\/rocketplay-game.com\/wp-content\/uploads\/2024\/02\/soccer-players-action-professional-stadium-300x185.jpg 300w, https:\/\/rocketplay-game.com\/wp-content\/uploads\/2024\/02\/soccer-players-action-professional-stadium-768x472.jpg 768w\" sizes=\"auto, (max-width: 800px) 100vw, 800px\" \/><\/p>\n<h2>Qu&rsquo;est-ce que les paris en direct\u00a0?<\/h2>\n<p>De nombreux parieurs pr\u00e9f\u00e8rent parier en direct pour augmenter au maximum la probabilit\u00e9 de gagner.\u00a0Il y a plein de raisons \u00e0 cela :<\/p>\n<ol>\n<li aria-level=\"1\">Gr\u00e2ce aux sites de paris sportifs en direct, il est possible d&rsquo;augmenter rapidement, sans effort physique, ses revenus financiers.<\/li>\n<li aria-level=\"1\">Pendant le match, tout peut arriver.\u00a0Et si du coup le match de votre \u00e9quipe favorite n&rsquo;est pas bon, vous pouvez parier pas comme pr\u00e9vu.<\/li>\n<li aria-level=\"1\">Il est possible de faire des paris avec des cotes plus \u00e9lev\u00e9es.<\/li>\n<li aria-level=\"1\">Dans la ligne en direct, il y a plus de fourches que dans la normale.\u00a0Et cela augmente les chances des parieurs de remporter une victoire \u00e9clatante et rentable.<\/li>\n<li aria-level=\"1\">Gr\u00e2ce aux paris en direct, il est possible de minimiser les pertes en pariant sur le r\u00e9sultat inverse des \u00e9v\u00e9nements.<\/li>\n<\/ol>\n<p>Ce ne sont pas toutes les raisons pour lesquelles les parieurs choisissent l&rsquo;application de paris sportifs en direct.\u00a0Il y en a beaucoup plus.\u00a0Et tout le monde ne regrettera pas d&rsquo;avoir fait un tel choix.<\/p>\n<h2>Types de paris en direct<\/h2>\n<p>Il existe de nombreux types de paris sportifs en direct que beaucoup de gens adorent.\u00a0Et chaque pari est attractif \u00e0 sa mani\u00e8re :<\/p>\n<ol>\n<li aria-level=\"1\">r\u00e9sultat principal.\u00a0Ce pari permet de pr\u00e9dire la victoire de certains participants \u00e0 un match ou \u00e0 un match nul.<\/li>\n<li aria-level=\"1\">double chance.\u00a0Un tel pari peut \u00eatre fait s&rsquo;il y a la certitude qu&rsquo;une des \u00e9quipes ou un athl\u00e8te particulier ne perdra pas pendant le match.<\/li>\n<li aria-level=\"1\">Pronostiquez le nombre de buts marqu\u00e9s pendant le match.\u00a0Il est possible de choisir un tel type de pari comme Total, plus ou moins.<\/li>\n<\/ol>\n<p>De nombreux parieurs aiment parier sur des matchs qui ont d\u00e9j\u00e0 commenc\u00e9.\u00a0Il devient possible de placer un pari sur un \u00e9v\u00e9nement qui a d\u00e9j\u00e0 commenc\u00e9.<\/p>\n<h2>Avantages des paris en direct<\/h2>\n<p>De nombreux parieurs professionnels placent des paris en direct.\u00a0Ainsi, il est possible d&rsquo;augmenter le capital financier, de conclure plusieurs paris sur un tapis et de pr\u00e9dire le r\u00e9sultat des \u00e9v\u00e9nements.\u00a0Ce type de pari pr\u00e9sente de nombreux avantages :<\/p>\n<ol>\n<li>\n<ol>\n<li aria-level=\"1\">Il devient possible de visionner le match en personne et directement pendant le match pour faire des paris.<\/li>\n<li aria-level=\"1\">Il existe une r\u00e9elle opportunit\u00e9 d&rsquo;augmenter significativement les gains sur les r\u00e9sultats d&rsquo;un seul jeu.<\/li>\n<li aria-level=\"1\">Les cotes \u00e9lev\u00e9es, qui peuvent augmenter au fur et \u00e0 mesure que le match progresse, m\u00e9ritent \u00e9galement d&rsquo;\u00eatre soulign\u00e9es.\u00a0La probabilit\u00e9 d&rsquo;attraper une excellente cote au cas o\u00f9 la probabilit\u00e9 de r\u00e9ussite est suffisamment \u00e9lev\u00e9e augmente.<\/li>\n<\/ol>\n<\/li>\n<\/ol>\n<p>Les avantages ne s&rsquo;arr\u00eatent pas l\u00e0, bien s\u00fbr.\u00a0Et tout le monde sera ravi de parier sur le sport en choisissant des solutions de paris sportifs en direct.<\/p>\n<p><img loading=\"lazy\" decoding=\"async\" class=\"aligncenter wp-image-4774\" src=\"https:\/\/rocketplay-game.com\/wp-content\/uploads\/2024\/02\/sports-betting-american-football-player-appearing-from-smartphone-field-money-shower.jpg\" alt=\"Live Sports Betting 2\" width=\"800\" height=\"534\" srcset=\"https:\/\/rocketplay-game.com\/wp-content\/uploads\/2024\/02\/sports-betting-american-football-player-appearing-from-smartphone-field-money-shower.jpg 1000w, https:\/\/rocketplay-game.com\/wp-content\/uploads\/2024\/02\/sports-betting-american-football-player-appearing-from-smartphone-field-money-shower-300x200.jpg 300w, https:\/\/rocketplay-game.com\/wp-content\/uploads\/2024\/02\/sports-betting-american-football-player-appearing-from-smartphone-field-money-shower-768x512.jpg 768w\" sizes=\"auto, (max-width: 800px) 100vw, 800px\" \/><\/p>\n<h2>Strat\u00e9gie de paris en direct<\/h2>\n<p>La strat\u00e9gie de paris en direct est un jeu en temps r\u00e9el.\u00a0Il est possible d&rsquo;augmenter la probabilit\u00e9 que le pari joue de mani\u00e8re significative.\u00a0Il suffit de suivre l&rsquo;\u00e9volution du match pour d\u00e9terminer plus pr\u00e9cis\u00e9ment qui sortira vainqueur de la comp\u00e9tition sur laquelle vous avez pari\u00e9.<\/p>\n<p>L&rsquo;analyse de ce que vous voyez et la connaissance de la composition de l&rsquo;\u00e9quipe augmentent consid\u00e9rablement la probabilit\u00e9 que vous gagniez en pariant.\u00a0Et dans ce cas, vous pourrez retirer facilement, rapidement et en toute s\u00e9curit\u00e9 le montant total en choisissant un mode de paiement pratique.<\/p>\n<h2>Conclusion<\/h2>\n<p>La forme de paris sportifs en direct est r\u00e9pandue dans divers sports.\u00a0Il est pr\u00e9f\u00e9r\u00e9 par beaucoup de ceux qui aiment parier sur les cybersports.\u00a0Le football et le tennis, ainsi que le hockey, les sports pr\u00e9f\u00e9r\u00e9s de nombreux parieurs, peuvent \u00e9galement \u00eatre suivis en pariant pendant le match.<\/p>\n<p>Gr\u00e2ce \u00e0 la vari\u00e9t\u00e9 des types de paris en direct, chaque parieur a la possibilit\u00e9 de faire le bon choix.\u00a0Tout le monde appr\u00e9ciera de regarder le match tout en am\u00e9liorant consid\u00e9rablement son bien-\u00eatre financier, sans effort physique.<\/p>\n<h2>FAQ<\/h2>\n<p>Pour tous ceux qui aiment parier sur le sport en temps r\u00e9el, il sera utile et passionnant de conna\u00eetre les r\u00e9ponses aux questions que les parieurs se posent souvent.\u00a0En voici quelques uns.<\/p>\n<h3>Quel est l&rsquo;attrait des paris en direct ?<\/h3>\n<p>Il y a plus qu&rsquo;assez de raisons pour lesquelles les parieurs choisissent souvent les paris en direct :<\/p>\n<ol>\n<li aria-level=\"1\">Il est possible de parier pendant le match.<\/li>\n<li aria-level=\"1\">La possibilit\u00e9 de parier pendant le jeu augmente la probabilit\u00e9 de pronostics plus pr\u00e9cis.<\/li>\n<li aria-level=\"1\">En regardant le d\u00e9veloppement des \u00e9v\u00e9nements, il est possible de pr\u00e9dire plus pr\u00e9cis\u00e9ment qui sera le vainqueur de ce match.<\/li>\n<\/ol>\n<p>Bien s\u00fbr, ce ne sont pas tous les avantages des pronostics de paris sportifs en direct.<\/p>\n<h3>Comment les cotes changent-elles dans les paris en direct\u00a0?<\/h3>\n<p>En pla\u00e7ant n&rsquo;importe quel pari sur un \u00e9v\u00e9nement qui a d\u00e9j\u00e0 commenc\u00e9, les cotes changent proportionnellement au d\u00e9roulement de la partie.\u00a0Cela s&rsquo;applique aux buts marqu\u00e9s, aux p\u00e9nalit\u00e9s et aux autres composants du jeu.\u00a0les paris en direct vous permettent d&rsquo;\u00eatre plus s\u00fbr de gagner.<\/p>\n<h3>Comment gagner en pariant en direct ?<\/h3>\n<p>Pour gagner, le parieur doit :<\/p>\n<ul>\n<li aria-level=\"1\">concentration et capacit\u00e9 d&rsquo;attention;<\/li>\n<li aria-level=\"1\">la capacit\u00e9 de contr\u00f4ler les \u00e9motions;<\/li>\n<li aria-level=\"1\">choisir la bonne strat\u00e9gie, la meilleure des plus ferm\u00e9es, o\u00f9 la perte est minimis\u00e9e ;<\/li>\n<li aria-level=\"1\">regarder attentivement la diffusion en ligne pour \u00e9valuer au plus juste la situation pendant le match afin de pr\u00e9voir le moment o\u00f9 le match sera un tournant.<\/li>\n<\/ul>\n<p>En regardant de pr\u00e8s le d\u00e9roulement des \u00e9v\u00e9nements, il y a toutes les chances de gagner.<\/p>\n","protected":false},"excerpt":{"rendered":"<p>Les paris en direct en France sont choisis par ceux qui d\u00e9cident de parier sur le sport en temps r\u00e9el. Le parieur fait des paris non pas avant le d\u00e9but du match mais juste au cours de la partie.\u00a0Cela donne des chances de gagner et augmente la probabilit\u00e9 qu&rsquo;il soit possible de pr\u00e9dire le gagnant&#8230;.<\/p>\n","protected":false},"author":1,"featured_media":0,"parent":0,"menu_order":0,"comment_status":"closed","ping_status":"closed","template":"page-with-bonus.php","meta":{"_acf_changed":false,"_kad_post_transparent":"default","_kad_post_title":"default","_kad_post_layout":"default","_kad_post_sidebar_id":"","_kad_post_content_style":"default","_kad_post_vertical_padding":"default","_kad_post_feature":"","_kad_post_feature_position":"","_kad_post_header":false,"_kad_post_footer":false,"footnotes":""},"class_list":["post-3537","page","type-page","status-publish","hentry"],"acf":[],"rttpg_featured_image_url":null,"rttpg_author":{"display_name":"Tom","author_link":"https:\/\/rocketplay-game.com\/fr\/author\/pemvas95n89x\/"},"rttpg_comment":0,"rttpg_category":null,"rttpg_excerpt":"Les paris en direct en France sont choisis par ceux qui d\u00e9cident de parier sur le sport en temps r\u00e9el. Le parieur fait des paris non pas avant le d\u00e9but du match mais juste au cours de la partie.\u00a0Cela donne des chances de gagner et augmente la probabilit\u00e9 qu&rsquo;il soit possible de pr\u00e9dire le gagnant....","_links":{"self":[{"href":"https:\/\/rocketplay-game.com\/fr\/wp-json\/wp\/v2\/pages\/3537","targetHints":{"allow":["GET"]}}],"collection":[{"href":"https:\/\/rocketplay-game.com\/fr\/wp-json\/wp\/v2\/pages"}],"about":[{"href":"https:\/\/rocketplay-game.com\/fr\/wp-json\/wp\/v2\/types\/page"}],"author":[{"embeddable":true,"href":"https:\/\/rocketplay-game.com\/fr\/wp-json\/wp\/v2\/users\/1"}],"replies":[{"embeddable":true,"href":"https:\/\/rocketplay-game.com\/fr\/wp-json\/wp\/v2\/comments?post=3537"}],"version-history":[{"count":4,"href":"https:\/\/rocketplay-game.com\/fr\/wp-json\/wp\/v2\/pages\/3537\/revisions"}],"predecessor-version":[{"id":5271,"href":"https:\/\/rocketplay-game.com\/fr\/wp-json\/wp\/v2\/pages\/3537\/revisions\/5271"}],"wp:attachment":[{"href":"https:\/\/rocketplay-game.com\/fr\/wp-json\/wp\/v2\/media?parent=3537"}],"curies":[{"name":"wp","href":"https:\/\/api.w.org\/{rel}","templated":true}]}}