{"id":3541,"date":"2023-01-10T10:58:28","date_gmt":"2023-01-10T07:58:28","guid":{"rendered":"https:\/\/rocketplay-game.com\/live-games\/"},"modified":"2024-02-09T15:52:27","modified_gmt":"2024-02-09T12:52:27","slug":"live-games","status":"publish","type":"page","link":"https:\/\/rocketplay-game.com\/fr\/live-games\/","title":{"rendered":"Revue des jeux de casino en direct de Rocket Play"},"content":{"rendered":"<p>Les casinos en ligne sont maintenant plus pertinents que jamais.\u00a0Beaucoup de gens aiment passer leurs soir\u00e9es \u00e0 jouer dans les casinos en ligne.\u00a0Et les casinos flottent constamment.\u00a0D\u00e9velopp\u00e9 avec le d\u00e9veloppement de la technologie et d&rsquo;un Internet plus accessible.<\/p>\n<p>C&rsquo;est ainsi que les jeux Casino Live sont apparus dans les ann\u00e9es 2000.\u00a0Mais \u00e0 cette \u00e9poque, ce n&rsquo;\u00e9tait pas pratique, la connectique laissait \u00e0 d\u00e9sirer, et le c\u00f4t\u00e9 technique n&rsquo;\u00e9tait pas bien fait.\u00a0Depuis lors, beaucoup de temps s&rsquo;est \u00e9coul\u00e9 et beaucoup de choses se sont am\u00e9lior\u00e9es.<\/p>\n<p><img loading=\"lazy\" decoding=\"async\" class=\"aligncenter wp-image-4825\" src=\"https:\/\/rocketplay-game.com\/wp-content\/uploads\/2024\/02\/live-cas.png\" alt=\"Rocket Play Live Casino\" width=\"800\" height=\"661\" srcset=\"https:\/\/rocketplay-game.com\/wp-content\/uploads\/2024\/02\/live-cas.png 886w, https:\/\/rocketplay-game.com\/wp-content\/uploads\/2024\/02\/live-cas-300x248.png 300w, https:\/\/rocketplay-game.com\/wp-content\/uploads\/2024\/02\/live-cas-768x635.png 768w\" sizes=\"auto, (max-width: 800px) 100vw, 800px\" \/><\/p>\n<h2>Types de jeux en direct<\/h2>\n<p>Sur Internet, vous pouvez trouver de nombreux jeux Casino Live diff\u00e9rents.\u00a0Ce sont souvent les jeux de cartes que tout le monde aime.\u00a0Parmi les meilleurs jeux de casino en direct figurent le poker, le blackjack et les loteries.<\/p>\n<h2>Comment commencer \u00e0 jouer\u00a0?<\/h2>\n<p>Si vous commencez \u00e0 vous familiariser avec le monde du jeu, vous vous demandez peut-\u00eatre comment commencer \u00e0 jouer.\u00a0Pour commencer \u00e0 jouer aux jeux de casino en ligne en direct, vous devez vous rendre sur le site officiel du casino en ligne.\u00a0Assurez-vous de vous connecter.\u00a0Sinon, vous ne pourrez pas d\u00e9marrer le jeu.\u00a0Ensuite, s\u00e9lectionnez l&rsquo;\u00e9l\u00e9ment pour jouer aux jeux de casino en direct en haut du menu.\u00a0Une liste de jeux disponibles en format live appara\u00eetra devant vous.<\/p>\n<p>Les jeux en direct diff\u00e8rent des jeux r\u00e9guliers car le croupier joue avec vous.\u00a0Il montre vos cartes de poker, accepte les paris et communique avec les joueurs.\u00a0Cela cr\u00e9e des \u00e9motions inoubliables et une ambiance proche de ce que vous pourriez rencontrer dans les casinos terrestres.<\/p>\n<h2>Bonus<\/h2>\n<p>Parmi les bonus des casinos avec un format de jeu en direct, on trouve de tels bonus :<\/p>\n<ul>\n<li aria-level=\"1\">bonus de bienvenue \u2013 le bonus de bienvenue que vous pouvez obtenir d\u00e8s que vous visitez le site Web du casino en ligne.\u00a0Ceci est con\u00e7u pour attirer de nouveaux utilisateurs;<\/li>\n<li aria-level=\"1\">bonus d&rsquo;inscription &#8211; vous recevrez un bonus d&rsquo;inscription lorsque vous vous inscrivez et confirmez l&rsquo;enregistrement de votre compte dans l&rsquo;e-mail qui viendra \u00e0 l&rsquo;e-mail que vous avez fourni lors de l&rsquo;inscription\u00a0;<\/li>\n<li aria-level=\"1\">bonus du programme de parrainage \u2013 chaque casino en ligne a un syst\u00e8me de parrainage.\u00a0Il s&rsquo;agit souvent d&rsquo;un code qu&rsquo;un utilisateur d\u00e9j\u00e0 enregistr\u00e9 peut donner \u00e0 un utilisateur pas encore enregistr\u00e9.\u00a0Lorsque ce code est sp\u00e9cifi\u00e9 lors de l&rsquo;inscription, les deux utilisateurs re\u00e7oivent un bonus\u00a0;<\/li>\n<li aria-level=\"1\">promotions g\u00e9n\u00e9rales \u2013 chaque casino propose r\u00e9guli\u00e8rement des offres promotionnelles que vous pouvez trouver sur la page principale du casino.\u00a0Lisez attentivement les termes et conditions du bonus\u00a0;<\/li>\n<li aria-level=\"1\">offres individuelles &#8211; ces offres arrivent au poste que l&rsquo;utilisateur a sp\u00e9cifi\u00e9 lors de l&rsquo;inscription, alors n&rsquo;oubliez pas de le v\u00e9rifier;<\/li>\n<li aria-level=\"1\">bonus de fid\u00e9lit\u00e9 \u2013 Ce type de bonus est disponible pour de nombreux joueurs exp\u00e9riment\u00e9s pour leur fid\u00e9lit\u00e9 au casino et leur temps pass\u00e9 \u00e0 jouer \u00e0 des jeux.<\/li>\n<\/ul>\n<p>Tous ces bonus ont toujours un remplissage diff\u00e9rent, mais vous devez faire attention au multiplicateur de bonus de d\u00e9p\u00f4t que vous pouvez obtenir.\u00a0Ne n\u00e9gligez pas non plus le temps de jeu gratuit que vous pouvez obtenir en bonus.<\/p>\n<p><img loading=\"lazy\" decoding=\"async\" class=\"aligncenter wp-image-4834\" src=\"https:\/\/rocketplay-game.com\/wp-content\/uploads\/2024\/02\/live-cas-24-e1707316963692.png\" alt=\"Rocket Play Live Casino 2\" width=\"800\" height=\"501\" srcset=\"https:\/\/rocketplay-game.com\/wp-content\/uploads\/2024\/02\/live-cas-24-e1707316963692.png 1112w, https:\/\/rocketplay-game.com\/wp-content\/uploads\/2024\/02\/live-cas-24-e1707316963692-300x188.png 300w, https:\/\/rocketplay-game.com\/wp-content\/uploads\/2024\/02\/live-cas-24-e1707316963692-1024x642.png 1024w, https:\/\/rocketplay-game.com\/wp-content\/uploads\/2024\/02\/live-cas-24-e1707316963692-768x481.png 768w\" sizes=\"auto, (max-width: 800px) 100vw, 800px\" \/><\/p>\n<h2>Logiciel<\/h2>\n<p>\u00c0 la lumi\u00e8re de la popularit\u00e9 croissante des meilleurs jeux de casino en direct, de nombreux d\u00e9veloppeurs accordent la priorit\u00e9 au d\u00e9veloppement de logiciels pour les jeux avec un croupier en direct.\u00a0Parmi les principaux d\u00e9veloppeurs de tels logiciels, je peux distinguer les \u00e9l\u00e9ments suivants\u00a0:<\/p>\n<ul>\n<li aria-level=\"1\">Blueprint est le leader du nombre de jeux d&rsquo;action en direct d\u00e9velopp\u00e9s.\u00a0Et la quantit\u00e9 n&rsquo;est pas \u00e9gale \u00e0 la qualit\u00e9, mais il ne s&rsquo;agit pas de ces gars-l\u00e0.\u00a0Ils font des jeux d\u00e9cents;<\/li>\n<li aria-level=\"1\">SoftBet \u2013 ces d\u00e9veloppeurs de jeux, m\u00eame s&rsquo;ils ne peuvent pas se vanter d&rsquo;autant de jeux, m\u00e9ritent votre attention, au moins parce que leur logiciel est unique.<\/li>\n<li aria-level=\"1\">NetEnt est l&rsquo;un des d\u00e9veloppeurs de logiciels les plus \u00e9quitables du monde du jeu, c&rsquo;est donc formidable de voir leurs jeux avec un croupier en direct.\u00a0Ils ont toujours eu le RTP le plus \u00e9lev\u00e9 possible et leurs utilisateurs ne se sont jamais plaints de la qualit\u00e9 du logiciel.<\/li>\n<\/ul>\n<p>Bien s\u00fbr, vous pouvez \u00e9galement essayer de nouveaux jeux de casino en direct d&rsquo;autres fournisseurs de logiciels.\u00a0Et ce sera correct car il est toujours important de trouver quelque chose qui vous convienne.<\/p>\n<h2>D\u00e9p\u00f4t et Retrait<\/h2>\n<p>Il est \u00e9galement essentiel que le casino en ligne dispose de moyens pratiques pour d\u00e9poser et retirer vos gains.\u00a0Et ce casino en ligne l&rsquo;a.\u00a0Le montant minimum de d\u00e9p\u00f4t sur Rocket Play est de 20 $.\u00a0Le montant du retrait est plus \u00e9lev\u00e9 &#8211; 50 $.\u00a0Le montant du retrait est sup\u00e9rieur au montant minimum du d\u00e9p\u00f4t dans tous les casinos.\u00a0Ceci est fait pour emp\u00eacher les utilisateurs de tricher et de profiter uniquement des bonus.\u00a0Vous pouvez r\u00e9approvisionner votre solde des mani\u00e8res suivantes\u00a0:<\/p>\n<ul>\n<li aria-level=\"1\">via votre carte bancaire, Visa, MasterCard ou American Express ;<\/li>\n<li aria-level=\"1\">via PayPal, Payoneer ou le service de paiement en ligne Payeer<\/li>\n<li aria-level=\"1\">depuis votre portefeuille de crypto-monnaie.<\/li>\n<\/ul>\n<p>Vous pouvez \u00e9galement utiliser ces m\u00e9thodes pour retirer des fonds.<\/p>\n<h2>FAQ<\/h2>\n<p>Notre objectif principal a toujours \u00e9t\u00e9 d&rsquo;aider nos utilisateurs.\u00a0C&rsquo;est pourquoi nous avons rassembl\u00e9 et r\u00e9pondu aux questions les plus populaires des utilisateurs novices.<\/p>\n<h3>Puis-je jouer pour de l&rsquo;argent r\u00e9el depuis mon appareil mobile ?<\/h3>\n<p>Oui, vous pouvez jouer depuis votre appareil mobile pour de l&rsquo;argent r\u00e9el.\u00a0Pour ce faire, vous devez vous rendre sur le site officiel du casino et t\u00e9l\u00e9charger l&rsquo;application du casino en ligne.\u00a0Ou, si vous avez un iPhone, vous devez vous connecter au site, et vous pouvez recharger votre solde et parier avec de l&rsquo;argent r\u00e9el.<\/p>\n<h3>A partir de quel \u00e2ge puis-je faire un d\u00e9p\u00f4t ?<\/h3>\n<p>Vous ne pouvez vous inscrire sur un casino en ligne que si vous avez au moins 18 ans.\u00a0suivre, vous ne pouvez d\u00e9poser qu&rsquo;apr\u00e8s l&rsquo;inscription, ce qui signifie 18 ans.<\/p>\n<h3>Puis-je essayer de jouer dans un casino sans argent ?<\/h3>\n<p>Oui, vous pouvez toujours jouer en mode d\u00e9mo.\u00a0L\u00e0, vous aurez acc\u00e8s \u00e0 votre compte de d\u00e9p\u00f4t.\u00a0Mais rappelez-vous que l&rsquo;argent que vous gagnez en mode d\u00e9mo et il reste.<\/p>\n","protected":false},"excerpt":{"rendered":"<p>Les casinos en ligne sont maintenant plus pertinents que jamais.\u00a0Beaucoup de gens aiment passer leurs soir\u00e9es \u00e0 jouer dans les casinos en ligne.\u00a0Et les casinos flottent constamment.\u00a0D\u00e9velopp\u00e9 avec le d\u00e9veloppement de la technologie et d&rsquo;un Internet plus accessible. C&rsquo;est ainsi que les jeux Casino Live sont apparus dans les ann\u00e9es 2000.\u00a0Mais \u00e0 cette \u00e9poque, ce&#8230;<\/p>\n","protected":false},"author":1,"featured_media":0,"parent":0,"menu_order":0,"comment_status":"closed","ping_status":"closed","template":"page-with-bonus.php","meta":{"_acf_changed":false,"_kad_post_transparent":"default","_kad_post_title":"default","_kad_post_layout":"default","_kad_post_sidebar_id":"","_kad_post_content_style":"default","_kad_post_vertical_padding":"default","_kad_post_feature":"","_kad_post_feature_position":"","_kad_post_header":false,"_kad_post_footer":false,"footnotes":""},"class_list":["post-3541","page","type-page","status-publish","hentry"],"acf":[],"rttpg_featured_image_url":null,"rttpg_author":{"display_name":"Tom","author_link":"https:\/\/rocketplay-game.com\/fr\/author\/pemvas95n89x\/"},"rttpg_comment":0,"rttpg_category":null,"rttpg_excerpt":"Les casinos en ligne sont maintenant plus pertinents que jamais.\u00a0Beaucoup de gens aiment passer leurs soir\u00e9es \u00e0 jouer dans les casinos en ligne.\u00a0Et les casinos flottent constamment.\u00a0D\u00e9velopp\u00e9 avec le d\u00e9veloppement de la technologie et d&rsquo;un Internet plus accessible. C&rsquo;est ainsi que les jeux Casino Live sont apparus dans les ann\u00e9es 2000.\u00a0Mais \u00e0 cette \u00e9poque, ce...","_links":{"self":[{"href":"https:\/\/rocketplay-game.com\/fr\/wp-json\/wp\/v2\/pages\/3541","targetHints":{"allow":["GET"]}}],"collection":[{"href":"https:\/\/rocketplay-game.com\/fr\/wp-json\/wp\/v2\/pages"}],"about":[{"href":"https:\/\/rocketplay-game.com\/fr\/wp-json\/wp\/v2\/types\/page"}],"author":[{"embeddable":true,"href":"https:\/\/rocketplay-game.com\/fr\/wp-json\/wp\/v2\/users\/1"}],"replies":[{"embeddable":true,"href":"https:\/\/rocketplay-game.com\/fr\/wp-json\/wp\/v2\/comments?post=3541"}],"version-history":[{"count":3,"href":"https:\/\/rocketplay-game.com\/fr\/wp-json\/wp\/v2\/pages\/3541\/revisions"}],"predecessor-version":[{"id":5245,"href":"https:\/\/rocketplay-game.com\/fr\/wp-json\/wp\/v2\/pages\/3541\/revisions\/5245"}],"wp:attachment":[{"href":"https:\/\/rocketplay-game.com\/fr\/wp-json\/wp\/v2\/media?parent=3541"}],"curies":[{"name":"wp","href":"https:\/\/api.w.org\/{rel}","templated":true}]}}