{"id":3544,"date":"2023-01-10T11:36:33","date_gmt":"2023-01-10T08:36:33","guid":{"rendered":"https:\/\/rocketplay-game.com\/live-games\/blackjck\/"},"modified":"2024-02-09T15:47:48","modified_gmt":"2024-02-09T12:47:48","slug":"blackjck","status":"publish","type":"page","link":"https:\/\/rocketplay-game.com\/fr\/live-games\/blackjck\/","title":{"rendered":"Guide du Blackjack en direct"},"content":{"rendered":"<p>Le blackjack est l&rsquo;un des jeux de cartes les plus anciens dans les casinos.\u00a0Selon certaines \u00e9tudes, le blackjack a commenc\u00e9 au XVIIe si\u00e8cle, mais il s&rsquo;appelait alors \u00ab21\u00bb, mais l&rsquo;essence du jeu est rest\u00e9e la m\u00eame.<\/p>\n<p>Au fil du temps, tout change, des changements dans la disponibilit\u00e9 du jeu, des changements dans le jeu et des changements dans les endroits o\u00f9 les gens jouent.\u00a0Les casinos ont commenc\u00e9 \u00e0 appara\u00eetre et avec l&rsquo;av\u00e8nement de l&rsquo;Internet disponible, les gens ont \u00e9galement commenc\u00e9 \u00e0 jouer dans les casinos en ligne.\u00a0Par cons\u00e9quent, nous vous proposons notre avis sur la forme moderne toujours populaire du jeu Live Blackjack.<\/p>\n<p><img loading=\"lazy\" decoding=\"async\" class=\"aligncenter wp-image-4846\" src=\"https:\/\/rocketplay-game.com\/wp-content\/uploads\/2024\/02\/blckjk.png\" alt=\"Live Blackjack \" width=\"800\" height=\"392\" srcset=\"https:\/\/rocketplay-game.com\/wp-content\/uploads\/2024\/02\/blckjk.png 1340w, https:\/\/rocketplay-game.com\/wp-content\/uploads\/2024\/02\/blckjk-300x147.png 300w, https:\/\/rocketplay-game.com\/wp-content\/uploads\/2024\/02\/blckjk-1024x502.png 1024w, https:\/\/rocketplay-game.com\/wp-content\/uploads\/2024\/02\/blckjk-768x377.png 768w\" sizes=\"auto, (max-width: 800px) 100vw, 800px\" \/><\/p>\n<h2>Avantages du Blackjack en direct sur Rocket Play<\/h2>\n<p>Le Blackjack en direct en ligne pr\u00e9sente de nombreux avantages par rapport aux autres jeux de casino.\u00a0Par cons\u00e9quent, nous vous sugg\u00e9rons de r\u00e9fl\u00e9chir aux avantages qui pourraient vous int\u00e9resser :<\/p>\n<ul>\n<li aria-level=\"1\">la simplicit\u00e9 des r\u00e8gles &#8211; au cours des nombreuses ann\u00e9es d&rsquo;existence, Live Blackjack Tout le monde avait jou\u00e9 au blackjack avant la premi\u00e8re fois qu&rsquo;ils visitaient un casino.\u00a0Cela peut \u00eatre \u00e0 la maison en famille, ou lors d&rsquo;une f\u00eate entre amis, mais tout le monde conna\u00eet les r\u00e8gles du jeu ;<\/li>\n<li aria-level=\"1\">vitesse de paiement &#8211; en comparant le casino Live Blackjack avec d&rsquo;autres jeux, vous pouvez imm\u00e9diatement remarquer que le temps de jeu moyen dans les jeux de casino en ligne au Live Blackjack France est environ 2,5 fois inf\u00e9rieur. Mais ce n&rsquo;est pas surprenant car il n&rsquo;y a rien \u00e0 jouer pendant longtemps ;<\/li>\n<li aria-level=\"1\">croupier en direct &#8211; bien s\u00fbr, ce n&rsquo;est plus une chose unique, et les premiers croupiers en direct dans les jeux de casino sont apparus dans les ann\u00e9es 2000.\u00a0Les croupiers en direct sont devenus populaires lorsque les gens ont commenc\u00e9 \u00e0 avoir acc\u00e8s \u00e0 un Internet de qualit\u00e9.\u00a0Un croupier en direct est une interaction unique, une assurance d&rsquo;\u00e9quit\u00e9 et juste une bonne ambiance qui vous am\u00e8ne dans les salles des casinos terrestres avec leur espace, leur charisme et leur excitation planant dans cette salle.<\/li>\n<\/ul>\n<p>Connaissant tous les avantages du jeu, vous pouvez commencer \u00e0 jouer en toute s\u00e9curit\u00e9.\u00a0Et obtenez de gros gains.<\/p>\n<h2>Types de jeux de blackjack en direct populaires<\/h2>\n<p>Au cours de son existence, il y a eu de nombreuses variantes de ce jeu.\u00a0Et chacun d&rsquo;eux a un nombre \u00e9norme de fans.\u00a0Nous vous invitons donc \u00e0 consid\u00e9rer cinq des plus populaires d&rsquo;entre eux dans un format rapide sans entrer dans les subtilit\u00e9s des r\u00e8gles de chacun d&rsquo;eux :<\/p>\n<ul>\n<li aria-level=\"1\">Blackjack am\u00e9ricain \u2013 Ce blackjack est principalement appel\u00e9 blackjack classique.\u00a0Et c&rsquo;est l&rsquo;un des types de blackjack les plus courants.<\/li>\n<li aria-level=\"1\">Blackjack Perfect Pairs \u2013 L&rsquo;une des principales diff\u00e9rences entre ce type de blackjack et le blackjack classique est qu&rsquo;ici, le r\u00f4le principal est jou\u00e9 par les mises annexes et le premier tirage de cartes ;<\/li>\n<li aria-level=\"1\">Blackjack europ\u00e9en &#8211; Ce type de blackjack pr\u00e9sente peu de diff\u00e9rences significatives par rapport au blackjack classique, ce qui n&rsquo;est pas surprenant puisque le blackjack est n\u00e9 sur le continent europ\u00e9en ;<\/li>\n<li aria-level=\"1\">Blackjack Switch \u2013 La principale diff\u00e9rence dans cette variante de blackjack se refl\u00e8te parfaitement dans le nom du jeu.\u00a0La particularit\u00e9 de ce blackjack est que vous avez deux mains \u00e0 la fois, et vous pouvez \u00e9changer les secondes cartes distribu\u00e9es \u00e0 chaque main entre les deux joueurs.<\/li>\n<li aria-level=\"1\">Vegas Strip Blackjack est une forme classique de strip blackjack, ce type de blackjack a de nombreux fans dans le monde entier, et il a commenc\u00e9 dans le sud de Las Vegas.<\/li>\n<\/ul>\n<p>Vous pouvez en savoir plus sur les r\u00e8gles et les caract\u00e9ristiques de chacun de ces blackjacks sur le site officiel du casino en ligne.<\/p>\n<h2>Logiciel<\/h2>\n<p>Il y a beaucoup de concurrence sur le march\u00e9 des \u00e9diteurs de logiciels.\u00a0Par cons\u00e9quent, chaque d\u00e9veloppeur essaie de cr\u00e9er de nombreux jeux diff\u00e9rents pour chaque utilisateur.\u00a0Par cons\u00e9quent, il n&rsquo;est pas surprenant que presque tous proposent diff\u00e9rentes variantes de blackjack.\u00a0Nous vous sugg\u00e9rons de pr\u00eater attention \u00e0 ces d\u00e9veloppeurs avec le meilleur Live Blackjack en ligne en ligne que vous pouvez trouver dans les casinos en ligne :<\/p>\n<ul>\n<li aria-level=\"1\">PGSoft\u00a0;<\/li>\n<li aria-level=\"1\">Micro-jeu\u00a0;<\/li>\n<li aria-level=\"1\">Play&rsquo;n&rsquo;Go\u00a0;<\/li>\n<\/ul>\n<p>Nous pouvons vous recommander chacun de ces d\u00e9veloppeurs de logiciels car ils ont prouv\u00e9 leurs comp\u00e9tences au fil des ann\u00e9es de travail sur ce march\u00e9 et des dizaines de variantes jouent au Live Blackjack.<\/p>\n<h2>service client<\/h2>\n<p>Aussi, un des enjeux non n\u00e9gligeables est le support utilisateur car chaque utilisateur peut avoir une difficult\u00e9 ou une question.\u00a0Par cons\u00e9quent, dans presque toutes les variantes du blackjack, vous pouvez vous tourner vers des sp\u00e9cialistes qui vous apporteront une aide compl\u00e8te et de qualit\u00e9 qui r\u00e9soudra toutes vos questions.<\/p>\n<p><img loading=\"lazy\" decoding=\"async\" class=\"aligncenter wp-image-4856 size-full\" src=\"https:\/\/rocketplay-game.com\/wp-content\/uploads\/2024\/02\/bot.png\" alt=\"Live Blackjack 2\" width=\"443\" height=\"626\" srcset=\"https:\/\/rocketplay-game.com\/wp-content\/uploads\/2024\/02\/bot.png 443w, https:\/\/rocketplay-game.com\/wp-content\/uploads\/2024\/02\/bot-212x300.png 212w\" sizes=\"auto, (max-width: 443px) 100vw, 443px\" \/><\/p>\n<h2>Conclusion<\/h2>\n<p>Le blackjack a une longue histoire de d\u00e9veloppement, que les gens eux-m\u00eames ont cr\u00e9\u00e9e.\u00a0Le blackjack \u00e9tait aim\u00e9 jouer \u00e0 diff\u00e9rents moments par diff\u00e9rentes personnes.\u00a0Si vous n&rsquo;avez pas encore essay\u00e9 de jouer au blackjack, visitez les sites de Blackjack en direct, et nous sommes s\u00fbrs que ce jeu peut vous captiver pendant de nombreuses soir\u00e9es.<\/p>\n<h2>FAQ<\/h2>\n<p>Nous recevons souvent beaucoup de questions.\u00a0Les joueurs exp\u00e9riment\u00e9s et les d\u00e9butants nous \u00e9crivent.\u00a0Nous avons rassembl\u00e9 plusieurs questions populaires et y avons r\u00e9pondu de mani\u00e8re exhaustive.<\/p>\n<h3>Puis-je jouer au blackjack gratuitement ?<\/h3>\n<p>Oui, vous pouvez commencer \u00e0 jouer au blackjack sans investir.\u00a0Pour ce faire, vous devez utiliser notre mode d\u00e9mo, dont chaque jeu dispose.<\/p>\n<h3>Puis-je jouer au blackjack depuis mon t\u00e9l\u00e9phone portable ?<\/h3>\n<p>Nos d\u00e9veloppeurs font tout leur possible pour que nos utilisateurs puissent jouer comme ils le souhaitent et o\u00f9 cela leur conviendra.\u00a0C&rsquo;est pourquoi nous avons une version mobile parfaitement optimis\u00e9e de notre site.\u00a0Assurez-vous de l&rsquo;essayer.<\/p>\n<h3>Puis-je recharger mon solde depuis mon portefeuille de crypto-monnaie\u00a0?<\/h3>\n<p>Oui, notre casino offre la possibilit\u00e9 de d\u00e9poser votre solde en crypto-monnaie.\u00a0De plus, vous pouvez retirer vos gains sur votre portefeuille de crypto-monnaie ou votre carte bancaire.<\/p>\n","protected":false},"excerpt":{"rendered":"<p>Le blackjack est l&rsquo;un des jeux de cartes les plus anciens dans les casinos.\u00a0Selon certaines \u00e9tudes, le blackjack a commenc\u00e9 au XVIIe si\u00e8cle, mais il s&rsquo;appelait alors \u00ab21\u00bb, mais l&rsquo;essence du jeu est rest\u00e9e la m\u00eame. Au fil du temps, tout change, des changements dans la disponibilit\u00e9 du jeu, des changements dans le jeu et&#8230;<\/p>\n","protected":false},"author":1,"featured_media":0,"parent":3541,"menu_order":0,"comment_status":"closed","ping_status":"closed","template":"page-with-bonus.php","meta":{"_acf_changed":false,"_kad_post_transparent":"default","_kad_post_title":"default","_kad_post_layout":"default","_kad_post_sidebar_id":"","_kad_post_content_style":"default","_kad_post_vertical_padding":"default","_kad_post_feature":"","_kad_post_feature_position":"","_kad_post_header":false,"_kad_post_footer":false,"footnotes":""},"class_list":["post-3544","page","type-page","status-publish","hentry"],"acf":[],"rttpg_featured_image_url":null,"rttpg_author":{"display_name":"Tom","author_link":"https:\/\/rocketplay-game.com\/fr\/author\/pemvas95n89x\/"},"rttpg_comment":0,"rttpg_category":null,"rttpg_excerpt":"Le blackjack est l&rsquo;un des jeux de cartes les plus anciens dans les casinos.\u00a0Selon certaines \u00e9tudes, le blackjack a commenc\u00e9 au XVIIe si\u00e8cle, mais il s&rsquo;appelait alors \u00ab21\u00bb, mais l&rsquo;essence du jeu est rest\u00e9e la m\u00eame. Au fil du temps, tout change, des changements dans la disponibilit\u00e9 du jeu, des changements dans le jeu et...","_links":{"self":[{"href":"https:\/\/rocketplay-game.com\/fr\/wp-json\/wp\/v2\/pages\/3544","targetHints":{"allow":["GET"]}}],"collection":[{"href":"https:\/\/rocketplay-game.com\/fr\/wp-json\/wp\/v2\/pages"}],"about":[{"href":"https:\/\/rocketplay-game.com\/fr\/wp-json\/wp\/v2\/types\/page"}],"author":[{"embeddable":true,"href":"https:\/\/rocketplay-game.com\/fr\/wp-json\/wp\/v2\/users\/1"}],"replies":[{"embeddable":true,"href":"https:\/\/rocketplay-game.com\/fr\/wp-json\/wp\/v2\/comments?post=3544"}],"version-history":[{"count":4,"href":"https:\/\/rocketplay-game.com\/fr\/wp-json\/wp\/v2\/pages\/3544\/revisions"}],"predecessor-version":[{"id":5237,"href":"https:\/\/rocketplay-game.com\/fr\/wp-json\/wp\/v2\/pages\/3544\/revisions\/5237"}],"up":[{"embeddable":true,"href":"https:\/\/rocketplay-game.com\/fr\/wp-json\/wp\/v2\/pages\/3541"}],"wp:attachment":[{"href":"https:\/\/rocketplay-game.com\/fr\/wp-json\/wp\/v2\/media?parent=3544"}],"curies":[{"name":"wp","href":"https:\/\/api.w.org\/{rel}","templated":true}]}}