{"id":3548,"date":"2023-01-10T15:42:17","date_gmt":"2023-01-10T12:42:17","guid":{"rendered":"https:\/\/rocketplay-game.com\/live-games\/blackjck\/free\/"},"modified":"2024-02-09T15:41:19","modified_gmt":"2024-02-09T12:41:19","slug":"free","status":"publish","type":"page","link":"https:\/\/rocketplay-game.com\/fr\/live-games\/blackjck\/free\/","title":{"rendered":"Jouez gratuitement au blackjack en direct avec Rocket Play Casino"},"content":{"rendered":"<p>Beaucoup de gens aiment passer leurs soir\u00e9es dans les casinos en ligne.\u00a0Apr\u00e8s tout, c&rsquo;est toujours int\u00e9ressant.\u00a0C&rsquo;est beaucoup d&rsquo;\u00e9motions diff\u00e9rentes.\u00a0Mais beaucoup de gens ont peur de d\u00e9penser leur argent.<\/p>\n<p>Certains pensent qu&rsquo;ils peuvent \u00eatre tromp\u00e9s.\u00a0Quelqu&rsquo;un n&rsquo;est pas un joueur exp\u00e9riment\u00e9.\u00a0Vous n&rsquo;\u00eates pas oblig\u00e9 de jouer pour de l&rsquo;argent r\u00e9el imm\u00e9diatement car il existe un Blackjack en direct gratuit.\u00a0Vous n&rsquo;avez pas besoin de d\u00e9penser un seul centime pour profiter du blackjack.\u00a0Voyons comment proc\u00e9der.<\/p>\n<p><img loading=\"lazy\" decoding=\"async\" class=\"aligncenter wp-image-4866\" src=\"https:\/\/rocketplay-game.com\/wp-content\/uploads\/2024\/02\/blckfejwfw-12132123.png\" alt=\"Rocket Play Blackjack\" width=\"800\" height=\"423\" srcset=\"https:\/\/rocketplay-game.com\/wp-content\/uploads\/2024\/02\/blckfejwfw-12132123.png 1348w, https:\/\/rocketplay-game.com\/wp-content\/uploads\/2024\/02\/blckfejwfw-12132123-300x159.png 300w, https:\/\/rocketplay-game.com\/wp-content\/uploads\/2024\/02\/blckfejwfw-12132123-1024x542.png 1024w, https:\/\/rocketplay-game.com\/wp-content\/uploads\/2024\/02\/blckfejwfw-12132123-768x406.png 768w\" sizes=\"auto, (max-width: 800px) 100vw, 800px\" \/><\/p>\n<h2>Introduction au Blackjack en direct gratuit<\/h2>\n<p>Le blackjack est l&rsquo;un des plus anciens jeux de cartes de hasard.\u00a0L&rsquo;histoire du blackjack remonte au 17\u00e8me si\u00e8cle.\u00a0Mais pendant tout ce temps, le blackjack n&rsquo;a fait que gagner en popularit\u00e9 et n&rsquo;a jamais \u00e9t\u00e9 surcharg\u00e9 de r\u00e8gles.\u00a0Dans Free Live Blackjack en ligne, il existe des dizaines de vari\u00e9t\u00e9s que vous pouvez trouver dans les casinos en ligne.\u00a0Et vous pouvez toujours profiter du Free Live Blackjack car il ne demande aucun investissement, c&rsquo;est int\u00e9ressant, et c&rsquo;est assez rapide.<\/p>\n<h2>Comment jouer au blackjack en direct gratuit<\/h2>\n<p>Vous pouvez toujours trouver des jeux de Blackjack en direct gratuits sur le casino en ligne dans une section sp\u00e9ciale.\u00a0Pour commencer \u00e0 jouer gratuitement, vous devez choisir le jeu en mode d\u00e9mo.\u00a0Vous aurez un compte particulier r\u00e9approvisionn\u00e9 automatiquement si vous perdez tout, mais vous ne pouvez pas conserver vos gains.\u00a0Et les r\u00e8gles du jeu de blackjack classique sont \u00e9l\u00e9mentaires :<\/p>\n<ol>\n<li aria-level=\"1\">Vous pouvez voir le croupier jouer aux cartes en direct sur l&rsquo;\u00e9cran devant vous.\u00a0Vous pouvez \u00e9galement voir votre mise et les cartes que vous avez en main.<\/li>\n<li aria-level=\"1\">Apr\u00e8s avoir fait un pari, le croupier dira la phrase bien connue \u00ab\u00a0Les paris sont faits, plus de paris\u00a0\u00bb et distribue des cartes \u00e0 tous les participants de la partie.<\/li>\n<li aria-level=\"1\">Lors de la premi\u00e8re donne, vous obtenez deux cartes.\u00a0Pour gagner, vous avez besoin que la valeur totale des cartes soit de 21 ou aussi proche que possible de ce nombre sans le d\u00e9passer.\u00a0Vous pouvez toujours trouver le poids de chaque carte sur l&rsquo;\u00e9cran.<\/li>\n<li aria-level=\"1\">Apr\u00e8s tout, les participants ont re\u00e7u leurs cartes, chaque participant r\u00e9fl\u00e9chit s&rsquo;il faut prendre une autre carte ou s&rsquo;arr\u00eater maintenant.\u00a0Si le participant prend la carte suivante et que le poids de sa carte est inf\u00e9rieur ou \u00e9gal \u00e0 21 \u2013 le participant reste dans la partie.\u00a0Si plus, le participant est \u00e9limin\u00e9.\u00a0Chaque participant peut prendre autant de cartes suppl\u00e9mentaires qu&rsquo;il en a besoin.<\/li>\n<li aria-level=\"1\">Une fois que chaque participant a pris autant de cartes que n\u00e9cessaire, tous les joueurs montrent leurs mains.\u00a0Le gagnant est le gagnant avec un poids de cartes \u00e9gal ou proche de 21. Le perdant n&rsquo;obtient rien.<\/li>\n<\/ol>\n<p>Connaissant ces r\u00e8gles simples, vous pouvez toujours jouer \u00e0 un ou plusieurs jeux de blackjack sur un casino en ligne.\u00a0Mais pour gagner r\u00e9guli\u00e8rement, vous devez \u00e9tudier le jeu en d\u00e9tail, apprendre les astuces des professionnels et d\u00e9velopper votre strat\u00e9gie pour gagner.\u00a0Tout cela est extr\u00eamement important, surtout si vous pr\u00e9voyez de jouer pour de l&rsquo;argent r\u00e9el par la suite.<\/p>\n<p><img loading=\"lazy\" decoding=\"async\" class=\"aligncenter wp-image-4875\" src=\"https:\/\/rocketplay-game.com\/wp-content\/uploads\/2024\/02\/blckfejwfw-12132123323.png\" alt=\"Rocket Play Blackjack 2\" width=\"800\" height=\"428\" srcset=\"https:\/\/rocketplay-game.com\/wp-content\/uploads\/2024\/02\/blckfejwfw-12132123323.png 1352w, https:\/\/rocketplay-game.com\/wp-content\/uploads\/2024\/02\/blckfejwfw-12132123323-300x160.png 300w, https:\/\/rocketplay-game.com\/wp-content\/uploads\/2024\/02\/blckfejwfw-12132123323-1024x548.png 1024w, https:\/\/rocketplay-game.com\/wp-content\/uploads\/2024\/02\/blckfejwfw-12132123323-768x411.png 768w\" sizes=\"auto, (max-width: 800px) 100vw, 800px\" \/><\/p>\n<h2>Pourquoi jouer au blackjack en direct gratuit<\/h2>\n<p>Il existe de nombreuses raisons pour lesquelles vous devriez jouer au Live Blackjack en ligne gratuitement, que nous examinerons certainement avec vous :<\/p>\n<ul>\n<li aria-level=\"1\">le blackjack est fascinant &#8211; il est difficile de contester ce fait car le blackjack est reconnu par beaucoup comme l&rsquo;un des jeux de cartes les plus excitants.\u00a0Bien s\u00fbr, les ardents fans de poker peuvent contester cela, mais rien ne les emp\u00eache de jouer au poker et au blackjack.<\/li>\n<li aria-level=\"1\">C&rsquo;est s\u00fbr &#8211; pour ceux qui ont peur de perdre toutes leurs \u00e9conomies en jouant aux jeux de cartes.\u00a0Ou que vous ne pouvez pas vous arr\u00eater \u00e0 temps.\u00a0Ils n&rsquo;ont pas besoin de d\u00e9penser un centime pour jouer au mode d\u00e9mo de blackjack en ligne.\u00a0En jouant en mode d\u00e9mo, vous ne d\u00e9pensez pas vos \u00e9conomies.\u00a0Vous jouez pour de l&rsquo;argent virtuel, qui se trouve dans un compte virtuel.\u00a0Ce compte est r\u00e9approvisionn\u00e9 si vous perdez tout l&rsquo;argent qu&rsquo;il contient.\u00a0Mais vous ne pouvez pas retirer vos gains de ce compte.\u00a0Rappelez-vous cela.<\/li>\n<li aria-level=\"1\">interaction \u2013 lorsque vous jouez au blackjack en direct, vous voyez toujours un croupier en direct devant vous, parlant aux joueurs \u00e0 la table en temps r\u00e9el, distribuant des cartes et appelant le gagnant.\u00a0C&rsquo;est juste incroyable \u00e0 regarder.<\/li>\n<li aria-level=\"1\">ce sont des \u00e9motions en direct &#8211; lorsque vous jouez \u00e0 n&rsquo;importe quel jeu et au blackjack en particulier, vous obtenez une dose massive d&rsquo;excitation, qui est l&rsquo;une des \u00e9motions les plus fortes que les gens ressentent.\u00a0Mais il est s\u00fbr de r\u00e9aliser ces \u00e9motions lorsque vous jouez au blackjack gratuit.\u00a0Vous ne gaspillez pas votre investissement et ne risquez pas de le perdre.<\/li>\n<\/ul>\n<p>Lorsque vous essayez de jouer au blackjack, vous trouverez sans aucun doute vos propres \u00e9motions uniques que ce jeu \u00e9voque, et c&rsquo;est g\u00e9nial.\u00a0Assurez-vous donc d&rsquo;entrer et d&rsquo;essayer de jouer gratuitement.<\/p>\n<h2>Conclusion<\/h2>\n<p>Le blackjack compte des millions de fans dans le monde.\u00a0Les casinos en ligne peuvent jouer au blackjack avec un croupier en direct.\u00a0N&rsquo;oubliez pas le bonus Live Blackjack Free.\u00a0Cela permettra de gagner de l&rsquo;argent r\u00e9el sans investissement.<\/p>\n<h2>FAQ<\/h2>\n<p>De nombreux utilisateurs nous \u00e9crivent souvent avec des questions.\u00a0Et nous trouvons toujours le temps d&rsquo;y r\u00e9pondre.\u00a0C&rsquo;est pourquoi nous avons compil\u00e9 certaines des questions les plus populaires, afin que vous puissiez toujours trouver plus rapidement les r\u00e9ponses qui vous int\u00e9ressent.<\/p>\n<h3>Qu&rsquo;est-ce qu&rsquo;un bonus de bienvenue ?<\/h3>\n<p>Il s&rsquo;agit d&rsquo;un bonus que chaque utilisateur qui acc\u00e8de pour la premi\u00e8re fois au site Web officiel du casino en ligne obtient.\u00a0Pour r\u00e9cup\u00e9rer ce bonus, l&rsquo;utilisateur doit effectuer une simple inscription et r\u00e9cup\u00e9rer le bonus dans son armoire.<\/p>\n<h3>Puis-je jouer gratuitement depuis mon t\u00e9l\u00e9phone ?<\/h3>\n<p>Oui, vous pouvez jouer au blackjack gratuitement, pas seulement depuis votre mobile.\u00a0Vous devez t\u00e9l\u00e9charger notre application de casino sur votre appareil Android sur le site officiel.<\/p>\n<h3>A partir de quel \u00e2ge puis-je jouer au blackjack gratuitement ?<\/h3>\n<p>Selon la loi, vous ne pouvez vous inscrire au casino qu&rsquo;\u00e0 partir de 18 ans. Malheureusement, vous ne pouvez pas jouer m\u00eame gratuitement sans atteindre cet \u00e2ge.<\/p>\n","protected":false},"excerpt":{"rendered":"<p>Beaucoup de gens aiment passer leurs soir\u00e9es dans les casinos en ligne.\u00a0Apr\u00e8s tout, c&rsquo;est toujours int\u00e9ressant.\u00a0C&rsquo;est beaucoup d&rsquo;\u00e9motions diff\u00e9rentes.\u00a0Mais beaucoup de gens ont peur de d\u00e9penser leur argent. Certains pensent qu&rsquo;ils peuvent \u00eatre tromp\u00e9s.\u00a0Quelqu&rsquo;un n&rsquo;est pas un joueur exp\u00e9riment\u00e9.\u00a0Vous n&rsquo;\u00eates pas oblig\u00e9 de jouer pour de l&rsquo;argent r\u00e9el imm\u00e9diatement car il existe un Blackjack en&#8230;<\/p>\n","protected":false},"author":1,"featured_media":0,"parent":3544,"menu_order":0,"comment_status":"closed","ping_status":"closed","template":"page-with-bonus.php","meta":{"_acf_changed":false,"_kad_post_transparent":"default","_kad_post_title":"default","_kad_post_layout":"default","_kad_post_sidebar_id":"","_kad_post_content_style":"default","_kad_post_vertical_padding":"default","_kad_post_feature":"","_kad_post_feature_position":"","_kad_post_header":false,"_kad_post_footer":false,"footnotes":""},"class_list":["post-3548","page","type-page","status-publish","hentry"],"acf":[],"rttpg_featured_image_url":null,"rttpg_author":{"display_name":"Tom","author_link":"https:\/\/rocketplay-game.com\/fr\/author\/pemvas95n89x\/"},"rttpg_comment":0,"rttpg_category":null,"rttpg_excerpt":"Beaucoup de gens aiment passer leurs soir\u00e9es dans les casinos en ligne.\u00a0Apr\u00e8s tout, c&rsquo;est toujours int\u00e9ressant.\u00a0C&rsquo;est beaucoup d&rsquo;\u00e9motions diff\u00e9rentes.\u00a0Mais beaucoup de gens ont peur de d\u00e9penser leur argent. Certains pensent qu&rsquo;ils peuvent \u00eatre tromp\u00e9s.\u00a0Quelqu&rsquo;un n&rsquo;est pas un joueur exp\u00e9riment\u00e9.\u00a0Vous n&rsquo;\u00eates pas oblig\u00e9 de jouer pour de l&rsquo;argent r\u00e9el imm\u00e9diatement car il existe un Blackjack en...","_links":{"self":[{"href":"https:\/\/rocketplay-game.com\/fr\/wp-json\/wp\/v2\/pages\/3548","targetHints":{"allow":["GET"]}}],"collection":[{"href":"https:\/\/rocketplay-game.com\/fr\/wp-json\/wp\/v2\/pages"}],"about":[{"href":"https:\/\/rocketplay-game.com\/fr\/wp-json\/wp\/v2\/types\/page"}],"author":[{"embeddable":true,"href":"https:\/\/rocketplay-game.com\/fr\/wp-json\/wp\/v2\/users\/1"}],"replies":[{"embeddable":true,"href":"https:\/\/rocketplay-game.com\/fr\/wp-json\/wp\/v2\/comments?post=3548"}],"version-history":[{"count":3,"href":"https:\/\/rocketplay-game.com\/fr\/wp-json\/wp\/v2\/pages\/3548\/revisions"}],"predecessor-version":[{"id":5228,"href":"https:\/\/rocketplay-game.com\/fr\/wp-json\/wp\/v2\/pages\/3548\/revisions\/5228"}],"up":[{"embeddable":true,"href":"https:\/\/rocketplay-game.com\/fr\/wp-json\/wp\/v2\/pages\/3544"}],"wp:attachment":[{"href":"https:\/\/rocketplay-game.com\/fr\/wp-json\/wp\/v2\/media?parent=3548"}],"curies":[{"name":"wp","href":"https:\/\/api.w.org\/{rel}","templated":true}]}}