{"id":3551,"date":"2023-01-09T19:25:29","date_gmt":"2023-01-09T16:25:29","guid":{"rendered":"https:\/\/rocketplay-game.com\/live-casino\/"},"modified":"2024-02-09T16:06:33","modified_gmt":"2024-02-09T13:06:33","slug":"live-casino","status":"publish","type":"page","link":"https:\/\/rocketplay-game.com\/fr\/live-casino\/","title":{"rendered":"Revue du casino en direct Rocket Play"},"content":{"rendered":"<p>On pense que les premiers casinos sont apparus en Europe au 17\u00e8me si\u00e8cle.\u00a0Ils semblaient contr\u00f4ler le jeu.\u00a0\u00c0 cette \u00e9poque, le jeu \u00e9tait d\u00e9j\u00e0 r\u00e9pandu parmi les gens.\u00a0Bien s\u00fbr, tout le monde ne pouvait pas s&rsquo;y rendre, mais seuls les membres de la noblesse et de l&rsquo;aristocratie, et au milieu d&rsquo;eux, attendaient des prix tr\u00e8s \u00e9lev\u00e9s pour les jeux.\u00a0Et ils jouaient surtout \u00e0 des jeux de cartes, comme le blackjack ou le bridge, et aimaient aussi jouer aux loteries.<\/p>\n<p>Au fur et \u00e0 mesure que le casino grandissait, les prix devenaient abordables et les gens pouvaient jouer.\u00a0Puis vint Internet.\u00a0Et ainsi est apparue la meilleure revue de casino en direct ci-dessous !<\/p>\n<p><img loading=\"lazy\" decoding=\"async\" class=\"aligncenter wp-image-4785\" src=\"https:\/\/rocketplay-game.com\/wp-content\/uploads\/2024\/02\/live-2.png\" alt=\"Live Casino Rocket Play \" width=\"800\" height=\"391\" srcset=\"https:\/\/rocketplay-game.com\/wp-content\/uploads\/2024\/02\/live-2.png 1355w, https:\/\/rocketplay-game.com\/wp-content\/uploads\/2024\/02\/live-2-300x147.png 300w, https:\/\/rocketplay-game.com\/wp-content\/uploads\/2024\/02\/live-2-1024x501.png 1024w, https:\/\/rocketplay-game.com\/wp-content\/uploads\/2024\/02\/live-2-768x376.png 768w\" sizes=\"auto, (max-width: 800px) 100vw, 800px\" \/><\/p>\n<h2>Logiciel<\/h2>\n<p>Pour commencer, regardons les \u00e9diteurs de logiciels.\u00a0Comme partout ailleurs, la concurrence est f\u00e9roce sur le march\u00e9 des \u00e9diteurs de logiciels.\u00a0C&rsquo;est pourquoi le casino en direct en ligne France peut choisir quelques-uns des meilleurs.<\/p>\n<p>Le choix d&rsquo;un fournisseur de logiciels est une activit\u00e9 importante.\u00a0Cela affecte la qualit\u00e9 des jeux du casino, le support, la mise \u00e0 jour du jeu, le confort des joueurs et combien ils peuvent gagner.\u00a0Le meilleur casino en ligne en direct est une approche responsable de ce probl\u00e8me.\u00a0C&rsquo;est pourquoi vous pouvez rencontrer de tels leaders du march\u00e9\u00a0:<\/p>\n<ul>\n<li>\n<ul>\n<li aria-level=\"1\">NetEnt\u00a0;<\/li>\n<li aria-level=\"1\">BetSoft\u00a0;<\/li>\n<li aria-level=\"1\">Plan;<\/li>\n<\/ul>\n<\/li>\n<\/ul>\n<p>Et ce n&rsquo;est pas tout;\u00a0vous pouvez en trouver plus sur le site Web du casino en direct France, assurez-vous de v\u00e9rifier leurs fournisseurs et choisissez celui que vous pr\u00e9f\u00e9rez.<\/p>\n<h2>Bonus et promotions<\/h2>\n<p>Les bonus et les promotions sont ce qui captive le plus l&rsquo;utilisateur, et le casino en ligne en direct l&rsquo;a bien compris.\u00a0Par cons\u00e9quent, vous pouvez rencontrer de nombreuses offres de bonus diff\u00e9rentes pendant que vous jouez.\u00a0Voyons ce qu&rsquo;ils sont :<\/p>\n<p><img loading=\"lazy\" decoding=\"async\" class=\"aligncenter wp-image-4795\" src=\"https:\/\/rocketplay-game.com\/wp-content\/uploads\/2024\/02\/live.png\" alt=\"Live Casino Rocket Play 2\" width=\"800\" height=\"490\" srcset=\"https:\/\/rocketplay-game.com\/wp-content\/uploads\/2024\/02\/live.png 1007w, https:\/\/rocketplay-game.com\/wp-content\/uploads\/2024\/02\/live-300x184.png 300w, https:\/\/rocketplay-game.com\/wp-content\/uploads\/2024\/02\/live-768x471.png 768w\" sizes=\"auto, (max-width: 800px) 100vw, 800px\" \/><\/p>\n<ul>\n<li aria-level=\"1\">le bonus de bienvenue est un bonus que chaque joueur peut obtenir d\u00e8s qu&rsquo;il entre sur le site officiel du casino.\u00a0Ceci est fait pour attirer de nouveaux utilisateurs;<\/li>\n<li aria-level=\"1\">le bonus d&rsquo;inscription est un bonus accord\u00e9 \u00e0 chaque utilisateur apr\u00e8s son inscription et la confirmation de son e-mail.\u00a0Ceci est fait pour que les nouveaux utilisateurs puissent trouver quelque chose \u00e0 faire au casino et essayer de faire leurs premiers paris et investissements ;<\/li>\n<li aria-level=\"1\">bonus de parrainage &#8211; ce bonus ne peut \u00eatre obtenu que si vous indiquez le code du joueur qui vous a invit\u00e9 au casino en direct lors de l&rsquo;inscription.\u00a0Ce joueur recevra \u00e9galement sa part du bonus.\u00a0C&rsquo;est fait pour que les gens invitent leurs amis au casino ;<\/li>\n<li aria-level=\"1\">le bonus de premier d\u00e9p\u00f4t est un bonus qui s&rsquo;ajoute \u00e0 votre solde d\u00e8s que vous effectuez votre premier investissement dans le casino en ligne.\u00a0Ceci est fait pour que les nouveaux utilisateurs soient plus incit\u00e9s \u00e0 investir dans le casino ;<\/li>\n<li aria-level=\"1\">promotions r\u00e9guli\u00e8res &#8211; vous pouvez toujours les trouver sur la page principale du casino en ligne.\u00a0Ce sont des bonus totalement diff\u00e9rents.\u00a0Veuillez lire attentivement les conditions pour les obtenir.\u00a0Ceci est fait pour diversifier le jeu des utilisateurs de casino en ligne d\u00e9j\u00e0 exp\u00e9riment\u00e9s;<\/li>\n<li aria-level=\"1\">les offres personnelles sont des promotions que vous recevez dans votre courrier.\u00a0Lisez attentivement les termes et conditions sur la fa\u00e7on de les obtenir.\u00a0Ils sont principalement con\u00e7us pour activer les joueurs passifs, mais parfois le casino veut vous plaire.<\/li>\n<li aria-level=\"1\">un bonus de fid\u00e9lit\u00e9 est un bonus que les utilisateurs de casino exp\u00e9riment\u00e9s re\u00e7oivent.\u00a0Ce bonus existe donc les joueurs exp\u00e9riment\u00e9s restent autant que possible avec le casino.<\/li>\n<\/ul>\n<p>Comme vous pouvez le constater, le casino propose une grande vari\u00e9t\u00e9 d&rsquo;offres de bonus.\u00a0Leur contenu peut varier, alors visitez le site Web du casino en ligne pour d\u00e9couvrir ce que contient le bonus sur lequel vous comptez.<\/p>\n<h2>D\u00e9p\u00f4t et retrait<\/h2>\n<p>En outre, une partie importante est la commodit\u00e9 de la fa\u00e7on dont vous pouvez d\u00e9poser votre solde et comment vous pouvez retirer vos gains.\u00a0Le meilleur site de casino en direct offre \u00e0 ses utilisateurs de nombreuses fa\u00e7ons diff\u00e9rentes.\u00a0Voyons donc comment vous pouvez effectuer votre d\u00e9p\u00f4t.\u00a0Vous pouvez effectuer votre d\u00e9p\u00f4t avec les \u00e9l\u00e9ments suivants\u00a0:<\/p>\n<ul>\n<li aria-level=\"1\">votre carte bancaire Visa, MasterCard, American Express ;<\/li>\n<li aria-level=\"1\">services bancaires par Internet PayPal, Payoneer, Payer\u00a0;<\/li>\n<li aria-level=\"1\">divers portefeuilles de crypto-monnaie.<\/li>\n<\/ul>\n<p>Le casino offre de nombreuses options pour d\u00e9poser votre solde.\u00a0Vous pouvez effectuer votre d\u00e9p\u00f4t de 20 $.\u00a0Vous pouvez retirer vos gains de votre solde.\u00a0Malheureusement, vous ne pouvez pas retirer votre solde sur votre carte bancaire, mais vous pouvez toujours utiliser les services bancaires en ligne ou votre portefeuille de crypto-monnaie.<\/p>\n<h2>Service client<\/h2>\n<p>Une grande partie essentielle de tout casino est son support utilisateur.\u00a0Apr\u00e8s tout, des questions et des difficult\u00e9s peuvent surgir de n&rsquo;importe qui \u00e0 tout moment.\u00a0Et ce casino en ligne est au plus haut niveau.\u00a0Vous pouvez demander de l&rsquo;aide 24 heures sur 24, 7 jours sur 7, et vous \u00eates s\u00fbr d&rsquo;aider car ici, avec votre demande, vous comprendrez l&rsquo;\u00e9quipe de professionnels hautement qualifi\u00e9s.<\/p>\n<h2>Conclusion<\/h2>\n<p>Apr\u00e8s avoir lu nos avis sur les casinos en ligne en direct, allez vous inscrire tout de suite dans un casino en ligne.\u00a0Mais avant de le faire, assurez-vous de lire les recommandations des professionnels sur la fa\u00e7on de jouer au casino en direct.\u00a0Cela vous aidera certainement.<\/p>\n<h2>FAQ<\/h2>\n<p>Nous avons demand\u00e9 \u00e0 notre \u00e9quipe de support technique de nous donner les trois questions les plus courantes afin que nous puissions vous aider \u00e0 trouver votre r\u00e9ponse le plus rapidement possible.\u00a0Et vous pouvez les trouver ci-dessous.<\/p>\n<h3>A quel \u00e2ge puis-je jouer sur un casino en ligne ?<\/h3>\n<p>Il est \u00e9crit dans la loi que vous pouvez vous engager dans des activit\u00e9s de jeu strictement \u00e0 partir de 18 ans. Et nous ne pouvons pas discuter avec la loi.<\/p>\n<h3>Comment jouer gratuitement ?<\/h3>\n<p>Sur le site officiel du casino en ligne, vous pouvez trouver une version d\u00e9mo de n&rsquo;importe quel jeu qui vous int\u00e9resse et vous y essayer.<\/p>\n<h3>Puis-je jouer depuis mon t\u00e9l\u00e9phone portable ?<\/h3>\n<p>Oui, vous pouvez t\u00e9l\u00e9charger notre application depuis le site officiel du casino en ligne, ou vous pouvez jouer directement depuis celui-ci.\u00a0Apr\u00e8s tout, il est parfaitement optimis\u00e9 pour les appareils mobiles.<\/p>\n","protected":false},"excerpt":{"rendered":"<p>On pense que les premiers casinos sont apparus en Europe au 17\u00e8me si\u00e8cle.\u00a0Ils semblaient contr\u00f4ler le jeu.\u00a0\u00c0 cette \u00e9poque, le jeu \u00e9tait d\u00e9j\u00e0 r\u00e9pandu parmi les gens.\u00a0Bien s\u00fbr, tout le monde ne pouvait pas s&rsquo;y rendre, mais seuls les membres de la noblesse et de l&rsquo;aristocratie, et au milieu d&rsquo;eux, attendaient des prix tr\u00e8s \u00e9lev\u00e9s&#8230;<\/p>\n","protected":false},"author":1,"featured_media":0,"parent":0,"menu_order":0,"comment_status":"closed","ping_status":"closed","template":"page-with-bonus.php","meta":{"_acf_changed":false,"_kad_post_transparent":"default","_kad_post_title":"default","_kad_post_layout":"default","_kad_post_sidebar_id":"","_kad_post_content_style":"default","_kad_post_vertical_padding":"default","_kad_post_feature":"","_kad_post_feature_position":"","_kad_post_header":false,"_kad_post_footer":false,"footnotes":""},"class_list":["post-3551","page","type-page","status-publish","hentry"],"acf":[],"rttpg_featured_image_url":null,"rttpg_author":{"display_name":"Tom","author_link":"https:\/\/rocketplay-game.com\/fr\/author\/pemvas95n89x\/"},"rttpg_comment":0,"rttpg_category":null,"rttpg_excerpt":"On pense que les premiers casinos sont apparus en Europe au 17\u00e8me si\u00e8cle.\u00a0Ils semblaient contr\u00f4ler le jeu.\u00a0\u00c0 cette \u00e9poque, le jeu \u00e9tait d\u00e9j\u00e0 r\u00e9pandu parmi les gens.\u00a0Bien s\u00fbr, tout le monde ne pouvait pas s&rsquo;y rendre, mais seuls les membres de la noblesse et de l&rsquo;aristocratie, et au milieu d&rsquo;eux, attendaient des prix tr\u00e8s \u00e9lev\u00e9s...","_links":{"self":[{"href":"https:\/\/rocketplay-game.com\/fr\/wp-json\/wp\/v2\/pages\/3551","targetHints":{"allow":["GET"]}}],"collection":[{"href":"https:\/\/rocketplay-game.com\/fr\/wp-json\/wp\/v2\/pages"}],"about":[{"href":"https:\/\/rocketplay-game.com\/fr\/wp-json\/wp\/v2\/types\/page"}],"author":[{"embeddable":true,"href":"https:\/\/rocketplay-game.com\/fr\/wp-json\/wp\/v2\/users\/1"}],"replies":[{"embeddable":true,"href":"https:\/\/rocketplay-game.com\/fr\/wp-json\/wp\/v2\/comments?post=3551"}],"version-history":[{"count":4,"href":"https:\/\/rocketplay-game.com\/fr\/wp-json\/wp\/v2\/pages\/3551\/revisions"}],"predecessor-version":[{"id":5263,"href":"https:\/\/rocketplay-game.com\/fr\/wp-json\/wp\/v2\/pages\/3551\/revisions\/5263"}],"wp:attachment":[{"href":"https:\/\/rocketplay-game.com\/fr\/wp-json\/wp\/v2\/media?parent=3551"}],"curies":[{"name":"wp","href":"https:\/\/api.w.org\/{rel}","templated":true}]}}