{"id":3555,"date":"2023-01-09T19:46:20","date_gmt":"2023-01-09T16:46:20","guid":{"rendered":"https:\/\/rocketplay-game.com\/live-casino\/real-money\/"},"modified":"2026-03-01T16:01:49","modified_gmt":"2026-03-01T13:01:49","slug":"real-money","status":"publish","type":"page","link":"https:\/\/rocketplay-game.com\/fr\/live-casino\/real-money\/","title":{"rendered":"Revue du casino en direct avec de l&rsquo;argent r\u00e9el sur Rocket Play Casino"},"content":{"rendered":"<p>Beaucoup de gens recherchent un endroit o\u00f9 ils peuvent passer un bon moment, et beaucoup veulent gagner de l&rsquo;argent suppl\u00e9mentaire.\u00a0Et tout cela est possible en jouant au casino en ligne en direct avec de l&rsquo;argent r\u00e9el.\u00a0Ici, vous pouvez, avec un investissement minimum, gagner un montant deux ou plus que l&rsquo;investissement, et les chanceux sp\u00e9ciaux ont la possibilit\u00e9 d&rsquo;obtenir leur premier jackpot.\u00a0Pour en savoir plus, consultez notre revue de casino en direct en argent r\u00e9el sur la fa\u00e7on de proc\u00e9der.<\/p>\n<h2>Bonus et promotions au casino Rocketplay<\/h2>\n<p>Pour profiter au mieux de votre solde, il est indispensable de garder un \u0153il sur les syst\u00e8mes de bonus et les offres promotionnelles.\u00a0Vous pouvez obtenir des tours gratuits ou du temps de jeu gratuit.\u00a0Vous pouvez souvent obtenir un multiplicateur croissant sur votre d\u00e9p\u00f4t et de nombreux autres excellents bonus.<\/p>\n<p><img loading=\"lazy\" decoding=\"async\" class=\"aligncenter wp-image-4805\" src=\"https:\/\/rocketplay-game.com\/wp-content\/uploads\/2024\/02\/promoc-2.png\" alt=\"Live casino real money\" width=\"800\" height=\"491\" srcset=\"https:\/\/rocketplay-game.com\/wp-content\/uploads\/2024\/02\/promoc-2.png 1012w, https:\/\/rocketplay-game.com\/wp-content\/uploads\/2024\/02\/promoc-2-300x184.png 300w, https:\/\/rocketplay-game.com\/wp-content\/uploads\/2024\/02\/promoc-2-768x471.png 768w\" sizes=\"auto, (max-width: 800px) 100vw, 800px\" \/><\/p>\n<p>Tous ces excellents bonus que vous pouvez obtenir gr\u00e2ce \u00e0 des syst\u00e8mes de bonus tels que :<\/p>\n<ul>\n<li aria-level=\"1\">bonus de bienvenue &#8211; Il s&rsquo;agit d&rsquo;un bonus offert \u00e0 chaque utilisateur qui visite le site officiel du casino pour la premi\u00e8re fois ;<\/li>\n<li aria-level=\"1\">bonus d&rsquo;inscription &#8211; ce bonus est attribu\u00e9 \u00e0 chaque utilisateur qui s&rsquo;inscrit et confirme son e-mail\u00a0;<\/li>\n<li aria-level=\"1\">bonus de parrainage &#8211; pour obtenir ce bonus, vous devez sp\u00e9cifier le code d&rsquo;invitation au moment de l&rsquo;inscription.\u00a0Le bonus est attribu\u00e9 \u00e0 celui qui l&rsquo;a pr\u00e9cis\u00e9 et \u00e0 celui qui a donn\u00e9 ce code ;<\/li>\n<li aria-level=\"1\">bonus de premier d\u00e9p\u00f4t \u2013 Ce bonus est attribu\u00e9 la premi\u00e8re fois que vous investissez dans un casino en ligne ;<\/li>\n<li aria-level=\"1\">les promotions g\u00e9n\u00e9rales sont les promotions les plus courantes que vous pouvez trouver sur la page principale du casino en ligne.\u00a0Ces promotions sont r\u00e9guli\u00e8rement mises \u00e0 jour.\u00a0Suivez attentivement les termes et conditions pour profiter au maximum de ces promotions.<\/li>\n<li aria-level=\"1\">les offres individuelles sont des bonus qui peuvent arriver \u00e0 n&rsquo;importe quel utilisateur de casino au poste qu&rsquo;il pr\u00e9cisera.<\/li>\n<li aria-level=\"1\">un bonus de fid\u00e9lit\u00e9 est un bonus que tous les joueurs exp\u00e9riment\u00e9s re\u00e7oivent r\u00e9guli\u00e8rement pour leur fid\u00e9lit\u00e9 \u00e0 ce casino en ligne.<\/li>\n<\/ul>\n<p>Tous ces bonus vous aideront \u00e0 tirer le meilleur parti de votre investissement et vous aideront \u00e0 gagner le plus d&rsquo;argent possible sur le meilleur casino en direct en argent r\u00e9el.<\/p>\n<p><img loading=\"lazy\" decoding=\"async\" class=\"aligncenter wp-image-4814\" src=\"https:\/\/rocketplay-game.com\/wp-content\/uploads\/2024\/02\/promro-23.png\" alt=\"Live casino real money 2\" width=\"800\" height=\"365\" srcset=\"https:\/\/rocketplay-game.com\/wp-content\/uploads\/2024\/02\/promro-23.png 1157w, https:\/\/rocketplay-game.com\/wp-content\/uploads\/2024\/02\/promro-23-300x137.png 300w, https:\/\/rocketplay-game.com\/wp-content\/uploads\/2024\/02\/promro-23-1024x467.png 1024w, https:\/\/rocketplay-game.com\/wp-content\/uploads\/2024\/02\/promro-23-768x350.png 768w\" sizes=\"auto, (max-width: 800px) 100vw, 800px\" \/><\/p>\n<h2>Logiciel<\/h2>\n<p>De plus, la soci\u00e9t\u00e9 qui fournit le logiciel joue un r\u00f4le important dans les gains.\u00a0Apr\u00e8s tout, le monde du jeu compte de nombreux d\u00e9veloppeurs de logiciels sans scrupules.\u00a0Mais la plupart des casinos en ligne en direct en argent r\u00e9el essaient toujours de choisir le meilleur.\u00a0Tout cela est fait pour que les gens fassent davantage confiance au casino.\u00a0Par cons\u00e9quent, nous avons fait une courte liste de 3 d\u00e9veloppeurs de logiciels que nous pouvons vous recommander :<\/p>\n<ul>\n<li aria-level=\"1\">NetEnt\u00a0;<\/li>\n<li aria-level=\"1\">BetSoft\u00a0;<\/li>\n<li aria-level=\"1\">Plan.<\/li>\n<\/ul>\n<p>Tous ces d\u00e9veloppeurs de logiciels se sont depuis longtemps \u00e9tablis comme fiables.\u00a0Ils peuvent satisfaire m\u00eame le joueur le plus sophistiqu\u00e9.\u00a0Le RTP est constamment sup\u00e9rieur \u00e0 95\u00a0%.<\/p>\n<h2>Comment gagner de l&rsquo;argent ?<\/h2>\n<p>Sur Internet, vous pouvez trouver des centaines de guides diff\u00e9rents sur la fa\u00e7on de gagner de l&rsquo;argent en jouant au casino en direct avec de l&rsquo;argent r\u00e9el.\u00a0Mais la plupart du temps, ils sont faux.\u00a0Si on vous propose de jouer \u00e0 une machine \u00e0 sous sp\u00e9cifique et de parier dans un ordre particulier, vous essayez de tricher.\u00a0Nous pouvons vous donner des conseils g\u00e9n\u00e9raux qui vous aideront \u00e0 ne pas tout perdre, et si vous faites suffisamment d&rsquo;efforts, vous gagnerez beaucoup d&rsquo;argent.<\/p>\n<ul>\n<li aria-level=\"1\">ne jouez pas en \u00e9tat d&rsquo;\u00e9bri\u00e9t\u00e9;<\/li>\n<li aria-level=\"1\">n&rsquo;essayez pas de regagner du casino ;<\/li>\n<li aria-level=\"1\">n&rsquo;oubliez pas de faire une pause toutes les quelques heures.\u00a0Cela ram\u00e8nera votre esprit aux sens et \u00e9liminera l&rsquo;excitation excessive.<\/li>\n<\/ul>\n<p>En suivant ces conseils essentiels, vous pouvez gagner plus, m\u00eame si vous traversez une p\u00e9riode difficile.<\/p>\n<h2>Paiement et Retrait<\/h2>\n<p>De nombreux casinos proposent diff\u00e9rentes fa\u00e7ons de d\u00e9poser et de retirer de votre solde.\u00a0Vous pouvez utiliser votre carte bancaire ou PayPal, et m\u00eame le casino peut accepter les portefeuilles de crypto-monnaie.\u00a0Le d\u00e9p\u00f4t minimum est de 20 $ et le retrait minimum est de 50 $.<\/p>\n<h2>Questions fr\u00e9quentes sur les programmes de fid\u00e9lit\u00e9<\/h2>\n<p>De nombreux utilisateurs novices de casinos en ligne nous \u00e9crivent souvent avec des questions.\u00a0Et nous ne pouvons pas nous emp\u00eacher de donner nos r\u00e9ponses.\u00a0Nous avons donc rassembl\u00e9 3 des plus populaires d&rsquo;entre eux et donn\u00e9 nos r\u00e9ponses.<\/p>\n<h3>Puis-je jouer au casino gratuitement ?<\/h3>\n<p>Oui, vous pouvez essayer vos strat\u00e9gies pour gagner en mode d\u00e9mo.\u00a0Chaque emplacement que vous trouverez a un mode d\u00e9mo.<\/p>\n<h3>Puis-je jouer aux casinos en ligne si j&rsquo;ai moins de 18 ans ?<\/h3>\n<p>Non, la l\u00e9gislation stipule que les activit\u00e9s de jeu ne sont strictement autoris\u00e9es qu&rsquo;\u00e0 partir de 18 ans.<\/p>\n<h3>Puis-je gagner de l&rsquo;argent avec mon t\u00e9l\u00e9phone\u00a0?<\/h3>\n<p>Oui, vous pouvez utiliser notre version mobile du site.\u00a0Ou, si vous avez un smartphone Android, vous pouvez t\u00e9l\u00e9charger l&rsquo;application.<\/p>\n","protected":false},"excerpt":{"rendered":"<p>Beaucoup de gens recherchent un endroit o\u00f9 ils peuvent passer un bon moment, et beaucoup veulent gagner de l&rsquo;argent suppl\u00e9mentaire.\u00a0Et tout cela est possible en jouant au casino en ligne en direct avec de l&rsquo;argent r\u00e9el.\u00a0Ici, vous pouvez, avec un investissement minimum, gagner un montant deux ou plus que l&rsquo;investissement, et les chanceux sp\u00e9ciaux ont&#8230;<\/p>\n","protected":false},"author":1,"featured_media":0,"parent":3551,"menu_order":0,"comment_status":"closed","ping_status":"closed","template":"page-with-bonus.php","meta":{"_acf_changed":false,"_kad_post_transparent":"default","_kad_post_title":"default","_kad_post_layout":"default","_kad_post_sidebar_id":"","_kad_post_content_style":"default","_kad_post_vertical_padding":"default","_kad_post_feature":"","_kad_post_feature_position":"","_kad_post_header":false,"_kad_post_footer":false,"footnotes":""},"class_list":["post-3555","page","type-page","status-publish","hentry"],"acf":[],"rttpg_featured_image_url":null,"rttpg_author":{"display_name":"Tom","author_link":"https:\/\/rocketplay-game.com\/fr\/author\/pemvas95n89x\/"},"rttpg_comment":0,"rttpg_category":null,"rttpg_excerpt":"Beaucoup de gens recherchent un endroit o\u00f9 ils peuvent passer un bon moment, et beaucoup veulent gagner de l&rsquo;argent suppl\u00e9mentaire.\u00a0Et tout cela est possible en jouant au casino en ligne en direct avec de l&rsquo;argent r\u00e9el.\u00a0Ici, vous pouvez, avec un investissement minimum, gagner un montant deux ou plus que l&rsquo;investissement, et les chanceux sp\u00e9ciaux ont...","_links":{"self":[{"href":"https:\/\/rocketplay-game.com\/fr\/wp-json\/wp\/v2\/pages\/3555","targetHints":{"allow":["GET"]}}],"collection":[{"href":"https:\/\/rocketplay-game.com\/fr\/wp-json\/wp\/v2\/pages"}],"about":[{"href":"https:\/\/rocketplay-game.com\/fr\/wp-json\/wp\/v2\/types\/page"}],"author":[{"embeddable":true,"href":"https:\/\/rocketplay-game.com\/fr\/wp-json\/wp\/v2\/users\/1"}],"replies":[{"embeddable":true,"href":"https:\/\/rocketplay-game.com\/fr\/wp-json\/wp\/v2\/comments?post=3555"}],"version-history":[{"count":6,"href":"https:\/\/rocketplay-game.com\/fr\/wp-json\/wp\/v2\/pages\/3555\/revisions"}],"predecessor-version":[{"id":10308,"href":"https:\/\/rocketplay-game.com\/fr\/wp-json\/wp\/v2\/pages\/3555\/revisions\/10308"}],"up":[{"embeddable":true,"href":"https:\/\/rocketplay-game.com\/fr\/wp-json\/wp\/v2\/pages\/3551"}],"wp:attachment":[{"href":"https:\/\/rocketplay-game.com\/fr\/wp-json\/wp\/v2\/media?parent=3555"}],"curies":[{"name":"wp","href":"https:\/\/api.w.org\/{rel}","templated":true}]}}