{"id":3559,"date":"2023-01-10T15:54:18","date_gmt":"2023-01-10T12:54:18","guid":{"rendered":"https:\/\/rocketplay-game.com\/sports-betting\/"},"modified":"2024-02-09T15:19:55","modified_gmt":"2024-02-09T12:19:55","slug":"sports-betting","status":"publish","type":"page","link":"https:\/\/rocketplay-game.com\/fr\/sports-betting\/","title":{"rendered":"Examen des paris sportifs"},"content":{"rendered":"<p>L&rsquo;avantage essentiel des paris sportifs est de s&rsquo;amuser rapidement et efficacement et de gagner de gros prix en argent.\u00a0Vous pouvez \u00e9galement essayer les paris sportifs gratuitement, car la soci\u00e9t\u00e9 de jeu se fera un plaisir de vous aider \u00e0 obtenir des bonus suppl\u00e9mentaires.\u00a0Obtenez une r\u00e9putation de joueur chanceux et commencez \u00e0 faire des b\u00e9n\u00e9fices quotidiennement gr\u00e2ce \u00e0 notre avis.\u00a0Laissez-nous vous parler de toutes les fonctionnalit\u00e9s des paris en ligne.<\/p>\n<p><img loading=\"lazy\" decoding=\"async\" class=\"aligncenter wp-image-4653\" src=\"https:\/\/rocketplay-game.com\/wp-content\/uploads\/2024\/02\/soccer-ball-dollar-banknotes-keyboard-sport-gambling-bet-concept.jpg\" alt=\"Examen des paris sportifs\" width=\"800\" height=\"534\" srcset=\"https:\/\/rocketplay-game.com\/wp-content\/uploads\/2024\/02\/soccer-ball-dollar-banknotes-keyboard-sport-gambling-bet-concept.jpg 1000w, https:\/\/rocketplay-game.com\/wp-content\/uploads\/2024\/02\/soccer-ball-dollar-banknotes-keyboard-sport-gambling-bet-concept-300x200.jpg 300w, https:\/\/rocketplay-game.com\/wp-content\/uploads\/2024\/02\/soccer-ball-dollar-banknotes-keyboard-sport-gambling-bet-concept-768x512.jpg 768w\" sizes=\"auto, (max-width: 800px) 100vw, 800px\" \/><\/p>\n<h2>Comment parier sur le sport ?<\/h2>\n<p>La premi\u00e8re chose dont un d\u00e9butant a besoin est un site de paris sportifs adapt\u00e9.\u00a0Cela peut \u00eatre un casino classique ou un projet sp\u00e9cialis\u00e9 dans les paris.\u00a0Cependant, nous vous recommandons de profiter des offres uniques de notre portail.\u00a0Sp\u00e9cialement pour vous, vous avez cr\u00e9\u00e9 des dizaines de critiques avec les meilleures solutions pour les fans de jeux d&rsquo;argent.<\/p>\n<p>Pour commencer \u00e0 parier, vous devez vous inscrire sur la plateforme :<\/p>\n<ol>\n<li aria-level=\"1\">Acc\u00e9dez au site de jeu officiel et enregistrez un compte personnel en saisissant des donn\u00e9es personnelles.\u00a0Rev\u00e9rifiez les informations car il ne sera pas possible de les modifier et il est souvent plus difficile de r\u00e9ussir la v\u00e9rification.<\/li>\n<li aria-level=\"1\">Confirmez ensuite votre compte par mail ou SMS et commencez \u00e0 utiliser le syst\u00e8me de caisse unique.\u00a0Rechargez votre compte via l&rsquo;un des syst\u00e8mes de paiement sugg\u00e9r\u00e9s.\u00a0Des crypto-monnaies sont \u00e9galement disponibles.\u00a0Les restrictions sur les montants et les commissions sont diff\u00e9rentes.<\/li>\n<li aria-level=\"1\">Apr\u00e8s cela, vous pouvez proc\u00e9der \u00e0 la s\u00e9lection d&rsquo;un match appropri\u00e9. Les paris sportifs fran\u00e7ais modernes n\u00e9cessitent une attention aux d\u00e9tails et une concentration maximale.\u00a0Essayez d&rsquo;utiliser diff\u00e9rentes options de pari et vous pourrez gagner.\u00a0Il est recommand\u00e9 d&rsquo;utiliser d&rsquo;abord le mode d\u00e9mo, puis de commencer les paris actifs.<\/li>\n<\/ol>\n<p>Apr\u00e8s avoir cr\u00e9\u00e9 un compte personnel, le joueur sera invit\u00e9 \u00e0 se soumettre \u00e0 la proc\u00e9dure de v\u00e9rification.\u00a0Il s&rsquo;agit d&rsquo;une partie obligatoire de l&rsquo;inscription, vous obligeant \u00e0 fournir des documents personnels.\u00a0Apr\u00e8s avoir confirm\u00e9 votre identit\u00e9, vous pouvez utiliser toutes les fonctionnalit\u00e9s de jeu uniques du syst\u00e8me sans aucun probl\u00e8me pour d\u00e9poser votre compte rapidement.\u00a0Vous pourrez \u00e9galement retirer rapidement et augmenter votre limite de mise maximale.<\/p>\n<h2>Comment lire les cotes sportives ?<\/h2>\n<p>Dans la plupart des cas, comprendre les meilleurs paris sportifs est assez simple.\u00a0Essayez d&rsquo;utiliser le syst\u00e8me de pari classique, dans lequel tout est clair.\u00a0La premi\u00e8re chose \u00e0 noter est que les cotes classiques ressemblent \u00e0 1,7.\u00a0C&rsquo;est le nombre par lequel vous devez multiplier le montant de la mise pour obtenir vos gains.\u00a0Si vous pariez 100 $ sur ces cotes, vous vous retrouverez avec 170 $ sur votre solde si vous gagnez, dont 70 $ sont votre profit.<\/p>\n<h2>Conseils de paris sportifs<\/h2>\n<p>Toutes les pr\u00e9dictions de paris sportifs n\u00e9cessitent une analyse approfondie et la collecte de donn\u00e9es statistiques pour vous aider \u00e0 d\u00e9terminer les favoris du match.\u00a0Essayez d&rsquo;utiliser diff\u00e9rentes tactiques et strat\u00e9gies et \u00e9coutez attentivement les conseils d&rsquo;experts\u00a0:<\/p>\n<ul>\n<li aria-level=\"1\">il est n\u00e9cessaire de contr\u00f4ler vos \u00e9motions et de miser soigneusement de l&rsquo;argent.\u00a0N&rsquo;oubliez pas que vous ne devez pas perdre, les tentatives de pari doivent donc \u00eatre arr\u00eat\u00e9es imm\u00e9diatement.\u00a0Essayez d&rsquo;utiliser diff\u00e9rentes strat\u00e9gies et tactiques pour obtenir de l&rsquo;argent sur votre compte ;<\/li>\n<li aria-level=\"1\">d\u00e9veloppez votre strat\u00e9gie de pari pour l&rsquo;avenir avec un syst\u00e8me de pari gratuit particulier.\u00a0Cela vous permettra d&rsquo;utiliser toutes vos ressources plus efficacement et de ne pas d\u00e9penser d&rsquo;argent seul.\u00a0Respectez strictement le syst\u00e8me car sinon, il est facile de perdre tout votre argent ;<\/li>\n<li aria-level=\"1\">diviser le pot total \u00e0 l&rsquo;avance en un grand nombre de mises.\u00a0Cela limitera artificiellement vos gains et pertes maximums.\u00a0Cela vous \u00e9vitera \u00e9galement de perdre la totalit\u00e9 du montant en une seule fois.<\/li>\n<\/ul>\n<p>Les recommandations classiques aideront les d\u00e9butants \u00e0 g\u00e9rer plus efficacement leurs ressources et \u00e0 gagner des sommes importantes sur leurs comptes.<\/p>\n<p><img loading=\"lazy\" decoding=\"async\" class=\"aligncenter wp-image-4662\" src=\"https:\/\/rocketplay-game.com\/wp-content\/uploads\/2024\/02\/people-bet-soccer-game-match-internet.jpg\" alt=\"Examen des paris sportifs 2\" width=\"800\" height=\"534\" srcset=\"https:\/\/rocketplay-game.com\/wp-content\/uploads\/2024\/02\/people-bet-soccer-game-match-internet.jpg 1000w, https:\/\/rocketplay-game.com\/wp-content\/uploads\/2024\/02\/people-bet-soccer-game-match-internet-300x200.jpg 300w, https:\/\/rocketplay-game.com\/wp-content\/uploads\/2024\/02\/people-bet-soccer-game-match-internet-768x512.jpg 768w\" sizes=\"auto, (max-width: 800px) 100vw, 800px\" \/><\/p>\n<h2>Meilleure strat\u00e9gie de pari<\/h2>\n<p>Les cotes \u00e9lev\u00e9es caract\u00e9risent les meilleurs paris sportifs.\u00a0Les meilleurs experts recherchent de nouvelles fa\u00e7ons de gagner, tandis que vous pouvez adopter les strat\u00e9gies classiques.\u00a0Cela vous aidera \u00e0 garder une partie sp\u00e9cifique de votre \u00e9quilibre et \u00e0 ne pas \u00eatre pris dans un risque \u00e9lev\u00e9.\u00a0C&rsquo;est ainsi qu&rsquo;agissent la plupart des meilleurs joueurs, qui savent contr\u00f4ler leurs \u00e9motions et connaissent le prix de la victoire.<\/p>\n<p>L&rsquo;un des conseils de paris sportifs les plus utiles consiste \u00e0 conserver vos statistiques.\u00a0Cela vous aidera non seulement \u00e0 \u00e9valuer imm\u00e9diatement la rentabilit\u00e9 de votre strat\u00e9gie, mais aussi \u00e0 faire face \u00e0 la v\u00e9rit\u00e9.\u00a0Vous ne devriez pas continuer \u00e0 plier la m\u00eame ligne si vous constatez des pertes constantes.\u00a0Vous devriez \u00eatre capable de vous adapter et de changer en fonction de la situation.\u00a0C&rsquo;est sur cela que reposent la plupart des paris gagnants.<\/p>\n<p>Nous vous recommandons de consulter la section promotions et offres sp\u00e9ciales.\u00a0Vous y trouverez des bonus sp\u00e9ciaux qui vous aideront \u00e0 commencer \u00e0 jouer plus efficacement et \u00e0 gagner de grosses sommes sur votre compte.\u00a0Essayez-le maintenant et vous \u00eates assur\u00e9 de profiter de vos r\u00e9sultats.<\/p>\n<h2>FAQ<\/h2>\n<p>Sp\u00e9cialement pour vous, nous avons rassembl\u00e9 les questions les plus populaires des d\u00e9butants, qui peuvent vous aider \u00e0 r\u00e9soudre des probl\u00e8mes sp\u00e9cifiques \u00e0 l&rsquo;avenir.\u00a0D\u00e9terminez les enjeux le plus rapidement possible et commencez \u00e0 gagner de l&rsquo;argent r\u00e9el\u00a0!<\/p>\n<h3>Quels sont les avantages des paris sportifs ?<\/h3>\n<p>L&rsquo;avantage essentiel de l&rsquo;application de paris sportifs est la possibilit\u00e9 d&rsquo;augmenter votre banque tr\u00e8s rapidement et efficacement.\u00a0Vous pouvez analyser un grand nombre de matchs et utiliser autant d&rsquo;informations utiles que possible pour gagner plus souvent et plus.\u00a0Essayez les diff\u00e9rents modes de jeu et obtenez un cadeau VIP sp\u00e9cial.\u00a0Vous pouvez \u00e9galement vous inscrire \u00e0 notre newsletter promotionnelle et obtenir plus d&rsquo;avantages.<\/p>\n<h3>Combien puis-je gagner en un pari ?<\/h3>\n<p>En g\u00e9n\u00e9ral, la limite sur le gain maximum d\u00e9pend uniquement de votre banque et des limites fix\u00e9es par le casino.\u00a0Par exemple, le meilleur match de football peut vous permettre de miser jusqu&rsquo;\u00e0 plusieurs centaines de milliers de dollars.\u00a0Mais il est peu probable qu&rsquo;un \u00e9v\u00e9nement de tennis de table amateur vous rapporte plus qu&rsquo;un pari de 100 $.\u00a0Essayez une vari\u00e9t\u00e9 d&rsquo;options et trouvez votre cr\u00e9neau de paris id\u00e9al.<\/p>\n<h3>Quelles sont les restrictions de retrait apr\u00e8s avoir gagn\u00e9 ?<\/h3>\n<p>Apr\u00e8s avoir gagn\u00e9, vous n&rsquo;aurez aucune restriction car la soci\u00e9t\u00e9 de jeu distribue tous les prix instantan\u00e9ment et vous pouvez les retirer.\u00a0Cependant, vous devez garder \u00e0 l&rsquo;esprit la limitation du montant maximum de retrait par jour, qui est le plus souvent \u00e9gal \u00e0 2 000 $.\u00a0Vous devez \u00e9galement savoir qu&rsquo;il est pr\u00e9f\u00e9rable d&rsquo;utiliser uniquement nos sites avec des critiques.\u00a0Ils sont d\u00e9j\u00e0 test\u00e9s, et donc vous n&rsquo;aurez aucun probl\u00e8me.<\/p>\n","protected":false},"excerpt":{"rendered":"<p>L&rsquo;avantage essentiel des paris sportifs est de s&rsquo;amuser rapidement et efficacement et de gagner de gros prix en argent.\u00a0Vous pouvez \u00e9galement essayer les paris sportifs gratuitement, car la soci\u00e9t\u00e9 de jeu se fera un plaisir de vous aider \u00e0 obtenir des bonus suppl\u00e9mentaires.\u00a0Obtenez une r\u00e9putation de joueur chanceux et commencez \u00e0 faire des b\u00e9n\u00e9fices quotidiennement&#8230;<\/p>\n","protected":false},"author":1,"featured_media":0,"parent":0,"menu_order":0,"comment_status":"closed","ping_status":"closed","template":"page-with-bonus.php","meta":{"_acf_changed":false,"_kad_post_transparent":"default","_kad_post_title":"default","_kad_post_layout":"default","_kad_post_sidebar_id":"","_kad_post_content_style":"default","_kad_post_vertical_padding":"default","_kad_post_feature":"","_kad_post_feature_position":"","_kad_post_header":false,"_kad_post_footer":false,"footnotes":""},"class_list":["post-3559","page","type-page","status-publish","hentry"],"acf":[],"rttpg_featured_image_url":null,"rttpg_author":{"display_name":"Tom","author_link":"https:\/\/rocketplay-game.com\/fr\/author\/pemvas95n89x\/"},"rttpg_comment":0,"rttpg_category":null,"rttpg_excerpt":"L&rsquo;avantage essentiel des paris sportifs est de s&rsquo;amuser rapidement et efficacement et de gagner de gros prix en argent.\u00a0Vous pouvez \u00e9galement essayer les paris sportifs gratuitement, car la soci\u00e9t\u00e9 de jeu se fera un plaisir de vous aider \u00e0 obtenir des bonus suppl\u00e9mentaires.\u00a0Obtenez une r\u00e9putation de joueur chanceux et commencez \u00e0 faire des b\u00e9n\u00e9fices quotidiennement...","_links":{"self":[{"href":"https:\/\/rocketplay-game.com\/fr\/wp-json\/wp\/v2\/pages\/3559","targetHints":{"allow":["GET"]}}],"collection":[{"href":"https:\/\/rocketplay-game.com\/fr\/wp-json\/wp\/v2\/pages"}],"about":[{"href":"https:\/\/rocketplay-game.com\/fr\/wp-json\/wp\/v2\/types\/page"}],"author":[{"embeddable":true,"href":"https:\/\/rocketplay-game.com\/fr\/wp-json\/wp\/v2\/users\/1"}],"replies":[{"embeddable":true,"href":"https:\/\/rocketplay-game.com\/fr\/wp-json\/wp\/v2\/comments?post=3559"}],"version-history":[{"count":3,"href":"https:\/\/rocketplay-game.com\/fr\/wp-json\/wp\/v2\/pages\/3559\/revisions"}],"predecessor-version":[{"id":5211,"href":"https:\/\/rocketplay-game.com\/fr\/wp-json\/wp\/v2\/pages\/3559\/revisions\/5211"}],"wp:attachment":[{"href":"https:\/\/rocketplay-game.com\/fr\/wp-json\/wp\/v2\/media?parent=3559"}],"curies":[{"name":"wp","href":"https:\/\/api.w.org\/{rel}","templated":true}]}}