{"id":3563,"date":"2023-01-10T16:16:03","date_gmt":"2023-01-10T13:16:03","guid":{"rendered":"https:\/\/rocketplay-game.com\/sports-betting\/cricket\/"},"modified":"2023-01-19T23:11:23","modified_gmt":"2023-01-19T20:11:23","slug":"cricket","status":"publish","type":"page","link":"https:\/\/rocketplay-game.com\/fr\/cricket\/","title":{"rendered":"Guide du d\u00e9butant sur les paris sur le cricket"},"content":{"rendered":"<p>Dans la plupart des cas, les paris sur le cricket attirent les utilisateurs avec des r\u00e8gles simples et la possibilit\u00e9 de gagner rapidement une grosse somme d&rsquo;argent.\u00a0Pour r\u00e9ussir, vous devez vous familiariser avec toutes les fonctionnalit\u00e9s de la discipline sportive et essayer quelques options de paris.\u00a0Nous vous recommandons maintenant de lire une courte critique de nos experts et de gagner activement de gros prix.<\/p>\n<p><img loading=\"lazy\" decoding=\"async\" class=\"aligncenter wp-image-3326 lazy-loaded\" src=\"https:\/\/rocketplay-game.com\/wp-content\/uploads\/2023\/01\/best-cricket-betting-apps-300x169.jpg\" sizes=\"auto, (max-width: 800px) 100vw, 800px\" srcset=\"https:\/\/rocketplay-game.com\/wp-content\/uploads\/2023\/01\/best-cricket-betting-apps-300x169.jpg 300w, https:\/\/rocketplay-game.com\/wp-content\/uploads\/2023\/01\/best-cricket-betting-apps-768x432.jpg 768w, https:\/\/rocketplay-game.com\/wp-content\/uploads\/2023\/01\/best-cricket-betting-apps.jpg 994w\" alt=\"\" width=\"800\" height=\"450\" data-lazy-type=\"image\" data-src=\"https:\/\/rocketplay-game.com\/wp-content\/uploads\/2023\/01\/best-cricket-betting-apps-300x169.jpg\" data-srcset=\"\" \/><\/p>\n<h2>Les types de paris<\/h2>\n<p>Le moyen le plus simple de g\u00e9rer les conseils de paris sur le cricket est pour les nouveaux arrivants qui commencent tout juste le jeu.\u00a0Le march\u00e9 des jeux d&rsquo;argent a subi une assez longue transformation, de sorte que les utilisateurs ne peuvent que maintenant faire divers paris sur les matchs.\u00a0Parmi les plus populaires, vous pourrez d\u00e9couvrir :<\/p>\n<ul>\n<li aria-level=\"1\">somme individuelle.\u00a0Le pari le plus populaire vous permet de choisir un seul athl\u00e8te ou \u00e9quipe et de parier sur les points gagn\u00e9s.\u00a0Gr\u00e2ce \u00e0 cela, il est plus facile d&rsquo;analyser tout le match et imm\u00e9diatement d\u00e8s le premier pari de gagner une grosse somme d&rsquo;argent.\u00a0Cependant, faites attention aux cotes car si elles sont trop grandes, il y a un probl\u00e8me ;<\/li>\n<li aria-level=\"1\">le meilleur joueur.\u00a0Simple et compr\u00e9hensible pour la plupart des joueurs \u00e0 parier, vous permettant de conna\u00eetre les particularit\u00e9s du jeu et de commencer \u00e0 gagner.\u00a0La principale caract\u00e9ristique est que vous devez choisir un athl\u00e8te.\u00a0S&rsquo;il montre le r\u00e9sultat le plus efficace, vous r\u00e9ussirez et emporterez vos gains ;<\/li>\n<li aria-level=\"1\">le r\u00e9sultat du match.\u00a0Un pari classique qui a toujours s\u00e9duit par sa simplicit\u00e9.\u00a0Vous pouvez gagner un joueur ou une \u00e9quipe qui remportera le prix gr\u00e2ce \u00e0 son excellent jeu.\u00a0La chose la plus simple \u00e0 faire ici est d&rsquo;analyser imm\u00e9diatement l&rsquo;adversaire et le favori.\u00a0Apprenez tous les tenants et les aboutissants du jeu et commencez \u00e0 calculer le montant de pari parfait pour votre budget.<\/li>\n<\/ul>\n<p>En choisissant le bon pari pour vous-m\u00eame, n&rsquo;oubliez pas que vous devez cr\u00e9er un compte personnel et suivre la proc\u00e9dure de v\u00e9rification.\u00a0Cela aidera \u00e0 augmenter les limites maximales de pari et \u00e0 acc\u00e9der \u00e0 un retrait rapide des fonds de la plateforme de jeu sans aucun probl\u00e8me.\u00a0Vous pouvez \u00e9galement choisir une m\u00e9thode de d\u00e9p\u00f4t appropri\u00e9e pour \u00e9viter une commission suppl\u00e9mentaire ou un temps d&rsquo;attente pour le d\u00e9p\u00f4t.<\/p>\n<h2>Les cotes expliqu\u00e9es au cricket<\/h2>\n<p>Nous vous donnerons gratuitement les meilleurs conseils de paris sur le cricket, mais vous devriez \u00e9tudier les paris par vous-m\u00eame.\u00a0Par exemple, les cotes refl\u00e8tent la confiance du bookmaker dans la victoire d&rsquo;une \u00e9quipe particuli\u00e8re.\u00a0Parfois, il est possible de faire un pari bas\u00e9 uniquement sur les cotes, mais cela est fait principalement par les d\u00e9butants.<\/p>\n<p>Si vous pariez de l&rsquo;argent sur des cotes de paris en direct sur le cricket de 1,7, vous gagnerez votre somme et 70% suppl\u00e9mentaires en plus.\u00a0Avec 100 dollars, vous pouvez obtenir 70 suppl\u00e9mentaires, ce qui signifie que vous serez dans le noir et que vous pourrez prendre votre argent.\u00a0Vous pouvez d\u00e9couvrir tous les d\u00e9tails lorsque vous cr\u00e9ez un coupon.<\/p>\n<h2>Conseils et strat\u00e9gie<\/h2>\n<p>La plupart des cotes des paris sur le cricket sont d\u00e9termin\u00e9es automatiquement, vous devez donc \u00eatre prudent lorsque vous choisissez une strat\u00e9gie de pari appropri\u00e9e\u00a0:<\/p>\n<ul>\n<li aria-level=\"1\">essayez de diviser votre solde en plusieurs parties et de ne pas les utiliser toutes en m\u00eame temps\u00a0;<\/li>\n<li aria-level=\"1\">prenez vos \u00e9motions de la mani\u00e8re la plus responsable possible, afin de ne pas perdre une grosse somme d&rsquo;un coup.\u00a0Essayez d&rsquo;arr\u00eater si vous voyez que vous perdez ou gagnez constamment ;<\/li>\n<li aria-level=\"1\">prenez le temps d&rsquo;analyser car cela vous s\u00e9pare d&rsquo;un amateur de pari.\u00a0Utilisez toutes les donn\u00e9es disponibles pour pr\u00e9dire le bon r\u00e9sultat.<\/li>\n<\/ul>\n<p>Dans les paris, tout d\u00e9pend de la chance et de votre capacit\u00e9 \u00e0 faire des pronostics corrects.\u00a0C&rsquo;est pourquoi nous vous souhaitons bonne chance et vous recommandons d&rsquo;essayer d&rsquo;abord le mode d\u00e9mo.<\/p>\n<p><img loading=\"lazy\" decoding=\"async\" class=\"aligncenter wp-image-3416 lazy-loaded\" src=\"https:\/\/rocketplay-game.com\/wp-content\/uploads\/2023\/01\/cricket-betting-guide-300x150.webp\" sizes=\"auto, (max-width: 800px) 100vw, 800px\" srcset=\"https:\/\/rocketplay-game.com\/wp-content\/uploads\/2023\/01\/cricket-betting-guide-300x150.webp 300w, https:\/\/rocketplay-game.com\/wp-content\/uploads\/2023\/01\/cricket-betting-guide-1024x512.webp 1024w, https:\/\/rocketplay-game.com\/wp-content\/uploads\/2023\/01\/cricket-betting-guide-768x384.webp 768w, https:\/\/rocketplay-game.com\/wp-content\/uploads\/2023\/01\/cricket-betting-guide.webp 1200w\" alt=\"\" width=\"800\" height=\"400\" data-lazy-type=\"image\" data-src=\"https:\/\/rocketplay-game.com\/wp-content\/uploads\/2023\/01\/cricket-betting-guide-300x150.webp\" data-srcset=\"\" \/><\/p>\n<h2>Meilleurs march\u00e9s de paris sur le cricket sur lesquels parier<\/h2>\n<p>Le pari le plus populaire sur le cricket en France concerne la victoire d&rsquo;un athl\u00e8te en particulier. Vous pouvez consulter les statistiques sur le site de jeu officiel et choisir une option de pari appropri\u00e9e.\u00a0Nous vous recommandons d&rsquo;essayer diff\u00e9rentes variantes et de trouver celle qui vous convient le mieux.\u00a0Nous vous conseillons \u00e9galement d&rsquo;essayer diff\u00e9rentes r\u00e9gions car chaque r\u00e9gion a des tournois.<\/p>\n<h2>FAQ<\/h2>\n<p>Chaque utilisateur a besoin d&rsquo;un peu d&rsquo;assistance lorsqu&rsquo;il commence \u00e0 parier en ligne.\u00a0C&rsquo;est pourquoi nous avons rassembl\u00e9 de nombreuses questions et r\u00e9ponses pr\u00e9cieuses d&rsquo;experts.\u00a0Essayez d&rsquo;\u00e9tudier plus d&rsquo;informations et commencez \u00e0 jouer activement.<\/p>\n<h3>Quels sont les avantages de parier sur le cricket ?<\/h3>\n<p>La plupart des utilisateurs aiment utiliser l&rsquo;application de paris Cricket pour gagner plus et \u00eatre toujours dans le jeu.\u00a0Dans ce cas, vous pouvez facilement comprendre les r\u00e8gles \u00e9tablies et utiliser le pari sur le favori du tournoi.\u00a0Il existe \u00e9galement une grille plus avanc\u00e9e de diff\u00e9rents r\u00e9sultats utilis\u00e9s par les professionnels qui souhaitent gagner plus d&rsquo;argent.<\/p>\n<h3>Combien puis-je gagner en un seul pari sur le cricket\u00a0?<\/h3>\n<p>Si vous pouviez gagner un million de dollars en un seul pari, vous avez besoin d&rsquo;un solde consid\u00e9rable et de la possibilit\u00e9 de retirer ce montant.\u00a0Les utilisateurs gagnent entre 50 $ et 1 500 $ par pari.\u00a0Le championnat, les titres des joueurs et la capitale sur le site sont concern\u00e9s.\u00a0Essayez diff\u00e9rentes variantes de jeu et choisissez celle qui vous convient le mieux.<\/p>\n<h3>Quelles sont les restrictions de retrait apr\u00e8s avoir gagn\u00e9 au cricket\u00a0?<\/h3>\n<p>Apr\u00e8s avoir lu notre guide de paris sur le cricket, vous pouvez utiliser tous les bonus du site officiel et obtenir l&rsquo;argent sur votre compte apr\u00e8s avoir gagn\u00e9.\u00a0N&rsquo;importe quel joueur peut retirer sans restriction, mais vous devez consid\u00e9rer le montant maximum d&rsquo;argent re\u00e7u.\u00a0Vous pourrez \u00e9galement essayer diff\u00e9rents syst\u00e8mes pour effectuer le retrait le plus rentable de votre argent.<\/p>\n","protected":false},"excerpt":{"rendered":"<p>Dans la plupart des cas, les paris sur le cricket attirent les utilisateurs avec des r\u00e8gles simples et la possibilit\u00e9 de gagner rapidement une grosse somme d&rsquo;argent.\u00a0Pour r\u00e9ussir, vous devez vous familiariser avec toutes les fonctionnalit\u00e9s de la discipline sportive et essayer quelques options de paris.\u00a0Nous vous recommandons maintenant de lire une courte critique de&#8230;<\/p>\n","protected":false},"author":1,"featured_media":0,"parent":0,"menu_order":0,"comment_status":"closed","ping_status":"closed","template":"page-with-bonus.php","meta":{"_acf_changed":false,"_kad_post_transparent":"default","_kad_post_title":"default","_kad_post_layout":"default","_kad_post_sidebar_id":"","_kad_post_content_style":"default","_kad_post_vertical_padding":"default","_kad_post_feature":"","_kad_post_feature_position":"","_kad_post_header":false,"_kad_post_footer":false,"footnotes":""},"class_list":["post-3563","page","type-page","status-publish","hentry"],"acf":[],"rttpg_featured_image_url":null,"rttpg_author":{"display_name":"Tom","author_link":"https:\/\/rocketplay-game.com\/fr\/author\/pemvas95n89x\/"},"rttpg_comment":0,"rttpg_category":null,"rttpg_excerpt":"Dans la plupart des cas, les paris sur le cricket attirent les utilisateurs avec des r\u00e8gles simples et la possibilit\u00e9 de gagner rapidement une grosse somme d&rsquo;argent.\u00a0Pour r\u00e9ussir, vous devez vous familiariser avec toutes les fonctionnalit\u00e9s de la discipline sportive et essayer quelques options de paris.\u00a0Nous vous recommandons maintenant de lire une courte critique de...","_links":{"self":[{"href":"https:\/\/rocketplay-game.com\/fr\/wp-json\/wp\/v2\/pages\/3563","targetHints":{"allow":["GET"]}}],"collection":[{"href":"https:\/\/rocketplay-game.com\/fr\/wp-json\/wp\/v2\/pages"}],"about":[{"href":"https:\/\/rocketplay-game.com\/fr\/wp-json\/wp\/v2\/types\/page"}],"author":[{"embeddable":true,"href":"https:\/\/rocketplay-game.com\/fr\/wp-json\/wp\/v2\/users\/1"}],"replies":[{"embeddable":true,"href":"https:\/\/rocketplay-game.com\/fr\/wp-json\/wp\/v2\/comments?post=3563"}],"version-history":[{"count":3,"href":"https:\/\/rocketplay-game.com\/fr\/wp-json\/wp\/v2\/pages\/3563\/revisions"}],"predecessor-version":[{"id":3936,"href":"https:\/\/rocketplay-game.com\/fr\/wp-json\/wp\/v2\/pages\/3563\/revisions\/3936"}],"wp:attachment":[{"href":"https:\/\/rocketplay-game.com\/fr\/wp-json\/wp\/v2\/media?parent=3563"}],"curies":[{"name":"wp","href":"https:\/\/api.w.org\/{rel}","templated":true}]}}