{"id":3567,"date":"2023-01-10T16:21:38","date_gmt":"2023-01-10T13:21:38","guid":{"rendered":"https:\/\/rocketplay-game.com\/sports-betting\/horse-racing\/"},"modified":"2023-01-19T23:13:56","modified_gmt":"2023-01-19T20:13:56","slug":"horse-racing","status":"publish","type":"page","link":"https:\/\/rocketplay-game.com\/fr\/horse-racing\/","title":{"rendered":"Examen des paris sur les courses de chevaux"},"content":{"rendered":"<p>Surtout, les utilisateurs de paris hippiques sont d\u00e9j\u00e0 habitu\u00e9s aux cotes \u00e9lev\u00e9es et aux bonus \u00e9lev\u00e9s.\u00a0Il s&rsquo;agit d&rsquo;une offre sur les sites de nos revues de l&rsquo;administration du casino.\u00a0Vous pouvez choisir le bon cheval et obtenir une grosse somme d&rsquo;argent gr\u00e2ce \u00e0 lui.\u00a0Essayez-le et vous \u00eates assur\u00e9 de gagner encore plus sur votre compte.<\/p>\n<p><img loading=\"lazy\" decoding=\"async\" class=\"aligncenter wp-image-3427 lazy-loaded\" src=\"https:\/\/rocketplay-game.com\/wp-content\/uploads\/2023\/01\/126horsebackriding-2-300x150.jpg\" sizes=\"auto, (max-width: 800px) 100vw, 800px\" srcset=\"https:\/\/rocketplay-game.com\/wp-content\/uploads\/2023\/01\/126horsebackriding-2-300x150.jpg 300w, https:\/\/rocketplay-game.com\/wp-content\/uploads\/2023\/01\/126horsebackriding-2-1024x512.jpg 1024w, https:\/\/rocketplay-game.com\/wp-content\/uploads\/2023\/01\/126horsebackriding-2-768x384.jpg 768w, https:\/\/rocketplay-game.com\/wp-content\/uploads\/2023\/01\/126horsebackriding-2.jpg 1200w\" alt=\"\" width=\"800\" height=\"400\" data-lazy-type=\"image\" data-src=\"https:\/\/rocketplay-game.com\/wp-content\/uploads\/2023\/01\/126horsebackriding-2-300x150.jpg\" data-srcset=\"\" \/><\/p>\n<h2>Comment parier sur les courses de chevaux<\/h2>\n<p>Tout d&rsquo;abord, vous devez \u00e9tudier en d\u00e9tail l&rsquo;application de paris sur les courses de chevaux de la soci\u00e9t\u00e9 de jeu.\u00a0Gr\u00e2ce \u00e0 cela, vous pouvez investir votre argent dans des paris de mani\u00e8re beaucoup plus rentable et faire le meilleur pari de votre vie.\u00a0L&rsquo;acc\u00e8s au jeu conviendra dans votre poche, ce qui signifie que vous pouvez ouvrir des courses de chevaux \u00e0 tout moment, regarder la diffusion et parier de l&rsquo;argent pour de gros gains.<\/p>\n<p>De plus, les d\u00e9butants devraient commencer par une simple inscription sur le site de jeu officiel :<\/p>\n<ol>\n<li aria-level=\"1\">Cr\u00e9ez un profil personnel en appuyant sur le bouton d&rsquo;enregistrement.\u00a0Remplissez les informations vous concernant aussi soigneusement que possible afin de ne pas vous tromper et de passer la proc\u00e9dure de v\u00e9rification sans probl\u00e8me \u00e0 l&rsquo;avenir.\u00a0Apr\u00e8s cela, vous pouvez activer votre compte par e-mail.<\/li>\n<li aria-level=\"1\">Essayez d&rsquo;utiliser l&rsquo;un des syst\u00e8mes de paiement pour augmenter votre solde et gagner de l&rsquo;argent r\u00e9el.\u00a0Assurez-vous d&rsquo;utiliser diff\u00e9rentes options de pari et essayez de gagner de l&rsquo;argent.\u00a0Activez le mode d\u00e9mo s&rsquo;il est disponible pour vous.<\/li>\n<li aria-level=\"1\">N&rsquo;oubliez pas d&rsquo;analyser au plus pr\u00e8s le march\u00e9 des courses hippiques et de ne choisir que les paris qui peuvent vous rapporter de l&rsquo;argent.\u00a0Ne vous laissez pas distraire par les comp\u00e9titions amateurs et concentrez-vous sur les coureurs pour lesquels il existe des informations.<\/li>\n<\/ol>\n<p>Assurez-vous d&rsquo;utiliser la proc\u00e9dure de v\u00e9rification pour acc\u00e9der plus rapidement \u00e0 toutes les fonctionnalit\u00e9s financi\u00e8res de la plateforme en ligne et gagner beaucoup plus d&rsquo;argent.\u00a0Cela vous permettra d&rsquo;augmenter vos profits et d&rsquo;\u00eatre r\u00e9compens\u00e9 directement sur votre compte.\u00a0Vous pourrez \u00e9galement profiter de fonctionnalit\u00e9s suppl\u00e9mentaires et obtenir une aide prioritaire du support technique.<\/p>\n<h2>Termes communs dans les courses de chevaux<\/h2>\n<p>Dans la plupart des cas, le d\u00e9butant sur les meilleurs paris hippiques ne devrait pas s&rsquo;inqui\u00e9ter car la soci\u00e9t\u00e9 de jeu appelle tous les march\u00e9s de paris.\u00a0Choisissez une option appropri\u00e9e et commencez \u00e0 \u00e9crire un coupon pour un certain montant.\u00a0Vous verrez le r\u00e9sultat sur la diffusion en ligne en quelques minutes seulement, \u00e9galement disponible directement dans votre navigateur.<\/p>\n<p>Dans les courses de chevaux, certaines r\u00e8gles et conditions suppl\u00e9mentaires ne doivent pas \u00eatre enfreintes pendant le match.\u00a0C&rsquo;est pourquoi nous vous recommandons de vous familiariser avec des concepts tels que :<\/p>\n<ul>\n<li aria-level=\"1\">la victoire d&rsquo;un coureur\u00a0;<\/li>\n<li aria-level=\"1\">faux d\u00e9part;<\/li>\n<li aria-level=\"1\">cat\u00e9gories de courses.<\/li>\n<\/ul>\n<p>Cela vous aidera \u00e0 comprendre rapidement le jeu et \u00e0 gagner plus d&rsquo;argent sur votre compte.<\/p>\n<h2>Comment choisir un cheval gagnant<\/h2>\n<p>L&rsquo;utilisation du syst\u00e8me unique de notation et d&rsquo;analyse des paris hippiques en France est la meilleure solution. De nombreuses plateformes offrent aux utilisateurs de jeux d&rsquo;argent un moyen de choisir un cheval appropri\u00e9 et de trouver des statistiques sur ses courses.\u00a0Certains chevaux sont meilleurs lorsqu&rsquo;ils ne courent que pendant la journ\u00e9e, tandis que d&rsquo;autres peuvent montrer des r\u00e9sultats \u00e9lev\u00e9s avec des cavaliers confiants.<\/p>\n<p>Apprenez-en encore plus sur la th\u00e9orie gagnante dans nos revues.\u00a0Avant de parier pour de l&rsquo;argent r\u00e9el, essayez d&rsquo;utiliser le mode d\u00e9mo pour gagner le plus honn\u00eatement et en toute confiance possible.\u00a0Vous pourrez \u00e9galement profiter de diff\u00e9rents modes de jeu et tenter d&rsquo;obtenir une grosse somme sur votre compte.<\/p>\n<p><img loading=\"lazy\" decoding=\"async\" class=\"aligncenter wp-image-3436 lazy-loaded\" src=\"https:\/\/rocketplay-game.com\/wp-content\/uploads\/2023\/01\/ypes-of-horse-racing-bets-1024x700-1-300x205.jpg\" sizes=\"auto, (max-width: 800px) 100vw, 800px\" srcset=\"https:\/\/rocketplay-game.com\/wp-content\/uploads\/2023\/01\/ypes-of-horse-racing-bets-1024x700-1-300x205.jpg 300w, https:\/\/rocketplay-game.com\/wp-content\/uploads\/2023\/01\/ypes-of-horse-racing-bets-1024x700-1-768x525.jpg 768w, https:\/\/rocketplay-game.com\/wp-content\/uploads\/2023\/01\/ypes-of-horse-racing-bets-1024x700-1.jpg 1024w\" alt=\"\" width=\"800\" height=\"547\" data-lazy-type=\"image\" data-src=\"https:\/\/rocketplay-game.com\/wp-content\/uploads\/2023\/01\/ypes-of-horse-racing-bets-1024x700-1-300x205.jpg\" data-srcset=\"\" \/><\/p>\n<h2>Types de paris<\/h2>\n<p>Nous vous recommandons de parier sur les conseils de courses de chevaux pour essayer le site de jeu officiel.\u00a0Sp\u00e9cialement pour vous, nous avons rassembl\u00e9 les meilleures plateformes avec acc\u00e8s aux casinos et aux paris.\u00a0Utilisez votre capital \u00e0 bon escient et essayez de gagner le maximum d&rsquo;argent \u00e0 la fois.\u00a0Cela vous aidera consid\u00e9rablement \u00e0 obtenir des prix et des bonus suppl\u00e9mentaires de la part de l&rsquo;administration de la plateforme de jeu.<\/p>\n<h2>FAQ<\/h2>\n<p>Dans la plupart des cas, les d\u00e9butants ont besoin d&rsquo;un peu d&rsquo;aide, nous avons donc rassembl\u00e9 une section de r\u00e9ponses aux questions les plus populaires.\u00a0Essayez de trouver le type de pari qui vous convient et commencez \u00e0 jouer avec le maximum d&rsquo;argent sur votre solde.<\/p>\n<h3>Quels sont les avantages de parier sur les courses de chevaux ?<\/h3>\n<p>La discipline sportive est \u00e0 la mode, et vous pourrez donc obtenir des paris hippiques gratuits sous peu.\u00a0Les soci\u00e9t\u00e9s de jeu motivent constamment les utilisateurs \u00e0 jouer et \u00e0 gagner pour gagner encore plus d&rsquo;argent.\u00a0Vous pouvez donc profiter d\u00e8s maintenant d&rsquo;une offre aussi lucrative et ressentir tous les avantages des jeux actifs.<\/p>\n<h3>Combien puis-je gagner par pari sur les courses de chevaux ?<\/h3>\n<p>En g\u00e9n\u00e9ral, vous pourrez obtenir une grosse somme d&rsquo;argent dans les paris hippiques en direct.\u00a0M\u00eame un pari r\u00e9gulier vous permettra d&rsquo;augmenter votre solde plusieurs fois, mais vous devez apprendre \u00e0 pr\u00e9dire correctement les \u00e9v\u00e9nements.\u00a0Essayez diff\u00e9rentes options, utilisez des bonus suppl\u00e9mentaires et inscrivez-vous \u00e0 une newsletter promotionnelle.\u00a0Tout cela aidera \u00e0 r\u00e9duire les risques et \u00e0 commencer \u00e0 gagner plus souvent.<\/p>\n<h3>Quelles sont les restrictions sur le retrait apr\u00e8s avoir remport\u00e9 une course ?<\/h3>\n<p>G\u00e9n\u00e9ralement, il n&rsquo;y a pas de restrictions sur le retrait sur un site typique.\u00a0Cependant, nous vous recommandons de n&rsquo;utiliser que les soci\u00e9t\u00e9s de jeux de hasard figurant sur notre liste.\u00a0Cela prot\u00e9gera contre les fraudeurs et obtiendra le plus haut niveau de service.\u00a0De plus, nous testons \u00e9galement le service d&rsquo;assistance technique lors de l&rsquo;examen\u00a0;\u00a0par cons\u00e9quent, vous pouvez obtenir rapidement les informations dont vous avez besoin \u00e0 tout moment.<\/p>\n","protected":false},"excerpt":{"rendered":"<p>Surtout, les utilisateurs de paris hippiques sont d\u00e9j\u00e0 habitu\u00e9s aux cotes \u00e9lev\u00e9es et aux bonus \u00e9lev\u00e9s.\u00a0Il s&rsquo;agit d&rsquo;une offre sur les sites de nos revues de l&rsquo;administration du casino.\u00a0Vous pouvez choisir le bon cheval et obtenir une grosse somme d&rsquo;argent gr\u00e2ce \u00e0 lui.\u00a0Essayez-le et vous \u00eates assur\u00e9 de gagner encore plus sur votre compte. Comment&#8230;<\/p>\n","protected":false},"author":1,"featured_media":0,"parent":0,"menu_order":0,"comment_status":"closed","ping_status":"closed","template":"page-with-bonus.php","meta":{"_acf_changed":false,"_kad_post_transparent":"default","_kad_post_title":"default","_kad_post_layout":"default","_kad_post_sidebar_id":"","_kad_post_content_style":"default","_kad_post_vertical_padding":"default","_kad_post_feature":"","_kad_post_feature_position":"","_kad_post_header":false,"_kad_post_footer":false,"footnotes":""},"class_list":["post-3567","page","type-page","status-publish","hentry"],"acf":[],"rttpg_featured_image_url":null,"rttpg_author":{"display_name":"Tom","author_link":"https:\/\/rocketplay-game.com\/fr\/author\/pemvas95n89x\/"},"rttpg_comment":0,"rttpg_category":null,"rttpg_excerpt":"Surtout, les utilisateurs de paris hippiques sont d\u00e9j\u00e0 habitu\u00e9s aux cotes \u00e9lev\u00e9es et aux bonus \u00e9lev\u00e9s.\u00a0Il s&rsquo;agit d&rsquo;une offre sur les sites de nos revues de l&rsquo;administration du casino.\u00a0Vous pouvez choisir le bon cheval et obtenir une grosse somme d&rsquo;argent gr\u00e2ce \u00e0 lui.\u00a0Essayez-le et vous \u00eates assur\u00e9 de gagner encore plus sur votre compte. Comment...","_links":{"self":[{"href":"https:\/\/rocketplay-game.com\/fr\/wp-json\/wp\/v2\/pages\/3567","targetHints":{"allow":["GET"]}}],"collection":[{"href":"https:\/\/rocketplay-game.com\/fr\/wp-json\/wp\/v2\/pages"}],"about":[{"href":"https:\/\/rocketplay-game.com\/fr\/wp-json\/wp\/v2\/types\/page"}],"author":[{"embeddable":true,"href":"https:\/\/rocketplay-game.com\/fr\/wp-json\/wp\/v2\/users\/1"}],"replies":[{"embeddable":true,"href":"https:\/\/rocketplay-game.com\/fr\/wp-json\/wp\/v2\/comments?post=3567"}],"version-history":[{"count":2,"href":"https:\/\/rocketplay-game.com\/fr\/wp-json\/wp\/v2\/pages\/3567\/revisions"}],"predecessor-version":[{"id":3937,"href":"https:\/\/rocketplay-game.com\/fr\/wp-json\/wp\/v2\/pages\/3567\/revisions\/3937"}],"wp:attachment":[{"href":"https:\/\/rocketplay-game.com\/fr\/wp-json\/wp\/v2\/media?parent=3567"}],"curies":[{"name":"wp","href":"https:\/\/api.w.org\/{rel}","templated":true}]}}