{"id":3575,"date":"2023-01-10T16:25:10","date_gmt":"2023-01-10T13:25:10","guid":{"rendered":"https:\/\/rocketplay-game.com\/sports-betting\/table-tennis\/"},"modified":"2025-11-25T20:37:39","modified_gmt":"2025-11-25T17:37:39","slug":"table-tennis","status":"publish","type":"page","link":"https:\/\/rocketplay-game.com\/fr\/table-tennis\/","title":{"rendered":"Examen des paris sur le tennis de table"},"content":{"rendered":"<p><span class=\"\">La principale raison de la popularit\u00e9 des paris sur le tennis de table est que n&rsquo;importe qui peut gagner des dizaines de milliers de dollars sur de tels paris.\u00a0<\/span>Les r\u00e8gles sont simples et les joueurs changent constamment.\u00a0Chaque match ne dure pas plus de 10 \u00e0 15 minutes, ce qui signifie qu&rsquo;il y a beaucoup d&rsquo;\u00e9v\u00e9nements chaque jour.\u00a0Nous vous recommandons de faire confiance aux grands tournois et d&rsquo;en savoir plus sur les avantages du tennis de table pour parier d\u00e8s maintenant.<\/p>\n<p><img loading=\"lazy\" decoding=\"async\" class=\"aligncenter wp-image-3448 lazy-loaded\" src=\"https:\/\/rocketplay-game.com\/wp-content\/uploads\/2023\/01\/table-tennis-shots-300x169.jpg\" sizes=\"auto, (max-width: 800px) 100vw, 800px\" srcset=\"https:\/\/rocketplay-game.com\/wp-content\/uploads\/2023\/01\/table-tennis-shots-300x169.jpg 300w, https:\/\/rocketplay-game.com\/wp-content\/uploads\/2023\/01\/table-tennis-shots-1024x576.jpg 1024w, https:\/\/rocketplay-game.com\/wp-content\/uploads\/2023\/01\/table-tennis-shots-768x432.jpg 768w, https:\/\/rocketplay-game.com\/wp-content\/uploads\/2023\/01\/table-tennis-shots-1536x864.jpg 1536w, https:\/\/rocketplay-game.com\/wp-content\/uploads\/2023\/01\/table-tennis-shots.jpg 1920w\" alt=\"\" width=\"800\" height=\"450\" data-lazy-type=\"image\" data-src=\"https:\/\/rocketplay-game.com\/wp-content\/uploads\/2023\/01\/table-tennis-shots-300x169.jpg\" data-srcset=\"\" \/><\/p>\n<h2>Comment parier sur le tennis de table<\/h2>\n<p>Pour faire un pari sur les conseils de tennis de table, vous devez utiliser l&rsquo;un des sites de jeu.\u00a0Il est n\u00e9cessaire de s&rsquo;inscrire et de d\u00e9poser votre compte pour proc\u00e9der \u00e0 la s\u00e9lection des matchs appropri\u00e9s :<\/p>\n<ul>\n<li aria-level=\"1\">tout d&rsquo;abord, appr\u00e9ciez les \u00e9quipes repr\u00e9sent\u00e9es.\u00a0Il n&rsquo;est pas rare que les adversaires se soient d\u00e9j\u00e0 rencontr\u00e9s, ce qui signifie que vous pouvez collecter des statistiques sp\u00e9cifiques et choisir \u00e0 l&rsquo;avance l&rsquo;option de pari la plus prometteuse ;<\/li>\n<li aria-level=\"1\">vous ne devriez pas parier un gros montant \u00e0 la fois sur un joueur en particulier.\u00a0M\u00eame s&rsquo;il est le favori de ce match et que la cote est proche de 1,1, vous pouvez toujours perdre.\u00a0C&rsquo;est ainsi que les d\u00e9butants perdent leur budget ;<\/li>\n<li aria-level=\"1\">Essayez de garder vos \u00e9motions sous contr\u00f4le et n&rsquo;essayez pas de parier plus la prochaine fois pour regagner votre place.\u00a0Tout d&rsquo;abord, le succ\u00e8s dans les paris est une discipline et suit une strat\u00e9gie sp\u00e9cifique.<\/li>\n<\/ul>\n<p>Choisir la bonne tactique peut \u00eatre difficile, il est donc recommand\u00e9 d&rsquo;\u00e9tudier en d\u00e9tail les r\u00e8gles de la discipline sportive.\u00a0Dans ce cas, vous devez \u00e9galement v\u00e9rifier les analyses des professionnels et cr\u00e9er les v\u00f4tres en fonction des statistiques disponibles.\u00a0C&rsquo;est le minimum que vous devez faire pour gagner une grosse somme.<\/p>\n<h2>March\u00e9s populaires de paris sur le tennis de table<\/h2>\n<p>La variante la plus c\u00e9l\u00e8bre est la strat\u00e9gie de paris sur le tennis de table, avec le choix d&rsquo;un gagnant particulier.\u00a0Essayez d&rsquo;analyser les matchs pass\u00e9s de vos adversaires et choisissez le r\u00e9sultat le plus probable.\u00a0Dans ce cas, vous pouvez obtenir rapidement votre r\u00e9compense et passer \u00e0 l&rsquo;\u00e9tape suivante du jeu.<\/p>\n<p>N&rsquo;oubliez pas que les matchs ont lieu toutes les quelques dizaines de minutes, alors ne pariez pas une grosse somme \u00e0 la fois.\u00a0Concentrez-vous simplement sur le jeu et attendez une opportunit\u00e9 pour obtenir votre argent.\u00a0La cagnotte ne vous \u00e9chappera pas, ce qui signifie que vous pouvez obtenir le cadeau presque instantan\u00e9ment.<\/p>\n<h2>\u00c9v\u00e9nements de tennis de table<\/h2>\n<p>Il existe des r\u00e8gles de paris classiques sur le tennis de table, vous permettant de choisir une option de pari appropri\u00e9e.\u00a0Dans ce cas, les tournois ont lieu presque tous les jours, mais les d\u00e9butants doivent en premier lieu faire attention aux jeux de niveau mondial.\u00a0Certains d&rsquo;entre eux incluent l&rsquo;Europa et le World Racquet.\u00a0Essayez de jouer votre pari et obtenez une r\u00e9compense sur votre compte.<\/p>\n<h2>Conseils et strat\u00e9gie<\/h2>\n<p>Les options les plus connues sont les cotes de paris sur le tennis de table de 1,7 ou 1,8.\u00a0Tout cela parce que les matchs sont rapides et que le risque ici est \u00e9lev\u00e9.\u00a0Cependant, la r\u00e9compense pour avoir accept\u00e9 de participer \u00e0 ce risque est \u00e9galement excellente.\u00a0Vous pouvez essayer diff\u00e9rentes tactiques et strat\u00e9gies pour obtenir la r\u00e9compense sur votre compte.<\/p>\n<p>Certains des conseils les plus connus des experts sont les suivants\u00a0:<\/p>\n<ul>\n<li aria-level=\"1\">essayez de diviser votre budget en 30 parties ou plus d\u00e8s le d\u00e9but.\u00a0Ne pariez pas plus d&rsquo;une partie pour limiter vos pertes et vos gains.\u00a0Gr\u00e2ce \u00e0 cela, il sera possible de corriger vos pr\u00e9visions et d&rsquo;obtenir l&rsquo;argent \u00e0 longue distance ;<\/li>\n<li aria-level=\"1\">vous devriez retirer l&rsquo;argent gagn\u00e9 de votre compte plus souvent afin que vous puissiez voir vos r\u00e9sultats.\u00a0Cela vous permettra de sentir le poids de l&rsquo;argent et de comprendre l&rsquo;essence du jeu.\u00a0Sinon, il est facile de perdre le contact avec la r\u00e9alit\u00e9 et de commencer \u00e0 tout d\u00e9penser d&rsquo;affil\u00e9e ;<\/li>\n<li aria-level=\"1\">essayez de contr\u00f4ler vos \u00e9motions et notez imm\u00e9diatement les r\u00e9sultats de vos paris.\u00a0Dans ce cas, il vous sera plus facile de trouver le parfait \u00e9quilibre entre le montant du pari et les cotes.<\/li>\n<\/ul>\n<p>Assurez-vous d&rsquo;essayer diff\u00e9rentes strat\u00e9gies et tactiques pour gagner.\u00a0N&rsquo;oubliez pas non plus les excellents bonus que vous pouvez obtenir rapidement sur la page principale.<\/p>\n<p><img loading=\"lazy\" decoding=\"async\" class=\"aligncenter wp-image-3457 lazy-loaded\" src=\"https:\/\/rocketplay-game.com\/wp-content\/uploads\/2023\/01\/table-tennis-300x143.jpg\" sizes=\"auto, (max-width: 800px) 100vw, 800px\" srcset=\"https:\/\/rocketplay-game.com\/wp-content\/uploads\/2023\/01\/table-tennis-300x143.jpg 300w, https:\/\/rocketplay-game.com\/wp-content\/uploads\/2023\/01\/table-tennis-1024x487.jpg 1024w, https:\/\/rocketplay-game.com\/wp-content\/uploads\/2023\/01\/table-tennis-768x365.jpg 768w, https:\/\/rocketplay-game.com\/wp-content\/uploads\/2023\/01\/table-tennis.jpg 1220w\" alt=\"\" width=\"800\" height=\"380\" data-lazy-type=\"image\" data-src=\"https:\/\/rocketplay-game.com\/wp-content\/uploads\/2023\/01\/table-tennis-300x143.jpg\" data-srcset=\"\" \/><\/p>\n<h2>FAQ<\/h2>\n<p>En plus des conseils utiles pour les paris sur le tennis de table, nous vous recommandons de lire une s\u00e9rie de r\u00e9ponses aux questions les plus courantes des d\u00e9butants.\u00a0Essayez de comprendre toutes les particularit\u00e9s de la discipline sportive et commencez \u00e0 profiter de vos paris.<\/p>\n<h3>Quels sont les avantages de parier sur le tennis de table ?<\/h3>\n<p>Le principal avantage est que vous pouvez vous immerger dans le jeu le plus rapidement possible, apprendre les r\u00e8gles et commencer \u00e0 gagner.\u00a0Tous les matchs sont jou\u00e9s \u00e0 un intervalle de 15 minutes, ce qui signifie que vous avez la garantie d&rsquo;avoir une chance de gagner.\u00a0De nombreux r\u00e9sultats et des athl\u00e8tes c\u00e9l\u00e8bres rendront le jeu plus excitant et variable.<\/p>\n<h3>Combien puis-je gagner par pari sur le tennis de table ?<\/h3>\n<p>Il n&rsquo;y a pas de limite sur les gains maximum en soi, mais vous pouvez voir les r\u00e8gles g\u00e9n\u00e9rales dans les documents principaux du casino.\u00a0Plus le tournoi que vous choisissez est populaire, plus vous avez de chances de parier une grosse somme d&rsquo;argent \u00e0 la fois.\u00a0Essayez de profiter de l&rsquo;opportunit\u00e9 unique de gagner beaucoup \u00e0 la fois sur un seul pari.\u00a0Cependant, comme les matchs sont g\u00e9n\u00e9ralement rapides, le montant par pari n&rsquo;est pas trop important.<\/p>\n<h3>Quelles sont les restrictions de retrait apr\u00e8s avoir gagn\u00e9 au tennis de table ?<\/h3>\n<p>Sur les meilleurs sites de paris sur le tennis de table, vous n&rsquo;aurez aucun probl\u00e8me \u00e0 retirer des fonds apr\u00e8s avoir gagn\u00e9.\u00a0Ces soci\u00e9t\u00e9s de jeu peuvent \u00eatre trouv\u00e9es sur notre site Web car nous cr\u00e9ons des avis de haute qualit\u00e9.\u00a0Nous testons soigneusement les fonctionnalit\u00e9s du casino lors de la r\u00e9daction de documents et nous contactons m\u00eame le support technique.\u00a0Cela signifie que vous pouvez faire confiance aux donn\u00e9es que nous recevons de nous et commencer votre jeu amusant d\u00e8s maintenant.<\/p>\n","protected":false},"excerpt":{"rendered":"<p>La principale raison de la popularit\u00e9 des paris sur le tennis de table est que n&rsquo;importe qui peut gagner des dizaines de milliers de dollars sur de tels paris.\u00a0Les r\u00e8gles sont simples et les joueurs changent constamment.\u00a0Chaque match ne dure pas plus de 10 \u00e0 15 minutes, ce qui signifie qu&rsquo;il y a beaucoup d&rsquo;\u00e9v\u00e9nements&#8230;<\/p>\n","protected":false},"author":1,"featured_media":0,"parent":0,"menu_order":0,"comment_status":"closed","ping_status":"closed","template":"page-with-bonus.php","meta":{"_acf_changed":false,"_kad_post_transparent":"default","_kad_post_title":"default","_kad_post_layout":"default","_kad_post_sidebar_id":"","_kad_post_content_style":"default","_kad_post_vertical_padding":"default","_kad_post_feature":"","_kad_post_feature_position":"","_kad_post_header":false,"_kad_post_footer":false,"footnotes":""},"class_list":["post-3575","page","type-page","status-publish","hentry"],"acf":[],"rttpg_featured_image_url":null,"rttpg_author":{"display_name":"Tom","author_link":"https:\/\/rocketplay-game.com\/fr\/author\/pemvas95n89x\/"},"rttpg_comment":0,"rttpg_category":null,"rttpg_excerpt":"La principale raison de la popularit\u00e9 des paris sur le tennis de table est que n&rsquo;importe qui peut gagner des dizaines de milliers de dollars sur de tels paris.\u00a0Les r\u00e8gles sont simples et les joueurs changent constamment.\u00a0Chaque match ne dure pas plus de 10 \u00e0 15 minutes, ce qui signifie qu&rsquo;il y a beaucoup d&rsquo;\u00e9v\u00e9nements...","_links":{"self":[{"href":"https:\/\/rocketplay-game.com\/fr\/wp-json\/wp\/v2\/pages\/3575","targetHints":{"allow":["GET"]}}],"collection":[{"href":"https:\/\/rocketplay-game.com\/fr\/wp-json\/wp\/v2\/pages"}],"about":[{"href":"https:\/\/rocketplay-game.com\/fr\/wp-json\/wp\/v2\/types\/page"}],"author":[{"embeddable":true,"href":"https:\/\/rocketplay-game.com\/fr\/wp-json\/wp\/v2\/users\/1"}],"replies":[{"embeddable":true,"href":"https:\/\/rocketplay-game.com\/fr\/wp-json\/wp\/v2\/comments?post=3575"}],"version-history":[{"count":2,"href":"https:\/\/rocketplay-game.com\/fr\/wp-json\/wp\/v2\/pages\/3575\/revisions"}],"predecessor-version":[{"id":3938,"href":"https:\/\/rocketplay-game.com\/fr\/wp-json\/wp\/v2\/pages\/3575\/revisions\/3938"}],"wp:attachment":[{"href":"https:\/\/rocketplay-game.com\/fr\/wp-json\/wp\/v2\/media?parent=3575"}],"curies":[{"name":"wp","href":"https:\/\/api.w.org\/{rel}","templated":true}]}}