{"id":3578,"date":"2023-01-10T16:05:13","date_gmt":"2023-01-10T13:05:13","guid":{"rendered":"https:\/\/rocketplay-game.com\/sports-betting\/ufc\/"},"modified":"2023-01-19T23:08:54","modified_gmt":"2023-01-19T20:08:54","slug":"ufc","status":"publish","type":"page","link":"https:\/\/rocketplay-game.com\/fr\/ufc\/","title":{"rendered":"Examen des paris UFC"},"content":{"rendered":"<p>Les comp\u00e9titions d&rsquo;arts martiaux mixtes sont appel\u00e9es combats sans r\u00e8gles.\u00a0Cependant, il existe des r\u00e8gles sp\u00e9cifiques.\u00a0Ils sont stricts.\u00a0Par cons\u00e9quent, il est essentiel de consid\u00e9rer tout cela, c&rsquo;est choisir le pari UFC pour parier.\u00a0De nombreux parieurs parient sur l&rsquo;UFC, s&rsquo;amusant \u00e0 regarder ce qui se passe.\u00a0Il existe une possibilit\u00e9 d&rsquo;am\u00e9liorer consid\u00e9rablement leur bien-\u00eatre financier sans se fatiguer physiquement.<\/p>\n<p><img loading=\"lazy\" decoding=\"async\" class=\"aligncenter wp-image-3377 lazy-loaded\" src=\"https:\/\/rocketplay-game.com\/wp-content\/uploads\/2023\/01\/ecfc44ff4496f67_886x452-300x153.png\" sizes=\"auto, (max-width: 800px) 100vw, 800px\" srcset=\"https:\/\/rocketplay-game.com\/wp-content\/uploads\/2023\/01\/ecfc44ff4496f67_886x452-300x153.png 300w, https:\/\/rocketplay-game.com\/wp-content\/uploads\/2023\/01\/ecfc44ff4496f67_886x452-768x392.png 768w, https:\/\/rocketplay-game.com\/wp-content\/uploads\/2023\/01\/ecfc44ff4496f67_886x452.png 886w\" alt=\"\" width=\"800\" height=\"408\" data-lazy-type=\"image\" data-src=\"https:\/\/rocketplay-game.com\/wp-content\/uploads\/2023\/01\/ecfc44ff4496f67_886x452-300x153.png\" data-srcset=\"\" \/><\/p>\n<h2>Populaire et les meilleurs paris UFC expliqu\u00e9s<\/h2>\n<p>Il existe une grande vari\u00e9t\u00e9 de paris sur le meilleur site de paris UFC :<\/p>\n<ol>\n<li aria-level=\"1\">Lors du choix d&rsquo;un pari sur l&rsquo;issue exacte du combat, le parieur doit parier sur la victoire de l&rsquo;un ou l&rsquo;autre adversaire.\u00a0Le plus souvent, ils sont approximativement dans la m\u00eame cat\u00e9gorie de poids.\u00a0Par cons\u00e9quent, il n&rsquo;y a pas de favoris clairs.\u00a0Mais le parieur attend des cotes attractives.<\/li>\n<li aria-level=\"1\">Au moment de choisir un pari sur la dur\u00e9e du combat, les cotes ne sont pas moins \u00e9lev\u00e9es.\u00a0Et si le pari est jou\u00e9, le parieur obtiendra un revenu financier important.<\/li>\n<li aria-level=\"1\">En choisissant le mode Live, il sera judicieux de miser sur la d\u00e9cision de l&rsquo;arbitre.\u00a0Il est possible d&rsquo;observer les r\u00e9actions des juges.<\/li>\n<li aria-level=\"1\">En pr\u00e9sence d&rsquo;un outsider prononc\u00e9, vous pouvez parier sur la victoire du joueur avec une prise douloureuse ou \u00e9touffante.<\/li>\n<\/ol>\n<p>Il y a d&rsquo;autres paris sur l&rsquo;UFC.\u00a0Et chacun peut d\u00e9cider par lui-m\u00eame lequel choisir.<\/p>\n<h2>Comment parier sur l&rsquo;UFC<\/h2>\n<p>Pour un pari sur la meilleure application de paris UFC.\u00a0Il est essentiel d&rsquo;analyser avec comp\u00e9tence le cours des \u00e9v\u00e9nements, en pr\u00eatant attention aux composants importants:<\/p>\n<ol>\n<li aria-level=\"1\">La forme des combattants joue un r\u00f4le.\u00a0Pour analyser cette question, il convient de regarder les statistiques des derniers combats pour chaque combattant.<\/li>\n<li aria-level=\"1\">\u00c9tudier les derni\u00e8res nouvelles sur les athl\u00e8tes qui participent au combat sur lequel vous allez parier est n\u00e9cessaire.\u00a0De cette fa\u00e7on, il est possible de se renseigner sur l&rsquo;\u00e9tat des participants.<\/li>\n<li aria-level=\"1\">Les caract\u00e9ristiques des combattants doivent \u00e9galement \u00eatre consid\u00e9r\u00e9es de mani\u00e8re obligatoire.\u00a0Chacun a ses forces et ses faiblesses.\u00a0Et les connaissant, vous pouvez pr\u00e9dire plus pr\u00e9cis\u00e9ment l&rsquo;issue du combat.<\/li>\n<li aria-level=\"1\">Aucun suppl\u00e9ment ne sera l&rsquo;avis d&rsquo;experts.\u00a0Cela concerne le combat \u00e0 venir, ainsi que les chances que les concurrents soient impliqu\u00e9s dans le combat.<\/li>\n<\/ol>\n<p>Chacun peut choisir un type de guide de paris UFC pour passer un moment agr\u00e9able et excitant tout en ayant toutes les chances de changer radicalement sa vie en augmentant son capital financier gr\u00e2ce aux paris jou\u00e9s.<\/p>\n<h2>Conseils et strat\u00e9gies de paris UFC<\/h2>\n<p>Pour parier avec succ\u00e8s sur les paris en direct UFC et souvent gagner, les parieurs exp\u00e9riment\u00e9s utilisent diff\u00e9rentes approches de jeu :<\/p>\n<ol>\n<li aria-level=\"1\">Les informations provenant des camps d&rsquo;entra\u00eenement des combattants devraient \u00eatre \u00e9tudi\u00e9es.<\/li>\n<li aria-level=\"1\">Les fluctuations des cotations doivent \u00eatre prises en compte.\u00a0Et s&rsquo;il y a des changements importants dans la ligne, il vaut la peine de reconsid\u00e9rer les pr\u00e9visions et de faire des ajustements.<\/li>\n<\/ol>\n<p>Ce n&rsquo;est pas la fin des conseils de paris UFC :<\/p>\n<ol>\n<li aria-level=\"1\">En choisissant le pari en direct, il est possible de parier pendant le combat.<\/li>\n<li aria-level=\"1\">Si l&rsquo;un des adversaires se blesse au d\u00e9but du combat, les choses peuvent s&rsquo;aggraver au fil des rounds.\u00a0Et cela est important \u00e0 prendre en compte lorsque vous faites un pari pendant le combat.<\/li>\n<li aria-level=\"1\">Il est essentiel de savoir dans quel \u00e9tat se trouvent les athl\u00e8tes. Il est n\u00e9cessaire de se pr\u00e9parer aux sc\u00e9narios les plus inattendus pendant le combat.<\/li>\n<\/ol>\n<p>Pour gagner en pariant sur l&rsquo;UFC, il est indispensable d&rsquo;\u00eatre attentif, d&rsquo;avoir l&rsquo;esprit calme, de ne pas se fier aux \u00e9motions, et de savoir les contr\u00f4ler.<\/p>\n<p><img loading=\"lazy\" decoding=\"async\" class=\"aligncenter wp-image-3387 lazy-loaded\" src=\"https:\/\/rocketplay-game.com\/wp-content\/uploads\/2023\/01\/5858663a830ec-300x176.jpg\" sizes=\"auto, (max-width: 800px) 100vw, 800px\" srcset=\"https:\/\/rocketplay-game.com\/wp-content\/uploads\/2023\/01\/5858663a830ec-300x176.jpg 300w, https:\/\/rocketplay-game.com\/wp-content\/uploads\/2023\/01\/5858663a830ec-1024x602.jpg 1024w, https:\/\/rocketplay-game.com\/wp-content\/uploads\/2023\/01\/5858663a830ec-768x452.jpg 768w, https:\/\/rocketplay-game.com\/wp-content\/uploads\/2023\/01\/5858663a830ec.jpg 1360w\" alt=\"\" width=\"800\" height=\"471\" data-lazy-type=\"image\" data-src=\"https:\/\/rocketplay-game.com\/wp-content\/uploads\/2023\/01\/5858663a830ec-300x176.jpg\" data-srcset=\"\" \/><\/p>\n<h2>Erreurs de paris UFC les plus courantes<\/h2>\n<p>L&rsquo;une des principales erreurs peut \u00eatre appel\u00e9e en toute s\u00e9curit\u00e9 la confiance en soi.\u00a0Pour parier sur l&rsquo;application de paris UFC, conna\u00eetre les r\u00e8gles du sport est essentiel.\u00a0De plus, une analyse approfondie est essentielle ici.<\/p>\n<p>Il est essentiel d&rsquo;\u00e9tudier \u00e0 l&rsquo;avance les forces et les faiblesses des adversaires, afin de pouvoir pr\u00e9dire plus pr\u00e9cis\u00e9ment l&rsquo;issue du combat et faire les bons paris.<\/p>\n<h2>FAQ<\/h2>\n<p>Pour ceux qui ont d\u00e9cid\u00e9 de parier sur l&rsquo;UFC et qui aiment ce sport, il sera utile de lire les r\u00e9ponses aux questions fr\u00e9quemment pos\u00e9es.\u00a0Pour les parieurs, cette information sera importante.<\/p>\n<h3>Pourquoi beaucoup de gens choisissent-ils de parier sur l&rsquo;UFC ?<\/h3>\n<p>Il y a une r\u00e9elle opportunit\u00e9 d&rsquo;assister \u00e0 un combat suffisamment dynamique et f\u00e9roce tout en gagnant une somme d&rsquo;argent d\u00e9cente sur ce sport sans forcer physiquement.\u00a0Dans de tels duels, il y a une attraction:<\/p>\n<ul>\n<li aria-level=\"1\">spectacle;<\/li>\n<li aria-level=\"1\">dynamique;<\/li>\n<li aria-level=\"1\">confrontation d&rsquo;adversaires professionnels;<\/li>\n<li aria-level=\"1\">l&rsquo;impr\u00e9visibilit\u00e9 du r\u00e9sultat du concours.<\/li>\n<\/ul>\n<p>En pariant sur les cotes de paris UFC, chaque parieur peut obtenir un profit important.<\/p>\n<h3>Quelle est la bonne fa\u00e7on de parier sur l&rsquo;UFC ?<\/h3>\n<p>Pour parier sur les pronostics UFC, il est indispensable :<\/p>\n<ul>\n<li aria-level=\"1\">savoir naviguer dans les statistiques ;<\/li>\n<li aria-level=\"1\">pr\u00e9parez-vous aux r\u00e9sultats les plus inattendus des combats finaux;<\/li>\n<li aria-level=\"1\">\u00eatre capable de construire une strat\u00e9gie ;<\/li>\n<li aria-level=\"1\">consid\u00e9rez les r\u00e8gles des comp\u00e9titions car elles peuvent diff\u00e9rer selon le lieu o\u00f9 se d\u00e9roulent les tournois.<\/li>\n<\/ul>\n<p>Il est essentiel de contr\u00f4ler ses \u00e9motions, de suivre de pr\u00e8s les \u00e9v\u00e9nements et d&rsquo;\u00e9laborer une strat\u00e9gie.<\/p>\n<h3>Quel type de pari UFC vaut la peine d&rsquo;\u00eatre choisi ?<\/h3>\n<p>Parmi les plus populaires, citons :<\/p>\n<ul>\n<li aria-level=\"1\">un pari sur l&rsquo;issue exacte du combat ;<\/li>\n<li aria-level=\"1\">paris sur la dur\u00e9e du combat ;<\/li>\n<li aria-level=\"1\">le pari sur la d\u00e9cision des juges est le bienvenu ;<\/li>\n<li aria-level=\"1\">il est possible de parier sur la victoire du joueur en utilisant une prise douloureuse ou \u00e9touffante.<\/li>\n<\/ul>\n<p>Il existe d&rsquo;autres paris possibles sur les paris UFC France. Et chacun peut choisir exactement ce qu&rsquo;il pr\u00e9f\u00e8re.\u00a0Chaque option est attrayante et peut apporter un revenu d\u00e9cent si le pari joue.<\/p>\n","protected":false},"excerpt":{"rendered":"<p>Les comp\u00e9titions d&rsquo;arts martiaux mixtes sont appel\u00e9es combats sans r\u00e8gles.\u00a0Cependant, il existe des r\u00e8gles sp\u00e9cifiques.\u00a0Ils sont stricts.\u00a0Par cons\u00e9quent, il est essentiel de consid\u00e9rer tout cela, c&rsquo;est choisir le pari UFC pour parier.\u00a0De nombreux parieurs parient sur l&rsquo;UFC, s&rsquo;amusant \u00e0 regarder ce qui se passe.\u00a0Il existe une possibilit\u00e9 d&rsquo;am\u00e9liorer consid\u00e9rablement leur bien-\u00eatre financier sans se fatiguer&#8230;<\/p>\n","protected":false},"author":1,"featured_media":0,"parent":0,"menu_order":0,"comment_status":"closed","ping_status":"closed","template":"page-with-bonus.php","meta":{"_acf_changed":false,"_kad_post_transparent":"default","_kad_post_title":"default","_kad_post_layout":"default","_kad_post_sidebar_id":"","_kad_post_content_style":"default","_kad_post_vertical_padding":"default","_kad_post_feature":"","_kad_post_feature_position":"","_kad_post_header":false,"_kad_post_footer":false,"footnotes":""},"class_list":["post-3578","page","type-page","status-publish","hentry"],"acf":[],"rttpg_featured_image_url":null,"rttpg_author":{"display_name":"Tom","author_link":"https:\/\/rocketplay-game.com\/fr\/author\/pemvas95n89x\/"},"rttpg_comment":0,"rttpg_category":null,"rttpg_excerpt":"Les comp\u00e9titions d&rsquo;arts martiaux mixtes sont appel\u00e9es combats sans r\u00e8gles.\u00a0Cependant, il existe des r\u00e8gles sp\u00e9cifiques.\u00a0Ils sont stricts.\u00a0Par cons\u00e9quent, il est essentiel de consid\u00e9rer tout cela, c&rsquo;est choisir le pari UFC pour parier.\u00a0De nombreux parieurs parient sur l&rsquo;UFC, s&rsquo;amusant \u00e0 regarder ce qui se passe.\u00a0Il existe une possibilit\u00e9 d&rsquo;am\u00e9liorer consid\u00e9rablement leur bien-\u00eatre financier sans se fatiguer...","_links":{"self":[{"href":"https:\/\/rocketplay-game.com\/fr\/wp-json\/wp\/v2\/pages\/3578","targetHints":{"allow":["GET"]}}],"collection":[{"href":"https:\/\/rocketplay-game.com\/fr\/wp-json\/wp\/v2\/pages"}],"about":[{"href":"https:\/\/rocketplay-game.com\/fr\/wp-json\/wp\/v2\/types\/page"}],"author":[{"embeddable":true,"href":"https:\/\/rocketplay-game.com\/fr\/wp-json\/wp\/v2\/users\/1"}],"replies":[{"embeddable":true,"href":"https:\/\/rocketplay-game.com\/fr\/wp-json\/wp\/v2\/comments?post=3578"}],"version-history":[{"count":3,"href":"https:\/\/rocketplay-game.com\/fr\/wp-json\/wp\/v2\/pages\/3578\/revisions"}],"predecessor-version":[{"id":3935,"href":"https:\/\/rocketplay-game.com\/fr\/wp-json\/wp\/v2\/pages\/3578\/revisions\/3935"}],"wp:attachment":[{"href":"https:\/\/rocketplay-game.com\/fr\/wp-json\/wp\/v2\/media?parent=3578"}],"curies":[{"name":"wp","href":"https:\/\/api.w.org\/{rel}","templated":true}]}}