{"id":4119,"date":"2023-08-16T22:51:40","date_gmt":"2023-08-16T19:51:40","guid":{"rendered":"https:\/\/rocketplay-game.com\/slots\/9-coins\/"},"modified":"2025-11-25T20:42:07","modified_gmt":"2025-11-25T17:42:07","slug":"9-coins","status":"publish","type":"page","link":"https:\/\/rocketplay-game.com\/fr\/slots\/9-coins\/","title":{"rendered":"D\u00e9voilement de la machine \u00e0 sous Wealth of 9 Coins\u00a0: un examen approfondi"},"content":{"rendered":"<p>Pr\u00eat pour un voyage passionnant dans un monde de fortune ? Bienvenue dans la machine \u00e0 sous 9 Coins. Il s&rsquo;agit d&rsquo;un jeu de casino passionnant rempli d&rsquo;opportunit\u00e9s de gros gains. Passons \u00e0 la revue de la machine \u00e0 sous 9 Coins.<\/p>\n<h2>La revue de la machine \u00e0 sous 9 Coins<\/h2>\n<p>La machine \u00e0 sous 9 Coins emm\u00e8ne les joueurs dans un voyage passionnant de chasse au tr\u00e9sor. Le th\u00e8me tourne autour de la richesse et de la chance associ\u00e9es au chiffre 9, repr\u00e9sent\u00e9es par des graphismes vibrants et des effets sonores immersifs. Le jeu propose des symboles standard, des symboles sp\u00e9ciaux et une gamme de tours bonus, chacun offrant diff\u00e9rents niveaux de r\u00e9compenses. Les Wilds et les Scatters introduisent un gameplay engageant, tandis que la fonction unique \u00ab 9 Coins \u00bb est une passerelle vers des gains substantiels.<\/p>\n<p><img loading=\"lazy\" decoding=\"async\" class=\"aligncenter size-full wp-image-4032\" src=\"https:\/\/rocketplay-game.com\/wp-content\/uploads\/2023\/08\/9coinsgrandgoldeditionslot.png\" alt=\"Unveiling the Wealth of 9 Coins Slot 1\" width=\"995\" height=\"523\" srcset=\"https:\/\/rocketplay-game.com\/wp-content\/uploads\/2023\/08\/9coinsgrandgoldeditionslot.png 995w, https:\/\/rocketplay-game.com\/wp-content\/uploads\/2023\/08\/9coinsgrandgoldeditionslot-300x158.png 300w, https:\/\/rocketplay-game.com\/wp-content\/uploads\/2023\/08\/9coinsgrandgoldeditionslot-768x404.png 768w\" sizes=\"auto, (max-width: 995px) 100vw, 995px\" \/><\/p>\n<h2>Explorer la d\u00e9mo de la machine \u00e0 sous 9 Coins<\/h2>\n<p>La d\u00e9mo de la machine \u00e0 sous 9 Coins constitue une excellente plateforme pour les nouveaux joueurs. Cela leur permet de comprendre les m\u00e9canismes du jeu, d\u2019explorer ses fonctionnalit\u00e9s et de concevoir des strat\u00e9gies potentielles sans risquer de l\u2019argent r\u00e9el. La d\u00e9mo reproduit le frisson du jeu r\u00e9el mais ajoute l&rsquo;avantage d&rsquo;une pratique sans risque.<\/p>\n<h2>Gagner gros avec 9 tours gratuits de pi\u00e8ces en Australie<\/h2>\n<p>Les tours gratuits sont un \u00e9l\u00e9ment important des 9 tours gratuits australiens, particuli\u00e8rement attrayants pour les joueurs australiens. Ils am\u00e9liorent non seulement l\u2019excitation du jeu, mais ouvrent \u00e9galement la voie \u00e0 des gains plus importants. D\u00e9clench\u00e9s par des combinaisons de symboles sp\u00e9cifiques, ces tours gratuits de 9 pi\u00e8ces peuvent parfois \u00eatre accompagn\u00e9s de multiplicateurs, augmentant ainsi vos gains de mani\u00e8re exponentielle.<\/p>\n<h2>Intensifier le jeu avec 9 tours gratuits de pi\u00e8ces en Australie<\/h2>\n<p>La possibilit\u00e9 de remporter une s\u00e9rie de gains pendant les tours gratuits de 9 Coins est passionnante. Les joueurs attendent ces moments privil\u00e9gi\u00e9s avec impatience car ils peuvent changer radicalement le cours de la partie. La possibilit\u00e9 d\u2019accumuler davantage de r\u00e9compenses sans miser d\u2019argent suppl\u00e9mentaire est une perspective tentante.<\/p>\n<p>De plus, les tours gratuits comportent souvent des animations et des effets sonores plus \u00e9labor\u00e9s, ajoutant \u00e0 l\u2019exp\u00e9rience de jeu globale. Ces fonctionnalit\u00e9s rendent la session de tours gratuits non seulement potentiellement plus rentable mais aussi plus agr\u00e9able.<\/p>\n<p>Il convient \u00e9galement de noter que les tours gratuits offrent aux joueurs la possibilit\u00e9 d&rsquo;explorer la dynamique du jeu et de mieux comprendre ses m\u00e9canismes sans risquer leur \u00e9quilibre. Cette pratique peut conduire \u00e0 des paris plus strat\u00e9giques et plus \u00e9clair\u00e9s lorsque l\u2019on joue avec de l\u2019argent r\u00e9el. Essentiellement, les tours gratuits de 9 Coins offrent un m\u00e9lange complet de sensations fortes, d&rsquo;apprentissage et de gains potentiels, ce qui en fait une partie int\u00e9grante de l&rsquo;exp\u00e9rience de jeu en Australie.<\/p>\n<p><img loading=\"lazy\" decoding=\"async\" class=\"aligncenter size-full wp-image-4022\" src=\"https:\/\/rocketplay-game.com\/wp-content\/uploads\/2023\/08\/55.png\" alt=\"Unveiling the Wealth of 9 Coins Slot 2\" width=\"709\" height=\"376\" srcset=\"https:\/\/rocketplay-game.com\/wp-content\/uploads\/2023\/08\/55.png 709w, https:\/\/rocketplay-game.com\/wp-content\/uploads\/2023\/08\/55-300x159.png 300w\" sizes=\"auto, (max-width: 709px) 100vw, 709px\" \/><\/p>\n<h2>Des gains en argent r\u00e9el avec les machines \u00e0 sous \u00e0 9 pi\u00e8ces<\/h2>\n<p>Jouer \u00e0 9 Coins pour de l&rsquo;argent r\u00e9el fait passer l&rsquo;excitation \u00e0 un niveau sup\u00e9rieur. La gamme de paris est large et s&rsquo;adapte aux joueurs avec des budgets diff\u00e9rents. Avec la bonne strat\u00e9gie et un peu de chance, les joueurs peuvent remporter des gains substantiels, faisant de la machine \u00e0 sous 9 Coins un choix prometteur pour ceux qui recherchent un divertissement de casino en argent r\u00e9el.<\/p>\n<p>Pour r\u00e9sumer, la machine \u00e0 sous 9 Coins offre une exp\u00e9rience de jeu engageante avec des r\u00e9compenses potentielles prometteuses. Que vous essayiez la d\u00e9mo de la machine \u00e0 sous 9 Coins ou que vous visiez des gains en argent r\u00e9el avec 9 Coins, lancez-vous d\u00e8s aujourd&rsquo;hui dans ce voyage de casino passionnant !<\/p>\n","protected":false},"excerpt":{"rendered":"<p>Pr\u00eat pour un voyage passionnant dans un monde de fortune ? Bienvenue dans la machine \u00e0 sous 9 Coins. Il s&rsquo;agit d&rsquo;un jeu de casino passionnant rempli d&rsquo;opportunit\u00e9s de gros gains. Passons \u00e0 la revue de la machine \u00e0 sous 9 Coins. La revue de la machine \u00e0 sous 9 Coins La machine \u00e0 sous&#8230;<\/p>\n","protected":false},"author":1,"featured_media":0,"parent":2665,"menu_order":0,"comment_status":"closed","ping_status":"closed","template":"page-with-slot.php","meta":{"_acf_changed":false,"_kad_post_transparent":"default","_kad_post_title":"default","_kad_post_layout":"default","_kad_post_sidebar_id":"","_kad_post_content_style":"default","_kad_post_vertical_padding":"default","_kad_post_feature":"","_kad_post_feature_position":"","_kad_post_header":false,"_kad_post_footer":false,"footnotes":""},"class_list":["post-4119","page","type-page","status-publish","hentry"],"acf":[],"rttpg_featured_image_url":null,"rttpg_author":{"display_name":"Tom","author_link":"https:\/\/rocketplay-game.com\/fr\/author\/pemvas95n89x\/"},"rttpg_comment":0,"rttpg_category":null,"rttpg_excerpt":"Pr\u00eat pour un voyage passionnant dans un monde de fortune ? Bienvenue dans la machine \u00e0 sous 9 Coins. Il s&rsquo;agit d&rsquo;un jeu de casino passionnant rempli d&rsquo;opportunit\u00e9s de gros gains. Passons \u00e0 la revue de la machine \u00e0 sous 9 Coins. La revue de la machine \u00e0 sous 9 Coins La machine \u00e0 sous...","_links":{"self":[{"href":"https:\/\/rocketplay-game.com\/fr\/wp-json\/wp\/v2\/pages\/4119","targetHints":{"allow":["GET"]}}],"collection":[{"href":"https:\/\/rocketplay-game.com\/fr\/wp-json\/wp\/v2\/pages"}],"about":[{"href":"https:\/\/rocketplay-game.com\/fr\/wp-json\/wp\/v2\/types\/page"}],"author":[{"embeddable":true,"href":"https:\/\/rocketplay-game.com\/fr\/wp-json\/wp\/v2\/users\/1"}],"replies":[{"embeddable":true,"href":"https:\/\/rocketplay-game.com\/fr\/wp-json\/wp\/v2\/comments?post=4119"}],"version-history":[{"count":2,"href":"https:\/\/rocketplay-game.com\/fr\/wp-json\/wp\/v2\/pages\/4119\/revisions"}],"predecessor-version":[{"id":4121,"href":"https:\/\/rocketplay-game.com\/fr\/wp-json\/wp\/v2\/pages\/4119\/revisions\/4121"}],"up":[{"embeddable":true,"href":"https:\/\/rocketplay-game.com\/fr\/wp-json\/wp\/v2\/pages\/2665"}],"wp:attachment":[{"href":"https:\/\/rocketplay-game.com\/fr\/wp-json\/wp\/v2\/media?parent=4119"}],"curies":[{"name":"wp","href":"https:\/\/api.w.org\/{rel}","templated":true}]}}