{"id":4219,"date":"2023-08-16T22:59:31","date_gmt":"2023-08-16T19:59:31","guid":{"rendered":"https:\/\/rocketplay-game.com\/slots\/lion-gems-hold-and-win\/"},"modified":"2025-11-25T20:38:13","modified_gmt":"2025-11-25T17:38:13","slug":"lion-gems-hold-and-win","status":"publish","type":"page","link":"https:\/\/rocketplay-game.com\/fr\/slots\/lion-gems-hold-and-win\/","title":{"rendered":"Brillez de mille feux avec Lion Gems\u00a0: machine \u00e0 sous Hold and Win"},"content":{"rendered":"<p>Plongez dans le monde \u00e9tincelant de la machine \u00e0 sous Lion Gems: Hold and Win. Ce jeu offre aux joueurs un voyage de jeu exaltant rempli de superbes r\u00e9compenses. \u00cates-vous intrigu\u00e9 par l\u2019id\u00e9e de jouer \u00e0 Lion Gems\u00a0:\u00a0Hold and Win\u00a0? Explorons ce spectacle passionnant.<\/p>\n<p><img loading=\"lazy\" decoding=\"async\" class=\"aligncenter wp-image-4092\" src=\"https:\/\/rocketplay-game.com\/wp-content\/uploads\/2023\/08\/lion-gameplay.jpg\" alt=\"Shine Bright with Lion Gems 1\" width=\"816\" height=\"455\" srcset=\"https:\/\/rocketplay-game.com\/wp-content\/uploads\/2023\/08\/lion-gameplay.jpg 1378w, https:\/\/rocketplay-game.com\/wp-content\/uploads\/2023\/08\/lion-gameplay-300x167.jpg 300w, https:\/\/rocketplay-game.com\/wp-content\/uploads\/2023\/08\/lion-gameplay-1024x571.jpg 1024w, https:\/\/rocketplay-game.com\/wp-content\/uploads\/2023\/08\/lion-gameplay-768x429.jpg 768w\" sizes=\"auto, (max-width: 816px) 100vw, 816px\" \/><\/p>\n<h2>Comprendre le lion Gemmes: Hold and Win slot<\/h2>\n<p>Lion Gems: Hold and Win n&rsquo;est pas seulement un jeu de machines \u00e0 sous; C&rsquo;est une aventure dans un univers de richesse. Dans un contexte de la savane africaine, les gemmes de lion tiennent et gagnent la conception de machines \u00e0 sous est \u00e0 la fois visuellement attrayante et engageante. Le gameplay est simple, centr\u00e9 sur l&rsquo;alignement des symboles sur les lignes de paiement pour s\u00e9curiser les victoires.<\/p>\n<h2>Comment jouer aux Gemmes Lion: Hold and Win Slot<\/h2>\n<p>Comment jouez-vous \u00e0 Lion Gems: Hold and Win Slot? C&rsquo;est simple. Commencez par d\u00e9finir votre taille de pari en fonction de votre budget. Ensuite, appuyez sur le bouton de spin et regardez les bobines tourner. L&rsquo;objectif est d&rsquo;aligner des symboles correspondants sur les lignes de paie. Les symboles sp\u00e9ciaux d\u00e9clenchent des bonus passionnants qui stimulent vos gains.<\/p>\n<h2>Lion Gems: Hold and Win Review<\/h2>\n<p>Faisons des joyaux Lion: Hold and Win Review. Ce jeu est une superbe cr\u00e9neau, remplie de fonctionnalit\u00e9s uniques. Ses rondes de bonus, telles que la fonctionnalit\u00e9 \u00ab\u00a0Hold and Win\u00a0\u00bb, ajoutent une couche suppl\u00e9mentaire d&rsquo;excitation. Cette fonctionnalit\u00e9, combin\u00e9e \u00e0 des sauvages et des dispersions, donne aux joueurs de nombreuses opportunit\u00e9s de paiements substantiels.<\/p>\n<h2>Jouer \u00e0 Lion Gems: Hold and Win for Real Money<\/h2>\n<p>Le vrai frisson se d\u00e9roule lorsque vous jouez pour de l&rsquo;argent r\u00e9el Lion Gems Hold. Cela apporte le potentiel de r\u00e9compenses substantielles. Le Lion Gems Hold Game est disponible dans plusieurs casinos en ligne r\u00e9put\u00e9s, chacun garantissant une exp\u00e9rience de jeu s\u00e9curis\u00e9e et \u00e9quitable.<\/p>\n<p>Quand il s&rsquo;agit de jouer des joyaux Lion: tenir et gagner pour de l&rsquo;argent r\u00e9el, l&rsquo;excitation atteint de nouveaux sommets. Parier avec de l&rsquo;argent r\u00e9el ajoute un \u00e9l\u00e9ment de frisson et d&rsquo;anticipation \u00e0 chaque rotation. Avec chaque tourbillon des bobines, vous avez la possibilit\u00e9 de r\u00e9clamer des r\u00e9compenses substantielles et de d\u00e9couvrir la v\u00e9ritable essence de l&rsquo;aventure Lion Gems.<\/p>\n<p>Le potentiel de gains importants est sans aucun doute l&rsquo;une des principales attractions de jouer pour de l&rsquo;argent r\u00e9el. Lorsque vous alignez les symboles captivants et d\u00e9clenchez les caract\u00e9ristiques sp\u00e9ciales, l&rsquo;anticipation de frapper cette grande victoire vous maintient sur le bord de votre si\u00e8ge. C&rsquo;est une exp\u00e9rience avec un c\u0153ur qui peut conduire \u00e0 des moments exaltants.<\/p>\n<p>Pour assurer un environnement de jeu s\u00fbr et \u00e9quitable, il est essentiel de choisir des casinos en ligne r\u00e9put\u00e9s pour vos joyaux de lion: tenir et gagner le voyage. Les casinos r\u00e9put\u00e9s respectent les r\u00e9glementations strictes et mettent en \u0153uvre des mesures de s\u00e9curit\u00e9 avanc\u00e9es pour prot\u00e9ger vos transactions financi\u00e8res et vos informations personnelles. De cette fa\u00e7on, vous pouvez vous concentrer sur l&rsquo;excitation du jeu sans vous soucier de la s\u00e9curit\u00e9 de vos fonds.<\/p>\n<p><img loading=\"lazy\" decoding=\"async\" class=\"aligncenter wp-image-4083\" src=\"https:\/\/rocketplay-game.com\/wp-content\/uploads\/2023\/08\/44.png\" alt=\"Shine Bright with Lion Gems 2\" width=\"806\" height=\"601\" srcset=\"https:\/\/rocketplay-game.com\/wp-content\/uploads\/2023\/08\/44.png 825w, https:\/\/rocketplay-game.com\/wp-content\/uploads\/2023\/08\/44-300x224.png 300w, https:\/\/rocketplay-game.com\/wp-content\/uploads\/2023\/08\/44-768x573.png 768w\" sizes=\"auto, (max-width: 806px) 100vw, 806px\" \/><\/p>\n<p>De nombreux casinos en ligne r\u00e9put\u00e9s offrent des bonus et des promotions attrayants pour les joueurs qui appr\u00e9cient les joyaux de lion: tenir et gagner de l&rsquo;argent r\u00e9el. Ces bonus peuvent am\u00e9liorer votre exp\u00e9rience de jeu et vous offrir des opportunit\u00e9s suppl\u00e9mentaires pour gagner en gros.<\/p>\n<p>Cependant, il est crucial de maintenir une approche responsable tout en jouant pour de l&rsquo;argent r\u00e9el. D\u00e9finissez un budget avant de commencer votre session de jeu et respectez-le. N&rsquo;oubliez pas que le jeu doit toujours \u00eatre consid\u00e9r\u00e9 comme un divertissement et que les pertes font partie de l&rsquo;exp\u00e9rience. La joie de jouer au jeu et le frisson de l&rsquo;anticipation devrait \u00eatre l&rsquo;objectif principal.<\/p>\n<p>Donc, si vous \u00eates pr\u00eat \u00e0 entrer dans le monde scintillant des joyaux de Lion: tenir et gagner et explorer le potentiel de r\u00e9compenses substantielles, aventurer dans des casinos en ligne r\u00e9put\u00e9s et lib\u00e9rer l&rsquo;excitation aujourd&rsquo;hui! Que les joyaux de lion soient de votre c\u00f4t\u00e9 lorsque vous faites tourner les moulinets et que vous poursuivez apr\u00e8s des prix scintillants.<\/p>\n<p>En conclusion, Lion Gems: Hold and Win Slot est un jeu captivant qui promet un voyage de jeu divertissant et potentiellement r\u00e9compens\u00e9. Son m\u00e9lange de graphiques \u00e9tonnants, de gameplay engageant et de fonctionnalit\u00e9s passionnantes en fait un incontournable pour tout passionn\u00e9 de jeu de machines \u00e0 sous. Entrez dans le monde scintillant des joyaux de lion et faites votre rotation aujourd&rsquo;hui!<\/p>\n","protected":false},"excerpt":{"rendered":"<p>Plongez dans le monde \u00e9tincelant de la machine \u00e0 sous Lion Gems: Hold and Win. Ce jeu offre aux joueurs un voyage de jeu exaltant rempli de superbes r\u00e9compenses. \u00cates-vous intrigu\u00e9 par l\u2019id\u00e9e de jouer \u00e0 Lion Gems\u00a0:\u00a0Hold and Win\u00a0? Explorons ce spectacle passionnant. Comprendre le lion Gemmes: Hold and Win slot Lion Gems: Hold&#8230;<\/p>\n","protected":false},"author":1,"featured_media":0,"parent":2665,"menu_order":0,"comment_status":"closed","ping_status":"closed","template":"page-with-slot.php","meta":{"_acf_changed":false,"_kad_post_transparent":"default","_kad_post_title":"default","_kad_post_layout":"default","_kad_post_sidebar_id":"","_kad_post_content_style":"default","_kad_post_vertical_padding":"default","_kad_post_feature":"","_kad_post_feature_position":"","_kad_post_header":false,"_kad_post_footer":false,"footnotes":""},"class_list":["post-4219","page","type-page","status-publish","hentry"],"acf":[],"rttpg_featured_image_url":null,"rttpg_author":{"display_name":"Tom","author_link":"https:\/\/rocketplay-game.com\/fr\/author\/pemvas95n89x\/"},"rttpg_comment":0,"rttpg_category":null,"rttpg_excerpt":"Plongez dans le monde \u00e9tincelant de la machine \u00e0 sous Lion Gems: Hold and Win. Ce jeu offre aux joueurs un voyage de jeu exaltant rempli de superbes r\u00e9compenses. \u00cates-vous intrigu\u00e9 par l\u2019id\u00e9e de jouer \u00e0 Lion Gems\u00a0:\u00a0Hold and Win\u00a0? Explorons ce spectacle passionnant. Comprendre le lion Gemmes: Hold and Win slot Lion Gems: Hold...","_links":{"self":[{"href":"https:\/\/rocketplay-game.com\/fr\/wp-json\/wp\/v2\/pages\/4219","targetHints":{"allow":["GET"]}}],"collection":[{"href":"https:\/\/rocketplay-game.com\/fr\/wp-json\/wp\/v2\/pages"}],"about":[{"href":"https:\/\/rocketplay-game.com\/fr\/wp-json\/wp\/v2\/types\/page"}],"author":[{"embeddable":true,"href":"https:\/\/rocketplay-game.com\/fr\/wp-json\/wp\/v2\/users\/1"}],"replies":[{"embeddable":true,"href":"https:\/\/rocketplay-game.com\/fr\/wp-json\/wp\/v2\/comments?post=4219"}],"version-history":[{"count":2,"href":"https:\/\/rocketplay-game.com\/fr\/wp-json\/wp\/v2\/pages\/4219\/revisions"}],"predecessor-version":[{"id":4221,"href":"https:\/\/rocketplay-game.com\/fr\/wp-json\/wp\/v2\/pages\/4219\/revisions\/4221"}],"up":[{"embeddable":true,"href":"https:\/\/rocketplay-game.com\/fr\/wp-json\/wp\/v2\/pages\/2665"}],"wp:attachment":[{"href":"https:\/\/rocketplay-game.com\/fr\/wp-json\/wp\/v2\/media?parent=4219"}],"curies":[{"name":"wp","href":"https:\/\/api.w.org\/{rel}","templated":true}]}}