{"id":4287,"date":"2024-01-22T14:49:45","date_gmt":"2024-01-22T11:49:45","guid":{"rendered":"https:\/\/rocketplay-game.com\/about-us\/"},"modified":"2024-01-22T16:06:18","modified_gmt":"2024-01-22T13:06:18","slug":"about-us","status":"publish","type":"page","link":"https:\/\/rocketplay-game.com\/fr\/about-us\/","title":{"rendered":"\u00c0 propos de nous"},"content":{"rendered":"<p>Bienvenue sur RocketPlay Casino, o\u00f9 le frisson du jeu rencontre l&rsquo;excitation de l&rsquo;exploration spatiale. D\u00e9couvrez un univers de divertissement, d&rsquo;innovation et de r\u00e9compenses exceptionnelles alors que nous red\u00e9finissons l&rsquo;exp\u00e9rience de casino en ligne.<\/p>\n<h2>Notre mission\u00a0: susciter le plaisir dans le jeu<\/h2>\n<p>Chez RocketPlay Casino, notre mission est simple : susciter le plaisir du jeu. Chaque joueur m\u00e9rite une exp\u00e9rience hors du commun, et nous avons d\u00e9cid\u00e9 de cr\u00e9er une plateforme qui va au-del\u00e0 des casinos en ligne traditionnels. Notre engagement est de fournir un environnement de jeu immersif et exaltant qui vous incite \u00e0 revenir pour en savoir plus.<\/p>\n<h2>La diff\u00e9rence RocketPlay\u00a0: quand l&rsquo;innovation rencontre le divertissement<\/h2>\n<p>RocketPlay Casino se d\u00e9marque des autres en m\u00ealant harmonieusement innovation et divertissement. Nous avons combin\u00e9 les meilleurs \u00e9l\u00e9ments des casinos traditionnels avec une technologie de pointe, cr\u00e9ant ainsi une aventure de jeu sans pr\u00e9c\u00e9dent. Lorsque vous vous lancerez sur notre plateforme, vous remarquerez la diff\u00e9rence : une interface sur le th\u00e8me de l&rsquo;espace qui capture l&rsquo;essence de l&rsquo;exploration et de la d\u00e9couverte.<\/p>\n<h2>Une galaxie de jeux\u00a0: lib\u00e9rez le joueur qui sommeille en vous<\/h2>\n<p>Embarquez pour un voyage \u00e0 travers notre vaste galaxie de jeux, o\u00f9 chaque tour, lancer ou donne est une aventure cosmique. Nous avons organis\u00e9 une vaste collection de jeux pour r\u00e9pondre \u00e0 tous les go\u00fbts et pr\u00e9f\u00e9rences. Que vous soyez fan des machines \u00e0 sous classiques, du poker, du blackjack ou des derni\u00e8res machines \u00e0 sous vid\u00e9o aux graphismes \u00e9poustouflants, RocketPlay Casino l&rsquo;a. Nos partenariats avec des d\u00e9veloppeurs de jeux de premier plan garantissent une biblioth\u00e8que de jeux en constante \u00e9volution qui suit le rythme des derni\u00e8res tendances.<\/p>\n<h2>S\u00e9curit\u00e9\u00a0: votre refuge dans la galaxie<\/h2>\n<p>Votre s\u00e9curit\u00e9 est notre priorit\u00e9 absolue chez RocketPlay Casino. Nous comprenons l&rsquo;importance d&rsquo;un environnement de jeu s\u00fbr et s\u00e9curis\u00e9 et nous avons mis en \u0153uvre des mesures de pointe pour prot\u00e9ger vos donn\u00e9es et vos transactions. Notre plateforme utilise la derni\u00e8re technologie de cryptage, vous offrant un refuge pour explorer les merveilles de notre galaxie de jeu sans aucun souci.<\/p>\n<h2>Jeu responsable\u00a0: naviguer dans le cosmos de mani\u00e8re responsable<\/h2>\n<p>RocketPlay Casino s&rsquo;engage \u00e0 promouvoir des pratiques de jeu responsables. Nous pensons que le divertissement doit \u00eatre appr\u00e9ci\u00e9 de mani\u00e8re responsable et nous fournissons des outils et des ressources pour vous aider \u00e0 garder le contr\u00f4le de votre exp\u00e9rience de jeu. Fixez des limites, faites des pauses et explorez nos fonctionnalit\u00e9s de jeu responsable pour garantir que votre s\u00e9jour sur RocketPlay reste une exp\u00e9rience positive et agr\u00e9able.<\/p>\n<h2>Bonus et promotions\u00a0: Viser les \u00e9toiles<\/h2>\n<p>Pr\u00e9parez-vous au d\u00e9collage avec nos excellents bonus et promotions. Chez RocketPlay Casino, nous r\u00e9compensons nos joueurs lorsqu&rsquo;ils rejoignent notre communaut\u00e9 cosmique. Profitez d&rsquo;un bonus de bienvenue qui vous met en orbite et gardez un \u0153il sur les promotions r\u00e9guli\u00e8res qui ajoutent du carburant suppl\u00e9mentaire \u00e0 vos sessions de jeu. Notre programme de fid\u00e9lit\u00e9 garantit que plus vous jouez, plus vous gagnez de r\u00e9compenses : atteindre de nouveaux sommets n&rsquo;a jamais \u00e9t\u00e9 aussi gratifiant !<\/p>\n<h2>Support client\u00a0: votre \u00e9quipe de contr\u00f4le au sol<\/h2>\n<p>RocketPlay Casino est plus qu&rsquo;une simple plateforme de jeu ; nous sommes votre \u00e9quipe d\u00e9di\u00e9e au contr\u00f4le au sol. Notre service client est disponible 24h\/24 et 7j\/7, pr\u00eat \u00e0 vous aider pour toute demande ou pr\u00e9occupation. Que vous soyez un explorateur spatial chevronn\u00e9 ou un nouveau venu dans la galaxie du jeu, notre \u00e9quipe d&rsquo;assistance amicale et comp\u00e9tente est l\u00e0 pour garantir que votre exp\u00e9rience RocketPlay soit fluide et agr\u00e9able.<\/p>\n<h2>Jeux mobiles\u00a0: la galaxie dans votre poche<\/h2>\n<p>D\u00e9couvrez RocketPlay Casino \u00e0 tout moment et en tout lieu, avec notre plateforme de jeu mobile. Le Galaxy est d\u00e9sormais dans votre poche, vous permettant de profiter de vos jeux pr\u00e9f\u00e9r\u00e9s en d\u00e9placement. Que vous attendiez le lancement d&rsquo;une fus\u00e9e ou que vous vous d\u00e9tendiez simplement \u00e0 la maison, notre plateforme mobile garantit que l&rsquo;excitation de RocketPlay est toujours \u00e0 port\u00e9e de main.<\/p>\n<h2>Communaut\u00e9\u00a0: rejoignez la galaxie RocketPlay<\/h2>\n<p>RocketPlay Casino est plus qu&rsquo;une plateforme ; c&rsquo;est une communaut\u00e9 de joueurs partageant les m\u00eames id\u00e9es et partageant une passion pour l&rsquo;exploration et le plaisir. Connectez-vous avec d&rsquo;autres joueurs, partagez vos exp\u00e9riences et participez \u00e0 des \u00e9v\u00e9nements communautaires qui unissent la Galaxie. Nos forums et r\u00e9seaux sociaux vous permettent d&rsquo;interagir avec d&rsquo;autres joueurs, de partager des strat\u00e9gies et de rester inform\u00e9 des derniers \u00e9v\u00e9nements de l&rsquo;univers RocketPlay.<\/p>\n<h2>Lancez-vous vers l&rsquo;avenir du jeu avec RocketPlay Casino<\/h2>\n<p>Dans le vaste cosmos des jeux en ligne, RocketPlay Casino est votre billet pour un avenir d&rsquo;excitation, d&rsquo;innovation et de divertissement sans limites. De notre mission consistant \u00e0 susciter le plaisir du jeu \u00e0 notre engagement en faveur de la s\u00e9curit\u00e9, du jeu responsable et d&rsquo;un support client exceptionnel, RocketPlay est plus qu&rsquo;un casino en ligne ; c&rsquo;est une aventure dans l&rsquo;inconnu.<\/p>\n<p>Rejoignez-nous dans ce voyage cosmique et ensemble, red\u00e9finissons les limites du jeu en ligne. RocketPlay Casino \u2013 o\u00f9 l&rsquo;univers du plaisir rencontre l&rsquo;excitation de l&rsquo;exploration !<\/p>\n","protected":false},"excerpt":{"rendered":"<p>Bienvenue sur RocketPlay Casino, o\u00f9 le frisson du jeu rencontre l&rsquo;excitation de l&rsquo;exploration spatiale. D\u00e9couvrez un univers de divertissement, d&rsquo;innovation et de r\u00e9compenses exceptionnelles alors que nous red\u00e9finissons l&rsquo;exp\u00e9rience de casino en ligne. Notre mission\u00a0: susciter le plaisir dans le jeu Chez RocketPlay Casino, notre mission est simple : susciter le plaisir du jeu. Chaque&#8230;<\/p>\n","protected":false},"author":1,"featured_media":0,"parent":0,"menu_order":0,"comment_status":"closed","ping_status":"closed","template":"page-with-bonus.php","meta":{"_acf_changed":false,"_kad_post_transparent":"default","_kad_post_title":"default","_kad_post_layout":"default","_kad_post_sidebar_id":"","_kad_post_content_style":"default","_kad_post_vertical_padding":"default","_kad_post_feature":"","_kad_post_feature_position":"","_kad_post_header":false,"_kad_post_footer":false,"footnotes":""},"class_list":["post-4287","page","type-page","status-publish","hentry"],"acf":[],"rttpg_featured_image_url":null,"rttpg_author":{"display_name":"Tom","author_link":"https:\/\/rocketplay-game.com\/fr\/author\/pemvas95n89x\/"},"rttpg_comment":0,"rttpg_category":null,"rttpg_excerpt":"Bienvenue sur RocketPlay Casino, o\u00f9 le frisson du jeu rencontre l&rsquo;excitation de l&rsquo;exploration spatiale. D\u00e9couvrez un univers de divertissement, d&rsquo;innovation et de r\u00e9compenses exceptionnelles alors que nous red\u00e9finissons l&rsquo;exp\u00e9rience de casino en ligne. Notre mission\u00a0: susciter le plaisir dans le jeu Chez RocketPlay Casino, notre mission est simple : susciter le plaisir du jeu. Chaque...","_links":{"self":[{"href":"https:\/\/rocketplay-game.com\/fr\/wp-json\/wp\/v2\/pages\/4287","targetHints":{"allow":["GET"]}}],"collection":[{"href":"https:\/\/rocketplay-game.com\/fr\/wp-json\/wp\/v2\/pages"}],"about":[{"href":"https:\/\/rocketplay-game.com\/fr\/wp-json\/wp\/v2\/types\/page"}],"author":[{"embeddable":true,"href":"https:\/\/rocketplay-game.com\/fr\/wp-json\/wp\/v2\/users\/1"}],"replies":[{"embeddable":true,"href":"https:\/\/rocketplay-game.com\/fr\/wp-json\/wp\/v2\/comments?post=4287"}],"version-history":[{"count":1,"href":"https:\/\/rocketplay-game.com\/fr\/wp-json\/wp\/v2\/pages\/4287\/revisions"}],"predecessor-version":[{"id":4288,"href":"https:\/\/rocketplay-game.com\/fr\/wp-json\/wp\/v2\/pages\/4287\/revisions\/4288"}],"wp:attachment":[{"href":"https:\/\/rocketplay-game.com\/fr\/wp-json\/wp\/v2\/media?parent=4287"}],"curies":[{"name":"wp","href":"https:\/\/api.w.org\/{rel}","templated":true}]}}