{"id":4311,"date":"2024-01-22T15:56:52","date_gmt":"2024-01-22T12:56:52","guid":{"rendered":"https:\/\/rocketplay-game.com\/aml-policy\/"},"modified":"2024-01-22T17:24:50","modified_gmt":"2024-01-22T14:24:50","slug":"aml-policy","status":"publish","type":"page","link":"https:\/\/rocketplay-game.com\/fr\/aml-policy\/","title":{"rendered":"Politique AML"},"content":{"rendered":"<p>Chez RocketPlay Casino, nous reconnaissons l&rsquo;importance de maintenir les normes d&rsquo;int\u00e9grit\u00e9 et de s\u00e9curit\u00e9 les plus \u00e9lev\u00e9es. Notre politique AML est un cadre complet pour d\u00e9tecter et pr\u00e9venir les activit\u00e9s potentielles de blanchiment d\u2019argent sur notre plateforme. En adh\u00e9rant \u00e0 des directives r\u00e9glementaires strictes, nous veillons \u00e0 ce que notre casino reste un paradis de divertissement tout en gardant \u00e0 distance les activit\u00e9s n\u00e9fastes.<\/p>\n<h2>Proc\u00e9dures d&rsquo;identification et de v\u00e9rification<\/h2>\n<p>Pour renforcer nos d\u00e9fenses contre le blanchiment d&rsquo;argent, RocketPlay Casino utilise des proc\u00e9dures d&rsquo;identification et de v\u00e9rification robustes. Lorsqu&rsquo;un joueur s&rsquo;inscrit sur notre plateforme, nous lui demandons de fournir des informations exactes et \u00e0 jour, y compris des informations personnelles et financi\u00e8res. Ces donn\u00e9es sont ensuite soumises \u00e0 un examen minutieux pour confirmer leur validit\u00e9.<\/p>\n<p>Nos processus de v\u00e9rification de pointe impliquent l\u2019authentification des documents et utilisent une technologie de pointe pour d\u00e9tecter toute anomalie ou divergence. Cette approche multiforme garantit que chaque joueur de RocketPlay Casino est soumis \u00e0 un processus de v\u00e9rification approfondi, contribuant ainsi \u00e0 un environnement de jeu s\u00e9curis\u00e9 et digne de confiance.<\/p>\n<h2>\u00c9valuation et surveillance des risques<\/h2>\n<p>Comprenant que les risques \u00e9voluent, RocketPlay Casino effectue des \u00e9valuations continues des risques pour garder une longueur d&rsquo;avance sur les menaces potentielles de blanchiment d&rsquo;argent. En utilisant une technologie et des analyses de pointe, nous surveillons le comportement des joueurs en temps r\u00e9el, identifiant des mod\u00e8les ou des transactions inhabituels pouvant indiquer des activit\u00e9s illicites.<\/p>\n<p>Nos protocoles d&rsquo;\u00e9valuation des risques sont dynamiques, s&rsquo;adaptant aux tendances \u00e9mergentes et garantissant que nos d\u00e9fenses \u00e9voluent parall\u00e8lement aux menaces potentielles. Cette approche proactive nous permet de traiter et d&rsquo;att\u00e9nuer rapidement tout risque associ\u00e9 au blanchiment d&rsquo;argent, prot\u00e9geant ainsi l&rsquo;int\u00e9grit\u00e9 de notre casino.<\/p>\n<h2>Surveillance et reporting des transactions<\/h2>\n<p>RocketPlay Casino utilise un syst\u00e8me rigoureux de surveillance des transactions afin d&rsquo;identifier rapidement les activit\u00e9s financi\u00e8res suspectes. Les transactions importantes ou courantes d\u00e9clenchent des alertes automatiques, ce qui d\u00e9clenche une enqu\u00eate approfondie de la part de notre \u00e9quipe AML d\u00e9di\u00e9e. Cette \u00e9quipe est form\u00e9e pour reconna\u00eetre les sch\u00e9mas et les comportements associ\u00e9s au blanchiment d\u2019argent et agit rapidement pour pr\u00e9venir tout pr\u00e9judice potentiel.<\/p>\n<p>Conform\u00e9ment aux exigences r\u00e9glementaires, nous maintenons \u00e9galement des lignes de communication ouvertes avec les autorit\u00e9s comp\u00e9tentes, signalant toute activit\u00e9 suspecte comme mandat\u00e9. Cette collaboration garantit que RocketPlay Casino contribue activement \u00e0 l&rsquo;effort mondial contre le blanchiment d&rsquo;argent, favorisant ainsi un environnement de jeu en ligne plus s\u00fbr pour tous.<\/p>\n<h2>Mesures de diligence raisonnable envers la client\u00e8le (CDD)<\/h2>\n<p>La diligence raisonnable envers la client\u00e8le est la pierre angulaire de la politique AML de RocketPlay Casino. En effectuant des v\u00e9rifications approfondies des ant\u00e9c\u00e9dents de nos joueurs, nous am\u00e9liorons notre capacit\u00e9 \u00e0 d\u00e9tecter et pr\u00e9venir efficacement les activit\u00e9s de blanchiment d\u2019argent. Cela inclut la surveillance et la v\u00e9rification de la source des fonds, la v\u00e9rification de la l\u00e9gitimit\u00e9 des transactions financi\u00e8res du joueur et la garantie que notre casino n&rsquo;est pas utilis\u00e9 par inadvertance comme outil de blanchiment d&rsquo;argent.<\/p>\n<p>Notre engagement envers CDD va au-del\u00e0 de la configuration initiale du compte\u00a0; nous examinons et mettons \u00e0 jour p\u00e9riodiquement les profils des clients pour refl\u00e9ter tout changement dans leur comportement financier. Cette diligence constante nous permet de maintenir une position vigilante face aux risques potentiels et de prot\u00e9ger les int\u00e9r\u00eats de nos acteurs l\u00e9gitimes.<\/p>\n<h2>Formation et sensibilisation des employ\u00e9s<\/h2>\n<p>Garantir le succ\u00e8s de notre politique AML n\u00e9cessite l\u2019implication active de chaque membre de l\u2019\u00e9quipe de RocketPlay Casino. Nous investissons consid\u00e9rablement dans la formation de notre personnel pour qu\u2019il reconnaisse et r\u00e9agisse aux activit\u00e9s potentielles de blanchiment d\u2019argent. En favorisant une culture de sensibilisation et de responsabilit\u00e9, nous permettons \u00e0 nos employ\u00e9s de jouer un r\u00f4le actif dans le maintien de l&rsquo;int\u00e9grit\u00e9 de notre plateforme.<\/p>\n<p>Des sessions de formation r\u00e9guli\u00e8res tiennent notre \u00e9quipe au courant des derni\u00e8res tactiques de blanchiment d&rsquo;argent, des changements r\u00e9glementaires et des d\u00e9veloppements. Cette approche proactive renforce nos d\u00e9fenses et inspire confiance \u00e0 nos joueurs, en leur assurant que nous nous engageons \u00e0 offrir une exp\u00e9rience de jeu s\u00e9curis\u00e9e et \u00e9quitable.<\/p>\n<h2>D\u00e9fendre le fair-play au RocketPlay Casino<\/h2>\n<p>La politique AML de RocketPlay Casino est plus qu&rsquo;un simple ensemble de lignes directrices ; c&rsquo;est un engagement envers le fair-play, la s\u00e9curit\u00e9 et la transparence. En mettant en \u0153uvre des processus rigoureux d&rsquo;identification, de surveillance et de reporting, nous cr\u00e9ons un environnement de jeu qui divertit et prot\u00e8ge les int\u00e9r\u00eats de nos joueurs et de la communaut\u00e9 au sens large. Alors que nous \u00e9voluons en tandem avec le paysage en constante \u00e9volution du jeu en ligne, notre politique AML reste la pierre angulaire, garantissant que RocketPlay Casino n&rsquo;est pas seulement une destination de divertissement mais un havre de confiance et d&rsquo;int\u00e9grit\u00e9.<\/p>\n","protected":false},"excerpt":{"rendered":"<p>Chez RocketPlay Casino, nous reconnaissons l&rsquo;importance de maintenir les normes d&rsquo;int\u00e9grit\u00e9 et de s\u00e9curit\u00e9 les plus \u00e9lev\u00e9es. Notre politique AML est un cadre complet pour d\u00e9tecter et pr\u00e9venir les activit\u00e9s potentielles de blanchiment d\u2019argent sur notre plateforme. En adh\u00e9rant \u00e0 des directives r\u00e9glementaires strictes, nous veillons \u00e0 ce que notre casino reste un paradis de&#8230;<\/p>\n","protected":false},"author":1,"featured_media":0,"parent":0,"menu_order":0,"comment_status":"closed","ping_status":"closed","template":"page-with-bonus.php","meta":{"_acf_changed":false,"_kad_post_transparent":"default","_kad_post_title":"default","_kad_post_layout":"default","_kad_post_sidebar_id":"","_kad_post_content_style":"default","_kad_post_vertical_padding":"default","_kad_post_feature":"","_kad_post_feature_position":"","_kad_post_header":false,"_kad_post_footer":false,"footnotes":""},"class_list":["post-4311","page","type-page","status-publish","hentry"],"acf":[],"rttpg_featured_image_url":null,"rttpg_author":{"display_name":"Tom","author_link":"https:\/\/rocketplay-game.com\/fr\/author\/pemvas95n89x\/"},"rttpg_comment":0,"rttpg_category":null,"rttpg_excerpt":"Chez RocketPlay Casino, nous reconnaissons l&rsquo;importance de maintenir les normes d&rsquo;int\u00e9grit\u00e9 et de s\u00e9curit\u00e9 les plus \u00e9lev\u00e9es. Notre politique AML est un cadre complet pour d\u00e9tecter et pr\u00e9venir les activit\u00e9s potentielles de blanchiment d\u2019argent sur notre plateforme. En adh\u00e9rant \u00e0 des directives r\u00e9glementaires strictes, nous veillons \u00e0 ce que notre casino reste un paradis de...","_links":{"self":[{"href":"https:\/\/rocketplay-game.com\/fr\/wp-json\/wp\/v2\/pages\/4311","targetHints":{"allow":["GET"]}}],"collection":[{"href":"https:\/\/rocketplay-game.com\/fr\/wp-json\/wp\/v2\/pages"}],"about":[{"href":"https:\/\/rocketplay-game.com\/fr\/wp-json\/wp\/v2\/types\/page"}],"author":[{"embeddable":true,"href":"https:\/\/rocketplay-game.com\/fr\/wp-json\/wp\/v2\/users\/1"}],"replies":[{"embeddable":true,"href":"https:\/\/rocketplay-game.com\/fr\/wp-json\/wp\/v2\/comments?post=4311"}],"version-history":[{"count":1,"href":"https:\/\/rocketplay-game.com\/fr\/wp-json\/wp\/v2\/pages\/4311\/revisions"}],"predecessor-version":[{"id":4312,"href":"https:\/\/rocketplay-game.com\/fr\/wp-json\/wp\/v2\/pages\/4311\/revisions\/4312"}],"wp:attachment":[{"href":"https:\/\/rocketplay-game.com\/fr\/wp-json\/wp\/v2\/media?parent=4311"}],"curies":[{"name":"wp","href":"https:\/\/api.w.org\/{rel}","templated":true}]}}