{"id":4345,"date":"2024-01-22T16:01:41","date_gmt":"2024-01-22T13:01:41","guid":{"rendered":"https:\/\/rocketplay-game.com\/bonus-policy\/"},"modified":"2024-01-22T17:48:01","modified_gmt":"2024-01-22T14:48:01","slug":"bonus-policy","status":"publish","type":"page","link":"https:\/\/rocketplay-game.com\/fr\/bonus-policy\/","title":{"rendered":"Politique de bonus"},"content":{"rendered":"<p>Les casinos en ligne sont devenus une plateforme florissante de divertissement et d\u2019excitation, offrant aux joueurs un paradis virtuel pour s\u2019adonner \u00e0 leurs jeux pr\u00e9f\u00e9r\u00e9s. RocketPlay Casino, un pionnier de l&rsquo;industrie du jeu en ligne, offre une exp\u00e9rience de jeu exceptionnelle et adoucit l&rsquo;offre avec une politique de bonus all\u00e9chante. Entrons dans les d\u00e9tails de cette politique, en explorant les diff\u00e9rents bonus qui attendent les joueurs sur cette plateforme de jeu intergalactique.<\/p>\n<h3>Bonus de bienvenue\u00a0: lancez votre aventure<\/h3>\n<p>Se lancer dans votre voyage RocketPlay est une exp\u00e9rience passionnante, rendue encore plus exaltante par le g\u00e9n\u00e9reux bonus de bienvenue. RocketPlay Casino \u00e9l\u00e8ve l&rsquo;hospitalit\u00e9 vers de nouveaux sommets en offrant un package de bonus substantiel aux nouveaux joueurs. Lors de leur inscription et de leur d\u00e9p\u00f4t initial, les joueurs sont accueillis avec une augmentation fulgurante de leur bankroll de jeu. Ces munitions suppl\u00e9mentaires leur permettent d\u2019explorer la vaste galaxie de jeux disponibles sur la plateforme, ouvrant la voie \u00e0 un voyage de jeu \u00e9pique.<\/p>\n<h2>Bonus de recharge\u00a0: maintenir l&rsquo;\u00e9lan<\/h2>\n<p>L&rsquo;excitation ne faiblit pas apr\u00e8s le d\u00e9collage initial. RocketPlay comprend l&rsquo;importance de maintenir l&rsquo;\u00e9lan, et c&rsquo;est l\u00e0 que les bonus de recharge entrent en jeu. Les joueurs r\u00e9guliers peuvent profiter de bonus de recharge p\u00e9riodiques, donnant \u00e0 leurs comptes un coup de pouce rafra\u00eechissant chaque fois qu&rsquo;ils effectuent des d\u00e9p\u00f4ts ult\u00e9rieurs. Ces bonus sont con\u00e7us pour maintenir les sensations fortes, garantissant que les joueurs peuvent continuer \u00e0 explorer la diversit\u00e9 des jeux sans aucune contrainte financi\u00e8re.<\/p>\n<h2>Tours gratuits\u00a0: lib\u00e9rez la fr\u00e9n\u00e9sie des rotations<\/h2>\n<p>Pour les amateurs de machines \u00e0 sous, RocketPlay Casino propose un bonus \u00e9lectrisant de tours gratuits. Ces tours gratuits permettent aux joueurs de tenter leur chance sur les jeux de machines \u00e0 sous les plus r\u00e9cents et les plus populaires sans puiser dans leurs propres fonds. Qu&rsquo;il s&rsquo;agisse de percer les myst\u00e8res d&rsquo;anciennes civilisations ou de s&rsquo;aventurer dans les royaumes fantastiques de cr\u00e9atures mythiques, les tours gratuits passionnent l&rsquo;exp\u00e9rience de jeu.<\/p>\n<h2>Programme VIP\u00a0: Montez vers les hauteurs c\u00e9lestes<\/h2>\n<p>RocketPlay Casino croit \u00e0 la r\u00e9compense de la fid\u00e9lit\u00e9, et son programme VIP t\u00e9moigne de cet engagement. Au fur et \u00e0 mesure que les joueurs poursuivent leur voyage cosmique sur la plateforme, ils accumulent des points de fid\u00e9lit\u00e9 qui ouvrent la voie au statut VIP. Une fois intronis\u00e9s dans les rangs VIP, les joueurs d\u00e9bloquent un tr\u00e9sor de bonus exclusifs, d&rsquo;offres personnalis\u00e9es et des d\u00e9lais de retrait encore plus rapides. RocketPlay est fier de traiter ses VIP comme une royaut\u00e9 c\u00e9leste, garantissant que leur fid\u00e9lit\u00e9 b\u00e9n\u00e9ficie d&rsquo;avantages et de privil\u00e8ges sans pr\u00e9c\u00e9dent.<\/p>\n<h2>Bonus de cashback\u00a0: un filet de s\u00e9curit\u00e9 dans la galaxie du jeu<\/h2>\n<p>L&rsquo;univers du jeu en ligne est impr\u00e9visible et RocketPlay Casino comprend que m\u00eame les joueurs les plus exp\u00e9riment\u00e9s peuvent rencontrer un contretemps cosmique. Pour att\u00e9nuer l&rsquo;impact d&rsquo;une s\u00e9quence de malchance, RocketPlay propose des bonus Cashback. Ces bonus offrent aux joueurs un pourcentage de leurs pertes nettes, agissant comme un filet de s\u00e9curit\u00e9 dans la vaste \u00e9tendue de la galaxie du jeu. C&rsquo;est un geste r\u00e9fl\u00e9chi qui permet aux joueurs de rebondir et de poursuivre leur aventure intergalactique avec un enthousiasme renouvel\u00e9.<\/p>\n<h2>Promotions saisonni\u00e8res et sp\u00e9ciales\u00a0: surprises c\u00e9lestes<\/h2>\n<p>RocketPlay Casino garde constamment ses joueurs sur leurs gardes avec une liste tournante de promotions saisonni\u00e8res et sp\u00e9ciales. Des bonus sur le th\u00e8me des f\u00eates aux cadeaux surprises, ces promotions injectent un \u00e9l\u00e9ment d&rsquo;impr\u00e9visibilit\u00e9 dans l&rsquo;exp\u00e9rience de jeu. Les joueurs peuvent s&rsquo;attendre \u00e0 des surprises c\u00e9lestes qui ajoutent une couche suppl\u00e9mentaire d&rsquo;excitation \u00e0 leur aventure RocketPlay, faisant de chaque visite au casino un \u00e9v\u00e9nement unique et m\u00e9morable.<\/p>\n<h2>Conditions de mise\u00a0: naviguer dans les petits caract\u00e8res cosmiques<\/h2>\n<p>Bien que les bonus de RocketPlay Casino soient ind\u00e9niablement all\u00e9chants, il est essentiel de naviguer dans les petits caract\u00e8res cosmiques. Les conditions de mise, un aspect courant des bonus de casino en ligne, d\u00e9terminent le nombre de fois que les joueurs doivent miser le montant de leur bonus avant de pouvoir retirer leurs gains. RocketPlay maintient des conditions de mise transparentes et raisonnables, garantissant que les joueurs peuvent profiter de leurs bonus avec une compr\u00e9hension claire des termes et conditions.<\/p>\n<h2>Am\u00e9liorez votre exp\u00e9rience de jeu avec RocketPlay Casino<\/h2>\n<p>La politique de bonus de RocketPlay Casino est un excellent exemple de la fa\u00e7on dont une plateforme de jeu en ligne peut am\u00e9liorer l&rsquo;exp\u00e9rience du joueur. Du bonus de bienvenue explosif aux avantages c\u00e9lestes du programme VIP, RocketPlay va au-del\u00e0 de ses attentes pour r\u00e9pondre aux diverses pr\u00e9f\u00e9rences de ses joueurs. L&rsquo;univers du jeu est vaste et RocketPlay garantit que chaque joueur, qu&rsquo;il soit novice ou passionn\u00e9 chevronn\u00e9, peut naviguer dans cette \u00e9tendue cosmique avec un avantage propuls\u00e9 par une fus\u00e9e. Alors que vous vous lancez dans votre aventure de jeu, laissez RocketPlay Casino vous guider, vous propulsant vers de nouveaux sommets d&rsquo;excitation et de divertissement dans la galaxie en constante expansion du jeu en ligne.<\/p>\n","protected":false},"excerpt":{"rendered":"<p>Les casinos en ligne sont devenus une plateforme florissante de divertissement et d\u2019excitation, offrant aux joueurs un paradis virtuel pour s\u2019adonner \u00e0 leurs jeux pr\u00e9f\u00e9r\u00e9s. RocketPlay Casino, un pionnier de l&rsquo;industrie du jeu en ligne, offre une exp\u00e9rience de jeu exceptionnelle et adoucit l&rsquo;offre avec une politique de bonus all\u00e9chante. Entrons dans les d\u00e9tails de&#8230;<\/p>\n","protected":false},"author":1,"featured_media":0,"parent":0,"menu_order":0,"comment_status":"closed","ping_status":"closed","template":"page-with-bonus.php","meta":{"_acf_changed":false,"_kad_post_transparent":"default","_kad_post_title":"default","_kad_post_layout":"default","_kad_post_sidebar_id":"","_kad_post_content_style":"default","_kad_post_vertical_padding":"default","_kad_post_feature":"","_kad_post_feature_position":"","_kad_post_header":false,"_kad_post_footer":false,"footnotes":""},"class_list":["post-4345","page","type-page","status-publish","hentry"],"acf":[],"rttpg_featured_image_url":null,"rttpg_author":{"display_name":"Tom","author_link":"https:\/\/rocketplay-game.com\/fr\/author\/pemvas95n89x\/"},"rttpg_comment":0,"rttpg_category":null,"rttpg_excerpt":"Les casinos en ligne sont devenus une plateforme florissante de divertissement et d\u2019excitation, offrant aux joueurs un paradis virtuel pour s\u2019adonner \u00e0 leurs jeux pr\u00e9f\u00e9r\u00e9s. RocketPlay Casino, un pionnier de l&rsquo;industrie du jeu en ligne, offre une exp\u00e9rience de jeu exceptionnelle et adoucit l&rsquo;offre avec une politique de bonus all\u00e9chante. Entrons dans les d\u00e9tails de...","_links":{"self":[{"href":"https:\/\/rocketplay-game.com\/fr\/wp-json\/wp\/v2\/pages\/4345","targetHints":{"allow":["GET"]}}],"collection":[{"href":"https:\/\/rocketplay-game.com\/fr\/wp-json\/wp\/v2\/pages"}],"about":[{"href":"https:\/\/rocketplay-game.com\/fr\/wp-json\/wp\/v2\/types\/page"}],"author":[{"embeddable":true,"href":"https:\/\/rocketplay-game.com\/fr\/wp-json\/wp\/v2\/users\/1"}],"replies":[{"embeddable":true,"href":"https:\/\/rocketplay-game.com\/fr\/wp-json\/wp\/v2\/comments?post=4345"}],"version-history":[{"count":1,"href":"https:\/\/rocketplay-game.com\/fr\/wp-json\/wp\/v2\/pages\/4345\/revisions"}],"predecessor-version":[{"id":4346,"href":"https:\/\/rocketplay-game.com\/fr\/wp-json\/wp\/v2\/pages\/4345\/revisions\/4346"}],"wp:attachment":[{"href":"https:\/\/rocketplay-game.com\/fr\/wp-json\/wp\/v2\/media?parent=4345"}],"curies":[{"name":"wp","href":"https:\/\/api.w.org\/{rel}","templated":true}]}}