{"id":4360,"date":"2024-01-22T15:02:18","date_gmt":"2024-01-22T12:02:18","guid":{"rendered":"https:\/\/rocketplay-game.com\/contact-us\/"},"modified":"2024-01-22T17:53:11","modified_gmt":"2024-01-22T14:53:11","slug":"contact-us","status":"publish","type":"page","link":"https:\/\/rocketplay-game.com\/fr\/contact-us\/","title":{"rendered":"Contactez-nous"},"content":{"rendered":"<p>Nous comprenons que naviguer dans la galaxie du jeu peut soulever des questions ou susciter la curiosit\u00e9. C&rsquo;est pourquoi RocketPlay Casino propose un service Contactez-nous efficace et accessible, garantissant que vos demandes re\u00e7oivent une assistance rapide et utile.<\/p>\n<h2>Assistance client\u00a0: assistance 24 heures sur 24<\/h2>\n<p>Chez RocketPlay Casino, notre service client est votre ressource incontournable pour toute question, pr\u00e9occupation ou assistance. Notre \u00e9quipe de professionnels d\u00e9vou\u00e9s fonctionne 24 heures sur 24, 7 jours sur 7, pr\u00eate \u00e0 fournir une assistance 24 heures sur 24 aux joueurs des quatre coins de la galaxie. Que vous rencontriez des probl\u00e8mes techniques, que vous ayez des questions sur les promotions ou que vous ayez besoin de conseils, notre \u00e9quipe de support client veille \u00e0 ce que votre exp\u00e9rience RocketPlay reste fluide et agr\u00e9able.<\/p>\n<h2>Options de contact\u00a0: choisissez votre canal pr\u00e9f\u00e9r\u00e9<\/h2>\n<p>RocketPlay Casino comprend que les pr\u00e9f\u00e9rences de communication varient, c&rsquo;est pourquoi nous proposons plusieurs canaux de contact pour r\u00e9pondre \u00e0 vos besoins. Vous pouvez contacter notre \u00e9quipe de support client par e-mail, par chat en direct ou via notre hotline d\u00e9di\u00e9e. Veuillez choisir l&rsquo;option qui correspond le mieux \u00e0 votre style de communication et soyez assur\u00e9 que notre \u00e9quipe est pr\u00eate \u00e0 vous aider rapidement.<\/p>\n<h2>Assistance par e-mail\u00a0: demandes \u00e9crites trait\u00e9es avec soin<\/h2>\n<p>Notre assistance par e-mail est le canal id\u00e9al pour les joueurs qui pr\u00e9f\u00e8rent un enregistrement \u00e9crit de leurs demandes ou qui ont des questions plus d\u00e9taill\u00e9es. Envoyez-nous un e-mail d\u00e9crivant votre requ\u00eate, et notre \u00e9quipe d&rsquo;assistance vous r\u00e9pondra avec la pr\u00e9cision et le soin qui font la r\u00e9putation de RocketPlay. Attendez-vous \u00e0 une r\u00e9ponse compl\u00e8te et utile qui r\u00e9pond rapidement \u00e0 vos pr\u00e9occupations.<\/p>\n<h2>Chat en direct\u00a0: une assistance instantan\u00e9e \u00e0 port\u00e9e de main<\/h2>\n<p>Notre fonctionnalit\u00e9 de chat en direct est \u00e0 port\u00e9e de clic si vous recherchez une assistance imm\u00e9diate. Connectez-vous avec un membre de notre \u00e9quipe de support client en temps r\u00e9el, permettant une r\u00e9solution rapide et efficace de vos pr\u00e9occupations. L&rsquo;option de chat en direct est parfaite lorsque vous avez besoin de r\u00e9ponses ou de conseils instantan\u00e9s tout en explorant l&rsquo;univers RocketPlay.<\/p>\n<h2>Hotline\u00a0: connexion directe pour les questions urgentes<\/h2>\n<p>Notre hotline fournit une connexion directe et imm\u00e9diate avec notre \u00e9quipe de support client pour les questions urgentes ou les situations o\u00f9 une touche personnelle est n\u00e9cessaire. Notre hotline d\u00e9di\u00e9e est g\u00e9r\u00e9e par des professionnels comp\u00e9tents et sympathiques, pr\u00eats \u00e0 vous aider pour tout probl\u00e8me urgent, vous garantissant ainsi de recevoir l&rsquo;assistance dont vous avez besoin en cas de besoin.<\/p>\n<h2>Commentaires\u00a0: votre voix fa\u00e7onne l&rsquo;exp\u00e9rience RocketPlay<\/h2>\n<p>RocketPlay Casino appr\u00e9cie vos commentaires et nous vous encourageons \u00e0 partager vos r\u00e9flexions, suggestions et exp\u00e9riences avec nous. Votre contribution nous aide \u00e0 am\u00e9liorer et \u00e0 enrichir continuellement l\u2019univers du jeu RocketPlay. Que vous ayez des id\u00e9es de nouvelles fonctionnalit\u00e9s ou d&rsquo;am\u00e9liorations ou que vous souhaitiez partager vos exp\u00e9riences positives, nous appr\u00e9cions vos commentaires dans le cadre de notre engagement \u00e0 offrir la meilleure exp\u00e9rience de jeu possible.<\/p>\n<h2>Contactez RocketPlay Casino \u2013 Votre passerelle vers une assistance exceptionnelle<\/h2>\n<p>Chez RocketPlay Casino, nous sommes fiers d&rsquo;offrir une exp\u00e9rience de jeu exceptionnelle et d&rsquo;offrir un support client exceptionnel. Notre service Contactez-nous est con\u00e7u pour \u00eatre votre ligne directe avec notre excellente \u00e9quipe d&rsquo;assistance, garantissant que votre voyage \u00e0 travers la galaxie du jeu soit fluide, agr\u00e9able et sans tracas. Connectez-vous avec nous d\u00e8s aujourd&rsquo;hui et laissez RocketPlay Casino \u00e9lever votre exp\u00e9rience de jeu vers de nouveaux sommets !<\/p>\n","protected":false},"excerpt":{"rendered":"<p>Nous comprenons que naviguer dans la galaxie du jeu peut soulever des questions ou susciter la curiosit\u00e9. C&rsquo;est pourquoi RocketPlay Casino propose un service Contactez-nous efficace et accessible, garantissant que vos demandes re\u00e7oivent une assistance rapide et utile. Assistance client\u00a0: assistance 24 heures sur 24 Chez RocketPlay Casino, notre service client est votre ressource incontournable&#8230;<\/p>\n","protected":false},"author":1,"featured_media":0,"parent":0,"menu_order":0,"comment_status":"closed","ping_status":"closed","template":"page-with-bonus.php","meta":{"_acf_changed":false,"_kad_post_transparent":"default","_kad_post_title":"default","_kad_post_layout":"default","_kad_post_sidebar_id":"","_kad_post_content_style":"default","_kad_post_vertical_padding":"default","_kad_post_feature":"","_kad_post_feature_position":"","_kad_post_header":false,"_kad_post_footer":false,"footnotes":""},"class_list":["post-4360","page","type-page","status-publish","hentry"],"acf":[],"rttpg_featured_image_url":null,"rttpg_author":{"display_name":"Tom","author_link":"https:\/\/rocketplay-game.com\/fr\/author\/pemvas95n89x\/"},"rttpg_comment":0,"rttpg_category":null,"rttpg_excerpt":"Nous comprenons que naviguer dans la galaxie du jeu peut soulever des questions ou susciter la curiosit\u00e9. C&rsquo;est pourquoi RocketPlay Casino propose un service Contactez-nous efficace et accessible, garantissant que vos demandes re\u00e7oivent une assistance rapide et utile. Assistance client\u00a0: assistance 24 heures sur 24 Chez RocketPlay Casino, notre service client est votre ressource incontournable...","_links":{"self":[{"href":"https:\/\/rocketplay-game.com\/fr\/wp-json\/wp\/v2\/pages\/4360","targetHints":{"allow":["GET"]}}],"collection":[{"href":"https:\/\/rocketplay-game.com\/fr\/wp-json\/wp\/v2\/pages"}],"about":[{"href":"https:\/\/rocketplay-game.com\/fr\/wp-json\/wp\/v2\/types\/page"}],"author":[{"embeddable":true,"href":"https:\/\/rocketplay-game.com\/fr\/wp-json\/wp\/v2\/users\/1"}],"replies":[{"embeddable":true,"href":"https:\/\/rocketplay-game.com\/fr\/wp-json\/wp\/v2\/comments?post=4360"}],"version-history":[{"count":1,"href":"https:\/\/rocketplay-game.com\/fr\/wp-json\/wp\/v2\/pages\/4360\/revisions"}],"predecessor-version":[{"id":4361,"href":"https:\/\/rocketplay-game.com\/fr\/wp-json\/wp\/v2\/pages\/4360\/revisions\/4361"}],"wp:attachment":[{"href":"https:\/\/rocketplay-game.com\/fr\/wp-json\/wp\/v2\/media?parent=4360"}],"curies":[{"name":"wp","href":"https:\/\/api.w.org\/{rel}","templated":true}]}}