{"id":4385,"date":"2024-01-22T15:37:01","date_gmt":"2024-01-22T12:37:01","guid":{"rendered":"https:\/\/rocketplay-game.com\/gdpr-policy\/"},"modified":"2024-01-22T18:02:41","modified_gmt":"2024-01-22T15:02:41","slug":"gdpr-policy","status":"publish","type":"page","link":"https:\/\/rocketplay-game.com\/fr\/gdpr-policy\/","title":{"rendered":"Politique RGPD"},"content":{"rendered":"<p>Dans le monde dynamique du jeu en ligne, RocketPlay Casino se distingue non seulement par ses jeux passionnants et ses exp\u00e9riences immersives mais \u00e9galement par son engagement in\u00e9branlable envers la protection des donn\u00e9es des utilisateurs. Conform\u00e9ment au R\u00e8glement G\u00e9n\u00e9ral sur la Protection des Donn\u00e9es (RGPD), RocketPlay Casino a mis en place une politique de confidentialit\u00e9 solide pour garantir que les informations personnelles des joueurs sont trait\u00e9es avec le plus grand soin et la plus grande transparence. Cette politique RGPD t\u00e9moigne de notre engagement \u00e0 cr\u00e9er un environnement de jeu s\u00e9curis\u00e9 et agr\u00e9able pour nos utilisateurs.<\/p>\n<h2>Transparence et responsabilit\u00e9<\/h2>\n<p>Chez RocketPlay Casino, la transparence est au c\u0153ur de notre strat\u00e9gie de conformit\u00e9 au RGPD. Nous croyons qu&rsquo;il est important d&rsquo;informer nos joueurs sur la mani\u00e8re dont leurs donn\u00e9es sont collect\u00e9es, trait\u00e9es et utilis\u00e9es. Notre politique de confidentialit\u00e9 est facilement accessible sur notre site Web, offrant aux utilisateurs un aper\u00e7u complet des informations que nous collectons et des fins pour lesquelles nous les utilisons.<\/p>\n<p>Pour garantir la responsabilit\u00e9, nous avons d\u00e9sign\u00e9 un d\u00e9l\u00e9gu\u00e9 \u00e0 la protection des donn\u00e9es (DPD) charg\u00e9 de superviser le respect des lois sur la protection des donn\u00e9es et de r\u00e9pondre \u00e0 toute demande ou pr\u00e9occupation des utilisateurs. Le DPO sert de point de contact entre RocketPlay Casino et les autorit\u00e9s de protection des donn\u00e9es, favorisant une approche transparente et responsable de la confidentialit\u00e9 des donn\u00e9es.<\/p>\n<h2>Traitement des donn\u00e9es licite et \u00e9quitable<\/h2>\n<p>RocketPlay Casino adh\u00e8re aux principes de traitement des donn\u00e9es licite et \u00e9quitable \u00e9nonc\u00e9s dans le RGPD. Nous collectons et traitons des informations personnelles uniquement \u00e0 des fins sp\u00e9cifiques et l\u00e9gitimes, garantissant que nos utilisateurs connaissent les raisons de la collecte de donn\u00e9es. Qu&rsquo;il s&rsquo;agisse de l&rsquo;enregistrement d&rsquo;un compte, du traitement des transactions ou des exp\u00e9riences de jeu personnalis\u00e9es, nous accordons la priorit\u00e9 \u00e0 la transparence dans nos pratiques de traitement des donn\u00e9es.<\/p>\n<p>De plus, nous adh\u00e9rons strictement au principe de minimisation, en collectant uniquement les donn\u00e9es n\u00e9cessaires aux fins pr\u00e9vues. Cela garantit que RocketPlay Casino maintient une approche simple et cibl\u00e9e du traitement des donn\u00e9es, minimisant ainsi l&rsquo;impact potentiel sur la vie priv\u00e9e des utilisateurs.<\/p>\n<h2>Consentement et contr\u00f4le de l&rsquo;utilisateur<\/h2>\n<p>Le respect du consentement de l&rsquo;utilisateur est primordial dans les efforts de conformit\u00e9 RGPD de RocketPlay Casino. Nous sollicitons le consentement explicite de nos utilisateurs avant de collecter et de traiter leurs informations personnelles. Au cours du processus d&rsquo;enregistrement du compte, les joueurs re\u00e7oivent des informations claires et concises sur les donn\u00e9es que nous collectons et sur la mani\u00e8re dont elles seront utilis\u00e9es. Les utilisateurs peuvent se d\u00e9sinscrire de certaines activit\u00e9s de traitement de donn\u00e9es, leur accordant ainsi le contr\u00f4le de leurs informations personnelles.<\/p>\n<p>RocketPlay Casino reconna\u00eet \u00e9galement le droit des utilisateurs d&rsquo;acc\u00e9der, de rectifier ou d&rsquo;effacer leurs donn\u00e9es. Notre interface conviviale permet aux joueurs de g\u00e9rer leurs param\u00e8tres de confidentialit\u00e9 et d&rsquo;adapter leur exp\u00e9rience de jeu en fonction de leurs pr\u00e9f\u00e9rences. Cet engagement en faveur du contr\u00f4le des utilisateurs responsabilise nos joueurs et renforce notre engagement \u00e0 respecter les droits individuels \u00e0 la vie priv\u00e9e.<\/p>\n<h2>Mesures de s\u00e9curit\u00e9 et int\u00e9grit\u00e9 des donn\u00e9es<\/h2>\n<p>La protection des donn\u00e9es des utilisateurs est une priorit\u00e9 absolue chez RocketPlay Casino. Nous utilisons des mesures de s\u00e9curit\u00e9 de pointe pour prot\u00e9ger les informations personnelles contre tout acc\u00e8s, divulgation, alt\u00e9ration et destruction non autoris\u00e9s. Nos serveurs s\u00e9curis\u00e9s, nos protocoles de cryptage et nos audits de s\u00e9curit\u00e9 r\u00e9guliers garantissent l&rsquo;int\u00e9grit\u00e9 et la confidentialit\u00e9 des donn\u00e9es que nous traitons.<\/p>\n<p>Conform\u00e9ment aux principes de protection des donn\u00e9es d\u00e8s la conception et par d\u00e9faut du RGPD, nous avons int\u00e9gr\u00e9 d\u00e8s le d\u00e9part des mesures de confidentialit\u00e9 dans notre plateforme de jeu. Cette approche proactive r\u00e9pond aux exigences r\u00e9glementaires et refl\u00e8te notre engagement \u00e0 fournir un environnement de jeu s\u00e9curis\u00e9 et digne de confiance.<\/p>\n<h2>Transferts internationaux de donn\u00e9es et contrats avec des tiers<\/h2>\n<p>En tant que plateforme mondiale de jeu en ligne, RocketPlay Casino peut impliquer le transfert de donn\u00e9es utilisateur au-del\u00e0 des fronti\u00e8res internationales. Pour garantir le respect du RGPD, nous avons mis en place des garanties appropri\u00e9es, telles que des clauses contractuelles types (CCS), pour s\u00e9curiser le transfert licite d&rsquo;informations personnelles. Ces accords contractuels avec des tiers garantissent que les donn\u00e9es sont trait\u00e9es avec le m\u00eame niveau de protection que celui exig\u00e9 par le RGPD.<\/p>\n<p>Lorsqu&rsquo;il fait appel \u00e0 des prestataires de services tiers, RocketPlay Casino s\u00e9lectionne soigneusement des partenaires qui partagent notre engagement en mati\u00e8re de protection des donn\u00e9es. Nos contrats avec ces entit\u00e9s comprennent des clauses sp\u00e9cifiques concernant la confidentialit\u00e9 et la s\u00e9curit\u00e9 des donn\u00e9es, renfor\u00e7ant notre engagement \u00e0 maintenir les normes de protection des utilisateurs les plus \u00e9lev\u00e9es.<\/p>\n<h2>R\u00e9ponse et notification en cas de violation de donn\u00e9es<\/h2>\n<p>Malgr\u00e9 des mesures de s\u00e9curit\u00e9 strictes, RocketPlay Casino reconna\u00eet la possibilit\u00e9 de violations de donn\u00e9es. En cas d&rsquo;incident de s\u00e9curit\u00e9, notre \u00e9quipe d&rsquo;intervention rapide est pr\u00eate \u00e0 prendre des mesures imm\u00e9diates pour att\u00e9nuer l&rsquo;impact. Nous adh\u00e9rons aux exigences de notification du RGPD, en informant rapidement les utilisateurs concern\u00e9s et les autorit\u00e9s comp\u00e9tentes de la violation. Cette communication transparente garantit que nos utilisateurs sont inform\u00e9s et habilit\u00e9s \u00e0 prendre les mesures appropri\u00e9es pour prot\u00e9ger leurs informations.<\/p>\n<h2>Am\u00e9lioration continue et surveillance de la conformit\u00e9<\/h2>\n<p>RocketPlay Casino consid\u00e8re la conformit\u00e9 au RGPD comme un engagement continu plut\u00f4t que comme une t\u00e2che ponctuelle. Nous surveillons continuellement les \u00e9volutions r\u00e9glementaires et mettons \u00e0 jour nos pratiques de confidentialit\u00e9 pour nous aligner sur tout changement dans les lois sur la protection des donn\u00e9es. Notre engagement en mati\u00e8re de conformit\u00e9 s&rsquo;\u00e9tend au-del\u00e0 des obligations l\u00e9gales\u00a0; cela refl\u00e8te notre engagement \u00e0 favoriser la confiance et la transparence avec notre communaut\u00e9 de joueurs.<\/p>\n<p>Des audits et des \u00e9valuations r\u00e9guliers sont effectu\u00e9s pour \u00e9valuer l&rsquo;efficacit\u00e9 de nos mesures de conformit\u00e9 au RGPD. Les commentaires des utilisateurs, des autorit\u00e9s r\u00e9glementaires et des \u00e9valuations internes contribuent \u00e0 am\u00e9liorer continuellement nos pratiques en mati\u00e8re de protection des donn\u00e9es. Cette approche proactive renforce la position de RocketPlay Casino en tant que gestionnaire responsable des donn\u00e9es des utilisateurs dans l&rsquo;industrie du jeu en ligne.<\/p>\n","protected":false},"excerpt":{"rendered":"<p>Dans le monde dynamique du jeu en ligne, RocketPlay Casino se distingue non seulement par ses jeux passionnants et ses exp\u00e9riences immersives mais \u00e9galement par son engagement in\u00e9branlable envers la protection des donn\u00e9es des utilisateurs. Conform\u00e9ment au R\u00e8glement G\u00e9n\u00e9ral sur la Protection des Donn\u00e9es (RGPD), RocketPlay Casino a mis en place une politique de confidentialit\u00e9&#8230;<\/p>\n","protected":false},"author":1,"featured_media":0,"parent":0,"menu_order":0,"comment_status":"closed","ping_status":"closed","template":"page-with-bonus.php","meta":{"_acf_changed":false,"_kad_post_transparent":"default","_kad_post_title":"default","_kad_post_layout":"default","_kad_post_sidebar_id":"","_kad_post_content_style":"default","_kad_post_vertical_padding":"default","_kad_post_feature":"","_kad_post_feature_position":"","_kad_post_header":false,"_kad_post_footer":false,"footnotes":""},"class_list":["post-4385","page","type-page","status-publish","hentry"],"acf":[],"rttpg_featured_image_url":null,"rttpg_author":{"display_name":"Tom","author_link":"https:\/\/rocketplay-game.com\/fr\/author\/pemvas95n89x\/"},"rttpg_comment":0,"rttpg_category":null,"rttpg_excerpt":"Dans le monde dynamique du jeu en ligne, RocketPlay Casino se distingue non seulement par ses jeux passionnants et ses exp\u00e9riences immersives mais \u00e9galement par son engagement in\u00e9branlable envers la protection des donn\u00e9es des utilisateurs. Conform\u00e9ment au R\u00e8glement G\u00e9n\u00e9ral sur la Protection des Donn\u00e9es (RGPD), RocketPlay Casino a mis en place une politique de confidentialit\u00e9...","_links":{"self":[{"href":"https:\/\/rocketplay-game.com\/fr\/wp-json\/wp\/v2\/pages\/4385","targetHints":{"allow":["GET"]}}],"collection":[{"href":"https:\/\/rocketplay-game.com\/fr\/wp-json\/wp\/v2\/pages"}],"about":[{"href":"https:\/\/rocketplay-game.com\/fr\/wp-json\/wp\/v2\/types\/page"}],"author":[{"embeddable":true,"href":"https:\/\/rocketplay-game.com\/fr\/wp-json\/wp\/v2\/users\/1"}],"replies":[{"embeddable":true,"href":"https:\/\/rocketplay-game.com\/fr\/wp-json\/wp\/v2\/comments?post=4385"}],"version-history":[{"count":2,"href":"https:\/\/rocketplay-game.com\/fr\/wp-json\/wp\/v2\/pages\/4385\/revisions"}],"predecessor-version":[{"id":4387,"href":"https:\/\/rocketplay-game.com\/fr\/wp-json\/wp\/v2\/pages\/4385\/revisions\/4387"}],"wp:attachment":[{"href":"https:\/\/rocketplay-game.com\/fr\/wp-json\/wp\/v2\/media?parent=4385"}],"curies":[{"name":"wp","href":"https:\/\/api.w.org\/{rel}","templated":true}]}}