{"id":4413,"date":"2024-01-22T15:53:20","date_gmt":"2024-01-22T12:53:20","guid":{"rendered":"https:\/\/rocketplay-game.com\/kyc-policy\/"},"modified":"2024-01-22T18:16:24","modified_gmt":"2024-01-22T15:16:24","slug":"kyc-policy","status":"publish","type":"page","link":"https:\/\/rocketplay-game.com\/fr\/kyc-policy\/","title":{"rendered":"Politique KYC"},"content":{"rendered":"<p>La politique KYC de RocketPlay Casino est con\u00e7ue pour v\u00e9rifier l&rsquo;identit\u00e9 de ses joueurs et garantir le respect des exigences r\u00e9glementaires. L&rsquo;objectif principal est de pr\u00e9venir les activit\u00e9s frauduleuses, telles que le vol d&rsquo;identit\u00e9 et le blanchiment d&rsquo;argent, et de maintenir l&rsquo;int\u00e9grit\u00e9 de la plateforme de jeu. RocketPlay Casino vise \u00e0 offrir une exp\u00e9rience de jeu fiable et transparente \u00e0 tous ses utilisateurs en adh\u00e9rant \u00e0 des proc\u00e9dures KYC strictes.<\/p>\n<h2>Processus d&rsquo;enregistrement et de v\u00e9rification des utilisateurs<\/h2>\n<p>Lors de leur inscription sur RocketPlay Casino, les joueurs doivent fournir des informations personnelles exactes et \u00e0 jour. Cela comprend le nom complet, la date de naissance, l\u2019adresse et les coordonn\u00e9es. Le casino utilise des technologies de cryptage avanc\u00e9es pour prot\u00e9ger ces donn\u00e9es sensibles, garantissant ainsi que les joueurs profitent de leur exp\u00e9rience de jeu en toute tranquillit\u00e9 d&rsquo;esprit.<\/p>\n<p>La v\u00e9rification commence par la pr\u00e9sentation de documents d&rsquo;identit\u00e9, notamment une pi\u00e8ce d&rsquo;identit\u00e9, un passeport ou un permis de conduire d\u00e9livr\u00e9 par le gouvernement. De plus, les joueurs peuvent devoir fournir un justificatif de domicile, comme une facture de services publics ou un relev\u00e9 bancaire. Ces documents sont soigneusement examin\u00e9s par l&rsquo;\u00e9quipe KYC d\u00e9di\u00e9e du casino, qui travaille avec diligence pour authentifier les informations fournies.<\/p>\n<h2>Protection contre le vol d&rsquo;identit\u00e9<\/h2>\n<p>Le vol d&rsquo;identit\u00e9 est une pr\u00e9occupation r\u00e9pandue \u00e0 l&rsquo;\u00e8re num\u00e9rique, et RocketPlay Casino s&rsquo;engage \u00e0 pr\u00e9venir de tels incidents au sein de sa plateforme. Le processus approfondi de v\u00e9rification KYC constitue une barri\u00e8re solide contre les personnes non autoris\u00e9es qui tentent de cr\u00e9er des comptes en utilisant des identit\u00e9s vol\u00e9es ou fausses. En confirmant la l\u00e9gitimit\u00e9 de chaque joueur, le casino cr\u00e9e un espace s\u00e9curis\u00e9 permettant aux v\u00e9ritables passionn\u00e9s de jeux de profiter de leurs jeux pr\u00e9f\u00e9r\u00e9s sans crainte d&rsquo;usurpation d&rsquo;identit\u00e9.<\/p>\n<h2>Garantir le fair-play et le jeu responsable<\/h2>\n<p>En plus de pr\u00e9venir les activit\u00e9s frauduleuses, la politique KYC de RocketPlay Casino est cruciale pour promouvoir le fair-play et le jeu responsable. En v\u00e9rifiant l&rsquo;\u00e2ge et l&rsquo;identit\u00e9 des joueurs, le casino garantit que seules les personnes ayant l&rsquo;\u00e2ge l\u00e9gal pour jouer ont acc\u00e8s \u00e0 la plateforme. Cela correspond \u00e0 l&rsquo;engagement du casino en faveur de pratiques de jeu responsables et contribue \u00e0 cr\u00e9er un environnement utilisateur plus s\u00fbr.<\/p>\n<h2>Conformit\u00e9 aux normes r\u00e9glementaires<\/h2>\n<p>RocketPlay Casino s&rsquo;engage pleinement \u00e0 se conformer aux normes r\u00e9glementaires \u00e9tablies par les autorit\u00e9s des jeux de hasard. La mise en \u0153uvre d\u2019une politique KYC globale est un aspect crucial de cet engagement. En adh\u00e9rant \u00e0 ces normes, le casino r\u00e9pond aux exigences l\u00e9gales et d\u00e9montre son engagement \u00e0 maintenir une plateforme de jeu en ligne r\u00e9put\u00e9e et digne de confiance.<\/p>\n<h2>Processus de v\u00e9rification rationalis\u00e9 et efficace<\/h2>\n<p>Comprenant l&rsquo;importance d&rsquo;une exp\u00e9rience de jeu fluide, RocketPlay Casino a investi dans la cr\u00e9ation d&rsquo;un processus de v\u00e9rification KYC rationalis\u00e9 et efficace. L&rsquo;interface conviviale du casino et les instructions claires permettent aux joueurs de soumettre facilement les documents n\u00e9cessaires et de terminer le processus de v\u00e9rification sans retards inutiles. Cet engagement en faveur de l&rsquo;efficacit\u00e9 garantit que les joueurs peuvent profiter rapidement de leurs jeux pr\u00e9f\u00e9r\u00e9s tout en maintenant les normes de s\u00e9curit\u00e9 les plus \u00e9lev\u00e9es.<\/p>\n<h2>Protection des donn\u00e9es et confidentialit\u00e9<\/h2>\n<p>RocketPlay Casino accorde une grande priorit\u00e9 \u00e0 la protection des donn\u00e9es et de la vie priv\u00e9e des joueurs. Toutes les informations collect\u00e9es au cours du processus KYC sont trait\u00e9es avec le plus grand soin et sont stock\u00e9es en toute s\u00e9curit\u00e9 \u00e0 l&rsquo;aide de protocoles de cryptage avanc\u00e9s. Le casino adh\u00e8re strictement aux r\u00e9glementations en mati\u00e8re de protection des donn\u00e9es, garantissant que les informations des joueurs ne sont pas partag\u00e9es avec des tiers non autoris\u00e9s. Cet engagement envers la confidentialit\u00e9 renforce la confiance que les joueurs accordent \u00e0 RocketPlay Casino.<\/p>\n<h2>Surveillance et mise \u00e0 jour continues<\/h2>\n<p>Le monde du jeu en ligne est dynamique et RocketPlay Casino reconna\u00eet la n\u00e9cessit\u00e9 d&rsquo;une surveillance et d&rsquo;une mise \u00e0 jour continues de ses proc\u00e9dures KYC. Le casino se tient au courant des avanc\u00e9es technologiques et des changements r\u00e9glementaires pour garantir que sa politique KYC reste efficace et conforme aux normes de l&rsquo;industrie. Cette approche proactive refl\u00e8te l&rsquo;engagement du casino \u00e0 fournir un environnement de jeu s\u00e9curis\u00e9 qui \u00e9volue avec le paysage du jeu en ligne en constante \u00e9volution.<\/p>\n<p>La politique KYC de RocketPlay Casino t\u00e9moigne de son engagement ind\u00e9fectible envers la s\u00e9curit\u00e9 des joueurs, le fair-play et le jeu responsable. En mettant en \u0153uvre un processus de v\u00e9rification rigoureux, le casino cr\u00e9e une plateforme fiable sur laquelle les joueurs peuvent jouer en toute confiance \u00e0 leurs jeux pr\u00e9f\u00e9r\u00e9s. La combinaison d&rsquo;une technologie de pointe, de la conformit\u00e9 r\u00e9glementaire et d&rsquo;une interface conviviale positionne RocketPlay Casino comme un leader de l&rsquo;industrie du jeu en ligne, d\u00e9di\u00e9 \u00e0 offrir une exp\u00e9rience s\u00e9curis\u00e9e et agr\u00e9able aux joueurs du monde entier.<\/p>\n","protected":false},"excerpt":{"rendered":"<p>La politique KYC de RocketPlay Casino est con\u00e7ue pour v\u00e9rifier l&rsquo;identit\u00e9 de ses joueurs et garantir le respect des exigences r\u00e9glementaires. L&rsquo;objectif principal est de pr\u00e9venir les activit\u00e9s frauduleuses, telles que le vol d&rsquo;identit\u00e9 et le blanchiment d&rsquo;argent, et de maintenir l&rsquo;int\u00e9grit\u00e9 de la plateforme de jeu. RocketPlay Casino vise \u00e0 offrir une exp\u00e9rience de&#8230;<\/p>\n","protected":false},"author":1,"featured_media":0,"parent":0,"menu_order":0,"comment_status":"closed","ping_status":"closed","template":"page-with-bonus.php","meta":{"_acf_changed":false,"_kad_post_transparent":"default","_kad_post_title":"default","_kad_post_layout":"default","_kad_post_sidebar_id":"","_kad_post_content_style":"default","_kad_post_vertical_padding":"default","_kad_post_feature":"","_kad_post_feature_position":"","_kad_post_header":false,"_kad_post_footer":false,"footnotes":""},"class_list":["post-4413","page","type-page","status-publish","hentry"],"acf":[],"rttpg_featured_image_url":null,"rttpg_author":{"display_name":"Tom","author_link":"https:\/\/rocketplay-game.com\/fr\/author\/pemvas95n89x\/"},"rttpg_comment":0,"rttpg_category":null,"rttpg_excerpt":"La politique KYC de RocketPlay Casino est con\u00e7ue pour v\u00e9rifier l&rsquo;identit\u00e9 de ses joueurs et garantir le respect des exigences r\u00e9glementaires. L&rsquo;objectif principal est de pr\u00e9venir les activit\u00e9s frauduleuses, telles que le vol d&rsquo;identit\u00e9 et le blanchiment d&rsquo;argent, et de maintenir l&rsquo;int\u00e9grit\u00e9 de la plateforme de jeu. RocketPlay Casino vise \u00e0 offrir une exp\u00e9rience de...","_links":{"self":[{"href":"https:\/\/rocketplay-game.com\/fr\/wp-json\/wp\/v2\/pages\/4413","targetHints":{"allow":["GET"]}}],"collection":[{"href":"https:\/\/rocketplay-game.com\/fr\/wp-json\/wp\/v2\/pages"}],"about":[{"href":"https:\/\/rocketplay-game.com\/fr\/wp-json\/wp\/v2\/types\/page"}],"author":[{"embeddable":true,"href":"https:\/\/rocketplay-game.com\/fr\/wp-json\/wp\/v2\/users\/1"}],"replies":[{"embeddable":true,"href":"https:\/\/rocketplay-game.com\/fr\/wp-json\/wp\/v2\/comments?post=4413"}],"version-history":[{"count":1,"href":"https:\/\/rocketplay-game.com\/fr\/wp-json\/wp\/v2\/pages\/4413\/revisions"}],"predecessor-version":[{"id":4414,"href":"https:\/\/rocketplay-game.com\/fr\/wp-json\/wp\/v2\/pages\/4413\/revisions\/4414"}],"wp:attachment":[{"href":"https:\/\/rocketplay-game.com\/fr\/wp-json\/wp\/v2\/media?parent=4413"}],"curies":[{"name":"wp","href":"https:\/\/api.w.org\/{rel}","templated":true}]}}