{"id":4516,"date":"2024-01-22T15:28:18","date_gmt":"2024-01-22T12:28:18","guid":{"rendered":"https:\/\/rocketplay-game.com\/underage-gaming-policy\/"},"modified":"2024-01-22T19:10:53","modified_gmt":"2024-01-22T16:10:53","slug":"underage-gaming-policy","status":"publish","type":"page","link":"https:\/\/rocketplay-game.com\/fr\/underage-gaming-policy\/","title":{"rendered":"Politique de jeu pour les mineurs"},"content":{"rendered":"<p>Dans le paysage dynamique du jeu en ligne, RocketPlay Casino se distingue non seulement par ses jeux passionnants et ses r\u00e9compenses all\u00e9chantes, mais \u00e9galement par son engagement in\u00e9branlable en faveur du jeu responsable. Chez RocketPlay, le bien-\u00eatre des joueurs est primordial, et cet engagement s&rsquo;\u00e9tend jusqu&rsquo;\u00e0 garantir que le jeu reste une activit\u00e9 agr\u00e9able et adapt\u00e9e \u00e0 son \u00e2ge. Cela se refl\u00e8te dans la politique compl\u00e8te de RocketPlay Casino en mati\u00e8re de jeux pour les mineurs.<\/p>\n<h2>Pourquoi le jeu chez les mineurs est important<\/h2>\n<p>La question du jeu chez les mineurs est une pr\u00e9occupation importante au sein de l\u2019industrie du jeu. Autoriser des personnes n\u2019ayant pas atteint l\u2019\u00e2ge l\u00e9gal \u00e0 participer \u00e0 des activit\u00e9s de jeu contrevient non seulement aux r\u00e9glementations l\u00e9gales, mais pr\u00e9sente \u00e9galement de graves risques pour le bien-\u00eatre des joueurs mineurs. RocketPlay Casino reconna\u00eet la gravit\u00e9 de ce probl\u00e8me et a mis en \u0153uvre des mesures robustes pour pr\u00e9venir et lutter contre le jeu chez les mineurs.<\/p>\n<h2>Proc\u00e9dures strictes de v\u00e9rification de l&rsquo;\u00e2ge<\/h2>\n<p>RocketPlay Casino utilise des proc\u00e9dures rigoureuses de v\u00e9rification de l&rsquo;\u00e2ge pour maintenir l&rsquo;int\u00e9grit\u00e9 de sa plateforme de jeu. Lors du processus d&rsquo;inscription, les joueurs doivent fournir des informations pr\u00e9cises et v\u00e9rifiables, notamment leur date de naissance. RocketPlay utilise des technologies de v\u00e9rification avanc\u00e9es pour croiser ces informations avec des bases de donn\u00e9es fiables, garantissant ainsi que seules les personnes en \u00e2ge l\u00e9gal de jouer ont acc\u00e8s \u00e0 la plateforme.<\/p>\n<h2>Collaboration avec les services de v\u00e9rification de l&rsquo;\u00e2ge<\/h2>\n<p>RocketPlay Casino va encore plus loin en collaborant avec des services de v\u00e9rification d&rsquo;\u00e2ge r\u00e9put\u00e9s. Ces services utilisent une combinaison de bases de donn\u00e9es gouvernementales et d&rsquo;autres sources fiables pour v\u00e9rifier de mani\u00e8re ind\u00e9pendante l&rsquo;\u00e2ge des joueurs. Cette couche de v\u00e9rification suppl\u00e9mentaire am\u00e9liore l&rsquo;efficacit\u00e9 du processus de v\u00e9rification de l&rsquo;\u00e2ge de RocketPlay, cr\u00e9ant ainsi un environnement plus s\u00e9curis\u00e9 pour tous les joueurs.<\/p>\n<h2>Initiatives \u00e9ducatives<\/h2>\n<p>La pr\u00e9vention est un aspect crucial de l&rsquo;approche de RocketPlay Casino en mati\u00e8re de jeu pour les mineurs. La plateforme s&rsquo;engage \u00e0 \u00e9duquer les joueurs et leurs parents sur les risques potentiels associ\u00e9s au jeu chez les mineurs. RocketPlay fournit des ressources informatives, notamment des articles et des guides, pour aider les utilisateurs \u00e0 comprendre l&rsquo;importance du jeu responsable et les cons\u00e9quences possibles du jeu chez les mineurs.<\/p>\n<h2>Contr\u00f4le parental et surveillance des comptes<\/h2>\n<p>RocketPlay Casino permet aux parents de jouer un r\u00f4le actif dans la surveillance et le contr\u00f4le des activit\u00e9s de jeu de leurs enfants. La plate-forme offre des fonctionnalit\u00e9s de contr\u00f4le parental robustes, permettant aux parents de limiter les d\u00e9penses du compte, l&rsquo;acc\u00e8s aux jeux et d&rsquo;autres param\u00e8tres. De plus, RocketPlay utilise des outils de surveillance sophistiqu\u00e9s pour d\u00e9tecter tout mod\u00e8le d&rsquo;activit\u00e9 inhabituel pouvant indiquer que des mineurs jouent. Des mesures rapides sont prises pour rem\u00e9dier \u00e0 de telles situations et emp\u00eacher tout nouvel acc\u00e8s non autoris\u00e9.<\/p>\n<h2>Suspension imm\u00e9diate du compte<\/h2>\n<p>Si RocketPlay Casino identifie un joueur mineur ou ayant fourni de fausses informations sur son \u00e2ge, la plateforme prend des mesures imm\u00e9diates et d\u00e9cisives. Le compte du joueur est suspendu et tout acc\u00e8s aux activit\u00e9s de jeu est r\u00e9voqu\u00e9 jusqu&rsquo;\u00e0 ce qu&rsquo;une enqu\u00eate approfondie soit men\u00e9e. Cette r\u00e9ponse rapide confirme non seulement l&rsquo;engagement du casino en faveur du jeu responsable, mais sert \u00e9galement \u00e0 dissuader ceux qui tentent de contourner les restrictions d&rsquo;\u00e2ge.<\/p>\n<h2>Collaboration avec des organisations de jeu responsable<\/h2>\n<p>RocketPlay Casino collabore activement avec des organisations de jeux r\u00e9put\u00e9es et responsables pour rester \u00e0 la pointe des meilleures pratiques et des normes de l&rsquo;industrie. En participant \u00e0 ces partenariats, le casino obtient des informations pr\u00e9cieuses sur les derniers d\u00e9veloppements en mati\u00e8re de jeu responsable et les int\u00e8gre dans ses politiques et proc\u00e9dures.<\/p>\n<h2>Am\u00e9lioration continue et adaptation<\/h2>\n<p>RocketPlay Casino comprend que le paysage du jeu est en constante \u00e9volution et, \u00e0 ce titre, le casino s&rsquo;engage \u00e0 am\u00e9liorer et \u00e0 adapter continuellement ses politiques de jeu pour les mineurs. Des examens r\u00e9guliers sont effectu\u00e9s pour \u00e9valuer l&rsquo;efficacit\u00e9 des mesures existantes, et des ajustements sont apport\u00e9s pour relever les d\u00e9fis \u00e9mergents. Cette approche proactive garantit que RocketPlay reste un leader dans la promotion de pratiques de jeu responsables.<\/p>\n<p>La politique de jeu des mineurs de RocketPlay Casino souligne l&rsquo;engagement de la plateforme \u00e0 cr\u00e9er un environnement de jeu s\u00fbr et agr\u00e9able. Gr\u00e2ce \u00e0 des proc\u00e9dures strictes de v\u00e9rification de l&rsquo;\u00e2ge, des initiatives \u00e9ducatives, des contr\u00f4les parentaux et une collaboration avec des organisations de jeux responsables, RocketPlay s&rsquo;efforce d&rsquo;\u00e9tablir la norme en mati\u00e8re de jeu responsable dans l&rsquo;industrie des casinos en ligne. Alors que les joueurs s&rsquo;engagent dans l&rsquo;excitation des jeux de RocketPlay, ils peuvent le faire avec la certitude que leur bien-\u00eatre et l&rsquo;int\u00e9grit\u00e9 de l&rsquo;exp\u00e9rience de jeu sont des priorit\u00e9s absolues pour le casino.<\/p>\n","protected":false},"excerpt":{"rendered":"<p>Dans le paysage dynamique du jeu en ligne, RocketPlay Casino se distingue non seulement par ses jeux passionnants et ses r\u00e9compenses all\u00e9chantes, mais \u00e9galement par son engagement in\u00e9branlable en faveur du jeu responsable. Chez RocketPlay, le bien-\u00eatre des joueurs est primordial, et cet engagement s&rsquo;\u00e9tend jusqu&rsquo;\u00e0 garantir que le jeu reste une activit\u00e9 agr\u00e9able et&#8230;<\/p>\n","protected":false},"author":1,"featured_media":0,"parent":0,"menu_order":0,"comment_status":"closed","ping_status":"closed","template":"page-with-bonus.php","meta":{"_acf_changed":false,"_kad_post_transparent":"default","_kad_post_title":"default","_kad_post_layout":"default","_kad_post_sidebar_id":"","_kad_post_content_style":"default","_kad_post_vertical_padding":"default","_kad_post_feature":"","_kad_post_feature_position":"","_kad_post_header":false,"_kad_post_footer":false,"footnotes":""},"class_list":["post-4516","page","type-page","status-publish","hentry"],"acf":[],"rttpg_featured_image_url":null,"rttpg_author":{"display_name":"Tom","author_link":"https:\/\/rocketplay-game.com\/fr\/author\/pemvas95n89x\/"},"rttpg_comment":0,"rttpg_category":null,"rttpg_excerpt":"Dans le paysage dynamique du jeu en ligne, RocketPlay Casino se distingue non seulement par ses jeux passionnants et ses r\u00e9compenses all\u00e9chantes, mais \u00e9galement par son engagement in\u00e9branlable en faveur du jeu responsable. Chez RocketPlay, le bien-\u00eatre des joueurs est primordial, et cet engagement s&rsquo;\u00e9tend jusqu&rsquo;\u00e0 garantir que le jeu reste une activit\u00e9 agr\u00e9able et...","_links":{"self":[{"href":"https:\/\/rocketplay-game.com\/fr\/wp-json\/wp\/v2\/pages\/4516","targetHints":{"allow":["GET"]}}],"collection":[{"href":"https:\/\/rocketplay-game.com\/fr\/wp-json\/wp\/v2\/pages"}],"about":[{"href":"https:\/\/rocketplay-game.com\/fr\/wp-json\/wp\/v2\/types\/page"}],"author":[{"embeddable":true,"href":"https:\/\/rocketplay-game.com\/fr\/wp-json\/wp\/v2\/users\/1"}],"replies":[{"embeddable":true,"href":"https:\/\/rocketplay-game.com\/fr\/wp-json\/wp\/v2\/comments?post=4516"}],"version-history":[{"count":1,"href":"https:\/\/rocketplay-game.com\/fr\/wp-json\/wp\/v2\/pages\/4516\/revisions"}],"predecessor-version":[{"id":4517,"href":"https:\/\/rocketplay-game.com\/fr\/wp-json\/wp\/v2\/pages\/4516\/revisions\/4517"}],"wp:attachment":[{"href":"https:\/\/rocketplay-game.com\/fr\/wp-json\/wp\/v2\/media?parent=4516"}],"curies":[{"name":"wp","href":"https:\/\/api.w.org\/{rel}","templated":true}]}}