{"id":1834,"date":"2022-10-03T12:15:51","date_gmt":"2022-10-03T09:15:51","guid":{"rendered":"https:\/\/rocketplay-game.com\/bonus\/loyalty-program\/"},"modified":"2026-03-01T17:57:09","modified_gmt":"2026-03-01T14:57:09","slug":"loyalty-program","status":"publish","type":"page","link":"https:\/\/rocketplay-game.com\/ga\/bonus\/loyalty-program\/","title":{"rendered":"Cl\u00e1r D\u00edlseachta ag RocketPlay"},"content":{"rendered":"<p>Is iad gamers an bonn d&#8217;aon bhuna\u00edocht chearrbhachais. Ionas gur f\u00e9idir le custaim\u00e9ir\u00ed ceasa\u00edneo filleadh ar an ard\u00e1n ar l\u00edne go rialta, n\u00ed m\u00f3r do bhuna\u00edochta\u00ed a lucht \u00e9isteachta a thuiscint agus staid\u00e9ar a dh\u00e9anamh ar cad a spreagann imreoir\u00ed chun teacht agus imirt ar\u00eds agus ar\u00eds eile. Chun na gcr\u00edoch sin, crutha\u00edonn beagnach gach ceasa\u00edneo cl\u00e1ir d\u00edlseachta d\u2019imreoir\u00ed, inar f\u00e9idir le h\u00fas\u00e1ideoir\u00ed brath ar chur chun cinn rialta, tairiscint\u00ed speisialta at\u00e1 tiomnaithe d\u2019imeachta\u00ed ar bith, agus crannchuir ina dtarraing\u00edtear f\u00edordhuaiseanna.<\/p>\n<p>Is fi\u00fa a thabhairt faoi deara go bhfuil gach tairiscint brab\u00fasach ar f\u00e1il tr\u00edd an tseirbh\u00eds cl\u00e1r d\u00edlseachta, mar sin moltar p\u00e1irt a ghlacadh i gcl\u00e1ir den s\u00f3rt sin tr\u00e1th a <a href=\"https:\/\/rocketplay-game.com\/ga\/registration\/\">gcl\u00e1ra\u00edtear<\/a> cuntas nua chun gach uachtair b\u00f3nais a bhaint. T\u00e1 cl\u00e1r d\u00edlseachta Rocket Play ar do shon.<\/p>\n<p>Chun suim na n-\u00fas\u00e1ideoir\u00ed a chothabh\u00e1il agus imreoir\u00ed a spreagadh, d\u00e9anann ceasa\u00edneonna a gcl\u00e1ir d\u00edlseachta a nuashonr\u00fa agus a fheabhs\u00fa go rialta, agus d\u00e9anann buna\u00edochta\u00ed cearrbhachais suirbh\u00e9anna go rialta i measc a gcuid custaim\u00e9ir\u00ed chun \u00e9ifeacht\u00falacht bolscaireachta n\u00f3 b\u00f3nais \u00e1irithe at\u00e1 ann faoi l\u00e1thair n\u00f3 at\u00e1 cr\u00edochnaithe cheana f\u00e9in a mheas. Tugann s\u00e9 seo le tuiscint go gcuireann an ceasa\u00edneo tuairim a lucht \u00e9isteachta san \u00e1ireamh agus go gcinnt\u00edonn s\u00e9 nach motha\u00edonn aon imreoir f\u00e1gtha amach. Is fi\u00fa a thabhairt faoi deara go bhfuil na b\u00f3nais Casino is brab\u00fasa\u00ed san \u00e1ireamh i gcl\u00e1ir d\u00edlseachta.<\/p>\n<p><img loading=\"lazy\" decoding=\"async\" class=\"aligncenter wp-image-4672 size-full\" src=\"https:\/\/rocketplay-game.com\/wp-content\/uploads\/2024\/02\/lp1.png\" alt=\"Cl\u00e1r D\u00edlseachta ag RocketPlay\" width=\"1307\" height=\"437\" srcset=\"https:\/\/rocketplay-game.com\/wp-content\/uploads\/2024\/02\/lp1.png 1307w, https:\/\/rocketplay-game.com\/wp-content\/uploads\/2024\/02\/lp1-300x100.png 300w, https:\/\/rocketplay-game.com\/wp-content\/uploads\/2024\/02\/lp1-1024x342.png 1024w, https:\/\/rocketplay-game.com\/wp-content\/uploads\/2024\/02\/lp1-768x257.png 768w\" sizes=\"auto, (max-width: 1307px) 100vw, 1307px\" \/><\/p>\n<h2>Cad a fhaigheann t\u00fa leis an gcl\u00e1r d\u00edlseachta?<\/h2>\n<p>Is droim ar ais \u00e9 cl\u00e1r d\u00edlseachta ceasa\u00edneo ar l\u00edne Rocket Play gan cuntas a thaisceadh i gcluich\u00ed ar l\u00edne. T\u00e1 a mhalairt de ch\u00faig faoin gc\u00e9ad d\u00e9ag i meais\u00edn\u00ed sliot\u00e1n. Tugtar an bronntanas seo do chustaim\u00e9ir\u00ed ar an Luan. Rialacha maidir le dreasachta\u00ed a fh\u00e1il:<\/p>\n<ul>\n<li>Gheobhaidh t\u00fa luach saothair tr\u00ed geall a dh\u00e9anamh ar airgead sna cluich\u00ed.<\/li>\n<li>Freagra\u00edonn m\u00e9id na gcist\u00ed ais\u00edoctha do mh\u00e9id an imreora.<\/li>\n<li>Tugann an cl\u00e1r d\u00edlseachta Casino Rocket Play Australia creidi\u00faint go huathoibr\u00edoch don mhalairt.<\/li>\n<li>Is \u00e9 $8,000 an t-aisiomp\u00fa is m\u00f3 is f\u00e9idir.<\/li>\n<li>Is ionann an ceann is l\u00fa agus euro amh\u00e1in.<\/li>\n<li>Margadh: 5X.<\/li>\n<li>T\u00e1 an t-ard\u00fa c\u00e9ime bail\u00ed ar feadh tr\u00ed l\u00e1.<\/li>\n<\/ul>\n<p>Le go n-oibreoidh an cl\u00e1r, n\u00ed g\u00e1 duit do chuntas a athl\u00e1n\u00fa.<\/p>\n<p>Ar an D\u00e9ardaoin, is f\u00e9idir droim ar ais deich faoin gc\u00e9ad a dh\u00e9anamh i m\u00f3d beo freisin. T\u00e1 na coinn\u00edollacha maidir leis mar a ch\u00e9ile leis an abairt roimhe seo. \u00c1ir\u00edtear leis an gcl\u00e1r d\u00edlseachta Casino is fearr <a href=\"https:\/\/rocketplay-game.com\/ga\">Rocket Play<\/a>, tascanna speisialta a chr\u00edochn\u00fa. Chun seo a dh\u00e9anamh, cuir isteach do r-phost agus d\u00e9an marga\u00ed. Chun seo, t\u00e1 t\u00fa i dteideal duaiseanna.<\/p>\n<h2>Ceisteanna Coitianta<\/h2>\n<h3>Cad \u00e9 RTP?<\/h3>\n<p>Is ionann RTP i gceasa\u00edneonna ar l\u00edne agus Return to Player. Is c\u00e9atad\u00e1n \u00e9 seo, a thugann le tuiscint go teoirici\u00fail c\u00e9 mh\u00e9ad airgid is f\u00e9idir leat a thabhairt ar ais ag deireadh an tseisi\u00fain chluiche. Glactar leis go ginear\u00e1lta gurb \u00e9 95% an me\u00e1n. Meastar go bhfuil 91% \u00edseal, 98% agus os a chionn ard. D\u00e1 airde an luach RTP, is amhlaidh is minice agus is m\u00f3 a bheidh an bua, c\u00e9 go bhfuil t\u00e1scaire eile freagrach as seo &#8211; luaineacht.<\/p>\n<h3>Cad \u00e9 an nasc idir RTP agus b\u00f3nais?<\/h3>\n<p>B\u00edonn tionchar d\u00edreach ag luach an aischuir i roinnt cluich\u00ed ar na b\u00f3nais. Is \u00e9 sin, d\u00e1 airde an RTP i sliot\u00e1n ar l\u00edne, is amhlaidh is minice agus is m\u00f3 a bheidh an bua \u00f3 chluich\u00ed b\u00f3nais; \u00e1fach, n\u00ed oibr\u00edonn s\u00e9 seo le gach meais\u00edn sliot\u00e1n. I roinnt cluich\u00ed, t\u00e1 an b\u00f3nas recoil socraithe n\u00edos airde n\u00e1 an recoil don chluiche bonn. Is f\u00e9idir faisn\u00e9is mhionsonraithe a fh\u00e1il i rialacha gach cluiche.<\/p>\n<h3>Conas b\u00f3nas casino a fh\u00e1il?<\/h3>\n<p>Chun b\u00f3nas ceasa\u00edneo a fh\u00e1il, n\u00ed m\u00f3r duit cl\u00e1r\u00fa, agus n\u00ed bhfaighidh t\u00fa b\u00f3nas ach amh\u00e1in le haghaidh an ghn\u00edmh chr\u00edochnaithe seo. Chomh maith leis sin, i gcuntas pearsanta gach buna\u00edochta cearrbhachais, t\u00e1 rann\u00e1n &#8220;Mo B\u00f3nais&#8221;, \u00e1it ar f\u00e9idir leat faisn\u00e9is mhionsonraithe a fh\u00e1il faoi na tairiscint\u00ed go l\u00e9ir at\u00e1 ar f\u00e1il duit, chomh maith leis an gc\u00f3d promo a fhaightear tr\u00edd an liosta seolta\u00ed n\u00f3 in aon cheann eile a chur isteach. bhealach dl\u00edthi\u00fail.<\/p>\n","protected":false},"excerpt":{"rendered":"<p>Is iad gamers an bonn d&#8217;aon bhuna\u00edocht chearrbhachais. Ionas gur f\u00e9idir le custaim\u00e9ir\u00ed ceasa\u00edneo filleadh ar an ard\u00e1n ar l\u00edne go rialta, n\u00ed m\u00f3r do bhuna\u00edochta\u00ed a lucht \u00e9isteachta a thuiscint agus staid\u00e9ar a dh\u00e9anamh ar cad a spreagann imreoir\u00ed chun teacht agus imirt ar\u00eds agus ar\u00eds eile. Chun na gcr\u00edoch sin, crutha\u00edonn beagnach gach&#8230;<\/p>\n","protected":false},"author":1,"featured_media":0,"parent":1812,"menu_order":0,"comment_status":"closed","ping_status":"closed","template":"page-with-bonus.php","meta":{"_acf_changed":false,"_kad_post_transparent":"default","_kad_post_title":"default","_kad_post_layout":"default","_kad_post_sidebar_id":"","_kad_post_content_style":"default","_kad_post_vertical_padding":"default","_kad_post_feature":"","_kad_post_feature_position":"","_kad_post_header":false,"_kad_post_footer":false,"footnotes":""},"class_list":["post-1834","page","type-page","status-publish","hentry"],"acf":[],"rttpg_featured_image_url":null,"rttpg_author":{"display_name":"Tom","author_link":"https:\/\/rocketplay-game.com\/ga\/author\/pemvas95n89x\/"},"rttpg_comment":0,"rttpg_category":null,"rttpg_excerpt":"Is iad gamers an bonn d&#8217;aon bhuna\u00edocht chearrbhachais. Ionas gur f\u00e9idir le custaim\u00e9ir\u00ed ceasa\u00edneo filleadh ar an ard\u00e1n ar l\u00edne go rialta, n\u00ed m\u00f3r do bhuna\u00edochta\u00ed a lucht \u00e9isteachta a thuiscint agus staid\u00e9ar a dh\u00e9anamh ar cad a spreagann imreoir\u00ed chun teacht agus imirt ar\u00eds agus ar\u00eds eile. Chun na gcr\u00edoch sin, crutha\u00edonn beagnach gach...","_links":{"self":[{"href":"https:\/\/rocketplay-game.com\/ga\/wp-json\/wp\/v2\/pages\/1834","targetHints":{"allow":["GET"]}}],"collection":[{"href":"https:\/\/rocketplay-game.com\/ga\/wp-json\/wp\/v2\/pages"}],"about":[{"href":"https:\/\/rocketplay-game.com\/ga\/wp-json\/wp\/v2\/types\/page"}],"author":[{"embeddable":true,"href":"https:\/\/rocketplay-game.com\/ga\/wp-json\/wp\/v2\/users\/1"}],"replies":[{"embeddable":true,"href":"https:\/\/rocketplay-game.com\/ga\/wp-json\/wp\/v2\/comments?post=1834"}],"version-history":[{"count":4,"href":"https:\/\/rocketplay-game.com\/ga\/wp-json\/wp\/v2\/pages\/1834\/revisions"}],"predecessor-version":[{"id":10317,"href":"https:\/\/rocketplay-game.com\/ga\/wp-json\/wp\/v2\/pages\/1834\/revisions\/10317"}],"up":[{"embeddable":true,"href":"https:\/\/rocketplay-game.com\/ga\/wp-json\/wp\/v2\/pages\/1812"}],"wp:attachment":[{"href":"https:\/\/rocketplay-game.com\/ga\/wp-json\/wp\/v2\/media?parent=1834"}],"curies":[{"name":"wp","href":"https:\/\/api.w.org\/{rel}","templated":true}]}}