{"id":1860,"date":"2022-09-30T17:30:34","date_gmt":"2022-09-30T14:30:34","guid":{"rendered":"https:\/\/rocketplay-game.com\/bonus\/regular-bonuses\/"},"modified":"2024-02-09T16:36:38","modified_gmt":"2024-02-09T13:36:38","slug":"regular-bonuses","status":"publish","type":"page","link":"https:\/\/rocketplay-game.com\/ga\/bonus\/regular-bonuses\/","title":{"rendered":"B\u00f3nais Rialta ag RocketPlay"},"content":{"rendered":"<p>D\u00e9anann ceasa\u00edneonna gr\u00e9as\u00e1in ploy marga\u00edochta chun imreoir\u00ed ionchasacha a mhealladh tr\u00ed luach saothair a aibhsi\u00fa. Cuid\u00edonn rannph\u00e1irtithe an chluiche b\u00f3nas Casino Rocket Play le strait\u00e9is an chluicheplay a thuiscint agus babhta\u00ed breise a fh\u00e1il roimh a gc\u00e9ad taisce cist\u00ed.<\/p>\n<p>T\u00e1 na luach saothair seo go hioml\u00e1n difri\u00fail ar gach ard\u00e1n cearrbhachais. Tar \u00e9is athbhreithni\u00fa a dh\u00e9anamh ar na rialacha maidir le gach luach saothair a fh\u00e1il, in \u00e9ineacht leis na rialacha geallt\u00f3ireachta, beidh t\u00fa in ann a thuiscint, i nd\u00e1ir\u00edre, gur f\u00e9idir leat leas a bhaint as an bronntanas seo. Seans go mbeidh c\u00f3id b\u00f3nais Rocket Play ag teast\u00e1il uait chun \u00e9 a fh\u00e1il.<\/p>\n<p style=\"text-align: center;\"><img loading=\"lazy\" decoding=\"async\" class=\"aligncenter wp-image-4682\" src=\"https:\/\/rocketplay-game.com\/wp-content\/uploads\/2024\/02\/4362480_2302613-scaled-e1707309644661.jpg\" alt=\"B\u00f3nais Rialta ag RocketPlay\" width=\"800\" height=\"448\" srcset=\"https:\/\/rocketplay-game.com\/wp-content\/uploads\/2024\/02\/4362480_2302613-scaled-e1707309644661.jpg 2560w, https:\/\/rocketplay-game.com\/wp-content\/uploads\/2024\/02\/4362480_2302613-scaled-e1707309644661-300x168.jpg 300w, https:\/\/rocketplay-game.com\/wp-content\/uploads\/2024\/02\/4362480_2302613-scaled-e1707309644661-1024x573.jpg 1024w, https:\/\/rocketplay-game.com\/wp-content\/uploads\/2024\/02\/4362480_2302613-scaled-e1707309644661-768x430.jpg 768w, https:\/\/rocketplay-game.com\/wp-content\/uploads\/2024\/02\/4362480_2302613-scaled-e1707309644661-1536x860.jpg 1536w, https:\/\/rocketplay-game.com\/wp-content\/uploads\/2024\/02\/4362480_2302613-scaled-e1707309644661-2048x1146.jpg 2048w\" sizes=\"auto, (max-width: 800px) 100vw, 800px\" \/><\/p>\n<h2>Cine\u00e1lacha B\u00f3nais rialta ag imirt Rocket<\/h2>\n<p>B\u00f3nais rialta:<\/p>\n<ul>\n<li>Ar an Aoine, cur chun cinn gan r\u00e1ta\u00ed.<\/li>\n<li>Atos\u00fa D\u00e9 hAoine ar thairiscint\u00ed b\u00f3nais.<\/li>\n<li>D\u00e9an iontr\u00e1il tr\u00edocha AUD D\u00e9 hAoine, agus is leatsa na tr\u00e9imhs\u00ed breise.<\/li>\n<\/ul>\n<p>Rialacha maidir le dreasachta\u00ed a fh\u00e1il:<\/p>\n<ul>\n<li>Is f\u00e9idir an luach saothair a \u00fas\u00e1id sa chluiche tar \u00e9is 2 thr\u00e1thchuid.<\/li>\n<li>T\u00e1 lua\u00edochta\u00ed inch\u00e1ilithe ar an Aoine \u00f3 00:00 go 23:59.<\/li>\n<li>M\u00e9id an l\u00e1imhdeachais tosa\u00edochta: 20\/50\/100.<\/li>\n<li>Is \u00e9 an rann\u00edoca\u00edocht is simpl\u00ed n\u00e1 tr\u00edocha go c\u00e9ad caoga dollar.<\/li>\n<li>Is \u00e9 seacht ndollair agus caoga cent an t-uasiontr\u00e1il chun cinn.<\/li>\n<li>T\u00e1ille: 40X.<\/li>\n<\/ul>\n<p>Ag deireadh an chluiche, nuair a shroicheann an brab\u00fas tr\u00ed mh\u00edle dollar. T\u00e1 an toradh bolscaireachta bail\u00ed ar feadh 24 uair an chloig. Cur i l\u00e1thair ag deireadh na seachtaine.<\/p>\n<p>50% den ionchur cist\u00ed isteach sa chluiche. Agus t\u00fa ag taisceadh tr\u00edocha AUD ag deireadh na seachtaine, t\u00e1 t\u00fa i dteideal ard\u00fa c\u00e9ime 50 faoin gc\u00e9ad! Lua\u00edocht c\u00f3id promo Rocket Play le haghaidh lascaine m\u00f3r taisce. Cuir isteach an c\u00f3d HIGHROLLER san \u00e1it a bhfaigheann t\u00fa d\u00edbhinn\u00ed agus a thuilleann t\u00fa do lua\u00edocht 50%. Rialacha maidir le dreasachta\u00ed a fh\u00e1il:<\/p>\n<ul>\n<li>Is f\u00e9idir leat an c\u00f3ras luach saothair a \u00fas\u00e1id tar \u00e9is 2 thaisceadh cist\u00ed.<\/li>\n<li>B\u00f3nas Casino Rocket Play Is f\u00e9idir an Astr\u00e1il le c\u00f3d lascaine.<\/li>\n<li>N\u00ed f\u00e9idir an c\u00f3d lascaine a chur i bhfeidhm ach uair amh\u00e1in gach seacht l\u00e1.<\/li>\n<li>Forl\u00edonadh 50% ar ionchur \u00f3 thr\u00ed ch\u00e9ad dollar na hAstr\u00e1ile.<\/li>\n<li>Cur chun cinn deiridh: dh\u00e1 mh\u00edle go leith AUD.<\/li>\n<li>Is \u00e9 c\u00faig euro, seacht go leith dollar na hOstaire agus Cheanada an t-uasmh\u00e9id geall chun cinn.<\/li>\n<li>Ionchur: 40X<\/li>\n<\/ul>\n<p>Leanann an cluiche go dt\u00ed brab\u00fas de 16 m\u00edle EUR n\u00f3 25 m\u00edle dollar na hAstr\u00e1ile agus Cheanada. Oibr\u00edonn an cur chun cinn 24 uair an chloig a.<\/p>\n<h2>Conas \u00e9ileamh a dh\u00e9anamh?<\/h2>\n<p>T\u00e1 cluais\u00edn &#8220;Mo B\u00f3nais&#8221; ag tairseach aon cheasa\u00edneonna gr\u00e9as\u00e1in, \u00e1it ar f\u00e9idir eolas a fh\u00e1il ar na tr\u00e1thanna bolscaireachta at\u00e1 ann faoi l\u00e1thair n\u00f3 tr\u00edd an gc\u00f3d a fhaightear \u00f3n ard\u00e1n cearrbhachais a iontr\u00e1il. Is f\u00e9idir leat an fhaisn\u00e9is seo a fh\u00e1il tr\u00edd an liosta post\u00e1la ar l\u00edne. T\u00e1 go leor de na c\u00f3rais lua\u00edochta seo: b\u00f3nas 100% don t\u00e1ille iontr\u00e1la, <a href=\"https:\/\/rocketplay-game.com\/ga\/free-spins\/\">spins saor<\/a> in aisce Rocket Play gan infheist\u00edochta\u00ed, etc. N\u00ed m\u00f3r staid\u00e9ar mion a dh\u00e9anamh ar a gcuid bunt\u00e1ist\u00ed.<\/p>\n<h2>CC<\/h2>\n<h3>Conas b\u00f3nais a fh\u00e1il?<\/h3>\n<p>Caithfidh imreoir f\u00e9ideartha dul tr\u00ed chl\u00e1r\u00fa beag ar an ard\u00e1n cearrbhachais is fearr leo. T\u00e1 s\u00e9 seo riachtanach chun dreasachta\u00ed a fh\u00e1il agus d\u00edbhinn\u00ed a fh\u00e1il. N\u00ed m\u00f3r duit freisin chun dul tr\u00ed fh\u00edor\u00fa aitheantais mar gheall ar gan \u00e9 seo, beidh t\u00fa a dhi\u00falt\u00fa rochtain ar an gc\u00f3ras luach saothair agus, n\u00edos t\u00e1bhachta\u00ed, le tarraingt siar cist\u00ed a bhuaigh.<\/p>\n<h3>Cad iad bronntanais ar an ard\u00e1n Idirl\u00edn?<\/h3>\n<p>Ar do shon f\u00e9in, ainmnigh go bhfuil n\u00ed hamh\u00e1in feidhm siamsa\u00edochta ag buna\u00edochta\u00ed cearrbhachais ach freisin bealach le brab\u00fas a dh\u00e9anamh. Tr\u00ed do strait\u00e9is cluiche a aimsi\u00fa agus an treo ceart a aithint, is f\u00e9idir leat a bhuachan. N\u00ed f\u00e9idir dreasachta\u00ed \u00f3n ard\u00e1n cearrbhachais a fh\u00e1il ach amh\u00e1in ag s\u00ednti\u00fas\u00f3ir\u00ed cl\u00e1raithe. Dreasachta\u00ed \u00f3n mbonn cearrbhachais: suimeanna cur chun cinn airgid, babhta\u00ed gan infheist\u00edochta\u00ed, geallt\u00f3ireacht gan infheist\u00edochta\u00ed i mbuna\u00edochta\u00ed geallt\u00f3ireachta, n\u00f3 luach saothair eile a bheidh ar oscailt duit tar \u00e9is an taisceadh tosaigh cist\u00ed ar an l\u00e1thair chearrbhachais agus tar \u00e9is a bheith i ngn\u00edomh ar an tairseach ceasa\u00edneo ar l\u00edne .<\/p>\n<h3>Ar cheart dom luach saothair a \u00fas\u00e1id?<\/h3>\n<p>I nd\u00e1ir\u00edre, braitheann c\u00e9 acu an luach saothair \u00f3n su\u00edomh cluich\u00edochta a \u00fas\u00e1id ach amh\u00e1in ar do mhian. T\u00e1 go leor molta\u00ed ag gach cur chun cinn, agus is \u00e9 do rogha f\u00e9in \u00e9 a dh\u00e9anamh amach agus aont\u00fa leo n\u00f3 gan aont\u00fa leo.<\/p>\n<p><strong>L\u00e9igh freisin faoi<\/strong>:<\/p>\n<ul>\n<li><a href=\"https:\/\/rocketplay-game.com\/ga\/bonus\/loyalty-program\/\">Cl\u00e1r D\u00edlseachta<\/a><\/li>\n<\/ul>\n","protected":false},"excerpt":{"rendered":"<p>D\u00e9anann ceasa\u00edneonna gr\u00e9as\u00e1in ploy marga\u00edochta chun imreoir\u00ed ionchasacha a mhealladh tr\u00ed luach saothair a aibhsi\u00fa. Cuid\u00edonn rannph\u00e1irtithe an chluiche b\u00f3nas Casino Rocket Play le strait\u00e9is an chluicheplay a thuiscint agus babhta\u00ed breise a fh\u00e1il roimh a gc\u00e9ad taisce cist\u00ed. T\u00e1 na luach saothair seo go hioml\u00e1n difri\u00fail ar gach ard\u00e1n cearrbhachais. Tar \u00e9is athbhreithni\u00fa a&#8230;<\/p>\n","protected":false},"author":1,"featured_media":0,"parent":1812,"menu_order":0,"comment_status":"closed","ping_status":"closed","template":"page-with-bonus.php","meta":{"_acf_changed":false,"_kad_post_transparent":"default","_kad_post_title":"default","_kad_post_layout":"default","_kad_post_sidebar_id":"","_kad_post_content_style":"default","_kad_post_vertical_padding":"default","_kad_post_feature":"","_kad_post_feature_position":"","_kad_post_header":false,"_kad_post_footer":false,"footnotes":""},"class_list":["post-1860","page","type-page","status-publish","hentry"],"acf":[],"rttpg_featured_image_url":null,"rttpg_author":{"display_name":"Tom","author_link":"https:\/\/rocketplay-game.com\/ga\/author\/pemvas95n89x\/"},"rttpg_comment":0,"rttpg_category":null,"rttpg_excerpt":"D\u00e9anann ceasa\u00edneonna gr\u00e9as\u00e1in ploy marga\u00edochta chun imreoir\u00ed ionchasacha a mhealladh tr\u00ed luach saothair a aibhsi\u00fa. Cuid\u00edonn rannph\u00e1irtithe an chluiche b\u00f3nas Casino Rocket Play le strait\u00e9is an chluicheplay a thuiscint agus babhta\u00ed breise a fh\u00e1il roimh a gc\u00e9ad taisce cist\u00ed. T\u00e1 na luach saothair seo go hioml\u00e1n difri\u00fail ar gach ard\u00e1n cearrbhachais. Tar \u00e9is athbhreithni\u00fa a...","_links":{"self":[{"href":"https:\/\/rocketplay-game.com\/ga\/wp-json\/wp\/v2\/pages\/1860","targetHints":{"allow":["GET"]}}],"collection":[{"href":"https:\/\/rocketplay-game.com\/ga\/wp-json\/wp\/v2\/pages"}],"about":[{"href":"https:\/\/rocketplay-game.com\/ga\/wp-json\/wp\/v2\/types\/page"}],"author":[{"embeddable":true,"href":"https:\/\/rocketplay-game.com\/ga\/wp-json\/wp\/v2\/users\/1"}],"replies":[{"embeddable":true,"href":"https:\/\/rocketplay-game.com\/ga\/wp-json\/wp\/v2\/comments?post=1860"}],"version-history":[{"count":3,"href":"https:\/\/rocketplay-game.com\/ga\/wp-json\/wp\/v2\/pages\/1860\/revisions"}],"predecessor-version":[{"id":5302,"href":"https:\/\/rocketplay-game.com\/ga\/wp-json\/wp\/v2\/pages\/1860\/revisions\/5302"}],"up":[{"embeddable":true,"href":"https:\/\/rocketplay-game.com\/ga\/wp-json\/wp\/v2\/pages\/1812"}],"wp:attachment":[{"href":"https:\/\/rocketplay-game.com\/ga\/wp-json\/wp\/v2\/media?parent=1860"}],"curies":[{"name":"wp","href":"https:\/\/api.w.org\/{rel}","templated":true}]}}