{"id":1877,"date":"2022-06-17T16:45:32","date_gmt":"2022-06-17T13:45:32","guid":{"rendered":"https:\/\/rocketplay-game.com\/download\/"},"modified":"2024-02-09T16:29:30","modified_gmt":"2024-02-09T13:29:30","slug":"download","status":"publish","type":"page","link":"https:\/\/rocketplay-game.com\/ga\/download\/","title":{"rendered":"\u00cdosluchtaigh casino ar l\u00edne RocketPlay"},"content":{"rendered":"<p>Sa l\u00e1 at\u00e1 inniu ann, is maith le go leor daoine a n-\u00e1dh a thriail agus sliot\u00e1in a imirt, agus t\u00e1 l\u00edon m\u00f3r institi\u00faid\u00ed ann chuige seo. Mar shampla, is f\u00e9idir leat Casino ar l\u00edne RocketPlay a \u00edosl\u00f3d\u00e1il. Ach t\u00e1 go leor ag smaoineamh an f\u00e9idir leat triail a imirt ar saor in aisce gan a gcuid airgid f\u00e9in a chailleadh? An bhfuil a leith\u00e9id de sheans ann? Agus freagraimid le muin\u00edn mh\u00f3r, n\u00ed hamh\u00e1in go bhfuil s\u00e9 ann, ach go bhfuil t\u00f3ir go leor air! Go h\u00e1irithe is maith le tosaitheoir\u00ed a imirt gan aon airgead. Coinnigh i gcuimhne sa ch\u00e1s seo nach f\u00e9idir leat do chuid buaite a tharraingt siar, toisc nach dtugann t\u00fa do chuid f\u00e9in, ach t\u00e1 go leor bunt\u00e1ist\u00ed eile ann. Sin a bhfuil muid chun labhairt faoi anois. Ach cuirimis t\u00fas le roinnt eolais bhun\u00fasach faoi chearrbhachas ar l\u00edne.<\/p>\n<p style=\"text-align: center;\"><img loading=\"lazy\" decoding=\"async\" class=\"aligncenter wp-image-4723\" src=\"https:\/\/rocketplay-game.com\/wp-content\/uploads\/2024\/02\/tytryew2.png\" alt=\"Download RocketPlay\" width=\"800\" height=\"388\" srcset=\"https:\/\/rocketplay-game.com\/wp-content\/uploads\/2024\/02\/tytryew2.png 1386w, https:\/\/rocketplay-game.com\/wp-content\/uploads\/2024\/02\/tytryew2-300x145.png 300w, https:\/\/rocketplay-game.com\/wp-content\/uploads\/2024\/02\/tytryew2-1024x496.png 1024w, https:\/\/rocketplay-game.com\/wp-content\/uploads\/2024\/02\/tytryew2-768x372.png 768w\" sizes=\"auto, (max-width: 800px) 100vw, 800px\" \/><\/p>\n<h2>Cad \u00e9 Casino Ar L\u00edne: Eolas \u00das\u00e1ideach<\/h2>\n<p>Ba ch\u00f3ir go mbeadh a fhios ag aon imreoir go bhfuil beagnach gach club sa l\u00e1 at\u00e1 inniu ann ag bogadh go dt\u00ed an fhorm\u00e1id ar l\u00edne de r\u00e9ir a ch\u00e9ile. Tairgeann ceasa\u00edneonna f\u00edor\u00fala beagnach an oiread meais\u00edn\u00ed agus na cinn traidisi\u00fanta. Mar sin, cuireann siad raon leathan siamsa\u00edochta ar f\u00e1il do chearrbhachas, lena n-\u00e1ir\u00edtear sliot\u00e1in ar l\u00edne, cluich\u00ed c\u00e1rta\u00ed, <a href=\"https:\/\/rocketplay-game.com\/ga\/poker\/\">poker<\/a> agus go leor eile. Agus t\u00e1 siad ar fad ar f\u00e1il d&#8217;aon imreoir a chinneann cuairt a thabhairt ar shu\u00edomh \u00e1irithe agus spraoi a bheith agat ann.<\/p>\n<p>I measc na mbunt\u00e1ist\u00ed a bhaineann le haon Casino ar an Idirl\u00edon t\u00e1 an fh\u00e9idearthacht go n-\u00edosl\u00f3d\u00e1lfar cluich\u00ed ceasa\u00edneo saor in aisce RocketPlay. Ligeann an rogha seo duit taitneamh a bhaint as do chaitheamh aimsire is fearr leat fi\u00fa nuair a bh\u00edonn t\u00fa as baile. Agus nuair a bh\u00edonn t\u00fa ar an dul, beidh t\u00fa in ann dul go dt\u00ed an su\u00edomh agus sliot\u00e1in a imirt.<\/p>\n<h2>Treoir casino \u00edosl\u00f3d\u00e1il<\/h2>\n<p>Cuir i gc\u00e1s go gcinnfidh t\u00fa aip Casino RocketPlay a \u00edosl\u00f3d\u00e1il. Sa ch\u00e1s sin, n\u00ed m\u00f3r duit dul ar aghaidh mar seo a leanas:<\/p>\n<ul>\n<li>\u00cdosl\u00f3d\u00e1il comhaid casino. Molaimid an Casino a \u00edosl\u00f3d\u00e1il go heisiach \u00f3na thairseach oifigi\u00fail. Ar an mbealach seo is f\u00e9idir leat a bheith cinnte nach mbeidh t\u00fa creiche do cheaters agus a fh\u00e1il go d\u00edreach na comhaid at\u00e1 uait &#8211; gan v\u00edris, Trojans agus bogearra\u00ed mail\u00edseach eile;<\/li>\n<li>Ag seoladh an chliaint. Nuair a bheidh na comhaid \u00edosl\u00f3d\u00e1la agat, n\u00edl le d\u00e9anamh agat ach iad a oscailt. N\u00e1 b\u00edodh deifir ort clice\u00e1il ar na cnaip\u00ed go l\u00e9ir &#8211; tabharfar leid duit go luath t\u00e9arma\u00ed an chomhaontaithe \u00fas\u00e1ideora a l\u00e9amh, teanga a roghn\u00fa don chomh\u00e9adan, agus mar sin de;<\/li>\n<li>Mura bhfuil pr\u00f3if\u00edl agat ar an su\u00edomh ceasa\u00edneo &#8220;ioml\u00e1n&#8221;, cruthaigh cuntas nua. M\u00e1 t\u00e1 pr\u00f3if\u00edl agat cheana f\u00e9in, log\u00e1il isteach ar do Chuntas Beo ag baint \u00fas\u00e1ide as do sheanainm \u00fas\u00e1ideora agus pasfhocal. Mura dtagann siad le d\u2019ainm \u00fas\u00e1ideora agus pasfhocal ar ch\u00fais ar bith, iarr taca\u00edocht theicni\u00fail.<\/li>\n<\/ul>\n<p>Tugann ceasa\u00edneonna ar l\u00edne in feidhmchl\u00e1ir shoghluaiste an rogha imeartha ar airgead f\u00edor n\u00f3 saor in aisce. Molaimid duit an leagan taispe\u00e1na saor in aisce a roghn\u00fa \u00f3 RocketPlay Casino agus ansin cluich\u00ed ceasa\u00edneo RocketPlay a \u00edosl\u00f3d\u00e1il ar airgead f\u00edor. Is f\u00e9idir leat a fh\u00e1il acquainted leis an roghchl\u00e1r, an su\u00edomh na cnaip\u00ed feidhme, a fhoghlaim go l\u00e9ir na gn\u00e9ithe agus cumais an gameplay. Ligeann an t-aistri\u00fa seo duit bot\u00fain a sheachaint.<\/p>\n<h2>Casinos soghluaiste &#8211; an bhfuil aon bunt\u00e1ist\u00ed acu?<\/h2>\n<p>\u00cdosl\u00f3d\u00e1lacha soghluaiste Casino RocketPlay chuig f\u00f3in chliste agus t\u00e1ibl\u00e9ad T\u00e1 roinnt bunt\u00e1ist\u00ed suntasacha ag clubanna cearrbhachais le sliot\u00e1in agus cluich\u00ed c\u00e1rta\u00ed:<\/p>\n<ul>\n<li>N\u00edl raon agus \u00e9ags\u00falacht na gcluich\u00ed n\u00edos l\u00fa n\u00e1 an m\u00e9id at\u00e1 ag fanacht leat ar an leagan ioml\u00e1n Casino;<\/li>\n<li>T\u00e1 comh\u00e9adan an fheidhmchl\u00e1ir inrochtana agus intuigthe fi\u00fa do dhaoine nua;<\/li>\n<li>T\u00e1 <a href=\"https:\/\/rocketplay-game.com\/ga\/mobile-version\/\">cosaint l\u00e1idir<\/a> ag feidhmchl\u00e1ir shoghluaiste i gcoinne c\u00f3d mail\u00edseach;<\/li>\n<li>St\u00f3r\u00e1iltear sonra\u00ed uile an imreora (cuntas agus cothroma\u00edocht) \u00f3n leagan rialta den cheasa\u00edneonna;<\/li>\n<li>Is gn\u00e1ch go mb\u00edonn grafaic\u00ed ar chaighde\u00e1n n\u00edos airde ag cluich\u00ed agus is l\u00fa an seans go reo;<\/li>\n<li>T\u00e1 rogha na su\u00edomhanna fairsing;<\/li>\n<li>N\u00edl aon nasc idirl\u00edn ardluais ag teast\u00e1il chun imirt. Fi\u00fa le l\u00edonra mall agus tr\u00e1cht \u00edosta is f\u00e9idir leat am iontach a bheith agat.<\/li>\n<\/ul>\n<p>An f\u00e9idir liom p\u00e1irt a ghlacadh i gcom\u00f3rtais cheasa\u00edneonna ar l\u00edne agus m\u00e9 ag imirt \u00f3 mo ghuth\u00e1n cliste? Is \u00e9 an freagra t\u00e1. Beidh gach ard\u00fa c\u00e9ime agus tairiscint\u00ed speisialta an chlub ar f\u00e1il duit. N\u00edl aon teorainn le h\u00edoca\u00edocht duaise ach an oiread<\/p>\n<h2>Conas a \u00edosl\u00f3d\u00e1il bogearra\u00ed casino<\/h2>\n<p>Chun rochtain a bheith agat i gc\u00f3na\u00ed ar mheais\u00edn\u00ed sliot\u00e1n RocketPlay, n\u00ed m\u00f3r duit a fh\u00e1il agus a \u00edosl\u00f3d\u00e1il Casino RocketPlay Astr\u00e1il at\u00e1 oiri\u00fanach don fheiste as a bhfuil t\u00fa chun rochtain a fh\u00e1il ar halla\u00ed f\u00edor\u00fail an chlub cluiche.<\/p>\n<h2>Roghanna a thairgeann riarach\u00e1n RocketPlay<\/h2>\n<p>\u00d3s rud \u00e9 nach bhfuil formh\u00f3r m\u00f3r na n-\u00fas\u00e1ideoir\u00ed Idirl\u00edn an-eolach ar bhunghn\u00e9ithe an r\u00edomhchl\u00e1r\u00fach\u00e1in, is iad na feidhmchl\u00e1ir mh\u00f3r\u00e9ilimh na cinn is f\u00e9idir a shuite\u00e1il ar ch\u00f3rais oibri\u00fach\u00e1in &#8220;bhun\u00fasacha&#8221;:<\/p>\n<ul>\n<li>Windows \u00f3 Microsoft;<\/li>\n<li>Android le Google;<\/li>\n<li>iOS ag Apple.<\/li>\n<\/ul>\n<h2>Conas a \u00edosl\u00f3d\u00e1il rocketplay do Android<\/h2>\n<p>Is f\u00e9idir leagan ioml\u00e1n de chluich\u00ed ceasa\u00edneo RocketPlay a \u00edosl\u00f3d\u00e1il tr\u00ed chlice\u00e1il ar an gcnaipe cu\u00ed ar an leathanach \u00edosl\u00f3d\u00e1la de do th\u00e1ibl\u00e9ad Android n\u00f3 d\u2019fh\u00f3n cliste Android. De ghn\u00e1th, n\u00ed ghlacfaidh an pr\u00f3iseas seo n\u00edos m\u00f3 n\u00e1 dh\u00e1 n\u00f3 tr\u00ed n\u00f3im\u00e9ad le nasc idirl\u00edn gn\u00e1th. Sula n-\u00edosl\u00f3d\u00e1lann t\u00fa \u00e9, cuimhnigh ar an mbosca &#8220;Ceadaigh suite\u00e1il \u00f3 fhoins\u00ed anaithnid&#8221; a sheice\u00e1il i socruithe sl\u00e1nd\u00e1la do ghiuirl\u00e9id.<\/p>\n<p>Nuair a bheidh an f\u00f3ntais RocketPlay \u00edosl\u00f3d\u00e1il, seoladh \u00e9 ag \u00fadar\u00fa a shuite\u00e1il an chl\u00e1ir. Nuair a bheidh an feidhmchl\u00e1r suite\u00e1ilte, beidh aicearra RocketPlay le feice\u00e1il ar do ghuth\u00e1n cliste n\u00f3 ar do dheasc t\u00e1ibl\u00e9ad.<\/p>\n<p>Ba cheart duit log\u00e1il isteach ansin chuig do Limist\u00e9ar Cliant Sl\u00e1n n\u00f3 an pr\u00f3iseas cl\u00e1r\u00fach\u00e1in a chr\u00edochn\u00fa agus as sin beidh t\u00fa in ann taitneamh a bhaint as na bunt\u00e1ist\u00ed go l\u00e9ir a bhaineann le bheith i do bhall ioml\u00e1n den chlub RocketPlay.<\/p>\n<h2>Conas a \u00edosl\u00f3d\u00e1il an app rocketplay le haghaidh windows<\/h2>\n<p>M\u00e1 t\u00e1 taith\u00ed agat ar spraoi a bheith agat i do chompord do bhaile f\u00e9in, t\u00e1 an RocketPlay do Windows iontach. Go h\u00e1irithe toisc go bhfuil s\u00e9 chomh h\u00e9asca \u00e9 a shuite\u00e1il ar r\u00edomhaire agus at\u00e1 s\u00e9 ar fh\u00f3n cliste:<\/p>\n<ul>\n<li>\u00edosl\u00f3d\u00e1il an aip agus \u00e9 a sh\u00e1bh\u00e1il i bhfillte\u00e1n de do rogha f\u00e9in ar do r\u00edomhaire;<\/li>\n<li>Rith suite\u00e1il na f\u00f3ntais tr\u00ed fhillte\u00e1n a roghn\u00fa chun \u00e9 a shuite\u00e1il;<\/li>\n<li>Clice\u00e1il ar an gcnaipe &#8220;D\u00fan&#8221;, go dt\u00ed go mbeidh an tsuite\u00e1il cr\u00edochnaithe.<\/li>\n<\/ul>\n<p>Agus t\u00e1 gach <a href=\"https:\/\/rocketplay-game.com\/ga\/bonus\/\">b\u00f3nais<\/a>, ard\u00fa c\u00e9ime agus iontas \u00f3 riarach\u00e1n RocketPlay ar f\u00e1il duit!<\/p>\n<p style=\"text-align: center;\"><img loading=\"lazy\" decoding=\"async\" class=\"wp-image-4712 aligncenter\" src=\"https:\/\/rocketplay-game.com\/wp-content\/uploads\/2024\/02\/31244399_smartphone231-scaled.jpg\" alt=\"Download RocketPlay 2\" width=\"800\" height=\"400\" srcset=\"https:\/\/rocketplay-game.com\/wp-content\/uploads\/2024\/02\/31244399_smartphone231-scaled.jpg 2560w, https:\/\/rocketplay-game.com\/wp-content\/uploads\/2024\/02\/31244399_smartphone231-300x150.jpg 300w, https:\/\/rocketplay-game.com\/wp-content\/uploads\/2024\/02\/31244399_smartphone231-1024x512.jpg 1024w, https:\/\/rocketplay-game.com\/wp-content\/uploads\/2024\/02\/31244399_smartphone231-768x384.jpg 768w, https:\/\/rocketplay-game.com\/wp-content\/uploads\/2024\/02\/31244399_smartphone231-1536x768.jpg 1536w, https:\/\/rocketplay-game.com\/wp-content\/uploads\/2024\/02\/31244399_smartphone231-2048x1024.jpg 2048w\" sizes=\"auto, (max-width: 800px) 100vw, 800px\" \/><\/p>\n<h2>Gn\u00e9ithe den stocaireacht casino is f\u00e9idir a \u00edosl\u00f3d\u00e1il<\/h2>\n<p>Cuireann gach monar\u00f3ir bogearra\u00ed cearrbhachais Idirl\u00edn a saintr\u00e9ithe f\u00e9in i bhfeidhm sna bogearra\u00ed is f\u00e9idir a \u00edosl\u00f3d\u00e1il. Mar riail, t\u00e1 na hailt seo a leanas ar f\u00e1il i gc\u00f3na\u00ed:<\/p>\n<ul>\n<li>Cl\u00e1r airgid thirim, i gc\u00e1s ina nd\u00e9antar na hidirbhearta airgeadais;<\/li>\n<li>Comh-aireachta le sonra\u00ed custaim\u00e9ir\u00ed;<\/li>\n<li>Stocaireacht le cluich\u00ed roinnte i rann\u00f3ga t\u00e9amacha;<\/li>\n<li>Fuinneog Tournaments;<\/li>\n<li>leathanach b\u00f3nais agus cur chun cinn;<\/li>\n<li>Modhanna chun dul i dteagmh\u00e1il leis na hionadaithe taca\u00edochta do chustaim\u00e9ir\u00ed;<\/li>\n<li>Bosca poist ina dtagann r\u00edomhphoist, agus mar sin de.<\/li>\n<\/ul>\n<p>D\u00e9anann na monar\u00f3ir\u00ed go l\u00e9ir iarracht na bogearra\u00ed cliant Casino a dh\u00e9anamh iomasach d&#8217;aon thosaitheoir\u00ed agus chomh \u00e1isi\u00fail agus is f\u00e9idir do gach \u00fas\u00e1ideoir. B\u00edonn socruithe \u00e9ags\u00fala agus gn\u00e9ithe breise ar f\u00e1il de ghn\u00e1th agus ba cheart eolas a chur orthu ar bhonn c\u00e1s ar ch\u00e1s.<\/p>\n<h2>An f\u00e9idir na cluich\u00ed d\u00e9ile\u00e1la\u00ed beo a \u00edosl\u00f3d\u00e1il?<\/h2>\n<p>Ceada\u00edonn an chuid is m\u00f3 de na tairseacha m\u00f3ra duit cluich\u00ed cearrbhachais a imirt le r\u00e1cad\u00f3ir\u00ed f\u00edor. M\u00e1 thairgeann institi\u00faid cl\u00e1r in-\u00edosl\u00f3d\u00e1ilte, f\u00e9adfaidh t\u00fa a bheith cinnte go gcuirfear an ceasa\u00edneo beo i l\u00e1thair san fhorm\u00e1id seo.<\/p>\n<p>Ach ligeann go leor su\u00edomhanna cearrbhachais brabhs\u00e1la\u00ed-bhunaithe duit imirt le f\u00edordh\u00e9ile\u00e1laithe gan aon bhogearra\u00ed breise a shuite\u00e1il.<\/p>\n<h2>Casinos ar l\u00edne<\/h2>\n<p>N\u00ed m\u00f3r a r\u00e1 go bhfuil an t-\u00e1dh leo le cearrbhachas ar l\u00edne. T\u00e1 siad t\u00f3gtha go leor le beagnach gach ceasa\u00edneo ar l\u00edne, beag beann ar na bogearra\u00ed a \u00fas\u00e1ideann siad, ar a gcead\u00fanas a oibr\u00edonn siad, n\u00f3 ar an \u00e1it a bhfuil a gcuid freastalaithe suite. Mar sin t\u00e1 raon leathan roghanna ann d\u2019imreoir\u00ed.<\/p>\n<p>Ina theannta sin, cuireann go leor ceasa\u00edneonna ar l\u00edne creidi\u00fanacha cos\u00fail le RocketPlay ar chumas custaim\u00e9ir\u00ed \u00f3n &#8220;M\u00f3r-Roinn Glas&#8221; \u00e9arlais\u00ed agus geall a dh\u00e9anamh i ndollair \u00e1isi\u00fala na hAstr\u00e1ile, agus cuireann cuid acu uimhreacha taca\u00edochta custaim\u00e9ara gan dola ar f\u00e1il d\u00f3ibh fi\u00fa.<\/p>\n<p>Go deimhin, t\u00e1 liosta na gceasa\u00edneonna ar l\u00edne d\u2019imreoir\u00ed na hAstr\u00e1ile agus na Nua-Sh\u00e9alainne fada. Agus m\u00e1 aonta\u00edonn c\u00f3naitheoir ar an &#8220;M\u00f3r-Roinn Ghlas&#8221; imirt in airgeadra\u00ed eile agus f\u00f3n taca\u00edochta idirn\u00e1isi\u00fanta a \u00fas\u00e1id, t\u00e1 formh\u00f3r m\u00f3r na mbuna\u00edochta\u00ed sin oiri\u00fanach d\u00f3ibh.<\/p>\n<p>Na 5 casinos is fearr ar l\u00edne:<\/p>\n<ul>\n<li>RocketPlay;<\/li>\n<li>Aoibhneas Casino;<\/li>\n<li>Seinn Frank;<\/li>\n<li>Casino Grand Reef;<\/li>\n<li>Casino pota \u00f3ir na cathrach.<\/li>\n<\/ul>\n<h2>Ceisteanna Coitianta faoi \u00edosl\u00f3d\u00e1lacha casino<\/h2>\n<ul>\n<li>An bhfuil go leor bunt\u00e1ist\u00ed ag ceasa\u00edneonna in-\u00edosl\u00f3d\u00e1ilte thar cheasa\u00edneonna brabhs\u00e1laithe?<\/li>\n<\/ul>\n<p>T\u00e1 a gcuid tuillteanais acu, ach t\u00e1 go leor bunt\u00e1ist\u00ed ag baint le ceasa\u00edneonna ar l\u00edne brabhs\u00e1la\u00ed-bhunaithe freisin. N\u00edl ann ach rogha phearsanta an imreora.<\/p>\n<ul>\n<li>An g\u00e1 ceasa\u00edneonna soghluaiste a \u00edosl\u00f3d\u00e1il?<\/li>\n<\/ul>\n<p>T\u00e1 n\u00edos m\u00f3 agus n\u00edos m\u00f3 ceasa\u00edneonna soghluaiste ar l\u00edne \u00e1 re\u00e1cht\u00e1il i mbrabhs\u00e1la\u00ed anois.<\/p>\n<ul>\n<li>An g\u00e1 do gach ceasa\u00edneo bogearra\u00ed a shuite\u00e1il le himirt?<\/li>\n<\/ul>\n<p>N\u00ed f\u00e9idir, oibr\u00edonn an chuid is m\u00f3 de na ceasa\u00edneonna ar l\u00edne is fearr sa bhrabhs\u00e1la\u00ed, mar sin n\u00ed g\u00e1 bogearra\u00ed a shuite\u00e1il.<\/p>\n","protected":false},"excerpt":{"rendered":"<p>Sa l\u00e1 at\u00e1 inniu ann, is maith le go leor daoine a n-\u00e1dh a thriail agus sliot\u00e1in a imirt, agus t\u00e1 l\u00edon m\u00f3r institi\u00faid\u00ed ann chuige seo. Mar shampla, is f\u00e9idir leat Casino ar l\u00edne RocketPlay a \u00edosl\u00f3d\u00e1il. Ach t\u00e1 go leor ag smaoineamh an f\u00e9idir leat triail a imirt ar saor in aisce gan&#8230;<\/p>\n","protected":false},"author":1,"featured_media":0,"parent":0,"menu_order":0,"comment_status":"closed","ping_status":"closed","template":"page-with-bonus.php","meta":{"_acf_changed":false,"_kad_post_transparent":"default","_kad_post_title":"default","_kad_post_layout":"default","_kad_post_sidebar_id":"","_kad_post_content_style":"default","_kad_post_vertical_padding":"default","_kad_post_feature":"","_kad_post_feature_position":"","_kad_post_header":false,"_kad_post_footer":false,"footnotes":""},"class_list":["post-1877","page","type-page","status-publish","hentry"],"acf":[],"rttpg_featured_image_url":null,"rttpg_author":{"display_name":"Tom","author_link":"https:\/\/rocketplay-game.com\/ga\/author\/pemvas95n89x\/"},"rttpg_comment":0,"rttpg_category":null,"rttpg_excerpt":"Sa l\u00e1 at\u00e1 inniu ann, is maith le go leor daoine a n-\u00e1dh a thriail agus sliot\u00e1in a imirt, agus t\u00e1 l\u00edon m\u00f3r institi\u00faid\u00ed ann chuige seo. Mar shampla, is f\u00e9idir leat Casino ar l\u00edne RocketPlay a \u00edosl\u00f3d\u00e1il. Ach t\u00e1 go leor ag smaoineamh an f\u00e9idir leat triail a imirt ar saor in aisce gan...","_links":{"self":[{"href":"https:\/\/rocketplay-game.com\/ga\/wp-json\/wp\/v2\/pages\/1877","targetHints":{"allow":["GET"]}}],"collection":[{"href":"https:\/\/rocketplay-game.com\/ga\/wp-json\/wp\/v2\/pages"}],"about":[{"href":"https:\/\/rocketplay-game.com\/ga\/wp-json\/wp\/v2\/types\/page"}],"author":[{"embeddable":true,"href":"https:\/\/rocketplay-game.com\/ga\/wp-json\/wp\/v2\/users\/1"}],"replies":[{"embeddable":true,"href":"https:\/\/rocketplay-game.com\/ga\/wp-json\/wp\/v2\/comments?post=1877"}],"version-history":[{"count":3,"href":"https:\/\/rocketplay-game.com\/ga\/wp-json\/wp\/v2\/pages\/1877\/revisions"}],"predecessor-version":[{"id":5289,"href":"https:\/\/rocketplay-game.com\/ga\/wp-json\/wp\/v2\/pages\/1877\/revisions\/5289"}],"wp:attachment":[{"href":"https:\/\/rocketplay-game.com\/ga\/wp-json\/wp\/v2\/media?parent=1877"}],"curies":[{"name":"wp","href":"https:\/\/api.w.org\/{rel}","templated":true}]}}