{"id":1885,"date":"2022-06-13T19:37:05","date_gmt":"2022-06-13T16:37:05","guid":{"rendered":"https:\/\/rocketplay-game.com\/table-games\/"},"modified":"2024-02-09T14:48:56","modified_gmt":"2024-02-09T11:48:56","slug":"table-games","status":"publish","type":"page","link":"https:\/\/rocketplay-game.com\/ga\/table-games\/","title":{"rendered":"Cearrbhachas cluich\u00ed boird ar l\u00edne ag RocketPlay Casino"},"content":{"rendered":"<p>In ainneoin gur sliot\u00e1in f\u00edse an chatag\u00f3ir is m\u00f3 t\u00f3ir ar chearrbhachas f\u00edor\u00fail inniu, is fearr le go leor de na daoine a bhfuil baint acu le riosca agus spleodar \u00e9 cluich\u00ed boird a chearrbhachas ar l\u00edne.<\/p>\n<p>T\u00e1 cluich\u00ed boird Casino RocketPlay ar cheann de na siamsa\u00edocht is sine sa chine daonna, nach bhfuil a t\u00f3ir caillte leis na c\u00e9adta bliain. T\u00e1 an t\u00f3ir seo mar gheall ar ch\u00faiseanna \u00e9ags\u00fala, ar a mbeidh t\u00fa ag foghlaim anseo, an Casino oifigi\u00fail ar l\u00edne RocketPlay.<\/p>\n<p><img loading=\"lazy\" decoding=\"async\" class=\"aligncenter wp-image-244\" src=\"https:\/\/rocketplay-game.com\/wp-content\/uploads\/2022\/06\/rocketplay-site-300x114.png\" alt=\"Cearrbhachas cluich\u00ed boird ar l\u00edne ag RocketPlay Casino\" width=\"800\" height=\"303\" srcset=\"https:\/\/rocketplay-game.com\/wp-content\/uploads\/2022\/06\/rocketplay-site-300x114.png 300w, https:\/\/rocketplay-game.com\/wp-content\/uploads\/2022\/06\/rocketplay-site-768x291.png 768w, https:\/\/rocketplay-game.com\/wp-content\/uploads\/2022\/06\/rocketplay-site.png 930w\" sizes=\"auto, (max-width: 800px) 100vw, 800px\" \/><\/p>\n<h2>Cluich\u00ed boird t\u00f3ir ar l\u00edne ag RocketPlay Casino<\/h2>\n<p>De r\u00e9ir r\u00e9altachta\u00ed reatha an tsaoil nua-aimseartha, t\u00e1 an chuid is m\u00f3 de shiamsa\u00edocht chearrbhachais tar \u00e9is bogadh isteach sa r\u00e9imse ar l\u00edne. M\u00e1 bhaineann t\u00fa leis an ngr\u00fapa daoine nach mbeidh a dhi\u00falt\u00fa chun iarracht a dh\u00e9anamh an bhfabhar fhort\u00fan ag an t\u00e1bla cluich\u00edochta &#8211; go h\u00e1irithe ar do shon RocketPlay cluich\u00ed t\u00e1bla casino ar l\u00edne \u00f3 na sol\u00e1thraithe is m\u00f3 ar domhan.<\/p>\n<p>Sa mh\u00edr seo is f\u00e9idir leat poker a imirt ar l\u00edne saor in aisce gan chl\u00e1r\u00fa n\u00f3 ar airgead f\u00edor. Ina theannta sin, go h\u00e1irithe duitse anseo t\u00e1 an baccarat cluiche c\u00e1rta\u00ed, an leagan Eorpach agus Meirice\u00e1nach de roulette, cluiche c\u00e1rta\u00ed fiche haon ar l\u00edne (aka blackjack) agus i bhfad n\u00edos m\u00f3. San alt seo t\u00e1 na cluich\u00ed boird Casino is fearr de chuid RocketPlay bailithe againn, at\u00e1 le f\u00e1il sna seomra\u00ed cearrbhachais ar fud an domhain.<\/p>\n<h2>Cluich\u00ed boird RocketPlay<\/h2>\n<p>Ag imirt sa leagan taispe\u00e1na, is f\u00e9idir le tosaitheoir\u00ed gn\u00e9ithe agus tr\u00e9ithe teoirici\u00fala meais\u00edn \u00e1irithe a fhoghlaim go c\u00faramach, agus gamblers n\u00edos m\u00f3 taith\u00ed &#8211; a gcuid scileanna f\u00e9in a chleachtadh agus strait\u00e9is\u00ed buaite aonair a fhorbairt.<\/p>\n<p>T\u00e1 grafaic\u00ed f\u00edor-r\u00e9ad\u00fala ardchaighde\u00e1in ag na meais\u00edn\u00ed go l\u00e9ir a chuirtear isteach, rud a chuireann le cruth\u00fa atmaisf\u00e9ar f\u00edorl\u00e1ithreacht an imreora sa seomra ceasa\u00edneo.<\/p>\n<p>Is ar an gc\u00fais seo, ar an gc\u00e9ad dul s\u00edos, sol\u00e1thraithe an domhain ar n\u00f3s Microgaming n\u00f3 Cluich\u00ed TomHorn &#8211; na forbr\u00f3ir\u00ed na pr\u00edomhch\u00faiseanna le emulators cluich\u00ed boird ar n\u00f3s poker, roulette ar l\u00edne, etc, aird a thabhairt ar chaighde\u00e1n na grafaic\u00ed, chomh maith le ceol. . Ina theannta sin, i l\u00e1thair ar an su\u00edomh RocketPlay cluich\u00ed t\u00e1bla Casino saor in aisce t\u00e1 comh\u00e9adan iomasach a shimpli\u00fa an pr\u00f3iseas foghlama mar \u00fas\u00e1ideoir.<\/p>\n<p>Aon imreoir a thugann cuairt ar an mbuna\u00edocht chearrbhachais fh\u00edor\u00fail, ba mhaith leis am a chaitheamh suimi\u00fail agus taitneamh a bhaint as an atmaisf\u00e9ar riosca, agus is \u00e9 sin an m\u00e9id is f\u00e9idir leis a dh\u00e9anamh RocketPlay ar l\u00edne cluich\u00ed boird Casino ar airgead f\u00edor. Ag d\u00e9anamh geallta f\u00edor, gheobhaidh t\u00fa an deis a bheith i do \u00fain\u00e9ir ar duais mh\u00f3r. Chun seo a dh\u00e9anamh, ach <a href=\"https:\/\/rocketplay-game.com\/ga\/registration\/\">cl\u00e1r\u00fa<\/a> ar an su\u00edomh gr\u00e9as\u00e1in RocketPlay, agus taisce ar aon bhealach \u00e1isi\u00fail.<\/p>\n<h2>Bunt\u00e1ist\u00ed a bhaineann le cluich\u00ed boird thar sliot\u00e1n f\u00edse\u00e1in<\/h2>\n<p>In ainneoin go bhfuil siad si\u00fad at\u00e1 ag dul i dtaith\u00ed ar shaol an chearrbhachais fh\u00edor\u00fail, is cos\u00fail go bhfuil aip cluich\u00ed boird Casino RocketPlay r\u00f3-chasta agus is fearr leo sliot\u00e1in f\u00edse geal agus ildaite, t\u00e1 an cinneadh seo beag\u00e1n m\u00edcheart.<\/p>\n<p>Tugann an chatag\u00f3ir seo aird na n-imreoir\u00ed ar raon leathan siamsa\u00edochta, ina measc is f\u00e9idir leat roghanna a aimsi\u00fa le rialacha casta agus cluich\u00ed simpl\u00ed nach g\u00e1 ach geall a dh\u00e9anamh agus an cnaipe tosaigh a bhr\u00fa.<\/p>\n<p>T\u00e1 rialacha mionsonraithe feistithe ag pr\u00edomhfhorbr\u00f3ir\u00ed ar a gcuid t\u00e1irg\u00ed, tr\u00edna bhf\u00e9adann fi\u00fa an t-imreoir a bhuaileann le cluich\u00ed den s\u00f3rt sin den ch\u00e9ad uair, an bhainist\u00edocht agus na gn\u00e9ithe bainist\u00edochta go l\u00e9ir a thuiscint go h\u00e9asca.<\/p>\n<h2>Cluiche t\u00e1bla roulette ag Casino ar l\u00edne RocketPlay<\/h2>\n<p>Agus nuair a figi\u00far t\u00fa amach na rialacha go l\u00e9ir agus t\u00fas a imirt &#8211; beidh an pr\u00f3iseas a ions\u00fa go hioml\u00e1n t\u00fa. Murab ionann agus meais\u00edn\u00ed sliot\u00e1n ina bhfuil an toradh 100% ag brath ar dhea-thoil Fortune, i gcluich\u00ed boird t\u00e1 an bunt\u00e1iste ar thaobh an imreora. Agus n\u00ed fhorbr\u00f3ir\u00ed fantais\u00edochta \u00e9 seo, ach f\u00edric chruthaithe i nd\u00e1ir\u00edre.<\/p>\n<p><img loading=\"lazy\" decoding=\"async\" class=\"aligncenter wp-image-4629\" src=\"https:\/\/rocketplay-game.com\/wp-content\/uploads\/2024\/02\/2222.png\" alt=\"Cearrbhachas cluich\u00ed boird ar l\u00edne ag RocketPlay Casino 2\" width=\"800\" height=\"431\" srcset=\"https:\/\/rocketplay-game.com\/wp-content\/uploads\/2024\/02\/2222.png 1343w, https:\/\/rocketplay-game.com\/wp-content\/uploads\/2024\/02\/2222-300x162.png 300w, https:\/\/rocketplay-game.com\/wp-content\/uploads\/2024\/02\/2222-1024x551.png 1024w, https:\/\/rocketplay-game.com\/wp-content\/uploads\/2024\/02\/2222-768x413.png 768w\" sizes=\"auto, (max-width: 800px) 100vw, 800px\" \/><\/p>\n<p>T\u00e1 a fhios ag gach duine gurb \u00e9 bun\u00fas aon sliot\u00e1n f\u00edse n\u00e1 ginead\u00f3ir uimhreacha randamacha &#8211; gl\u00e9as a chrutha\u00edonn seicheamh randamach uimhreacha. Taispe\u00e1ntar an toradh mar mheasc\u00e1n de siombail\u00ed ar na r\u00edleanna. Sa ch\u00e1s seo, gheall gach forbr\u00f3ir meais\u00edn\u00ed sliot\u00e1n ar dt\u00fas tuairisce\u00e1in ch\u00e9atad\u00e1in d&#8217;imreoir\u00ed. Sna sliot\u00e1in is fearr, ar f\u00e9idir leat a fh\u00e1il sa chuid \u00e1bhartha d\u00e1r l\u00e1ithre\u00e1n gr\u00e9as\u00e1in, t\u00e1 an c\u00e9atad\u00e1n seo thart ar 95%.<\/p>\n<p>Mar sin f\u00e9in, i siamsa\u00edocht an chatag\u00f3ir seo agus t\u00e1 Casino pr\u00e9imhe do na himreoir\u00ed i bhfad n\u00edos \u00edsle. Ina theannta sin, is f\u00e9idir leis an rannph\u00e1irt\u00ed smacht ioml\u00e1n an phr\u00f3isis agus an chluiche a choinne\u00e1il ina l\u00e1mha. I ngach ceasa\u00edneo ar l\u00edne cluich\u00ed boird a bhfuil an-t\u00f3ir orthu, d\u00e9antar toradh an chluiche a chinneadh den chuid is m\u00f3 n\u00ed hamh\u00e1in ag \u00e1dh an imreora, ach braitheann s\u00e9 go comhr\u00e9ireach ar na roghanna a dh\u00e9anann s\u00e9.<\/p>\n<p>Tugann an pr\u00f3iseas, a bhfuil an toradh ag brath ar chinnt\u00ed an \u00fas\u00e1ideora f\u00e9in, taith\u00ed i bhfad n\u00edos beoga agus saibhir, ag l\u00edonadh na fola le adrenaline. Mar sin, is iad na cluich\u00ed boird ceasa\u00edneo a bhaineann le himreoir\u00ed a bhfuil taith\u00ed acu le moth\u00fa i bhfad n\u00edos beoga ar an atmaisf\u00e9ar riosca agus spleodar.<\/p>\n<h2>Athr\u00fa ar an gcluiche c\u00e1rta\u00ed boird &#8211; poker video<\/h2>\n<p>Bunt\u00e1iste t\u00e1bhachtach eile is ea fad an chluiche. C\u00e9 go gcasann na r\u00edleanna go minic ar feadh c\u00fapla soicind, is f\u00e9idir le cluiche c\u00e1rta\u00ed i bp\u00f3ca Tr\u00ed Ch\u00e1rta <span style=\"font-weight: 400;\"><a href=\"https:\/\/rocketplay-game.com\/ga\/poker\/\">Poker<\/a><\/span> maireacht\u00e1il i bhfad n\u00edos faide. Is f\u00e9idir leat do chuid f\u00e9in a phiocadh suas, \u00e1isi\u00fail do do luas s\u00fagartha f\u00e9in, mar shampla sa sliot\u00e1n Baccara (Baccarat).<\/p>\n<h2>Conas cluiche boird a roghn\u00fa?<\/h2>\n<p>Ag roghn\u00fa siamsa\u00edocht oiri\u00fanach, ba ch\u00f3ir duit aird a thabhairt ar na pr\u00edomhghn\u00e9ithe seo a leanas:<\/p>\n<ul>\n<li>grafaic\u00ed ardchaighde\u00e1in;<\/li>\n<li>an cumas a imirt \u00f3 gl\u00e9as soghluaiste, a shol\u00e1thra\u00edonn taca\u00edocht do theicneola\u00edocht nu\u00e1lach HTML5 &#8211; ionas gur f\u00e9idir leat taitneamh a bhaint as do chuid cluich\u00ed is fearr leat ag am ar bith, in aon \u00e1it \u00e1isi\u00fail;<\/li>\n<li>oibri\u00fa cobhsa\u00ed &#8211; mar at\u00e1 i siamsa\u00edocht den s\u00f3rt sin braitheann an toradh go m\u00f3r ar na tactics a \u00fas\u00e1ideann an t-imreoir, is f\u00e9idir le haon teip n\u00f3 briseadh ar an nasc a bheith marfach;<\/li>\n<li>Meicnic r\u00e9ala\u00edoch an chluiche, a ligeann do rannph\u00e1irtithe taitneamh ioml\u00e1n a bhaint as an bpr\u00f3iseas imeartha, agus crutha\u00edonn s\u00e9 f\u00edor-atmaisf\u00e9ar l\u00e1ithreacht sa seomra cluiche ceasa\u00edneo;<\/li>\n<li>Ceada\u00edonn comhl\u00edonadh na gcaighde\u00e1n idirn\u00e1isi\u00fanta cearrbhachais d&#8217;\u00fas\u00e1ideoir\u00ed \u00f3 th\u00edortha \u00e9ags\u00fala p\u00e1irt a ghlacadh sa chluiche, gan smaoineamh ar na difr\u00edochta\u00ed sna rialacha.<\/li>\n<\/ul>\n<p>Casino b\u00f3nas gan aon taisce le haghaidh cluich\u00ed boird Clo\u00edonn RocketPlay go hioml\u00e1n leis na tr\u00e9ithe thuas go l\u00e9ir. Mar sin n\u00ed oscla\u00edonn t\u00fa ach an cluiche is mian leat &#8211; agus bain sult as an atmaisf\u00e9ar spreag\u00fail spleodar agus riosca leis an Casino ar l\u00edne RocketPlay!<\/p>\n<p><img loading=\"lazy\" decoding=\"async\" class=\"aligncenter wp-image-4638\" src=\"https:\/\/rocketplay-game.com\/wp-content\/uploads\/2024\/02\/33333.png\" alt=\"Cearrbhachas cluich\u00ed boird ar l\u00edne ag RocketPlay Casino 3\" width=\"800\" height=\"393\" srcset=\"https:\/\/rocketplay-game.com\/wp-content\/uploads\/2024\/02\/33333.png 1348w, https:\/\/rocketplay-game.com\/wp-content\/uploads\/2024\/02\/33333-300x147.png 300w, https:\/\/rocketplay-game.com\/wp-content\/uploads\/2024\/02\/33333-1024x503.png 1024w, https:\/\/rocketplay-game.com\/wp-content\/uploads\/2024\/02\/33333-768x377.png 768w\" sizes=\"auto, (max-width: 800px) 100vw, 800px\" \/><\/p>\n<h2>Cluich\u00ed T\u00e1bla Casino Ceisteanna Coitianta<\/h2>\n<h3>Cad iad na cluich\u00ed boird casino?<\/h3>\n<p>Is aithriseoir f\u00edor\u00fala iad cluich\u00ed boird de na cluich\u00ed c\u00e1rta\u00ed agus na cluich\u00ed roulette is coitianta a chuirtear i bhfeidhm leis an uasleibh\u00e9al r\u00e9alachais, chomh maith le cluich\u00ed beo le d\u00e9ile\u00e1la\u00ed beo. Anseo is f\u00e9idir leis an imreoir tionchar a imirt ar thoradh an bhabhta lena gcinnt\u00ed agus a scileanna f\u00e9in, agus crutha\u00edonn cur i bhfeidhm ard-chaighde\u00e1n f\u00edor-atmaisf\u00e9ar l\u00e1ithreacht sa seomra cearrbhachais f\u00edor.<\/p>\n<h3>Cad iad na cluich\u00ed boird is f\u00e9idir a imirt ag Casino ar l\u00edne RocketPlay?<\/h3>\n<p>Tugann an Casino ar l\u00edne RocketPlay gach cine\u00e1l cluich\u00ed boird t\u00f3ir ar airgead: c\u00e1rta\u00ed (poker, blackjack agus baccarat), roulette (Fraincis, Meirice\u00e1nach agus Eorpach), craps, scratch agus eile. Is catag\u00f3ir ar leith \u00e9 cluich\u00ed le d\u00e9ile\u00e1laithe beo (Ceasa\u00edneo Beo): d\u00edsle, baccarat, poker chomh maith le crannchuir agus roth an fhort\u00fan. M\u00e1 fh\u00e9achann t\u00fa ar na cluich\u00ed aonair, t\u00e1 cluich\u00ed boird seans ar l\u00edne \u00f3 na sol\u00e1thraithe Tom Horn, Microgaming, Playtech, Playson, Amatic agus BetGames TV.<\/p>\n<h3>C\u00e9n cluiche cearrbhachais ar an t\u00e1bla a roghna\u00edonn t\u00fa a imirt ar airgead?<\/h3>\n<p>Is ceist aonair \u00ed an cluiche boird is fearr ar l\u00edne a roghn\u00fa &#8211; c\u00e1rta\u00ed n\u00f3 roulette &#8211; le himirt ar ghealltanais fh\u00edora. \u00d3s rud \u00e9, murab ionann agus sliot\u00e1n f\u00edse, \u00e1it a bhfuil an gameplay comhionann den chuid is m\u00f3, t\u00e1 a charachtar uath\u00fail f\u00e9in ag gach speiceas. Chomh maith leis sin, aird a thabhairt ar an gc\u00e9atad\u00e1n \u00edoca\u00edochta de shamhail \u00e1irithe (le haghaidh poker f\u00edse\u00e1in agus meais\u00edn\u00ed sliot\u00e1n le roulette), t\u00e1scaire a th\u00e9ann i bhfeidhm go d\u00edreach ar bhrab\u00fasacht do chluiche. Is minic a roghna\u00edonn imreoir\u00ed a bhfuil taith\u00ed acu Aces and Faces Poker, Roulette na Fraince, Bet-on-Poker agus Deuces Wild.<\/p>\n<h3>Cad iad na cluich\u00ed boird ceasa\u00edneo ar l\u00edne is fearr: roulette, c\u00e1rta\u00ed n\u00f3 craps?<\/h3>\n<p>N\u00ed f\u00e9idir an cheist a fhreagairt go haonfhoirmeach maidir le c\u00e9 acu cluich\u00ed boird ceasa\u00edneo ar l\u00edne is fearr, mar is ceist rogha an duine aonair \u00e9. M\u00e1 ghlacann t\u00fa mar bhun\u00fas leis an t\u00f3ir ioml\u00e1n a bhaineann leis an gcine\u00e1l seo meais\u00edn\u00ed sliot\u00e1n i measc imreoir\u00ed, is iad na c\u00e1rta\u00ed is m\u00f3 a bhfuil t\u00f3ir orthu, eadhon poker f\u00edse\u00e1in, as a gcoinn\u00edonn blackjack f\u00edor\u00fail luas go praitici\u00fail. N\u00ed Roulette freisin chailleann a seasamh sa incarnation f\u00edor\u00fail, t\u00e1 \u00fadar a &#8220;teideal r\u00edoga.<\/p>\n<h3>An f\u00e9idir liom cluich\u00ed boird seans a imirt saor in aisce?<\/h3>\n<p>Ar shu\u00edomh Gr\u00e9as\u00e1in oifigi\u00fail an Casino RocketPlay is f\u00e9idir leat triail a bhaint as aon mheais\u00edn boird i m\u00f3d taispe\u00e1na saor in aisce. N\u00ed cluiche Demo a cheangal ar chl\u00e1r\u00fa ar an su\u00edomh n\u00f3 \u00e9arlais, agus t\u00e1 s\u00e9 ar f\u00e1il do gach cuairteoir ar an tionscadal, ach a roghn\u00fa an tsamhail chu\u00ed agus dul ar aghaidh go dt\u00ed an cluiche.<\/p>\n","protected":false},"excerpt":{"rendered":"<p>In ainneoin gur sliot\u00e1in f\u00edse an chatag\u00f3ir is m\u00f3 t\u00f3ir ar chearrbhachas f\u00edor\u00fail inniu, is fearr le go leor de na daoine a bhfuil baint acu le riosca agus spleodar \u00e9 cluich\u00ed boird a chearrbhachas ar l\u00edne. T\u00e1 cluich\u00ed boird Casino RocketPlay ar cheann de na siamsa\u00edocht is sine sa chine daonna, nach bhfuil a&#8230;<\/p>\n","protected":false},"author":1,"featured_media":0,"parent":0,"menu_order":0,"comment_status":"closed","ping_status":"closed","template":"page-with-bonus.php","meta":{"_acf_changed":false,"_kad_post_transparent":"default","_kad_post_title":"default","_kad_post_layout":"default","_kad_post_sidebar_id":"","_kad_post_content_style":"default","_kad_post_vertical_padding":"default","_kad_post_feature":"","_kad_post_feature_position":"","_kad_post_header":false,"_kad_post_footer":false,"footnotes":""},"class_list":["post-1885","page","type-page","status-publish","hentry"],"acf":[],"rttpg_featured_image_url":null,"rttpg_author":{"display_name":"Tom","author_link":"https:\/\/rocketplay-game.com\/ga\/author\/pemvas95n89x\/"},"rttpg_comment":0,"rttpg_category":null,"rttpg_excerpt":"In ainneoin gur sliot\u00e1in f\u00edse an chatag\u00f3ir is m\u00f3 t\u00f3ir ar chearrbhachas f\u00edor\u00fail inniu, is fearr le go leor de na daoine a bhfuil baint acu le riosca agus spleodar \u00e9 cluich\u00ed boird a chearrbhachas ar l\u00edne. T\u00e1 cluich\u00ed boird Casino RocketPlay ar cheann de na siamsa\u00edocht is sine sa chine daonna, nach bhfuil a...","_links":{"self":[{"href":"https:\/\/rocketplay-game.com\/ga\/wp-json\/wp\/v2\/pages\/1885","targetHints":{"allow":["GET"]}}],"collection":[{"href":"https:\/\/rocketplay-game.com\/ga\/wp-json\/wp\/v2\/pages"}],"about":[{"href":"https:\/\/rocketplay-game.com\/ga\/wp-json\/wp\/v2\/types\/page"}],"author":[{"embeddable":true,"href":"https:\/\/rocketplay-game.com\/ga\/wp-json\/wp\/v2\/users\/1"}],"replies":[{"embeddable":true,"href":"https:\/\/rocketplay-game.com\/ga\/wp-json\/wp\/v2\/comments?post=1885"}],"version-history":[{"count":3,"href":"https:\/\/rocketplay-game.com\/ga\/wp-json\/wp\/v2\/pages\/1885\/revisions"}],"predecessor-version":[{"id":5205,"href":"https:\/\/rocketplay-game.com\/ga\/wp-json\/wp\/v2\/pages\/1885\/revisions\/5205"}],"wp:attachment":[{"href":"https:\/\/rocketplay-game.com\/ga\/wp-json\/wp\/v2\/media?parent=1885"}],"curies":[{"name":"wp","href":"https:\/\/api.w.org\/{rel}","templated":true}]}}