{"id":1894,"date":"2022-06-13T18:04:06","date_gmt":"2022-06-13T15:04:06","guid":{"rendered":"https:\/\/rocketplay-game.com\/bingo\/"},"modified":"2025-11-21T13:10:58","modified_gmt":"2025-11-21T10:10:58","slug":"bingo","status":"publish","type":"page","link":"https:\/\/rocketplay-game.com\/ga\/bingo\/","title":{"rendered":"Conas Bingo a Imirt ag RocketPlay Casino"},"content":{"rendered":"<p>Mura ndearna t\u00fa bingo ar l\u00edne saor in aisce ar <a href=\"https:\/\/rocketplay-game.com\/ga\">RocketPlay<\/a> riamh roimhe seo, is f\u00e9idir leat rialacha an chluiche a thuiscint go h\u00e9asca, mar is cluiche Pota \u00d3ir simpl\u00ed \u00e9 Bingo a bhfuil go leor daoine san ioma\u00edocht i ngach capall le haghaidh duais amh\u00e1in (n\u00f3 n\u00edos m\u00f3). Mar sin f\u00e9in, t\u00e1 roinnt form\u00e1id\u00ed \u00e9ags\u00fala inar f\u00e9idir an cluiche seo a imirt, agus \u00fas\u00e1ideann gach ceann acu rialacha beag\u00e1n difri\u00fail.<\/p>\n<p>Sa chluiche seo, ceanna\u00edonn imreoir\u00ed c\u00e1rta\u00ed le greille c\u00faig-ar-c\u00faig. Baineann c\u00faig uimhir dh\u00e9ag le gach ceann de na c\u00faig chol\u00fan, agus de ghn\u00e1th baintear gach col\u00fan le ceann de na litreacha B-I-N-G-O. Mar shampla, t\u00e1 B uimhreacha 1-15, I T\u00e1 uimhreacha 16-30, etc. T\u00e1 na c\u00e1rta\u00ed go randamach uimhreacha sannta i ngach col\u00fan \u00f3n raon cu\u00ed. I go leor cine\u00e1lacha athbhreithni\u00fa bingo RocketPlay ar l\u00edne, cuirtear an l\u00e1rionad ar f\u00e1il d&#8217;imreoir\u00ed ag t\u00fas an chluiche mar &#8220;chearn\u00f3g saor in aisce,&#8221; a fhreastala\u00edonn go pr\u00edomha chun an cluiche a bhrost\u00fa ar bhealach \u00e9igin.<\/p>\n<p><img loading=\"lazy\" decoding=\"async\" class=\"aligncenter wp-image-220\" src=\"https:\/\/rocketplay-game.com\/wp-content\/uploads\/2022\/06\/rocketplaycasino-300x113.webp\" alt=\"\" width=\"800\" height=\"300\" srcset=\"https:\/\/rocketplay-game.com\/wp-content\/uploads\/2022\/06\/rocketplaycasino-300x113.webp 300w, https:\/\/rocketplay-game.com\/wp-content\/uploads\/2022\/06\/rocketplaycasino-1024x384.webp 1024w, https:\/\/rocketplay-game.com\/wp-content\/uploads\/2022\/06\/rocketplaycasino-768x288.webp 768w, https:\/\/rocketplay-game.com\/wp-content\/uploads\/2022\/06\/rocketplaycasino.webp 1140w\" sizes=\"auto, (max-width: 800px) 100vw, 800px\" \/><\/p>\n<p>F\u00f3gra\u00edonn an t-\u00f3stach na huimhreacha, ceann ar cheann, agus marc\u00e1lann na himreoir\u00ed na r\u00e9ims\u00ed comhfhreagracha ar a gc\u00e1rta\u00ed nuair a mheaitse\u00e1lann na huimhreacha sin. Is \u00e9 sprioc an chluiche n\u00e1 a bheith ar an gc\u00e9ad imreoir a l\u00edonfaidh na huimhreacha at\u00e1 ag teast\u00e1il le haghaidh cluiche ar leith. Is minic a chaithfidh imreoir\u00ed sraith chothrom\u00e1nach, ingearach n\u00f3 trasn\u00e1nach de ch\u00faig r\u00e9imse as a ch\u00e9ile a l\u00edonadh. Is f\u00e9idir p\u00edosa\u00ed \u00e9ags\u00fala eile a dh\u00e9anamh freisin: rhombuses, ceithre choirn\u00e9al, fr\u00e1ma\u00ed, litreacha, cl\u00fadach ioml\u00e1n ar na r\u00e9ims\u00ed (an &#8220;blackout&#8221; mar a thugtar air). Go ginear\u00e1lta, is f\u00e9idir aon ph\u00edosa a \u00fas\u00e1id, chomh fada agus a thuigeann imreoir\u00ed cad at\u00e1 ag teast\u00e1il chun bua a bhaint amach. Go traidisi\u00fanta, tar \u00e9is d\u2019imreoir a ph\u00edosa n\u00f3 a p\u00edosa a dh\u00fanadh, caithfidh s\u00e9 n\u00f3 s\u00ed \u201cBINGO!\u201d a ghlaoch, agus mar sin f\u00edor\u00f3idh an t-\u00f3stach tic\u00e9ad an imreora agus gheobhaidh an t-imreoir duais don chluiche n\u00f3 don ph\u00edosa sin.<\/p>\n<p>I gcuid mh\u00f3r den domhan, go h\u00e1irithe san Astr\u00e1il, t\u00e1 \u00e9ags\u00falacht den chluiche ar a dtugtar Bingo 90-Ball coitianta go pr\u00edomha. Sa ch\u00e1s seo, faigheann imreoir\u00ed c\u00e1rta\u00ed le tr\u00ed shraith agus naoi gcol\u00fan. Mar sin f\u00e9in, n\u00ed bheidh ach c\u00faig uimhir in aghaidh an chol\u00fain (beidh na r\u00e9ims\u00ed at\u00e1 f\u00e1gtha b\u00e1n), rud a chialla\u00edonn go mbeidh 15 uimhir ar ch\u00e1rta gach imreora. T\u00e1 baint ag na huimhreacha i ngach col\u00fan le gr\u00fapa\u00ed \u00e9ags\u00fala de thart ar dheich n-uimhreacha: n\u00ed fh\u00e9adfaidh ach uimhreacha 1-9 a bheith sa ch\u00e9ad chol\u00fan, f\u00e9adfaidh uimhreacha 10-19 a bheith sa dara col\u00fan, agus beidh uimhreacha 80-90 sa nao\u00fa col\u00fan.<\/p>\n<p>Sa chluiche b\u00f3nas bingo rialta RocketPlay ar l\u00edne, bronntar tr\u00ed dhuais \u00e9ags\u00fala. Tugtar an ch\u00e9ad duais, is l\u00fa, don bhuaiteoir le haghaidh &#8220;l\u00edne amh\u00e1in,&#8221; arb \u00ed an ch\u00e9ad imreoir \u00e9 a dh\u00e9anfaidh na c\u00faig uimhir ar fad ar l\u00edne chothrom\u00e1nach ar a gc\u00e1rta a thomhas. Tugtar an dara duais sealadach don imreoir a l\u00edonann dh\u00e1 l\u00edne (deich r\u00e9imse san ioml\u00e1n &#8211; na spota\u00ed mar a thugtar orthu). Ar deireadh, t\u00e9ann an duais mh\u00f3r chuig an gc\u00e9ad imreoir (n\u00f3 imreoir\u00ed) chun &#8220;teach ioml\u00e1n&#8221; a fh\u00e1il tr\u00ed na 15 uimhir ar a gc\u00e1rta a sheice\u00e1il i gceart.<\/p>\n<p>T\u00e1 leaganacha eile den chluiche coitianta freisin, fi\u00fa mura bhfuil an oiread sin t\u00f3ir orthu n\u00e1 an d\u00e1 phr\u00edomhrogha. \u00das\u00e1ideann c\u00e1rta\u00ed ar l\u00edne cluich\u00ed biong\u00f3 80-Ball RocketPlay figi\u00far ceithre-ar-cheathair, ach is m\u00f3 de chluiche 75-liathr\u00f3id \u00e9 an cluiche seo, agus is minic a bh\u00edonn an sprioc d&#8217;imreoir\u00ed at\u00e1 ag iarraidh duais a bhuachan na l\u00ednte n\u00f3 na p\u00edosa\u00ed go l\u00e9ir a chl\u00fadach. Is leagan &#8220;tapa&#8221; den chluiche \u00e9 leagan den chluiche seo, 30-Ball: is gn\u00e1ch go bhfaigheann imreoir\u00ed c\u00e1rta tr\u00ed-ar-tr\u00ed, agus faigheann an ch\u00e9ad duine a l\u00edonann an c\u00e1rta ioml\u00e1n duais an ch\u00f3in sin.<\/p>\n<h2>Do ch\u00e1rta f\u00edor\u00fail a l\u00edonadh<\/h2>\n<p>Seoladh bingo s\u00fagartha RocketPlay ar l\u00edne ag deireadh na n\u00f3chaid\u00ed, agus bh\u00ed na ch\u00e9ad leaganacha den chluiche le feice\u00e1il ar l\u00edne thart ar 1996. Bh\u00ed go leor de na cluich\u00ed seo saor in aisce, chuir roinnt acu duaiseanna ar f\u00e1il do na buaiteoir\u00ed (n\u00ed i bhfoirm airgid de ghn\u00e1th). N\u00edor thosaigh bingo f\u00edor-airgead ag scaipeadh ar l\u00edne ach i nd\u00e1ir\u00edre tar \u00e9is do go leor cine\u00e1lacha eile cearrbhachais ar l\u00edne, cos\u00fail le poker ar l\u00edne, a bheith rath\u00fail sa ch\u00e9ad deich mbliana den 21\u00fa haois.<\/p>\n<p>Sa l\u00e1 at\u00e1 inniu ann, is f\u00e9idir le himreoir\u00ed a roghn\u00fa as an iliomad su\u00edomhanna creidi\u00fanacha, iontaofa agus coitianta, ar n\u00f3s RocketPlay ar l\u00edne bingo Astr\u00e1il.<\/p>\n<p>Is iad na form\u00e1id\u00ed is coitianta n\u00e1 75 agus 90 liathr\u00f3id. Braitheann d\u00e1ileadh cine\u00e1lacha aonair cluiche ar na r\u00e9igi\u00fain a bhfuil su\u00edomh \u00e1irithe d\u00edrithe orthu: mar sin, m\u00e1s Meirice\u00e1naigh n\u00f3 Ceanadach pr\u00edomhlucht f\u00e9achana an tsu\u00edmh, is d\u00f3cha go mbeidh an fhorm\u00e1id BI-N-G-O ceannasach.<\/p>\n<p>T\u00e1 gn\u00e9ithe coitianta i bhformh\u00f3r na gc\u00f3ras bogearra\u00ed ar f\u00e9idir le himreoir\u00ed a \u00fas\u00e1id chun a gcluiche a eagr\u00fa ar bhealach n\u00edos fearr. Agus c\u00e9 go mb\u00edonn an rogha ag gach imreoir c\u00e1rta\u00ed a mharc\u00e1il de l\u00e1imh de ghn\u00e1th (an cluiche a dh\u00e9anamh n\u00edos gaire don mhodh beo), t\u00e1 gn\u00e9 &#8220;uathlip\u00e9ad&#8221; ann freisin a dh\u00e9anann an obair seo go huathoibr\u00edoch &#8211; gn\u00e9 at\u00e1 \u00fas\u00e1ideach go h\u00e1irithe agus iad ag imirt le go leor c\u00e1rta\u00ed.<\/p>\n<p>Ag labhairt d\u00f3ibh si\u00fad a imr\u00edonn leis an iomarca c\u00e1rta\u00ed agus nach bhfuil in ann s\u00fail a choinne\u00e1il orthu go l\u00e9ir, t\u00e1 su\u00edomhanna ann a thairgeann beala\u00ed chun do phr\u00edomhghn\u00edomhartha a mharc\u00e1il nuair a bhuann t\u00fa con. De ghn\u00e1th tairgtear meicn\u00edocht \u00e1irithe s\u00f3rt\u00e1la a bhogann do ch\u00e1rta\u00ed is rath\u00fala go dt\u00ed an barr, rud a ligeann duit a fheice\u00e1il l\u00e1ithreach c\u00e9 chomh gar agus at\u00e1 t\u00fa do ph\u00edosa buaiteach a dh\u00e9anamh.<\/p>\n<p><img loading=\"lazy\" decoding=\"async\" class=\"aligncenter wp-image-219\" src=\"https:\/\/rocketplay-game.com\/wp-content\/uploads\/2022\/06\/2832_rocketplay-game-selection-300x176.webp\" alt=\"\" width=\"800\" height=\"471\" srcset=\"https:\/\/rocketplay-game.com\/wp-content\/uploads\/2022\/06\/2832_rocketplay-game-selection-300x176.webp 300w, https:\/\/rocketplay-game.com\/wp-content\/uploads\/2022\/06\/2832_rocketplay-game-selection.webp 680w\" sizes=\"auto, (max-width: 800px) 100vw, 800px\" \/><\/p>\n<h2>Conas Tosaigh?<\/h2>\n<p>M\u00e1 chinn t\u00fa triail a bhaint as do l\u00e1mh ag biong\u00f3 ar l\u00edne RocketPlay, rinne t\u00fa an cinneadh ceart. Tugann an su\u00edomh cluiche bingo RocketPlay ar l\u00edne f\u00edor-airgead ar do chr\u00edoch.<\/p>\n<p>Tar \u00e9is duit cuntas a oscailt, beidh ort bealach a aimsi\u00fa chun \u00e9arlais a dh\u00e9anamh d\u00f3. Maidir le cluiche bingo gan taisce RocketPlay ar l\u00edne, \u00fas\u00e1idtear roghanna bainc\u00e9ireachta \u00e9ags\u00fala le haghaidh cearrbhachas idirl\u00edn, agus t\u00e1 siad mar a ch\u00e9ile, a bheag n\u00f3 a mh\u00f3r, leo si\u00fad a thairgtear i <a href=\"https:\/\/rocketplay-game.com\/ga\/casino\/\">gceasa\u00edneonna ar l\u00edne<\/a>. Mura bhfuil t\u00fa eolach orthu, seo duit m\u00ednithe ar na modhanna is coitianta a \u00fas\u00e1ideann imreoir\u00ed:<\/p>\n<ul>\n<li>C\u00e1rta\u00ed Creidmheasa: An f\u00e9idir liom c\u00e1rta\u00ed creidmheasa a \u00fas\u00e1id chun na cr\u00edche seo? Glactar go forleathan le Visa agus MasterCard i ndomhan an chearrbhachais ar l\u00edne, c\u00e9 go bhfuil s\u00e9 de dhualgas ar na bainc eisi\u00fana c\u00e9 acu an dteasta\u00edonn uathu a gc\u00e1rta\u00ed a \u00fas\u00e1id ar shu\u00edmh den s\u00f3rt sin. Cialla\u00edonn s\u00e9 sin go mb\u2019fh\u00e9idir go bhfaighidh t\u00fa amach nach bpr\u00f3ise\u00e1iltear roinnt c\u00e1rta\u00ed ag cuid de na su\u00edomhanna ar mhaith leat cearrbhachas a dh\u00e9anamh orthu.<\/li>\n<li>Spar\u00e1n Leictreonach: Ligeann na seirbh\u00eds\u00ed seo duit airgead a choinne\u00e1il i &#8220;spar\u00e1n&#8221; f\u00edor\u00fail ar f\u00e9idir leat \u00e9 a \u00fas\u00e1id chun taisc\u00ed a dh\u00e9anamh, aistarraingt\u00ed a phr\u00f3ise\u00e1il, n\u00f3 airgead a sheoladh ar ais chuig do chuntas bainc. De ghn\u00e1th, nascann r-spar\u00e1n le do chuntas bainc, c\u00e1rta creidmheasa n\u00f3 foinse maoinithe eile, agus ansin is f\u00e9idir leat an r-spar\u00e1n a \u00fas\u00e1id chun d&#8217;idirbhearta bainc\u00e9ireachta go l\u00e9ir a chomhord\u00fa. Is r-spar\u00e1n coitianta iad Skrill agus Neteller ar fud an domhain cluich\u00edochta, agus glactar le PayPal (b&#8217;fh\u00e9idir an r-spar\u00e1n is c\u00e1ili\u00fala chun cr\u00edocha ginear\u00e1lta) ar roinnt su\u00edomhanna.<\/li>\n<li>Aistrithe bainc: Mura dteasta\u00edonn uait d\u00e9ile\u00e1il le hidirghabh\u00e1laithe, is f\u00e9idir leat i gc\u00f3na\u00ed airgead a aistri\u00fa go d\u00edreach \u00f3 do bhanc go dt\u00ed an su\u00edomh ceart.<\/li>\n<li>Dearbh\u00e1in\/c\u00e1rta\u00ed r\u00e9amh\u00edoctha: B&#8217;fh\u00e9idir gur mhaith leat airgead tirim a \u00fas\u00e1id chun do chluiche a mhaoini\u00fa, ach n\u00ed f\u00e9idir leat c\u00fapla dollar a th\u00f3g\u00e1il agus \u00e9 a sheoladh chuig an su\u00edomh is fearr leat. Ina \u00e1it sin, is f\u00e9idir leat t\u00e1irge r\u00e9amh\u00edoctha a cheannach, a gheobhaidh t\u00fa mar aon le c\u00f3d le h\u00fas\u00e1id ar do shu\u00edomh inmhianaithe chun do chuntas a mhaoini\u00fa. Sampla iontach amh\u00e1in is ea Ukash. Is dearbh\u00e1n \u00e9 a dh\u00edoltar ag m\u00edle ionad miond\u00edola. Rogha coitianta eile \u00e9 PaySafeCard chun \u00e9arlais\u00ed r\u00e9amh\u00edoctha a dh\u00e9anamh.<\/li>\n<\/ul>\n<p>N\u00edl anseo ach cuid den iliomad beala\u00ed chun do chuntas a mhaoini\u00fa. De ghn\u00e1th is ar an mbealach c\u00e9anna a dh\u00e9antar do chuid eis\u00edoca\u00edochta\u00ed a fh\u00e1il &#8211; ina theannta sin, beidh an chuid is m\u00f3 d\u2019oibreoir\u00ed s\u00e1sta seic a sheoladh chugat sa phost an \u00e9 sin an bealach is fearr chun do chuid buaite a fh\u00e1il. M\u00e1 t\u00e1 cuntas agat cheana f\u00e9in agus m\u00e1 t\u00e1 an t-iarmh\u00e9id agat le cur leis, beidh t\u00fa in ann c\u00e1rta\u00ed a cheannach agus do ch\u00e9ad chluiche a imirt i gceann c\u00fapla n\u00f3im\u00e9ad!<\/p>\n<p>Chomh fada agus a bhaineann le bogearra\u00ed, t\u00e1 taca\u00edocht ag RocketPlay \u00f3 ard\u00e1in \u00edoca\u00edochta meandracha ar f\u00e9idir teacht orthu go d\u00edreach \u00f3 do bhrabhs\u00e1la\u00ed gr\u00e9as\u00e1in. Na laethanta seo, mar at\u00e1 le cine\u00e1lacha eile cearrbhachas Idirl\u00edn, t\u00e1 m\u00e9ad\u00fa suntasach tagtha ar an sp\u00e9is i Bingo soghluaiste. Cuireann RocketPlay Casino aip ar f\u00e1il ar f\u00e9idir teacht air go d\u00edreach \u00f3 <a href=\"https:\/\/rocketplay-game.com\/ga\/mobile-version\/\">d\u2019fh\u00f3n<\/a> cliste n\u00f3 do thaibl\u00e9ad, a ligeann duit l\u00e9im isteach agus c\u00fapla geall a imirt agus t\u00fa nasctha leis an idirl\u00edon.<\/p>\n","protected":false},"excerpt":{"rendered":"<p>Mura ndearna t\u00fa bingo ar l\u00edne saor in aisce ar RocketPlay riamh roimhe seo, is f\u00e9idir leat rialacha an chluiche a thuiscint go h\u00e9asca, mar is cluiche Pota \u00d3ir simpl\u00ed \u00e9 Bingo a bhfuil go leor daoine san ioma\u00edocht i ngach capall le haghaidh duais amh\u00e1in (n\u00f3 n\u00edos m\u00f3). Mar sin f\u00e9in, t\u00e1 roinnt form\u00e1id\u00ed&#8230;<\/p>\n","protected":false},"author":1,"featured_media":0,"parent":0,"menu_order":0,"comment_status":"closed","ping_status":"closed","template":"page-with-bonus.php","meta":{"_acf_changed":false,"_kad_post_transparent":"default","_kad_post_title":"default","_kad_post_layout":"default","_kad_post_sidebar_id":"","_kad_post_content_style":"default","_kad_post_vertical_padding":"default","_kad_post_feature":"","_kad_post_feature_position":"","_kad_post_header":false,"_kad_post_footer":false,"footnotes":""},"class_list":["post-1894","page","type-page","status-publish","hentry"],"acf":[],"rttpg_featured_image_url":null,"rttpg_author":{"display_name":"Tom","author_link":"https:\/\/rocketplay-game.com\/ga\/author\/pemvas95n89x\/"},"rttpg_comment":0,"rttpg_category":null,"rttpg_excerpt":"Mura ndearna t\u00fa bingo ar l\u00edne saor in aisce ar RocketPlay riamh roimhe seo, is f\u00e9idir leat rialacha an chluiche a thuiscint go h\u00e9asca, mar is cluiche Pota \u00d3ir simpl\u00ed \u00e9 Bingo a bhfuil go leor daoine san ioma\u00edocht i ngach capall le haghaidh duais amh\u00e1in (n\u00f3 n\u00edos m\u00f3). Mar sin f\u00e9in, t\u00e1 roinnt form\u00e1id\u00ed...","_links":{"self":[{"href":"https:\/\/rocketplay-game.com\/ga\/wp-json\/wp\/v2\/pages\/1894","targetHints":{"allow":["GET"]}}],"collection":[{"href":"https:\/\/rocketplay-game.com\/ga\/wp-json\/wp\/v2\/pages"}],"about":[{"href":"https:\/\/rocketplay-game.com\/ga\/wp-json\/wp\/v2\/types\/page"}],"author":[{"embeddable":true,"href":"https:\/\/rocketplay-game.com\/ga\/wp-json\/wp\/v2\/users\/1"}],"replies":[{"embeddable":true,"href":"https:\/\/rocketplay-game.com\/ga\/wp-json\/wp\/v2\/comments?post=1894"}],"version-history":[{"count":2,"href":"https:\/\/rocketplay-game.com\/ga\/wp-json\/wp\/v2\/pages\/1894\/revisions"}],"predecessor-version":[{"id":1896,"href":"https:\/\/rocketplay-game.com\/ga\/wp-json\/wp\/v2\/pages\/1894\/revisions\/1896"}],"wp:attachment":[{"href":"https:\/\/rocketplay-game.com\/ga\/wp-json\/wp\/v2\/media?parent=1894"}],"curies":[{"name":"wp","href":"https:\/\/api.w.org\/{rel}","templated":true}]}}