{"id":1942,"date":"2022-08-11T20:51:13","date_gmt":"2022-08-11T17:51:13","guid":{"rendered":"https:\/\/rocketplay-game.com\/promo-code\/"},"modified":"2022-10-29T00:37:12","modified_gmt":"2022-10-28T21:37:12","slug":"promo-code","status":"publish","type":"page","link":"https:\/\/rocketplay-game.com\/ga\/promo-code\/","title":{"rendered":"C\u00f3d prom\u00f3isin RocketPlay 2023"},"content":{"rendered":"<p><img loading=\"lazy\" decoding=\"async\" class=\" wp-image-300 aligncenter\" src=\"https:\/\/rocketplay-game.com\/wp-content\/uploads\/2022\/08\/rocketplay-casino-bonuses-300x125.jpg\" alt=\"promo code\" width=\"624\" height=\"260\" srcset=\"https:\/\/rocketplay-game.com\/wp-content\/uploads\/2022\/08\/rocketplay-casino-bonuses-300x125.jpg 300w, https:\/\/rocketplay-game.com\/wp-content\/uploads\/2022\/08\/rocketplay-casino-bonuses.jpg 700w\" sizes=\"auto, (max-width: 624px) 100vw, 624px\" \/><\/p>\n<p>Is cleachtas coiteann \u00e9 c\u00f3d promo Casino <a href=\"https:\/\/rocketplay-game.com\/ga\">RocketPlay<\/a> do rialta casino ar l\u00edne na hAstr\u00e1ile. C\u00e9 go bhfuil s\u00e9 \u00e9asca do gach \u00fas\u00e1ideoir nua cinneadh a dh\u00e9anamh cl\u00e1r\u00fa sa Casino ar l\u00edne seo n\u00f3 sa Casino sin m\u00e1 t\u00e1 c\u00f3d promo ann le b\u00f3nais deas le haghaidh cluiche fada ar airgead f\u00edor.<\/p>\n<p>Is f\u00e9idir leat c\u00f3d cur chun cinn a fh\u00e1il ar leathanaigh oifigi\u00fala an cheasa\u00edneonna ar l\u00edne i l\u00edonra\u00ed s\u00f3isialta n\u00f3 ar an l\u00e1ithre\u00e1n gr\u00e9as\u00e1in oifigi\u00fail, n\u00f3 ar leathanaigh l\u00edonra\u00ed s\u00f3isialta agus ar shu\u00edomhanna na gcomhph\u00e1irtithe ceasa\u00edneo ar l\u00edne. De ghn\u00e1th, leathna\u00edonn an ceasa\u00edneo comhph\u00e1irt\u00edochta f\u00e9in faisn\u00e9is faoi b\u00f3nais taitneamhach, rud a spreagann \u00fas\u00e1ideoir\u00ed cl\u00e1r\u00fa ar shu\u00edomh Gr\u00e9as\u00e1in an cheasa\u00edneo.<\/p>\n<h2>Conas c\u00f3d promo a fh\u00e1il?<\/h2>\n<p>C\u00e9 go dtugann an Casino c\u00fapla c\u00f3d promo amach d&#8217;\u00fas\u00e1ideoir\u00ed nua agus rialta, is f\u00e9idir iad go l\u00e9ir a fh\u00e1il ar an mbealach seo. Ar an gc\u00e9ad dul s\u00edos, n\u00ed m\u00f3r duit l\u00e1ithreacht taifead a chl\u00e1r\u00fa n\u00f3 a dhearbh\u00fa ar shu\u00edomh Gr\u00e9as\u00e1in oifigi\u00fail an cheasa\u00edneonna ar l\u00edne. Sula bhfaighidh t\u00fa an b\u00f3nas seo n\u00f3 an b\u00f3nas sin le c\u00f3d cur chun cinn, ba ch\u00f3ir duit a chinnti\u00fa go n-oireann s\u00e9 don chearrbhachas agus cabhr\u00f3idh s\u00e9 go m\u00f3r leis go n-\u00e9ireoidh leis an gcluiche ar airgead f\u00edor\u00fail n\u00f3 ar airgead f\u00edor.<\/p>\n<p>Conas c\u00f3d promo RocketPlay 2023 a fh\u00e1il? M\u00e1 t\u00e1 an t-\u00fas\u00e1ideoir cl\u00e1raithe, caithfidh s\u00e9 log\u00e1il isteach agus pasfhocal a chur isteach chun a chuntas f\u00e9in a chur isteach, t\u00e9igh go dt\u00ed an pr\u00f3if\u00edl, agus ansin chuig an rann\u00e1n tairiscint\u00ed b\u00f3nais. Ansin ba cheart duit an b\u00f3nas a bhfuil suim agat ann a sheice\u00e1il agus a dhearbh\u00fa go bhfuil s\u00e9 ar intinn agat pasfhocal \u00e1irithe a chur isteach.<\/p>\n<p>Is f\u00e9idir leis na h\u00fas\u00e1ideoir\u00ed sin at\u00e1 d\u00edreach tar \u00e9is a gcuntas f\u00e9in a chl\u00e1r\u00fa c\u00f3d promo gan taisce RocketPlay agus 25 spins saor in aisce a fh\u00e1il. Chun a bheith i do \u00fain\u00e9ir ar l\u00edon spins saor in aisce den s\u00f3rt sin, n\u00ed m\u00f3r duit c\u00f3d b\u00f3nas RocketPlay a chur isteach sa r\u00e9imse speisialta agus deimhni\u00fa go bhfuarthas an b\u00f3nas. Mar sin f\u00e9in, n\u00ed g\u00e1 fanacht fada chun an b\u00f3nas geallchur 50xV a fh\u00e1il, mar n\u00ed bheidh ach 1 l\u00e1 ag an \u00fas\u00e1ideoir chun an tairiscint b\u00f3nais a ghn\u00edomhacht\u00fa agus gan ach 5 l\u00e1 chun na 25 spins saor in aisce a \u00fas\u00e1id. Is cos\u00fail go bhfuil na rialacha simpl\u00ed, ach n\u00ed \u00e9ir\u00edonn le gach \u00fas\u00e1ideoir b\u00f3nas a ghn\u00edomhacht\u00fa agus a chruth\u00fa in am.<\/p>\n<p>M\u00e1 t\u00e1 s\u00e9 thart ar 25 spins saor in aisce chun rian ceoil nua a chruth\u00fa ar shu\u00edomh Casino RocketPlay, c\u00e9n \u00e1it ar f\u00e9idir iad a \u00fas\u00e1id? T\u00e1 liosta teoranta sliot\u00e1n ann a bhf\u00e9adfadh spins saor in aisce a bheith ag teast\u00e1il uathu. Ar an gc\u00e9ad dul s\u00edos, t\u00e1imid ag caint faoi cheann de na sliot\u00e1in t\u00f3ir \u00f3n sol\u00e1thra\u00ed bogearra\u00ed cearrbhachais domhanda BGaming, eadhon West Town. Cad at\u00e1 ar eolas faoin sliot\u00e1n seo? Is \u00e9 an t\u00e1scaire RTP n\u00e1 96.95%. Is c\u00e9atad\u00e1n measartha ard \u00e9 seo de na geallta a thugtar ar ais don imreoir \u00f3 shliot\u00e1n ar leith. M\u00e1 t\u00e1 taith\u00ed ag an gambler ag imirt sliot\u00e1n ar airgead f\u00edor, ansin t\u00e1 an meais\u00edn sliot\u00e1n West Town an-chos\u00fail le sliot\u00e1n eile a bhfuil an-t\u00f3ir air i r\u00e9imse an chearrbhachais &#8211; Dead Or Alive.<\/p>\n<h2>B\u00f3nais eile RocketPlay<\/h2>\n<p>Chomh maith leis an gc\u00f3d b\u00f3nas gan aon Taisce RocketPlay, is f\u00e9idir leat b\u00f3nais eile a fh\u00e1il chun feidhmchl\u00e1r soghluaiste a <a href=\"https:\/\/rocketplay-game.com\/ga\/download\/\">chl\u00e1r\u00fa<\/a> n\u00f3 a \u00edosl\u00f3d\u00e1il ar shu\u00edomh Gr\u00e9as\u00e1in RocketPlay. n\u00ed f\u00e9idir ach le h\u00fas\u00e1ideoir\u00ed nua n\u00e1r imir sliot\u00e1n n\u00f3 cluich\u00ed cearrbhachais ar l\u00edne eile ar shu\u00edomh Gr\u00e9as\u00e1in Casino RocketPlay b\u00f3nas a fh\u00e1il nuair a chl\u00e1ra\u00edtear iad, ionas gur f\u00e9idir le gach \u00fas\u00e1ideoir a thug \u00e9 a \u00edosl\u00f3d\u00e1il an b\u00f3nas chun an feidhmchl\u00e1r soghluaiste a \u00edosl\u00f3d\u00e1il a fh\u00e1il. Ar nd\u00f3igh, is f\u00e9idir le h\u00fas\u00e1ideoir\u00ed nua at\u00e1 d\u00edreach tar \u00e9is cl\u00e1r\u00fa a bheith iontu seo, agus ina n-imreoir\u00ed at\u00e1 ag imirt sliot\u00e1n ar an su\u00edomh ceasa\u00edneo \u00f3 cuireadh t\u00fas leis.<\/p>\n<p>In ainneoin gur f\u00e9idir go leor b\u00f3nais ceasa\u00edneo a fh\u00e1il as gn\u00edomh amh\u00e1in n\u00f3 gn\u00edomh eile a dh\u00e9anamh, seachas an cuntas cearrbhachais a athl\u00e1n\u00fa, gan airgead a thaisceadh, n\u00ed d\u00f3cha go mbeidh an t-\u00fas\u00e1ideoir in ann an tairiscint b\u00f3nais a ghn\u00edomhacht\u00fa. M\u00e1 aonta\u00edonn an cearrbhach \u00e9 seo n\u00f3 an b\u00f3nas sin a ghlacadh, ba cheart d\u00f3 a fheice\u00e1il cad iad na coinn\u00edollacha chun \u00e9 a ghn\u00edomhacht\u00fa. Athra\u00edonn m\u00e9id na h\u00e9arlaise \u00f3 bh\u00f3nas go b\u00f3nas.<\/p>\n<p>I bhfoirm b\u00f3nas, is f\u00e9idir leat a chomhaireamh n\u00ed hamh\u00e1in spins saor in aisce, spins saor in aisce ar an druma, ach freisin f\u00edor-airgead, ar f\u00e9idir a infheisti\u00fa ansin sa chluiche ar airgead f\u00edor. Braitheann m\u00e9id na mbuaiteoir\u00ed ar th\u00e9arma\u00ed b\u00f3nas \u00e1irithe a fh\u00e1il agus m\u00e9id an \u00e9arlais a bheidh ag an \u00fas\u00e1ideoir ar an bpr\u00edomhchuntas chun an tairiscint b\u00f3nas a ghn\u00edomhacht\u00fa.<\/p>\n<p><img loading=\"lazy\" decoding=\"async\" class=\" wp-image-301 aligncenter\" src=\"https:\/\/rocketplay-game.com\/wp-content\/uploads\/2022\/08\/b5cafdb1ad0027f89a28ea8aa9901b83-300x144.jpg\" alt=\"promo code rocketplay\" width=\"652\" height=\"313\" srcset=\"https:\/\/rocketplay-game.com\/wp-content\/uploads\/2022\/08\/b5cafdb1ad0027f89a28ea8aa9901b83-300x144.jpg 300w, https:\/\/rocketplay-game.com\/wp-content\/uploads\/2022\/08\/b5cafdb1ad0027f89a28ea8aa9901b83-768x370.jpg 768w, https:\/\/rocketplay-game.com\/wp-content\/uploads\/2022\/08\/b5cafdb1ad0027f89a28ea8aa9901b83.jpg 800w\" sizes=\"auto, (max-width: 652px) 100vw, 652px\" \/><\/p>\n<h2>CC<\/h2>\n<h3>An f\u00e9idir le h\u00fas\u00e1ideoir an ch\u00f3id b\u00f3nais Casino ar l\u00edne RocketPlay ach taifead ceoil nua a chruth\u00fa?<\/h3>\n<p>Ar shu\u00edomhanna comhph\u00e1irt\u00edochta, cuireann ceasa\u00edneonna ar l\u00edne go leor tairiscint\u00ed eile ar f\u00e1il a d\u2019fh\u00e9adfadh a bheith oiri\u00fanach do na h\u00fas\u00e1ideoir\u00ed sin a chuaigh tr\u00edd an bpr\u00f3iseas cl\u00e1r\u00fach\u00e1in cheana f\u00e9in, mar sin n\u00ed g\u00e1 d\u00f3ibh cl\u00e1r\u00fa ar\u00eds. T\u00e1 c\u00f3id promo ann chun b\u00f3nais a ghn\u00edomhacht\u00fa le haghaidh l\u00edon \u00e1irithe spins saor in aisce, cos\u00fail le 20 spins saor in aisce sa bhreis chun imirt ar airgead f\u00edor i sliot\u00e1n ceasa\u00edneo ar l\u00edne ar leith. Ina theannta sin, is f\u00e9idir leat b\u00f3nas 125% a \u00e9ileamh m\u00e1 chuireann t\u00fa c\u00f3d b\u00f3nas speisialta isteach. T\u00e1 c\u00f3d cur chun cinn ann freisin chun b\u00f3nas 100% den ch\u00e9ad taisce a ghn\u00edomhacht\u00fa. Cuirtear 100 spins saor in aisce, n\u00f3 spins saor in aisce den r\u00edl i sliot\u00e1n, leis an mb\u00f3nas 100%.<\/p>\n<h3>Cad iad na b\u00f3nais at\u00e1 ar f\u00e1il ar shu\u00edomh Gr\u00e9as\u00e1in Casino RocketPlay?<\/h3>\n<p>Ar shu\u00edomh Gr\u00e9as\u00e1in Casino ar l\u00edne na hAstr\u00e1ile, is f\u00e9idir leat a l\u00e1n b\u00f3nais \u00fas\u00e1ideacha agus taitneamhach a fh\u00e1il d\u2019\u00fas\u00e1ideoir\u00ed nua agus rialta, connoisseurs de chearrbhachas ar l\u00edne. Go ginear\u00e1lta, is f\u00e9idir gach b\u00f3nais a roinnt ina dh\u00e1 ghr\u00fapa &#8211; taisce agus neamh-\u00e9arlais. Is d\u00e1ileadh \u00e1isi\u00fail go leor \u00e9 seo, go h\u00e1irithe d&#8217;\u00fas\u00e1ideoir\u00ed nua. Tar \u00e9is an tsaoil, t\u00e1 b\u00f3nais ann, nach f\u00e9idir a fh\u00e1il ach amh\u00e1in le haghaidh cl\u00e1r\u00fach\u00e1in, an t-iarratas soghluaiste a \u00edosl\u00f3d\u00e1il, agus t\u00e1 b\u00f3nais ann chun an ch\u00e9ad, an dara n\u00f3 an tr\u00ed\u00fa taisc\u00ed a dh\u00e9anamh. Is \u00e9 an bunt\u00e1iste a bhaineann le b\u00f3nais taisce n\u00e1 gur f\u00e9idir leat sliot\u00e1in a imirt ar airgead f\u00edor gan cist\u00ed taisce a \u00fas\u00e1id. C\u00e9 go mbeidh na cist\u00ed taisce f\u00f3s ag teast\u00e1il chun tairiscint b\u00f3nas amh\u00e1in n\u00f3 eile a ghn\u00edomhacht\u00fa.<\/p>\n","protected":false},"excerpt":{"rendered":"<p>Is cleachtas coiteann \u00e9 c\u00f3d promo Casino RocketPlay do rialta casino ar l\u00edne na hAstr\u00e1ile. C\u00e9 go bhfuil s\u00e9 \u00e9asca do gach \u00fas\u00e1ideoir nua cinneadh a dh\u00e9anamh cl\u00e1r\u00fa sa Casino ar l\u00edne seo n\u00f3 sa Casino sin m\u00e1 t\u00e1 c\u00f3d promo ann le b\u00f3nais deas le haghaidh cluiche fada ar airgead f\u00edor. Is f\u00e9idir leat&#8230;<\/p>\n","protected":false},"author":1,"featured_media":0,"parent":0,"menu_order":0,"comment_status":"closed","ping_status":"closed","template":"","meta":{"_acf_changed":false,"_kad_post_transparent":"default","_kad_post_title":"default","_kad_post_layout":"default","_kad_post_sidebar_id":"","_kad_post_content_style":"default","_kad_post_vertical_padding":"default","_kad_post_feature":"","_kad_post_feature_position":"","_kad_post_header":false,"_kad_post_footer":false,"footnotes":""},"class_list":["post-1942","page","type-page","status-publish","hentry"],"acf":[],"rttpg_featured_image_url":null,"rttpg_author":{"display_name":"Tom","author_link":"https:\/\/rocketplay-game.com\/ga\/author\/pemvas95n89x\/"},"rttpg_comment":0,"rttpg_category":null,"rttpg_excerpt":"Is cleachtas coiteann \u00e9 c\u00f3d promo Casino RocketPlay do rialta casino ar l\u00edne na hAstr\u00e1ile. C\u00e9 go bhfuil s\u00e9 \u00e9asca do gach \u00fas\u00e1ideoir nua cinneadh a dh\u00e9anamh cl\u00e1r\u00fa sa Casino ar l\u00edne seo n\u00f3 sa Casino sin m\u00e1 t\u00e1 c\u00f3d promo ann le b\u00f3nais deas le haghaidh cluiche fada ar airgead f\u00edor. Is f\u00e9idir leat...","_links":{"self":[{"href":"https:\/\/rocketplay-game.com\/ga\/wp-json\/wp\/v2\/pages\/1942","targetHints":{"allow":["GET"]}}],"collection":[{"href":"https:\/\/rocketplay-game.com\/ga\/wp-json\/wp\/v2\/pages"}],"about":[{"href":"https:\/\/rocketplay-game.com\/ga\/wp-json\/wp\/v2\/types\/page"}],"author":[{"embeddable":true,"href":"https:\/\/rocketplay-game.com\/ga\/wp-json\/wp\/v2\/users\/1"}],"replies":[{"embeddable":true,"href":"https:\/\/rocketplay-game.com\/ga\/wp-json\/wp\/v2\/comments?post=1942"}],"version-history":[{"count":2,"href":"https:\/\/rocketplay-game.com\/ga\/wp-json\/wp\/v2\/pages\/1942\/revisions"}],"predecessor-version":[{"id":1944,"href":"https:\/\/rocketplay-game.com\/ga\/wp-json\/wp\/v2\/pages\/1942\/revisions\/1944"}],"wp:attachment":[{"href":"https:\/\/rocketplay-game.com\/ga\/wp-json\/wp\/v2\/media?parent=1942"}],"curies":[{"name":"wp","href":"https:\/\/api.w.org\/{rel}","templated":true}]}}