{"id":1958,"date":"2022-08-18T17:06:40","date_gmt":"2022-08-18T14:06:40","guid":{"rendered":"https:\/\/rocketplay-game.com\/slots\/"},"modified":"2026-02-27T23:36:02","modified_gmt":"2026-02-27T20:36:02","slug":"slots","status":"publish","type":"page","link":"https:\/\/rocketplay-game.com\/ga\/slots\/","title":{"rendered":"Athbhreithni\u00fa ar Shliot\u00e1in RocketPlay"},"content":{"rendered":"<p>Gach uair a scaoiltear cluiche sliot\u00e1n nua ar an margadh, agus i nd\u00e1ir\u00edre sula scaoiltear \u00e9, foils\u00edonn ceasa\u00edneonna ar l\u00edne agus cuideachta\u00ed neamhsple\u00e1cha a n-athbhreithnithe bunaithe ar aiseolas imreoir\u00ed, tuairim\u00ed agus tuairim\u00ed. Is f\u00e9idir l\u00e9irmheasanna a fh\u00e1il ar l\u00edne ar gach cluiche sliot\u00e1n a eis\u00edodh riamh n\u00f3 at\u00e1 ar t\u00ed a scaoileadh. D\u00e9anaimid athbhreithni\u00fa ar mheais\u00edn\u00ed sliot\u00e1n bunaithe ar go leor crit\u00e9ir mar l\u00edon na r\u00edleanna agus na l\u00ednte p\u00e1, m\u00e9id an phota \u00f3ir, siombail\u00ed ar na r\u00edleanna, agus gn\u00e9ithe speisialta, agus tugaimid aird ar c\u00e9 a rinne an meais\u00edn sliot\u00e1n.<\/p>\n<p>Mura bhfuil t\u00fa nua go hioml\u00e1n i gc\u00farsa\u00ed cearrbhachais ceasa\u00edneo ar l\u00edne, b\u2019fh\u00e9idir go mbeadh a fhios agat gur f\u00e9idir leat sliot\u00e1in ar l\u00edne a imirt n\u00ed hamh\u00e1in ar airgead f\u00edor ach freisin saor in aisce agus le haghaidh spraoi. T\u00e1 s\u00e9 seo oiri\u00fanach do imreoir\u00ed mar is f\u00e9idir leo triail a bhaint as na sliot\u00e1in roimh \u00fas\u00e1id a bhaint as a gcuid airgid s\u00fagartha f\u00e9in. Cabhr\u00f3idh l\u00e9irmheasanna leat gach rud a thuiscint faoi shliot\u00e1in agus cad a cheapann daoine eile orthu, agus cabhr\u00f3idh an cluiche saor in aisce leat cleachtadh go dt\u00ed go mbeidh t\u00fa compordach go leor chun \u00e9 a thriail ar airgead f\u00edor.<\/p>\n<p>T\u00e1 l\u00edon na gcluich\u00ed sliot\u00e1n ar l\u00edne ag m\u00e9ad\u00fa \u00f3 l\u00e1 go l\u00e1, agus anois t\u00e1 na c\u00e9adta n\u00f3 na m\u00edlte cluich\u00ed le roghn\u00fa astu, rud a d\u2019fh\u00e9adfadh mearbhall a bheith ann! Tugann l\u00e9irmheasanna sliot\u00e1n moth\u00fa an chluiche, an t\u00e9ama, na grafaic\u00ed, na laochra, agus an \u00e9asca\u00edocht buaite do na himreoir\u00ed. Beidh iontas ort faoin m\u00e9id is f\u00e9idir leat a fh\u00e1il amach faoi chluiche sliot\u00e1n tr\u00edna athbhreithni\u00fa a l\u00e9amh.<\/p>\n<p>Conas a oibr\u00edonn ceasa\u00edneonna ar l\u00edne, conas a thuilleann siad airgead agus c\u00e9 mh\u00e9ad a chailleann imreoir\u00ed, a deir RocketPlay<\/p>\n<p style=\"text-align: center;\"><img loading=\"lazy\" decoding=\"async\" class=\"aligncenter wp-image-346 size-large\" src=\"https:\/\/rocketplay-game.com\/wp-content\/uploads\/2022\/08\/slots-online-1024x576.jpg\" alt=\"slots online\" width=\"1024\" height=\"576\" srcset=\"https:\/\/rocketplay-game.com\/wp-content\/uploads\/2022\/08\/slots-online-1024x576.jpg 1024w, https:\/\/rocketplay-game.com\/wp-content\/uploads\/2022\/08\/slots-online-300x169.jpg 300w, https:\/\/rocketplay-game.com\/wp-content\/uploads\/2022\/08\/slots-online-768x432.jpg 768w, https:\/\/rocketplay-game.com\/wp-content\/uploads\/2022\/08\/slots-online-1536x864.jpg 1536w, https:\/\/rocketplay-game.com\/wp-content\/uploads\/2022\/08\/slots-online.jpg 1920w\" sizes=\"auto, (max-width: 1024px) 100vw, 1024px\" \/><\/p>\n<h2>Na hathbhreithnithe sliot\u00e1n is fearr ar l\u00edne<\/h2>\n<p>Tar \u00e9is duit athbhreithni\u00fa maith sliot\u00e1n ar l\u00edne a l\u00e9amh, beidh t\u00fa r\u00e9idh chun l\u00e9im d\u00edreach isteach sa chluiche sliot\u00e1n cruthaithe a thabharfaidh n\u00ed hamh\u00e1in go leor spraoi duit ach a thabharfaidh deis duit roinnt buaite a bhfuil g\u00e9argh\u00e1 leo a bhaili\u00fa!<\/p>\n<h2>Gn\u00e9ithe b\u00f3nais agus forbr\u00f3ir\u00ed bogearra\u00ed<\/h2>\n<p>M\u00e1s d\u00edograiseoir meais\u00edn sliot\u00e1n seasoned t\u00fa, is d\u00f3cha gur f\u00e9idir leat a insint cad iad na cluich\u00ed a dh\u00e9anann dearth\u00f3ir\u00ed ach tr\u00ed bhreathn\u00fa ar chuma agus strucht\u00far an chluiche. D\u00f3ibh si\u00fad nach bhfuil an saineola\u00ed sin f\u00f3s, tairgeann athbhreithnithe sliot\u00e1n na sonra\u00ed go l\u00e9ir maidir le cumra\u00edocht sliot\u00e1n, luach boinn, l\u00edon na l\u00ednte p\u00e1, agus c\u00e9 mh\u00e9ad is f\u00e9idir a bhuachan \u00f3 gach siombail nuair a bhuaileann s\u00e9 na r\u00edleanna. Labhra\u00edonn l\u00e9irmheasanna meais\u00edn\u00ed sliot\u00e1n freisin ar an Pota \u00d3ir for\u00e1sach is f\u00e9idir leat a bhuachan, a mh\u00e9id, agus faisn\u00e9is suimi\u00fail eile, mar shampla an bhfuil uath-imirt ag an sliot\u00e1n n\u00f3 gn\u00e9 cearrbhachais a fh\u00e9adfaidh leibh\u00e9al ioml\u00e1n nua a chur le do thaith\u00ed cluich\u00edochta.<\/p>\n<h2>Na sol\u00e1thraithe bogearra\u00ed meais\u00edn\u00ed sliot\u00e1n is fearr<\/h2>\n<p>T\u00e1 Microgaming ar cheann de na sol\u00e1thraithe is sine de chluich\u00ed sliot\u00e1n ar l\u00edne, ag feidhmi\u00fa \u00f3 1994. T\u00e1 siad freagrach as cluich\u00ed \u00edoc\u00f3nacha mar Thunderstruck, Avalon, Game of Thrones, agus Jurassic World. L\u00e9igh tuilleadh faoin sol\u00e1thra\u00ed seo ar \u00e1r leathanach Casino Microgaming.<\/p>\n<p><strong>L\u00e9irmheasanna ar sliot\u00e1n:<\/strong><\/p>\n<ul>\n<li><a href=\"https:\/\/rocketplay-game.com\/ga\/slots\/mega-moolah\/\">Mega Moolah<\/a><\/li>\n<li><a href=\"https:\/\/rocketplay-game.com\/ga\/slots\/money-train-2\/\">Money Train 2<\/a><\/li>\n<li><a href=\"https:\/\/rocketplay-game.com\/ga\/slots\/book-of-ra-deluxe\/\">Book of Ra Deluxe<\/a><\/li>\n<li><a href=\"https:\/\/rocketplay-game.com\/ga\/slots\/cash-pig\/\">Cash Pig<\/a><\/li>\n<\/ul>\n","protected":false},"excerpt":{"rendered":"<p>Gach uair a scaoiltear cluiche sliot\u00e1n nua ar an margadh, agus i nd\u00e1ir\u00edre sula scaoiltear \u00e9, foils\u00edonn ceasa\u00edneonna ar l\u00edne agus cuideachta\u00ed neamhsple\u00e1cha a n-athbhreithnithe bunaithe ar aiseolas imreoir\u00ed, tuairim\u00ed agus tuairim\u00ed. Is f\u00e9idir l\u00e9irmheasanna a fh\u00e1il ar l\u00edne ar gach cluiche sliot\u00e1n a eis\u00edodh riamh n\u00f3 at\u00e1 ar t\u00ed a scaoileadh. D\u00e9anaimid athbhreithni\u00fa ar&#8230;<\/p>\n","protected":false},"author":1,"featured_media":0,"parent":0,"menu_order":0,"comment_status":"closed","ping_status":"closed","template":"page-with-slot.php","meta":{"_acf_changed":false,"_kad_post_transparent":"default","_kad_post_title":"default","_kad_post_layout":"default","_kad_post_sidebar_id":"","_kad_post_content_style":"default","_kad_post_vertical_padding":"default","_kad_post_feature":"","_kad_post_feature_position":"","_kad_post_header":false,"_kad_post_footer":false,"footnotes":""},"class_list":["post-1958","page","type-page","status-publish","hentry"],"acf":[],"rttpg_featured_image_url":null,"rttpg_author":{"display_name":"Tom","author_link":"https:\/\/rocketplay-game.com\/ga\/author\/pemvas95n89x\/"},"rttpg_comment":0,"rttpg_category":null,"rttpg_excerpt":"Gach uair a scaoiltear cluiche sliot\u00e1n nua ar an margadh, agus i nd\u00e1ir\u00edre sula scaoiltear \u00e9, foils\u00edonn ceasa\u00edneonna ar l\u00edne agus cuideachta\u00ed neamhsple\u00e1cha a n-athbhreithnithe bunaithe ar aiseolas imreoir\u00ed, tuairim\u00ed agus tuairim\u00ed. Is f\u00e9idir l\u00e9irmheasanna a fh\u00e1il ar l\u00edne ar gach cluiche sliot\u00e1n a eis\u00edodh riamh n\u00f3 at\u00e1 ar t\u00ed a scaoileadh. D\u00e9anaimid athbhreithni\u00fa ar...","_links":{"self":[{"href":"https:\/\/rocketplay-game.com\/ga\/wp-json\/wp\/v2\/pages\/1958","targetHints":{"allow":["GET"]}}],"collection":[{"href":"https:\/\/rocketplay-game.com\/ga\/wp-json\/wp\/v2\/pages"}],"about":[{"href":"https:\/\/rocketplay-game.com\/ga\/wp-json\/wp\/v2\/types\/page"}],"author":[{"embeddable":true,"href":"https:\/\/rocketplay-game.com\/ga\/wp-json\/wp\/v2\/users\/1"}],"replies":[{"embeddable":true,"href":"https:\/\/rocketplay-game.com\/ga\/wp-json\/wp\/v2\/comments?post=1958"}],"version-history":[{"count":3,"href":"https:\/\/rocketplay-game.com\/ga\/wp-json\/wp\/v2\/pages\/1958\/revisions"}],"predecessor-version":[{"id":10271,"href":"https:\/\/rocketplay-game.com\/ga\/wp-json\/wp\/v2\/pages\/1958\/revisions\/10271"}],"wp:attachment":[{"href":"https:\/\/rocketplay-game.com\/ga\/wp-json\/wp\/v2\/media?parent=1958"}],"curies":[{"name":"wp","href":"https:\/\/api.w.org\/{rel}","templated":true}]}}