{"id":1966,"date":"2022-10-03T13:29:24","date_gmt":"2022-10-03T10:29:24","guid":{"rendered":"https:\/\/rocketplay-game.com\/slots\/cash-pig\/"},"modified":"2022-10-29T01:48:54","modified_gmt":"2022-10-28T22:48:54","slug":"cash-pig","status":"publish","type":"page","link":"https:\/\/rocketplay-game.com\/ga\/slots\/cash-pig\/","title":{"rendered":"Cash Pig ag RocketPlay"},"content":{"rendered":"<p>Is cl\u00f3s s\u00fagartha nua-thionscanta \u00e9 sliot\u00e1n Rocket Play Cash Pig \u00f3 fhoireann forbartha Booming Games. Thosaigh s\u00ed i 2021. \u00c1ir\u00edtear leis an ard\u00e1n seo an fh\u00e9idearthacht cluiche oili\u00fana gan aon oibleag\u00e1id. T\u00e1 luaineacht mh\u00f3r praghais tr\u00e9ithrithe ag an gcl\u00f3s s\u00fagartha seo. \u00c1ir\u00edtear 5 dhiosca agus 4 threoir. T\u00e1 suas le tr\u00edocha sc\u00e9im brab\u00fasach agus iolraitheoir exorbitant &#8211; 8 m\u00edle.<\/p>\n<p>N\u00ed chuireann an chuma le d\u00e9ana\u00ed ar shliot\u00e1n ar l\u00edne Rocket Play Cash Pig bac ar fhorbairt an t\u00f3ir a bh\u00ed aige. Iad si\u00fad ar mhaith leo gach rud a st\u00f3r\u00e1il i cr\u00faisc\u00edn, is maith leo an siamsa\u00edocht seo. Go brab\u00fasach airgeadas a chur le gach cine\u00e1l ruda\u00ed. Ar nd\u00f3igh, t\u00e1 an deis ann go dtabh\u00f3far caillteanas, ach is f\u00e9idir leat a fh\u00e1il freisin Pota \u00d3ir m\u00f3r, mar sin caoga caoga.<\/p>\n<p>Nuair a bheidh d\u2019intinn d\u00e9anta agat, gheobhaidh t\u00fa an neart ionat f\u00e9in chun m\u00e9id do rann\u00edoca\u00edochta\u00ed a mh\u00e9ad\u00fa, a bhu\u00ed le luaineacht mh\u00e9adaithe an bheartais phraghs\u00e1la do na cusp\u00f3ir\u00ed at\u00e1 carntha agat sa bhosca. Mar sin, d\u00e1 mh\u00e9ad at\u00e1 carntha agat, is amhlaidh is m\u00f3 brab\u00fas a bheidh do bhrab\u00fas. Is \u00e9 d\u2019uasd\u00edbhinn, sa ch\u00e1s seo, m\u00e9id na rann\u00edoca\u00edochta le hiolraitheoir 8 m\u00edle. Tar \u00e9is an tsaoil, is \u00e9 an geall is airde n\u00e1 54 boinn. Ach le haghaidh an geall \u00edosta (0.3 boinn) &#8211; t\u00e1 s\u00e9 seo freisin ioncam maith.<\/p>\n<p style=\"text-align: center;\"><img loading=\"lazy\" decoding=\"async\" class=\"aligncenter wp-image-500 size-full\" src=\"https:\/\/rocketplay-game.com\/wp-content\/uploads\/2022\/10\/cash-pig.jpeg\" alt=\"cash pig\" width=\"730\" height=\"500\" srcset=\"https:\/\/rocketplay-game.com\/wp-content\/uploads\/2022\/10\/cash-pig.jpeg 730w, https:\/\/rocketplay-game.com\/wp-content\/uploads\/2022\/10\/cash-pig-300x205.jpeg 300w\" sizes=\"auto, (max-width: 730px) 100vw, 730px\" \/><\/p>\n<h2>Conas a imirt Cash Pig<\/h2>\n<p>M\u00e1 dh\u00e9antar athbhreithni\u00fa sliot\u00e1n Rocket Play Cash Pig, t\u00e1 an ph\u00e1irc imeartha deartha i sc\u00e9im dathanna neamhfheice\u00e1lach. N\u00ed fh\u00e1gfaidh l\u00edn\u00edocht l\u00e9iritheach aon eilimint gan aird. T\u00e1 gn\u00e9ithe den rothl\u00fa ag fanacht leat sna h\u00e1iteanna is neamhghn\u00e1ch: ar dh\u00edon an bharr scamall, ar bharr an T\u00far Eiffel, i gcise\u00e1n bal\u00fan ag ard\u00fa, agus timpeall t\u00edrdhreach cathair soladach. Seo ard\u00e1n duit chun airgead a thuilleamh. Geall, casadh, agus riosca\u00ed a ghlacadh. Cabhr\u00f3idh cons\u00f3l comhordaithe compordach leat:<\/p>\n<ul>\n<li>Cialla\u00edonn an \u00edomh\u00e1 de saighead ciorclach ar an gcnaipe glas <a href=\"https:\/\/rocketplay-game.com\/ga\/free-spins\/\">t\u00fas spins<\/a> saor in aisce Rocket Play Cash Pig.<\/li>\n<li>Anseo th\u00edos t\u00e1 sc\u00e1ile\u00e1n le haghaidh sonra\u00ed do chuntais.<\/li>\n<li>In aice l\u00e1imhe t\u00e1 comhartha m\u00f3ide, at\u00e1 freagrach as an fhuaim, deireadh a chur le tionlacan ceoil, \u00e9arlais uasta cist\u00ed le clice\u00e1il amh\u00e1in, agus caoga r\u00e9abhl\u00f3id\u00ed uathoibr\u00edoch a thabhairt isteach sa chluiche.<\/li>\n<li>Beag\u00e1n eile is ea an sciath chun m\u00e9id an ionchuir a choigeart\u00fa.<\/li>\n<li>T\u00e1 deilbh\u00edn nuachta ag barr an ard\u00e1in chearrbhachais chun eolas a fh\u00e1il ar na coinn\u00edollacha cluiche, m\u00e9ideanna ionchuir, etc.<\/li>\n<li>Tr\u00ed fheidhmchl\u00e1r soghluaiste a shuite\u00e1il don ard\u00e1n cearrbhachais, is f\u00e9idir p\u00e1irt a ghlacadh sa chluiche cluiche \u00f3 aon ghiuirl\u00e9id at\u00e1 agat in \u00e1it at\u00e1 \u00e1isi\u00fail duit.<\/li>\n<\/ul>\n<h2>Gn\u00e9ithe B\u00f3nas Cash Pig<\/h2>\n<p>T\u00e1 tr\u00edocha rogha brab\u00fasach ag an mbonn cluiche. Is f\u00e9idir iad a shu\u00edomh, n\u00ed hamh\u00e1in i dtreo \u00e9igin ach freisin foirm ar bith a dh\u00e9anamh. Le haghaidh rogha brab\u00fasach, n\u00ed m\u00f3r duit a bhaili\u00fa \u00f3 3 go 5 comhartha\u00ed comhionann. Siombail\u00ed le faire amach d\u00f3ibh:<\/p>\n<ul>\n<li>Is banc mhuiniompair \u00e9 an comhartha muc, rud a chialla\u00edonn go n-aistr\u00edtear na coigilteas mona roimhe seo chuig do thaisce.<\/li>\n<li>Tugann buid\u00e9al Champagne ar dhiosca amh\u00e1in n\u00f3 c\u00faig cinn do na diosca\u00ed breise seo duit.<\/li>\n<li>Is diamaint soladach \u00e9 an comhartha Fi\u00e1in is f\u00e9idir a chur in ionad gach \u00edomh\u00e1 chun sc\u00e9im bhrab\u00fasach a dh\u00e9anamh.<\/li>\n<\/ul>\n<p>T\u00e1 b\u00f3nas Rocket Play Cash Pig ar <a href=\"https:\/\/rocketplay-game.com\/ga\/bonus\/\">f\u00e1il<\/a> duit. T\u00e1 tr\u00ed bhabhta dreasachta ag an gcl\u00f3s s\u00fagartha seo:<\/p>\n<ul>\n<li>Uasghr\u00e1d\u00fa m\u00f3r. Tagann s\u00e9 i spraoi gan choinne, ag athr\u00fa comhartha\u00ed simpl\u00ed go comhartha\u00ed luachmhar.<\/li>\n<li>Eliminator Mion. Dealra\u00edonn s\u00e9 freisin gan choinne agus cuireann s\u00e9 deireadh leis na comhartha\u00ed buis\u00e9id \u00f3n gcl\u00f3s s\u00fagartha.<\/li>\n<li>Mhuiniompair bainc. T\u00e9ann s\u00e9 isteach sa chluiche nuair a thiteann s\u00e9 bhonn n\u00f3 n\u00edos m\u00f3 amach. Ansin tosa\u00edonn 3 thr\u00e9imhse ag fr\u00e9amh\u00fa, ina dhiaidh sin nuair a bh\u00edonn an ch\u00e9ad bhonn eile le feice\u00e1il. T\u00e1 \u00e1thas orm go nd\u00e9anann bonn ar leith brab\u00fas.<\/li>\n<\/ul>\n<h2>CC<\/h2>\n<h3>Conas airgead a bhuachan?<\/h3>\n<p>Chun p\u00e1irt a ghlacadh sa chluiche sliot\u00e1n Rocket Play Cash Pig, n\u00ed m\u00f3r duit do chuntas a ghn\u00edomhacht\u00fa agus \u00e9arlais a dh\u00e9anamh.<\/p>\n<h3>Conas Cash Pig a imirt gan infheist\u00edocht?<\/h3>\n<p>T\u00e1 babhta\u00ed oili\u00fana ar an ard\u00e1n cearrbhachais seo gan aon oibleag\u00e1id.<\/p>\n<h3>An bhfuil banc m\u00f3r ag an ard\u00e1n seo, agus an bhfuil s\u00e9 ind\u00e9anta \u00e9 a tharraingt siar?<\/h3>\n<p>Ar an su\u00edomh seo, t\u00e1 Pota \u00d3ir maith le iolraitheoir de 8 m\u00edle.<\/p>\n<h3>Cad \u00e9 an r\u00e1ta fillte don tsiamsa\u00edocht seo?<\/h3>\n<p>T\u00e1 na hionchais do ghn\u00f3thachan s\u00e1ch m\u00f3r. T\u00e1 r\u00e1ta frithdh\u00edlse an chl\u00f3s s\u00fagartha seo an-ard &#8211; 96.03%.<\/p>\n","protected":false},"excerpt":{"rendered":"<p>Is cl\u00f3s s\u00fagartha nua-thionscanta \u00e9 sliot\u00e1n Rocket Play Cash Pig \u00f3 fhoireann forbartha Booming Games. Thosaigh s\u00ed i 2021. \u00c1ir\u00edtear leis an ard\u00e1n seo an fh\u00e9idearthacht cluiche oili\u00fana gan aon oibleag\u00e1id. T\u00e1 luaineacht mh\u00f3r praghais tr\u00e9ithrithe ag an gcl\u00f3s s\u00fagartha seo. \u00c1ir\u00edtear 5 dhiosca agus 4 threoir. T\u00e1 suas le tr\u00edocha sc\u00e9im brab\u00fasach agus iolraitheoir&#8230;<\/p>\n","protected":false},"author":1,"featured_media":0,"parent":1958,"menu_order":0,"comment_status":"closed","ping_status":"closed","template":"page-with-slot.php","meta":{"_acf_changed":false,"_kad_post_transparent":"default","_kad_post_title":"default","_kad_post_layout":"default","_kad_post_sidebar_id":"","_kad_post_content_style":"default","_kad_post_vertical_padding":"default","_kad_post_feature":"","_kad_post_feature_position":"","_kad_post_header":false,"_kad_post_footer":false,"footnotes":""},"class_list":["post-1966","page","type-page","status-publish","hentry"],"acf":[],"rttpg_featured_image_url":null,"rttpg_author":{"display_name":"Tom","author_link":"https:\/\/rocketplay-game.com\/ga\/author\/pemvas95n89x\/"},"rttpg_comment":0,"rttpg_category":null,"rttpg_excerpt":"Is cl\u00f3s s\u00fagartha nua-thionscanta \u00e9 sliot\u00e1n Rocket Play Cash Pig \u00f3 fhoireann forbartha Booming Games. Thosaigh s\u00ed i 2021. \u00c1ir\u00edtear leis an ard\u00e1n seo an fh\u00e9idearthacht cluiche oili\u00fana gan aon oibleag\u00e1id. T\u00e1 luaineacht mh\u00f3r praghais tr\u00e9ithrithe ag an gcl\u00f3s s\u00fagartha seo. \u00c1ir\u00edtear 5 dhiosca agus 4 threoir. T\u00e1 suas le tr\u00edocha sc\u00e9im brab\u00fasach agus iolraitheoir...","_links":{"self":[{"href":"https:\/\/rocketplay-game.com\/ga\/wp-json\/wp\/v2\/pages\/1966","targetHints":{"allow":["GET"]}}],"collection":[{"href":"https:\/\/rocketplay-game.com\/ga\/wp-json\/wp\/v2\/pages"}],"about":[{"href":"https:\/\/rocketplay-game.com\/ga\/wp-json\/wp\/v2\/types\/page"}],"author":[{"embeddable":true,"href":"https:\/\/rocketplay-game.com\/ga\/wp-json\/wp\/v2\/users\/1"}],"replies":[{"embeddable":true,"href":"https:\/\/rocketplay-game.com\/ga\/wp-json\/wp\/v2\/comments?post=1966"}],"version-history":[{"count":2,"href":"https:\/\/rocketplay-game.com\/ga\/wp-json\/wp\/v2\/pages\/1966\/revisions"}],"predecessor-version":[{"id":1968,"href":"https:\/\/rocketplay-game.com\/ga\/wp-json\/wp\/v2\/pages\/1966\/revisions\/1968"}],"up":[{"embeddable":true,"href":"https:\/\/rocketplay-game.com\/ga\/wp-json\/wp\/v2\/pages\/1958"}],"wp:attachment":[{"href":"https:\/\/rocketplay-game.com\/ga\/wp-json\/wp\/v2\/media?parent=1966"}],"curies":[{"name":"wp","href":"https:\/\/api.w.org\/{rel}","templated":true}]}}