{"id":1974,"date":"2022-10-03T13:39:15","date_gmt":"2022-10-03T10:39:15","guid":{"rendered":"https:\/\/rocketplay-game.com\/slots\/elvis-frog-vegas\/"},"modified":"2026-02-27T23:29:39","modified_gmt":"2026-02-27T20:29:39","slug":"elvis-frog-vegas","status":"publish","type":"page","link":"https:\/\/rocketplay-game.com\/ga\/slots\/elvis-frog-vegas\/","title":{"rendered":"L\u00e9irmheas ar an sliot\u00e1n Elvis Frog In Vegas"},"content":{"rendered":"<p><img loading=\"lazy\" decoding=\"async\" class=\"alignleft wp-image-503 size-medium\" src=\"https:\/\/rocketplay-game.com\/wp-content\/uploads\/2022\/10\/elvis-frog-rocketplay-202x300.png\" alt=\"Elvis Frog Rocketplay\" width=\"202\" height=\"300\" srcset=\"https:\/\/rocketplay-game.com\/wp-content\/uploads\/2022\/10\/elvis-frog-rocketplay-202x300.png 202w, https:\/\/rocketplay-game.com\/wp-content\/uploads\/2022\/10\/elvis-frog-rocketplay.png 389w\" sizes=\"auto, (max-width: 202px) 100vw, 202px\" \/><\/p>\n<p>Is f\u00e9idir leat triail t\u00e1st\u00e1la a dh\u00e9anamh ag sliot\u00e1n Rocket Play Elvis Frog in Vegas gan infheist\u00edocht. T\u00e1 c\u00e1il ar an gcluiche sliot\u00e1n Rocket Play Elvis Frog in Vegas mar gheall ar a r\u00e1ta toraidh 96 faoin gc\u00e9ad. T\u00e1 c\u00faig dhiosca imshruthaithe aige freisin agus c\u00faig threoir ch\u00faitimh is fiche. T\u00e1 cluiche pr\u00e9imhe, l\u00e1imhdeachas tosa\u00edochta, agus siombail\u00ed Fi\u00e1in agus Scaip, ach gan aon iolraitheoir.<\/p>\n<p>T\u00e1 modh uathoibr\u00edoch ag an gcl\u00f3s s\u00fagartha agus meicn\u00edocht cur chun cinn gn\u00edomhach. Sa insamhl\u00f3ir, is \u00e9 an frog an pr\u00edomh-charachtar. Ag titim isteach sa chluiche seo, tabharfaidh t\u00fa cuairt ar Las Vegas, ag l\u00e9iri\u00fa Elvis an frog, ag feidhmi\u00fa rac is rolla. Agus spraoi agat \u00f3 chro\u00ed, is f\u00e9idir leat suim shlachtmhar a ard\u00fa a mh\u00e9ada\u00edonn do rann\u00edoca\u00edocht faoi dh\u00e1 mh\u00edle go leith.<\/p>\n<h2>RTP &amp; luaineacht<\/h2>\n<p>Tar \u00e9is athbhreithni\u00fa sliot\u00e1n Elvis Frog in Vegas Rocket Play, t\u00e1 5 diosca sn\u00edomh agus 25 l\u00ednte brab\u00fais ag an bp\u00e1irc. A bhuachan, n\u00ed m\u00f3r duit a l\u00edne suas in ord an sc\u00f3r \u00f3 3 n\u00f3 n\u00edos m\u00f3 comhartha\u00ed comhionann. Tar \u00e9is duit ionchur \u00f3 dh\u00e1 go leith go c\u00faig EUR is fiche le haghaidh ard\u00fa c\u00e9ime, is f\u00e9idir leat p\u00e1irt a ghlacadh sa chluiche ar aon ghiuirl\u00e9id. T\u00e1 leibh\u00e9al \u00edseal riosca airgeadais ag an insamhl\u00f3ir; Is \u00e9 an c\u00e9atad\u00e1n toraidh n\u00e1 96, agus is f\u00e9idir leis an tarraingt siar uasta le haghaidh ard\u00fa c\u00e9ime amh\u00e1in a bheith dh\u00e1 mh\u00edle go leith n\u00edos m\u00f3 n\u00e1 d&#8217;\u00e9arlais.<\/p>\n<h2>Conas a imirt<\/h2>\n<p>Is \u00e9 pr\u00edomhchomhartha an insamhl\u00f3ir sliot\u00e1n ar l\u00edne Rocket Play Elvis Frog in Vegas an Elvis Frog, a thagann in ionad gach comhartha eile chun an sc\u00e9im buaiteach a bhaili\u00fa. M\u00e1 oibr\u00edonn s\u00e9 amach i gcur chun cinn amh\u00e1in, gheobhaidh t\u00fa turais bhreise. Titeann an comhartha Boinn (Bonn \u00d3ir) amach sa phr\u00edomhchluiche agus le linn timthriallta cairde. Nuair a chrutha\u00edtear an l\u00edon riachtanach de na comhartha\u00ed seo, t\u00e1 duais amh\u00e1in r\u00e1thaithe ar f\u00e1il duit.<\/p>\n<p>T\u00e1 c\u00faig thimthriall breise gan geallta ar f\u00e1il duit, ar f\u00e9idir iad a chur isteach sa chluiche ar\u00eds nuair a bh\u00edonn 3 chomhartha r\u00e9alta eile le feice\u00e1il. I dtimthriallta breise, is cos\u00fail an rogha Blazing Reels, rud a chialla\u00edonn cuma siombail mh\u00f3r amh\u00e1in nuair a chuirtear 2,3, agus 4 r\u00edle le ch\u00e9ile. Is f\u00e9idir leis brab\u00fas maith a thabhairt duit. Coin Respin &#8211; seoltar an fheidhm seo nuair a bh\u00edonn ar a laghad 6 boinn airgid le feice\u00e1il ar an bp\u00e1irc imeartha, a th\u00f3gann a n-\u00e1iteanna. Agus t\u00e1 fuinneoga eile folamh. Le himeacht ama, beidh tr\u00ed atos\u00fa ar f\u00e1il duit chun na fuinneoga folamh a l\u00edonadh le boinn.<\/p>\n<p>A luaithe a thiteann an bonn isteach sa fhuinneog, filleann na daoine ar ais go dt\u00ed a l\u00e1ithreacha tosaigh. Leanann an pr\u00f3iseas seo ar aghaidh go dt\u00ed go l\u00edontar na bosca\u00ed folamh go l\u00e9ir. Sa deireadh, aistr\u00edtear m\u00e9id na mbonn go l\u00e9ir chuig d\u2019\u00e9arlais. Le linn an tseasaimh chearrbhachais seo, seans go mbeidh an t-\u00e1dh leat ceann de na duaiseanna a bhuachan, agus Mega an ceann is m\u00f3. Is f\u00e9idir leat \u00e9 a bhuachan ar ais m\u00e1 t\u00e1 na fuinneoga folamh go l\u00e9ir l\u00edonta le boinn \u00f3ir. Is ard\u00e1n siams\u00fail \u00e9 a imirt le dearadh gr\u00e9as\u00e1in r\u00e9as\u00fanta, gn\u00e9ithe iontacha, agus sochair sh\u00e1s\u00fala.<\/p>\n<p style=\"text-align: center;\"><img loading=\"lazy\" decoding=\"async\" class=\"aligncenter wp-image-504 size-full\" src=\"https:\/\/rocketplay-game.com\/wp-content\/uploads\/2022\/10\/elvis-frog-in-vegas.jpeg\" alt=\"Elvis Frog In Vegas\" width=\"736\" height=\"248\" srcset=\"https:\/\/rocketplay-game.com\/wp-content\/uploads\/2022\/10\/elvis-frog-in-vegas.jpeg 736w, https:\/\/rocketplay-game.com\/wp-content\/uploads\/2022\/10\/elvis-frog-in-vegas-300x101.jpeg 300w\" sizes=\"auto, (max-width: 736px) 100vw, 736px\" \/><\/p>\n<h2>CC<\/h2>\n<h3>Cad iad na b\u00f3nais a thairgeann an sliot\u00e1n?<\/h3>\n<p>Is tairiscint speisialta \u00e9 Rocket Play spins saor in aisce Elvis Frog i Vegas. Is \u00e9ard at\u00e1 i gceist leis n\u00e1 deis a fh\u00e1il do chearrbhachas babhta\u00ed breise a imirt saor in aisce. Bunaithe ar na teaglaim bhuaiteacha go l\u00e9ir, d\u00e9antar na buaiteanna deiridh a shuimi\u00fa. Is f\u00e9idir an t-airgead a fuarthas a \u00fas\u00e1id de do rogha f\u00e9in &#8211; \u00e9 a chur ar a tharraingt siar n\u00f3 lean\u00faint ar aghaidh ag cur geallta.<\/p>\n<h3>Cad iad na bunt\u00e1ist\u00ed a bhaineann le b\u00f3nais?<\/h3>\n<p>T\u00e1 t\u00f3ir ag tosaitheoir\u00ed agus imreoir\u00ed gairmi\u00fala ar mheais\u00edn\u00ed sliot\u00e1n le hiontas. T\u00e1 a n-\u00e9ileamh mar gheall ar roinnt bunt\u00e1ist\u00ed. Is \u00e9 an ch\u00e9ad cheann ina measc tabhairt isteach zest isteach sa gameplay. \u00c9ir\u00edonn s\u00e9 n\u00edos spreag\u00fala. Is \u00e9 an dara bunt\u00e1iste m\u00e9ad\u00fa ar an seans go bhfaighidh t\u00fa m\u00e9id m\u00f3r. Mar shampla, i mb\u00f3nas Rocket Play Elvis Frog in Vegas, i measc na spins saor in aisce, is f\u00e9idir le c\u00fapla teaglaim bhuaigh le bua m\u00f3r titim amach.<\/p>\n<p><strong>L\u00e9igh freisin faoi:<\/strong><\/p>\n<ul>\n<li><a href=\"https:\/\/rocketplay-game.com\/ga\/slots\/hit-gold-hold-and-win\/\">Hit Gold! Coinnigh Agus Buaigh<\/a><\/li>\n<li><a href=\"https:\/\/rocketplay-game.com\/ga\/slots\/queen-and-dragons\/\">Queen and the Dragons<\/a><\/li>\n<\/ul>\n","protected":false},"excerpt":{"rendered":"<p>Is f\u00e9idir leat triail t\u00e1st\u00e1la a dh\u00e9anamh ag sliot\u00e1n Rocket Play Elvis Frog in Vegas gan infheist\u00edocht. T\u00e1 c\u00e1il ar an gcluiche sliot\u00e1n Rocket Play Elvis Frog in Vegas mar gheall ar a r\u00e1ta toraidh 96 faoin gc\u00e9ad. T\u00e1 c\u00faig dhiosca imshruthaithe aige freisin agus c\u00faig threoir ch\u00faitimh is fiche. T\u00e1 cluiche pr\u00e9imhe, l\u00e1imhdeachas tosa\u00edochta,&#8230;<\/p>\n","protected":false},"author":1,"featured_media":0,"parent":1958,"menu_order":0,"comment_status":"closed","ping_status":"closed","template":"page-with-slot.php","meta":{"_acf_changed":false,"_kad_post_transparent":"default","_kad_post_title":"default","_kad_post_layout":"default","_kad_post_sidebar_id":"","_kad_post_content_style":"default","_kad_post_vertical_padding":"default","_kad_post_feature":"","_kad_post_feature_position":"","_kad_post_header":false,"_kad_post_footer":false,"footnotes":""},"class_list":["post-1974","page","type-page","status-publish","hentry"],"acf":[],"rttpg_featured_image_url":null,"rttpg_author":{"display_name":"Tom","author_link":"https:\/\/rocketplay-game.com\/ga\/author\/pemvas95n89x\/"},"rttpg_comment":0,"rttpg_category":null,"rttpg_excerpt":"Is f\u00e9idir leat triail t\u00e1st\u00e1la a dh\u00e9anamh ag sliot\u00e1n Rocket Play Elvis Frog in Vegas gan infheist\u00edocht. T\u00e1 c\u00e1il ar an gcluiche sliot\u00e1n Rocket Play Elvis Frog in Vegas mar gheall ar a r\u00e1ta toraidh 96 faoin gc\u00e9ad. T\u00e1 c\u00faig dhiosca imshruthaithe aige freisin agus c\u00faig threoir ch\u00faitimh is fiche. T\u00e1 cluiche pr\u00e9imhe, l\u00e1imhdeachas tosa\u00edochta,...","_links":{"self":[{"href":"https:\/\/rocketplay-game.com\/ga\/wp-json\/wp\/v2\/pages\/1974","targetHints":{"allow":["GET"]}}],"collection":[{"href":"https:\/\/rocketplay-game.com\/ga\/wp-json\/wp\/v2\/pages"}],"about":[{"href":"https:\/\/rocketplay-game.com\/ga\/wp-json\/wp\/v2\/types\/page"}],"author":[{"embeddable":true,"href":"https:\/\/rocketplay-game.com\/ga\/wp-json\/wp\/v2\/users\/1"}],"replies":[{"embeddable":true,"href":"https:\/\/rocketplay-game.com\/ga\/wp-json\/wp\/v2\/comments?post=1974"}],"version-history":[{"count":4,"href":"https:\/\/rocketplay-game.com\/ga\/wp-json\/wp\/v2\/pages\/1974\/revisions"}],"predecessor-version":[{"id":10265,"href":"https:\/\/rocketplay-game.com\/ga\/wp-json\/wp\/v2\/pages\/1974\/revisions\/10265"}],"up":[{"embeddable":true,"href":"https:\/\/rocketplay-game.com\/ga\/wp-json\/wp\/v2\/pages\/1958"}],"wp:attachment":[{"href":"https:\/\/rocketplay-game.com\/ga\/wp-json\/wp\/v2\/media?parent=1974"}],"curies":[{"name":"wp","href":"https:\/\/api.w.org\/{rel}","templated":true}]}}